{"id":735,"date":"2002-05-01T02:42:01","date_gmt":"2002-05-01T00:42:01","guid":{"rendered":"http:\/\/www.eltono.com\/_V2\/?page_id=735"},"modified":"2016-03-20T17:45:33","modified_gmt":"2016-03-20T15:45:33","slug":"light-graffiti","status":"publish","type":"page","link":"https:\/\/www.eltono.com\/es\/projects\/light-graffiti\/","title":{"rendered":"Graffiti con Luz"},"content":{"rendered":"<p><strong><em>La Luz de Aquella Farola<\/em><\/strong><br \/>\nMadrid, Espa\u00f1a<br \/>\nMayo 2002<\/p>\n<p>Instalaci\u00f3n en colaboraci\u00f3n con <a href=\"http:\/\/www.nuriamora.com\/\" target=\"_blank\">Nuria Mora<\/a> &#8211; instalaci\u00f3n furtiva permanente aprovechando el alumbrado p\u00fablico.<\/p>\n<h5><iframe loading=\"lazy\" src=\"http:\/\/www.youtube.com\/embed\/RYCpo1u3G6A?rel=0\" width=\"700\" height=\"525\" frameborder=\"0\"><\/iframe><\/h5>\n<p><img loading=\"lazy\" decoding=\"async\" title=\"eltono-light-graffiti\" src=\"http:\/\/www.eltono.com\/wp-content\/uploads\/2008\/11\/eltono-light-graffiti.jpg\" alt=\"Eltono Light Graffiti\" width=\"700\" height=\"529\" \/><\/p>","protected":false},"excerpt":{"rendered":"<p>La Luz de Aquella Farola Madrid, Espa\u00f1a Mayo 2002 Instalaci\u00f3n en colaboraci\u00f3n con Nuria Mora &#8211; instalaci\u00f3n furtiva permanente aprovechando el alumbrado p\u00fablico.<\/p>\n","protected":false},"author":1,"featured_media":14194,"parent":5,"menu_order":0,"comment_status":"closed","ping_status":"closed","template":"","meta":{"ngg_post_thumbnail":0,"jetpack_post_was_ever_published":false,"footnotes":""},"categories":[299,5,266,272,7],"tags":[],"class_list":["post-735","page","type-page","status-publish","has-post-thumbnail","hentry","category-299","category-interventions","category-page_outdoor","category-page_project","category-projects"],"jetpack_sharing_enabled":true,"jetpack_shortlink":"https:\/\/wp.me\/P7sWFx-bR","_links":{"self":[{"href":"https:\/\/www.eltono.com\/es\/wp-json\/wp\/v2\/pages\/735","targetHints":{"allow":["GET"]}}],"collection":[{"href":"https:\/\/www.eltono.com\/es\/wp-json\/wp\/v2\/pages"}],"about":[{"href":"https:\/\/www.eltono.com\/es\/wp-json\/wp\/v2\/types\/page"}],"author":[{"embeddable":true,"href":"https:\/\/www.eltono.com\/es\/wp-json\/wp\/v2\/users\/1"}],"replies":[{"embeddable":true,"href":"https:\/\/www.eltono.com\/es\/wp-json\/wp\/v2\/comments?post=735"}],"version-history":[{"count":14,"href":"https:\/\/www.eltono.com\/es\/wp-json\/wp\/v2\/pages\/735\/revisions"}],"predecessor-version":[{"id":14270,"href":"https:\/\/www.eltono.com\/es\/wp-json\/wp\/v2\/pages\/735\/revisions\/14270"}],"up":[{"embeddable":true,"href":"https:\/\/www.eltono.com\/es\/wp-json\/wp\/v2\/pages\/5"}],"wp:featuredmedia":[{"embeddable":true,"href":"https:\/\/www.eltono.com\/es\/wp-json\/wp\/v2\/media\/14194"}],"wp:attachment":[{"href":"https:\/\/www.eltono.com\/es\/wp-json\/wp\/v2\/media?parent=735"}],"wp:term":[{"taxonomy":"category","embeddable":true,"href":"https:\/\/www.eltono.com\/es\/wp-json\/wp\/v2\/categories?post=735"},{"taxonomy":"post_tag","embeddable":true,"href":"https:\/\/www.eltono.com\/es\/wp-json\/wp\/v2\/tags?post=735"}],"curies":[{"name":"wp","href":"https:\/\/api.w.org\/{rel}","templated":true}]}}