{"id":745,"date":"2008-08-01T03:47:05","date_gmt":"2008-08-01T01:47:05","guid":{"rendered":"http:\/\/www.eltono.com\/_V2\/?page_id=745"},"modified":"2016-03-20T17:42:51","modified_gmt":"2016-03-20T15:42:51","slug":"plaf-2","status":"publish","type":"page","link":"https:\/\/www.eltono.com\/es\/exhibitions\/solo\/plaf-2\/","title":{"rendered":"PLAF"},"content":{"rendered":"<p><strong><em>PLAF &#8211; Autonomous Mechanisms<\/em><\/strong><br \/>\nNueva York, EE.UU.<br \/>\nAgosto &#8211; Septiembre 2008<\/p>\n<p>Proyecto en colaboraci\u00f3n con <a href=\"http:\/\/momoshowpalace.com\" target=\"_blank\">MOMO<\/a><br \/>\n<a href=\"http:\/\/www.eltono.com\/plaf\/\" target=\"_blank\">www.eltono.com\/plaf<\/a><\/p>\n<p>Durante el verano de 2008, en colaboraci\u00f3n con el artista estadounidense MOMO, estuvimos instalando esculturas kin\u00e9ticas, de forma independiente y sin ning\u00fan tipo de permiso, en las aguas alrededor de la ciudad de Nueva York.<\/p>\n<p>Utilizamos la onomatopeya <em>Plaf<\/em> para llamar ese proyecto donde construimos y colocamos esculturas en diferentes localizaciones en las aguas de Nueva York. Construidas con material de recuperaci\u00f3n, la obras fueron dejadas en manos de los elementos como para medir su fuerza y su potencia. Fuerza que, en la mayor\u00eda de la ciudades, nunca se aprovecha. Utilizamos el agua de los r\u00edos, el viento, las olas, la marea y las corrientes para animar los mecanismos de las esculturas. Una vez instaladas, las dejamos a su suerte y observamos como se iban cambiando y deteriorando, sin dar m\u00e1s explicaciones.<\/p>\n<p>Montamos una exposici\u00f3n (en interior) para documentar los avances del proyecto en tiempo real en la galer\u00eda <a href=\"http:\/\/www.anonymousgallery.com\" target=\"_blank\">Anonymous Gallery<\/a>.<\/p>\n<blockquote><p>Puedes ver la documentaci\u00f3n completa en el blog del proyecto: <a href=\"http:\/\/www.eltono.com\/plaf\/\" target=\"_blank\">www.eltono.com\/plaf<\/a><\/p><\/blockquote>\n<p><strong>Lista de las instalaciones que construimos durante el proyecto:<\/strong><\/p>\n<h2><em>Hallet&#8217;s Cove<\/em><\/h2>\n<p><a href=\"http:\/\/www.eltono.com\/plaf\/hallets-cove\/\" target=\"_blank\"><img loading=\"lazy\" decoding=\"async\" data-attachment-id=\"8003\" data-permalink=\"https:\/\/www.eltono.com\/es\/exhibitions\/solo\/plaf-2\/momo-eltono-plaf-halletscove-ny\/\" data-orig-file=\"https:\/\/www.eltono.com\/wp-content\/uploads\/2008\/11\/momo-eltono-plaf-halletscove-ny.jpg\" data-orig-size=\"700,525\" data-comments-opened=\"1\" data-image-meta=\"{&quot;aperture&quot;:&quot;0&quot;,&quot;credit&quot;:&quot;&quot;,&quot;camera&quot;:&quot;&quot;,&quot;caption&quot;:&quot;&quot;,&quot;created_timestamp&quot;:&quot;0&quot;,&quot;copyright&quot;:&quot;&quot;,&quot;focal_length&quot;:&quot;0&quot;,&quot;iso&quot;:&quot;0&quot;,&quot;shutter_speed&quot;:&quot;0&quot;,&quot;title&quot;:&quot;&quot;,&quot;orientation&quot;:&quot;0&quot;}\" data-image-title=\"momo-eltono-plaf-halletscove-ny\" data-image-description=\"\" data-image-caption=\"\" data-medium-file=\"https:\/\/www.eltono.com\/wp-content\/uploads\/2008\/11\/momo-eltono-plaf-halletscove-ny-300x225.jpg\" data-large-file=\"https:\/\/www.eltono.com\/wp-content\/uploads\/2008\/11\/momo-eltono-plaf-halletscove-ny.jpg\" class=\"alignnone size-full wp-image-8003\" title=\"momo-eltono-plaf-halletscove-ny\" src=\"http:\/\/www.eltono.com\/wp-content\/uploads\/2008\/11\/momo-eltono-plaf-halletscove-ny.jpg\" alt=\"Momo Eltono - PLAF Hallets Cove - NY\" width=\"700\" height=\"525\" srcset=\"https:\/\/www.eltono.com\/wp-content\/uploads\/2008\/11\/momo-eltono-plaf-halletscove-ny.jpg 700w, https:\/\/www.eltono.com\/wp-content\/uploads\/2008\/11\/momo-eltono-plaf-halletscove-ny-350x263.jpg 350w, https:\/\/www.eltono.com\/wp-content\/uploads\/2008\/11\/momo-eltono-plaf-halletscove-ny-100x75.jpg 100w, https:\/\/www.eltono.com\/wp-content\/uploads\/2008\/11\/momo-eltono-plaf-halletscove-ny-300x225.jpg 300w, https:\/\/www.eltono.com\/wp-content\/uploads\/2008\/11\/momo-eltono-plaf-halletscove-ny-400x300.jpg 400w\" sizes=\"auto, (max-width: 700px) 100vw, 700px\" \/><\/a><\/p>\n<p><a href=\"http:\/\/www.eltono.com\/plaf\/hallets-cove\/\" target=\"_blank\">www.eltono.com\/plaf\/hallets-cove<\/a><\/p>\n<h2><em>Thrash Islands<\/em><\/h2>\n<p><a href=\"http:\/\/www.eltono.com\/plaf\/thrash-islands\/\" target=\"_blank\"><img loading=\"lazy\" decoding=\"async\" data-attachment-id=\"8005\" data-permalink=\"https:\/\/www.eltono.com\/es\/exhibitions\/solo\/plaf-2\/momo-eltono-plaf-trashisland-ny\/\" data-orig-file=\"https:\/\/www.eltono.com\/wp-content\/uploads\/2008\/11\/momo-eltono-plaf-trashisland-ny.jpg\" data-orig-size=\"700,525\" data-comments-opened=\"1\" data-image-meta=\"{&quot;aperture&quot;:&quot;0&quot;,&quot;credit&quot;:&quot;&quot;,&quot;camera&quot;:&quot;&quot;,&quot;caption&quot;:&quot;&quot;,&quot;created_timestamp&quot;:&quot;0&quot;,&quot;copyright&quot;:&quot;&quot;,&quot;focal_length&quot;:&quot;0&quot;,&quot;iso&quot;:&quot;0&quot;,&quot;shutter_speed&quot;:&quot;0&quot;,&quot;title&quot;:&quot;&quot;,&quot;orientation&quot;:&quot;0&quot;}\" data-image-title=\"momo-eltono-plaf-trashisland-ny\" data-image-description=\"\" data-image-caption=\"\" data-medium-file=\"https:\/\/www.eltono.com\/wp-content\/uploads\/2008\/11\/momo-eltono-plaf-trashisland-ny-300x225.jpg\" data-large-file=\"https:\/\/www.eltono.com\/wp-content\/uploads\/2008\/11\/momo-eltono-plaf-trashisland-ny.jpg\" class=\"alignnone size-full wp-image-8005\" title=\"momo-eltono-plaf-trashisland-ny\" src=\"http:\/\/www.eltono.com\/wp-content\/uploads\/2008\/11\/momo-eltono-plaf-trashisland-ny.jpg\" alt=\"Momo Eltono - PLAF Trash Island - NY\" width=\"700\" height=\"525\" srcset=\"https:\/\/www.eltono.com\/wp-content\/uploads\/2008\/11\/momo-eltono-plaf-trashisland-ny.jpg 700w, https:\/\/www.eltono.com\/wp-content\/uploads\/2008\/11\/momo-eltono-plaf-trashisland-ny-350x263.jpg 350w, https:\/\/www.eltono.com\/wp-content\/uploads\/2008\/11\/momo-eltono-plaf-trashisland-ny-100x75.jpg 100w, https:\/\/www.eltono.com\/wp-content\/uploads\/2008\/11\/momo-eltono-plaf-trashisland-ny-300x225.jpg 300w, https:\/\/www.eltono.com\/wp-content\/uploads\/2008\/11\/momo-eltono-plaf-trashisland-ny-400x300.jpg 400w\" sizes=\"auto, (max-width: 700px) 100vw, 700px\" \/><\/a><\/p>\n<p><a href=\"http:\/\/www.eltono.com\/plaf\/thrash-islands\/\" target=\"_blank\">www.eltono.com\/plaf\/thrash-islands<\/a><\/p>\n<h2><em>Broadway Beach<\/em><\/h2>\n<p><a href=\"http:\/\/www.eltono.com\/plaf\/broadway-beach\/\" target=\"_blank\"><strong><em><img loading=\"lazy\" decoding=\"async\" title=\"momo-eltono-plaf-broadwaybeach-ny\" src=\"http:\/\/www.eltono.com\/wp-content\/uploads\/2008\/11\/momo-eltono-plaf-broadwaybeach-ny.jpg\" alt=\"\" width=\"700\" height=\"525\" \/><\/em><\/strong><\/a><\/p>\n<p><a href=\"http:\/\/www.eltono.com\/plaf\/broadway-beach\/\" target=\"_blank\">www.eltono.com\/plaf\/broadway-beach<\/a><\/p>\n<h2><em>East River Park<\/em><\/h2>\n<p><a href=\"http:\/\/www.eltono.com\/plaf\/east-river-state-park\/\" target=\"_blank\"><img loading=\"lazy\" decoding=\"async\" data-attachment-id=\"8000\" data-permalink=\"https:\/\/www.eltono.com\/es\/exhibitions\/solo\/plaf-2\/momo-eltono-plaf-eastriverpark-ny\/\" data-orig-file=\"https:\/\/www.eltono.com\/wp-content\/uploads\/2008\/11\/momo-eltono-plaf-eastriverpark-ny.jpg\" data-orig-size=\"700,525\" data-comments-opened=\"1\" data-image-meta=\"{&quot;aperture&quot;:&quot;0&quot;,&quot;credit&quot;:&quot;&quot;,&quot;camera&quot;:&quot;&quot;,&quot;caption&quot;:&quot;&quot;,&quot;created_timestamp&quot;:&quot;0&quot;,&quot;copyright&quot;:&quot;&quot;,&quot;focal_length&quot;:&quot;0&quot;,&quot;iso&quot;:&quot;0&quot;,&quot;shutter_speed&quot;:&quot;0&quot;,&quot;title&quot;:&quot;&quot;,&quot;orientation&quot;:&quot;0&quot;}\" data-image-title=\"momo-eltono-plaf-eastriverpark-ny\" data-image-description=\"\" data-image-caption=\"\" data-medium-file=\"https:\/\/www.eltono.com\/wp-content\/uploads\/2008\/11\/momo-eltono-plaf-eastriverpark-ny-300x225.jpg\" data-large-file=\"https:\/\/www.eltono.com\/wp-content\/uploads\/2008\/11\/momo-eltono-plaf-eastriverpark-ny.jpg\" class=\"alignnone size-full wp-image-8000\" title=\"momo-eltono-plaf-eastriverpark-ny\" src=\"http:\/\/www.eltono.com\/wp-content\/uploads\/2008\/11\/momo-eltono-plaf-eastriverpark-ny.jpg\" alt=\"Momo Eltono - PLAF East River Park - NY\" width=\"700\" height=\"525\" srcset=\"https:\/\/www.eltono.com\/wp-content\/uploads\/2008\/11\/momo-eltono-plaf-eastriverpark-ny.jpg 700w, https:\/\/www.eltono.com\/wp-content\/uploads\/2008\/11\/momo-eltono-plaf-eastriverpark-ny-350x263.jpg 350w, https:\/\/www.eltono.com\/wp-content\/uploads\/2008\/11\/momo-eltono-plaf-eastriverpark-ny-100x75.jpg 100w, https:\/\/www.eltono.com\/wp-content\/uploads\/2008\/11\/momo-eltono-plaf-eastriverpark-ny-300x225.jpg 300w, https:\/\/www.eltono.com\/wp-content\/uploads\/2008\/11\/momo-eltono-plaf-eastriverpark-ny-400x300.jpg 400w\" sizes=\"auto, (max-width: 700px) 100vw, 700px\" \/><\/a><\/p>\n<p><a href=\"http:\/\/www.eltono.com\/plaf\/east-river-state-park\/\" target=\"_blank\">www.eltono.com\/plaf\/east-river-state-park<\/a><\/p>\n<h2><em>Gantry Plaza<\/em><\/h2>\n<p><a href=\"http:\/\/www.eltono.com\/plaf\/gantry-plaza-state-park\/\" target=\"_blank\"><img loading=\"lazy\" decoding=\"async\" data-attachment-id=\"8002\" data-permalink=\"https:\/\/www.eltono.com\/es\/exhibitions\/solo\/plaf-2\/momo-eltono-plaf-gantryplaza-ny\/\" data-orig-file=\"https:\/\/www.eltono.com\/wp-content\/uploads\/2008\/11\/momo-eltono-plaf-gantryplaza-ny.jpg\" data-orig-size=\"700,525\" data-comments-opened=\"1\" data-image-meta=\"{&quot;aperture&quot;:&quot;0&quot;,&quot;credit&quot;:&quot;&quot;,&quot;camera&quot;:&quot;&quot;,&quot;caption&quot;:&quot;&quot;,&quot;created_timestamp&quot;:&quot;0&quot;,&quot;copyright&quot;:&quot;&quot;,&quot;focal_length&quot;:&quot;0&quot;,&quot;iso&quot;:&quot;0&quot;,&quot;shutter_speed&quot;:&quot;0&quot;,&quot;title&quot;:&quot;&quot;,&quot;orientation&quot;:&quot;0&quot;}\" data-image-title=\"momo-eltono-plaf-gantryplaza-ny\" data-image-description=\"\" data-image-caption=\"\" data-medium-file=\"https:\/\/www.eltono.com\/wp-content\/uploads\/2008\/11\/momo-eltono-plaf-gantryplaza-ny-300x225.jpg\" data-large-file=\"https:\/\/www.eltono.com\/wp-content\/uploads\/2008\/11\/momo-eltono-plaf-gantryplaza-ny.jpg\" class=\"alignnone size-full wp-image-8002\" title=\"momo-eltono-plaf-gantryplaza-ny\" src=\"http:\/\/www.eltono.com\/wp-content\/uploads\/2008\/11\/momo-eltono-plaf-gantryplaza-ny.jpg\" alt=\"Momo Eltono - PLAF Gantry Plaza - NY\" width=\"700\" height=\"525\" srcset=\"https:\/\/www.eltono.com\/wp-content\/uploads\/2008\/11\/momo-eltono-plaf-gantryplaza-ny.jpg 700w, https:\/\/www.eltono.com\/wp-content\/uploads\/2008\/11\/momo-eltono-plaf-gantryplaza-ny-350x263.jpg 350w, https:\/\/www.eltono.com\/wp-content\/uploads\/2008\/11\/momo-eltono-plaf-gantryplaza-ny-100x75.jpg 100w, https:\/\/www.eltono.com\/wp-content\/uploads\/2008\/11\/momo-eltono-plaf-gantryplaza-ny-300x225.jpg 300w, https:\/\/www.eltono.com\/wp-content\/uploads\/2008\/11\/momo-eltono-plaf-gantryplaza-ny-400x300.jpg 400w\" sizes=\"auto, (max-width: 700px) 100vw, 700px\" \/><\/a><\/p>\n<p><a href=\"http:\/\/www.eltono.com\/plaf\/gantry-plaza-state-park\/\" target=\"_blank\">www.eltono.com\/plaf\/gantry-plaza-state-park<\/a><\/p>\n<h2><em>Plaf Maker<\/em><\/h2>\n<p><a href=\"http:\/\/www.eltono.com\/plaf\/plaf-maker\/\" target=\"_blank\"><img loading=\"lazy\" decoding=\"async\" data-attachment-id=\"8004\" data-permalink=\"https:\/\/www.eltono.com\/es\/exhibitions\/solo\/plaf-2\/momo-eltono-plaf-plafmaker-ny\/\" data-orig-file=\"https:\/\/www.eltono.com\/wp-content\/uploads\/2008\/11\/momo-eltono-plaf-plafmaker-ny.jpg\" data-orig-size=\"700,537\" data-comments-opened=\"1\" data-image-meta=\"{&quot;aperture&quot;:&quot;0&quot;,&quot;credit&quot;:&quot;&quot;,&quot;camera&quot;:&quot;&quot;,&quot;caption&quot;:&quot;&quot;,&quot;created_timestamp&quot;:&quot;0&quot;,&quot;copyright&quot;:&quot;&quot;,&quot;focal_length&quot;:&quot;0&quot;,&quot;iso&quot;:&quot;0&quot;,&quot;shutter_speed&quot;:&quot;0&quot;,&quot;title&quot;:&quot;&quot;,&quot;orientation&quot;:&quot;0&quot;}\" data-image-title=\"momo-eltono-plaf-plafmaker-ny\" data-image-description=\"\" data-image-caption=\"\" data-medium-file=\"https:\/\/www.eltono.com\/wp-content\/uploads\/2008\/11\/momo-eltono-plaf-plafmaker-ny-300x230.jpg\" data-large-file=\"https:\/\/www.eltono.com\/wp-content\/uploads\/2008\/11\/momo-eltono-plaf-plafmaker-ny.jpg\" class=\"alignnone size-full wp-image-8004\" title=\"momo-eltono-plaf-plafmaker-ny\" src=\"http:\/\/www.eltono.com\/wp-content\/uploads\/2008\/11\/momo-eltono-plaf-plafmaker-ny.jpg\" alt=\"Momo Eltono - PLAF Maker - NY\" width=\"700\" height=\"537\" srcset=\"https:\/\/www.eltono.com\/wp-content\/uploads\/2008\/11\/momo-eltono-plaf-plafmaker-ny.jpg 700w, https:\/\/www.eltono.com\/wp-content\/uploads\/2008\/11\/momo-eltono-plaf-plafmaker-ny-350x269.jpg 350w, https:\/\/www.eltono.com\/wp-content\/uploads\/2008\/11\/momo-eltono-plaf-plafmaker-ny-300x230.jpg 300w, https:\/\/www.eltono.com\/wp-content\/uploads\/2008\/11\/momo-eltono-plaf-plafmaker-ny-391x300.jpg 391w\" sizes=\"auto, (max-width: 700px) 100vw, 700px\" \/><\/a><\/p>\n<p><a href=\"http:\/\/www.eltono.com\/plaf\/plaf-maker\/\" target=\"_blank\">www.eltono.com\/plaf\/plaf-maker<\/a><\/p>\n<h2>The Plaf Exhibition<\/h2>\n<p><a href=\"http:\/\/www.eltono.com\/plaf\/the-plaf-exhibition\/\" target=\"_blank\"><img loading=\"lazy\" decoding=\"async\" data-attachment-id=\"8001\" data-permalink=\"https:\/\/www.eltono.com\/es\/exhibitions\/solo\/plaf-2\/momo-eltono-plaf-exhibition-ny\/\" data-orig-file=\"https:\/\/www.eltono.com\/wp-content\/uploads\/2008\/11\/momo-eltono-plaf-exhibition-ny.jpg\" data-orig-size=\"700,525\" data-comments-opened=\"1\" data-image-meta=\"{&quot;aperture&quot;:&quot;0&quot;,&quot;credit&quot;:&quot;&quot;,&quot;camera&quot;:&quot;&quot;,&quot;caption&quot;:&quot;&quot;,&quot;created_timestamp&quot;:&quot;0&quot;,&quot;copyright&quot;:&quot;&quot;,&quot;focal_length&quot;:&quot;0&quot;,&quot;iso&quot;:&quot;0&quot;,&quot;shutter_speed&quot;:&quot;0&quot;,&quot;title&quot;:&quot;&quot;,&quot;orientation&quot;:&quot;0&quot;}\" data-image-title=\"momo-eltono-plaf-exhibition-ny\" data-image-description=\"\" data-image-caption=\"\" data-medium-file=\"https:\/\/www.eltono.com\/wp-content\/uploads\/2008\/11\/momo-eltono-plaf-exhibition-ny-300x225.jpg\" data-large-file=\"https:\/\/www.eltono.com\/wp-content\/uploads\/2008\/11\/momo-eltono-plaf-exhibition-ny.jpg\" class=\"alignnone size-full wp-image-8001\" title=\"momo-eltono-plaf-exhibition-ny\" src=\"http:\/\/www.eltono.com\/wp-content\/uploads\/2008\/11\/momo-eltono-plaf-exhibition-ny.jpg\" alt=\"Momo Eltono - PLAF Exhibition - NY\" width=\"700\" height=\"525\" srcset=\"https:\/\/www.eltono.com\/wp-content\/uploads\/2008\/11\/momo-eltono-plaf-exhibition-ny.jpg 700w, https:\/\/www.eltono.com\/wp-content\/uploads\/2008\/11\/momo-eltono-plaf-exhibition-ny-350x263.jpg 350w, https:\/\/www.eltono.com\/wp-content\/uploads\/2008\/11\/momo-eltono-plaf-exhibition-ny-100x75.jpg 100w, https:\/\/www.eltono.com\/wp-content\/uploads\/2008\/11\/momo-eltono-plaf-exhibition-ny-300x225.jpg 300w, https:\/\/www.eltono.com\/wp-content\/uploads\/2008\/11\/momo-eltono-plaf-exhibition-ny-400x300.jpg 400w\" sizes=\"auto, (max-width: 700px) 100vw, 700px\" \/><\/a><\/p>\n<p><a href=\"http:\/\/www.eltono.com\/plaf\/the-plaf-exhibition\/\" target=\"_blank\">www.eltono.com\/plaf\/the-plaf-exhibition<\/a><\/p>\n<p><strong>Mapa del proyecto con localizaci\u00f3n de las esculturas:<\/strong> <a href=\"http:\/\/maps.google.com\/maps\/ms?ie=UTF8&amp;hl=en&amp;msa=0&amp;msid=103942386719118488654.00045554a4fe5ea058301&amp;ll=40.744074,-73.964887&amp;spn=0.051616,0.059054&amp;source=embed\" target=\"_blank\">maps.google.com\/maps\/plaf<\/a><\/p>","protected":false},"excerpt":{"rendered":"<p>PLAF &#8211; Autonomous Mechanisms Nueva York, EE.UU. Agosto &#8211; Septiembre 2008 Proyecto en colaboraci\u00f3n con MOMO www.eltono.com\/plaf Durante el verano de 2008, en colaboraci\u00f3n con el artista estadounidense MOMO, estuvimos instalando esculturas kin\u00e9ticas, de forma independiente y sin ning\u00fan tipo de permiso, en las aguas alrededor de la ciudad de Nueva York. Utilizamos la onomatopeya &hellip; <a href=\"https:\/\/www.eltono.com\/es\/exhibitions\/solo\/plaf-2\/\" class=\"more-link\">Continue reading <span class=\"screen-reader-text\">PLAF<\/span><\/a><\/p>\n","protected":false},"author":1,"featured_media":13530,"parent":13432,"menu_order":0,"comment_status":"closed","ping_status":"closed","template":"","meta":{"ngg_post_thumbnail":0,"jetpack_post_was_ever_published":false,"footnotes":""},"categories":[294,3,5,261,265,266,269,272,264,7,263],"tags":[],"class_list":["post-745","page","type-page","status-publish","has-post-thumbnail","hentry","category-294","category-exhibitions","category-interventions","category-page_expo","category-page_indoor","category-page_outdoor","category-page_participatif","category-page_project","category-page_solo_show","category-projects","category-solo-show"],"jetpack_sharing_enabled":true,"jetpack_shortlink":"https:\/\/wp.me\/P7sWFx-c1","_links":{"self":[{"href":"https:\/\/www.eltono.com\/es\/wp-json\/wp\/v2\/pages\/745","targetHints":{"allow":["GET"]}}],"collection":[{"href":"https:\/\/www.eltono.com\/es\/wp-json\/wp\/v2\/pages"}],"about":[{"href":"https:\/\/www.eltono.com\/es\/wp-json\/wp\/v2\/types\/page"}],"author":[{"embeddable":true,"href":"https:\/\/www.eltono.com\/es\/wp-json\/wp\/v2\/users\/1"}],"replies":[{"embeddable":true,"href":"https:\/\/www.eltono.com\/es\/wp-json\/wp\/v2\/comments?post=745"}],"version-history":[{"count":36,"href":"https:\/\/www.eltono.com\/es\/wp-json\/wp\/v2\/pages\/745\/revisions"}],"predecessor-version":[{"id":15228,"href":"https:\/\/www.eltono.com\/es\/wp-json\/wp\/v2\/pages\/745\/revisions\/15228"}],"up":[{"embeddable":true,"href":"https:\/\/www.eltono.com\/es\/wp-json\/wp\/v2\/pages\/13432"}],"wp:featuredmedia":[{"embeddable":true,"href":"https:\/\/www.eltono.com\/es\/wp-json\/wp\/v2\/media\/13530"}],"wp:attachment":[{"href":"https:\/\/www.eltono.com\/es\/wp-json\/wp\/v2\/media?parent=745"}],"wp:term":[{"taxonomy":"category","embeddable":true,"href":"https:\/\/www.eltono.com\/es\/wp-json\/wp\/v2\/categories?post=745"},{"taxonomy":"post_tag","embeddable":true,"href":"https:\/\/www.eltono.com\/es\/wp-json\/wp\/v2\/tags?post=745"}],"curies":[{"name":"wp","href":"https:\/\/api.w.org\/{rel}","templated":true}]}}