{"id":9045,"date":"2012-07-06T18:08:14","date_gmt":"2012-07-06T16:08:14","guid":{"rendered":"http:\/\/www.eltono.com\/?page_id=9045"},"modified":"2021-02-05T12:30:45","modified_gmt":"2021-02-05T10:30:45","slug":"deambular-path-mural","status":"publish","type":"page","link":"https:\/\/www.eltono.com\/es\/murals\/deambular-path-mural\/","title":{"rendered":"Mural de Recorridos"},"content":{"rendered":"<p><strong>Artium, Museo Vasco de Arte Contempor\u00e1neo<\/strong><br \/>\nVitoria-Gasteiz, Espa\u00f1a<br \/>\n6 de julio &#8211; 2 de septiembre 2012<\/p>\n<p><strong>Proyecto <em>Praxis<\/em>: <\/strong>Comisariado por Blanca de la Torre &#8211; Coordinaci\u00f3n de producci\u00f3n por Yolanda de Egoscozabal<\/p>\n<p><strong><em>Deambular<\/em><\/strong> &#8211; Acciones en el espacio p\u00fablico de Vitoria-Gasteiz y dentro del espacio expositivo<br \/>\nCentro de control y espacio expositivo: Praxis, Galer\u00eda Norte, Artium<br \/>\nComisarios: <a href=\"http:\/\/scgallery.es\/\" target=\"_blank\" rel=\"noopener noreferrer\">Sergio Garc\u00eda<\/a> y <a href=\"http:\/\/urbanario.es\/\" target=\"_blank\" rel=\"noopener noreferrer\">Javier Abarca<\/a><\/p>\n<blockquote><p>Consulta el proyecto entero aqu\u00ed: <a href=\"http:\/\/www.eltono.com\/es\/exhibitions\/deambular\/\">www.eltono.com\/es\/exhibitions\/deambular<\/a><\/p><\/blockquote>\n<h2><em>Mural de Recorridos<\/em>:<\/h2>\n<p>Cada ma\u00f1ana, al llegar al museo, pintaba usando el color correspondiente, el recorrido que hab\u00eda caminado el d\u00eda anterior y que ten\u00eda apuntado; Al usar cinta de enmascarar el dibujo se ve\u00eda autom\u00e1ticamente estilizado y simplificado. A\u00f1ad\u00ed una regla que dictaba que cuanto m\u00e1s veces hab\u00eda transitado una calle en un d\u00eda, m\u00e1s ancha dibujaba la linea. Este mural descontrolado evolucion\u00f3 todo los d\u00edas durante los 12 d\u00edas de la residencia. La idea era de generar una pintura mural de la que el aspecto final no era bajo mi control y de apreciar el resultado como una pieza abstracta entera y no como mapas individuales.<\/p>\n<p>Utilic\u00e9 un mapa grande de papel para traspasar los recorridos diarios de mi cuaderno a la pared del museo. Ese proceso de traspaso gr\u00e1fico gener\u00f3 una cantidad de puntos de color, los que iba marcando y siguiendo como gu\u00edas para pintar las lineas en la pared. El mapa grande result\u00f3 ser una replica bastante fiel del mapa que iban creando las pegatinas redondas que pegaba a diario en la calle. Esa pieza grande de papel, que llam\u00e9 el <em>Mapa Matriz<\/em> se dej\u00f3 en el suelo del museo en el medio de la sala, en el mismo lugar donde hab\u00eda estado durante todo el proceso.<\/p>\n<p><style type=\"text\/css\" media=\"all\">\n\/* ----------- Galeria Vertical 700 vh ngg1 ------------*\/\n#gallery-vertical-700-vh{\n\t\/\/max-width: 100%;\n\t\/\/width: 700px;\n\tbackground-color: #ffffff;\n\ttext-align: left;\n}\n#gallery-vertical-700-vh img{\n\t\/\/max-width: 100%;\n\tvertical-align: bottom;\n}\n#gallery-vertical-700-vh-comment{\n\tword-wrap: break-word;\n\t\/\/width: 700px;\n\tmargin: 0 0 17px 0;\n}\n<\/style>\n<div class=\"ngg1-galleryoverview\" id=\"ngg1-gallery-bbf76a5674f59ce2eb5962203bfd3784\">\n\t\t<div id=\"ngg1-image-3293\">\n\t\t<div id=\"gallery-vertical-700-vh\">\n\t\t\t<img title=\"&quot;Paths&quot; wall painting \/ Mural de recorridos\" alt=\"&quot;Paths&quot; wall painting \/ Mural de recorridos\" src=\"https:\/\/www.eltono.com\/wp-content\/gallery\/deambular-mural-recorridos\/eltono-deambular-artium07.jpg\"\/>\n\t\t\t<\/div><div id=\"gallery-vertical-700-vh-comment\">&quot;Paths&quot; wall painting \/ Mural de recorridos\t\t<\/div>\n\t<\/div>\n \t\t<div id=\"ngg1-image-3329\">\n\t\t<div id=\"gallery-vertical-700-vh\">\n\t\t\t<img title=\" \" alt=\" \" src=\"https:\/\/www.eltono.com\/wp-content\/gallery\/deambular-mural-recorridos\/eltono-deambular-artium34_0.jpg\"\/>\n\t\t\t<\/div><div id=\"gallery-vertical-700-vh-comment\"> \t\t<\/div>\n\t<\/div>\n \t\t<div id=\"ngg1-image-3295\">\n\t\t<div id=\"gallery-vertical-700-vh\">\n\t\t\t<img title=\"Daily path maps \/ Mapas de recorridos diarios\" alt=\"Daily path maps \/ Mapas de recorridos diarios\" src=\"https:\/\/www.eltono.com\/wp-content\/gallery\/deambular-mural-recorridos\/eltono-deambular-artium30.jpg\"\/>\n\t\t\t<\/div><div id=\"gallery-vertical-700-vh-comment\">Daily path maps \/ Mapas de recorridos diarios\t\t<\/div>\n\t<\/div>\n \t\t<div id=\"ngg1-image-3296\">\n\t\t<div id=\"gallery-vertical-700-vh\">\n\t\t\t<img title=\"Daily path maps \/ Mapas de recorridos diarios\" alt=\"Daily path maps \/ Mapas de recorridos diarios\" src=\"https:\/\/www.eltono.com\/wp-content\/gallery\/deambular-mural-recorridos\/eltono-deambular-artium32.jpg\"\/>\n\t\t\t<\/div><div id=\"gallery-vertical-700-vh-comment\">Daily path maps \/ Mapas de recorridos diarios\t\t<\/div>\n\t<\/div>\n \t\t<div id=\"ngg1-image-3294\">\n\t\t<div id=\"gallery-vertical-700-vh\">\n\t\t\t<img title=\"Matrix map \/ Mapa matriz\" alt=\"Matrix map \/ Mapa matriz\" src=\"https:\/\/www.eltono.com\/wp-content\/gallery\/deambular-mural-recorridos\/eltono-deambular-artium11.jpg\"\/>\n\t\t\t<\/div><div id=\"gallery-vertical-700-vh-comment\">Matrix map \/ Mapa matriz\t\t<\/div>\n\t<\/div>\n \t\t<div id=\"ngg1-image-3437\">\n\t\t<div id=\"gallery-vertical-700-vh\">\n\t\t\t<img title=\"Matrix map details \/ Detalle del mapa matriz\" alt=\"Matrix map details \/ Detalle del mapa matriz\" src=\"https:\/\/www.eltono.com\/wp-content\/gallery\/deambular-mural-recorridos\/eltono-deambular-artium35.jpg\"\/>\n\t\t\t<\/div><div id=\"gallery-vertical-700-vh-comment\">Matrix map details \/ Detalle del mapa matriz\t\t<\/div>\n\t<\/div>\n \t\t<div id=\"ngg1-image-3438\">\n\t\t<div id=\"gallery-vertical-700-vh\">\n\t\t\t<img title=\"Matrix map details \/ Detalle del mapa matriz\" alt=\"Matrix map details \/ Detalle del mapa matriz\" src=\"https:\/\/www.eltono.com\/wp-content\/gallery\/deambular-mural-recorridos\/eltono-deambular-artium36.jpg\"\/>\n\t\t\t<\/div><div id=\"gallery-vertical-700-vh-comment\">Matrix map details \/ Detalle del mapa matriz\t\t<\/div>\n\t<\/div>\n \t<\/div>\n<\/p>","protected":false},"excerpt":{"rendered":"<p>Artium, Museo Vasco de Arte Contempor\u00e1neo Vitoria-Gasteiz, Espa\u00f1a 6 de julio &#8211; 2 de septiembre 2012 Proyecto Praxis: Comisariado por Blanca de la Torre &#8211; Coordinaci\u00f3n de producci\u00f3n por Yolanda de Egoscozabal Deambular &#8211; Acciones en el espacio p\u00fablico de Vitoria-Gasteiz y dentro del espacio expositivo Centro de control y espacio expositivo: Praxis, Galer\u00eda Norte, &hellip; <a href=\"https:\/\/www.eltono.com\/es\/murals\/deambular-path-mural\/\" class=\"more-link\">Continue reading <span class=\"screen-reader-text\">Mural de Recorridos<\/span><\/a><\/p>\n","protected":false},"author":1,"featured_media":13268,"parent":13155,"menu_order":0,"comment_status":"closed","ping_status":"open","template":"","meta":{"ngg_post_thumbnail":0,"jetpack_post_was_ever_published":false,"footnotes":""},"categories":[290,3,345,262,261,265,260,264,263],"tags":[],"class_list":["post-9045","page","type-page","status-publish","has-post-thumbnail","hentry","category-290","category-exhibitions","category-modo","category-page_automatic","category-page_expo","category-page_indoor","category-page_mural","category-page_solo_show","category-solo-show"],"jetpack_sharing_enabled":true,"jetpack_shortlink":"https:\/\/wp.me\/P7sWFx-2lT","_links":{"self":[{"href":"https:\/\/www.eltono.com\/es\/wp-json\/wp\/v2\/pages\/9045","targetHints":{"allow":["GET"]}}],"collection":[{"href":"https:\/\/www.eltono.com\/es\/wp-json\/wp\/v2\/pages"}],"about":[{"href":"https:\/\/www.eltono.com\/es\/wp-json\/wp\/v2\/types\/page"}],"author":[{"embeddable":true,"href":"https:\/\/www.eltono.com\/es\/wp-json\/wp\/v2\/users\/1"}],"replies":[{"embeddable":true,"href":"https:\/\/www.eltono.com\/es\/wp-json\/wp\/v2\/comments?post=9045"}],"version-history":[{"count":9,"href":"https:\/\/www.eltono.com\/es\/wp-json\/wp\/v2\/pages\/9045\/revisions"}],"predecessor-version":[{"id":21630,"href":"https:\/\/www.eltono.com\/es\/wp-json\/wp\/v2\/pages\/9045\/revisions\/21630"}],"up":[{"embeddable":true,"href":"https:\/\/www.eltono.com\/es\/wp-json\/wp\/v2\/pages\/13155"}],"wp:featuredmedia":[{"embeddable":true,"href":"https:\/\/www.eltono.com\/es\/wp-json\/wp\/v2\/media\/13268"}],"wp:attachment":[{"href":"https:\/\/www.eltono.com\/es\/wp-json\/wp\/v2\/media?parent=9045"}],"wp:term":[{"taxonomy":"category","embeddable":true,"href":"https:\/\/www.eltono.com\/es\/wp-json\/wp\/v2\/categories?post=9045"},{"taxonomy":"post_tag","embeddable":true,"href":"https:\/\/www.eltono.com\/es\/wp-json\/wp\/v2\/tags?post=9045"}],"curies":[{"name":"wp","href":"https:\/\/api.w.org\/{rel}","templated":true}]}}