{"id":9055,"date":"2010-05-20T18:49:36","date_gmt":"2010-05-20T16:49:36","guid":{"rendered":"http:\/\/www.eltono.com\/?page_id=9055"},"modified":"2021-02-05T12:30:35","modified_gmt":"2021-02-05T10:30:35","slug":"script-1-2-sala-de-arte-joven-2-0","status":"publish","type":"page","link":"https:\/\/www.eltono.com\/es\/murals\/script-1-2-sala-de-arte-joven-2-0\/","title":{"rendered":"Script 1.2"},"content":{"rendered":"<p><strong>Sala de Arte Joven de la Comunidad de Madrid<\/strong><br \/>\nAv. Am\u00e9rica 13, Madrid<br \/>\nDe abril a agosto 2010<\/p>\n<p>Comisariado por Isra Souza y Rafafans<\/p>\n<p>El reportaje completo de la exposici\u00f3n puede ser consultado aqu\u00ed: <a href=\"http:\/\/www.eltono.com\/es\/exhibitions\/sala-de-arte-joven-2-0\">www.eltono.com\/es\/exhibitions\/sala-de-arte-joven-2-0<\/a><\/p>\n<p>El primer experimento, <a href=\"http:\/\/www.eltono.com\/es\/exhibitions\/script-1-0\/\" target=\"_blank\" rel=\"noopener noreferrer\"><em>Script 1.0<\/em><\/a>, tuvo lugar en el Centro Cultural de Espa\u00f1a en Buenos Aires en abril del 2010. El <a href=\"http:\/\/www.eltono.com\/es\/exhibitions\/reticula\/\" target=\"_blank\" rel=\"noopener noreferrer\"><em>Script 1.1<\/em><\/a> en galer\u00eda Delimbo en Sevilla en abril. Con la misma idea inici\u00e9 <strong><em>Script 1.2<\/em><\/strong> para la expo <strong><em>Sala de Arte Joven 2.0<\/em><\/strong>. Se trataba de pintar la pared m\u00e1s grande de la galer\u00eda entre todos los participantes del grupo de trabajo. Cada colaborador ten\u00eda un color asignado y ten\u00eda que pintar rayas seg\u00fan unas normas precisas y as\u00ed se hac\u00eda ejecutor del script y a la vez espectador de como se iba pintando \u201cautom\u00e1ticamente\u201d el mural.<\/p>\n<p>Marcamos una cuadricula en la pared y cada colaborador eligi\u00f3 su color. Antes de empezar a pintar se iba sorteando las coordenadas de cada l\u00ednea (x,y) para saber su punto de arranque y su direcci\u00f3n.<\/p>\n<p>Entre 12 personas pintamos 30 l\u00edneas de 12 colores distintos en 7 d\u00edas.<\/p>\n<p><style type=\"text\/css\" media=\"all\">\n\/* ----------- Galeria Vertical 700 vh ngg1 ------------*\/\n#gallery-vertical-700-vh{\n\t\/\/max-width: 100%;\n\t\/\/width: 700px;\n\tbackground-color: #ffffff;\n\ttext-align: left;\n}\n#gallery-vertical-700-vh img{\n\t\/\/max-width: 100%;\n\tvertical-align: bottom;\n}\n#gallery-vertical-700-vh-comment{\n\tword-wrap: break-word;\n\t\/\/width: 700px;\n\tmargin: 0 0 17px 0;\n}\n<\/style>\n<div class=\"ngg1-galleryoverview\" id=\"ngg1-gallery-bea8fd5779663506b6245a15ce749db2\">\n\t\t<div id=\"ngg1-image-1753\">\n\t\t<div id=\"gallery-vertical-700-vh\">\n\t\t\t<img title=\" \" alt=\" \" src=\"https:\/\/www.eltono.com\/wp-content\/gallery\/saj-mural\/eltono-saj-mural18.jpg\"\/>\n\t\t\t<\/div><div id=\"gallery-vertical-700-vh-comment\"> \t\t<\/div>\n\t<\/div>\n \t\t<div id=\"ngg1-image-1751\">\n\t\t<div id=\"gallery-vertical-700-vh\">\n\t\t\t<img title=\" \" alt=\" \" src=\"https:\/\/www.eltono.com\/wp-content\/gallery\/saj-mural\/eltono-saj-mural16.jpg\"\/>\n\t\t\t<\/div><div id=\"gallery-vertical-700-vh-comment\"> \t\t<\/div>\n\t<\/div>\n \t\t<div id=\"ngg1-image-1736\">\n\t\t<div id=\"gallery-vertical-700-vh\">\n\t\t\t<img title=\" \" alt=\" \" src=\"https:\/\/www.eltono.com\/wp-content\/gallery\/saj-mural\/eltono-saj-mural01.jpg\"\/>\n\t\t\t<\/div><div id=\"gallery-vertical-700-vh-comment\"> \t\t<\/div>\n\t<\/div>\n \t\t<div id=\"ngg1-image-1737\">\n\t\t<div id=\"gallery-vertical-700-vh\">\n\t\t\t<img title=\" \" alt=\" \" src=\"https:\/\/www.eltono.com\/wp-content\/gallery\/saj-mural\/eltono-saj-mural02.jpg\"\/>\n\t\t\t<\/div><div id=\"gallery-vertical-700-vh-comment\"> \t\t<\/div>\n\t<\/div>\n \t\t<div id=\"ngg1-image-1740\">\n\t\t<div id=\"gallery-vertical-700-vh\">\n\t\t\t<img title=\" \" alt=\" \" src=\"https:\/\/www.eltono.com\/wp-content\/gallery\/saj-mural\/eltono-saj-mural05.jpg\"\/>\n\t\t\t<\/div><div id=\"gallery-vertical-700-vh-comment\"> \t\t<\/div>\n\t<\/div>\n \t\t<div id=\"ngg1-image-1752\">\n\t\t<div id=\"gallery-vertical-700-vh\">\n\t\t\t<img title=\" \" alt=\" \" src=\"https:\/\/www.eltono.com\/wp-content\/gallery\/saj-mural\/eltono-saj-mural17.jpg\"\/>\n\t\t\t<\/div><div id=\"gallery-vertical-700-vh-comment\"> \t\t<\/div>\n\t<\/div>\n \t\t<div id=\"ngg1-image-1738\">\n\t\t<div id=\"gallery-vertical-700-vh\">\n\t\t\t<img title=\" \" alt=\" \" src=\"https:\/\/www.eltono.com\/wp-content\/gallery\/saj-mural\/eltono-saj-mural03.jpg\"\/>\n\t\t\t<\/div><div id=\"gallery-vertical-700-vh-comment\"> \t\t<\/div>\n\t<\/div>\n \t\t<div id=\"ngg1-image-1739\">\n\t\t<div id=\"gallery-vertical-700-vh\">\n\t\t\t<img title=\" \" alt=\" \" src=\"https:\/\/www.eltono.com\/wp-content\/gallery\/saj-mural\/eltono-saj-mural04.jpg\"\/>\n\t\t\t<\/div><div id=\"gallery-vertical-700-vh-comment\"> \t\t<\/div>\n\t<\/div>\n \t\t<div id=\"ngg1-image-1741\">\n\t\t<div id=\"gallery-vertical-700-vh\">\n\t\t\t<img title=\" \" alt=\" \" src=\"https:\/\/www.eltono.com\/wp-content\/gallery\/saj-mural\/eltono-saj-mural06.jpg\"\/>\n\t\t\t<\/div><div id=\"gallery-vertical-700-vh-comment\"> \t\t<\/div>\n\t<\/div>\n \t\t<div id=\"ngg1-image-1743\">\n\t\t<div id=\"gallery-vertical-700-vh\">\n\t\t\t<img title=\" \" alt=\" \" src=\"https:\/\/www.eltono.com\/wp-content\/gallery\/saj-mural\/eltono-saj-mural08.jpg\"\/>\n\t\t\t<\/div><div id=\"gallery-vertical-700-vh-comment\"> \t\t<\/div>\n\t<\/div>\n \t\t<div id=\"ngg1-image-1742\">\n\t\t<div id=\"gallery-vertical-700-vh\">\n\t\t\t<img title=\" \" alt=\" \" src=\"https:\/\/www.eltono.com\/wp-content\/gallery\/saj-mural\/eltono-saj-mural07.jpg\"\/>\n\t\t\t<\/div><div id=\"gallery-vertical-700-vh-comment\"> \t\t<\/div>\n\t<\/div>\n \t\t<div id=\"ngg1-image-1746\">\n\t\t<div id=\"gallery-vertical-700-vh\">\n\t\t\t<img title=\" \" alt=\" \" src=\"https:\/\/www.eltono.com\/wp-content\/gallery\/saj-mural\/eltono-saj-mural11.jpg\"\/>\n\t\t\t<\/div><div id=\"gallery-vertical-700-vh-comment\"> \t\t<\/div>\n\t<\/div>\n \t\t<div id=\"ngg1-image-1747\">\n\t\t<div id=\"gallery-vertical-700-vh\">\n\t\t\t<img title=\" \" alt=\" \" src=\"https:\/\/www.eltono.com\/wp-content\/gallery\/saj-mural\/eltono-saj-mural12.jpg\"\/>\n\t\t\t<\/div><div id=\"gallery-vertical-700-vh-comment\"> \t\t<\/div>\n\t<\/div>\n \t\t<div id=\"ngg1-image-1744\">\n\t\t<div id=\"gallery-vertical-700-vh\">\n\t\t\t<img title=\" \" alt=\" \" src=\"https:\/\/www.eltono.com\/wp-content\/gallery\/saj-mural\/eltono-saj-mural09.jpg\"\/>\n\t\t\t<\/div><div id=\"gallery-vertical-700-vh-comment\"> \t\t<\/div>\n\t<\/div>\n \t\t<div id=\"ngg1-image-1745\">\n\t\t<div id=\"gallery-vertical-700-vh\">\n\t\t\t<img title=\" \" alt=\" \" src=\"https:\/\/www.eltono.com\/wp-content\/gallery\/saj-mural\/eltono-saj-mural10.jpg\"\/>\n\t\t\t<\/div><div id=\"gallery-vertical-700-vh-comment\"> \t\t<\/div>\n\t<\/div>\n \t\t<div id=\"ngg1-image-1750\">\n\t\t<div id=\"gallery-vertical-700-vh\">\n\t\t\t<img title=\" \" alt=\" \" src=\"https:\/\/www.eltono.com\/wp-content\/gallery\/saj-mural\/eltono-saj-mural15.jpg\"\/>\n\t\t\t<\/div><div id=\"gallery-vertical-700-vh-comment\"> \t\t<\/div>\n\t<\/div>\n \t\t<div id=\"ngg1-image-1748\">\n\t\t<div id=\"gallery-vertical-700-vh\">\n\t\t\t<img title=\" \" alt=\" \" src=\"https:\/\/www.eltono.com\/wp-content\/gallery\/saj-mural\/eltono-saj-mural13.jpg\"\/>\n\t\t\t<\/div><div id=\"gallery-vertical-700-vh-comment\"> \t\t<\/div>\n\t<\/div>\n \t<\/div>\n<\/p>\n<h2><strong>Video:<\/strong><\/h2>\n<p><object width=\"600\" height=\"450\" classid=\"clsid:d27cdb6e-ae6d-11cf-96b8-444553540000\" codebase=\"http:\/\/download.macromedia.com\/pub\/shockwave\/cabs\/flash\/swflash.cab#version=6,0,40,0\"><param name=\"allowfullscreen\" value=\"true\" \/><param name=\"allowscriptaccess\" value=\"always\" \/><param name=\"src\" value=\"http:\/\/vimeo.com\/moogaloop.swf?clip_id=12464964&amp;server=vimeo.com&amp;show_title=0&amp;show_byline=0&amp;show_portrait=0&amp;color=00ADEF&amp;fullscreen=1\" \/><\/object><\/p>\n<p>Muchas gracias a: Carmen y Tono (el verdadero), Julio, Ana Paula, Jaime, Clara, Hoffa, Lore, M\u00f3nica, Rafa, Roc\u00edo, Guillermo, Pablo, Laura, Dani, Sierra, Tere, Bea, Elsa, Parsec, Jes\u00fas, Alvaro, Dane, Isra, Rafafans, Mar\u00eda, Pepito, Encarna Fern\u00e1ndez, Justo S\u00e1nchez-Manzano, Ana Isabel Illanes, Emilio Camacho, Eduardo de la Fuente&#8230;<\/p>","protected":false},"excerpt":{"rendered":"<p>Sala de Arte Joven de la Comunidad de Madrid Av. Am\u00e9rica 13, Madrid De abril a agosto 2010 Comisariado por Isra Souza y Rafafans El reportaje completo de la exposici\u00f3n puede ser consultado aqu\u00ed: www.eltono.com\/es\/exhibitions\/sala-de-arte-joven-2-0 El primer experimento, Script 1.0, tuvo lugar en el Centro Cultural de Espa\u00f1a en Buenos Aires en abril del 2010. &hellip; <a href=\"https:\/\/www.eltono.com\/es\/murals\/script-1-2-sala-de-arte-joven-2-0\/\" class=\"more-link\">Continue reading <span class=\"screen-reader-text\">Script 1.2<\/span><\/a><\/p>\n","protected":false},"author":1,"featured_media":13257,"parent":13155,"menu_order":0,"comment_status":"closed","ping_status":"open","template":"","meta":{"ngg_post_thumbnail":0,"jetpack_post_was_ever_published":false,"footnotes":""},"categories":[292,345,112,262,261,265,260],"tags":[],"class_list":["post-9055","page","type-page","status-publish","has-post-thumbnail","hentry","category-292","category-modo","category-mural","category-page_automatic","category-page_expo","category-page_indoor","category-page_mural"],"jetpack_sharing_enabled":true,"jetpack_shortlink":"https:\/\/wp.me\/P7sWFx-2m3","_links":{"self":[{"href":"https:\/\/www.eltono.com\/es\/wp-json\/wp\/v2\/pages\/9055","targetHints":{"allow":["GET"]}}],"collection":[{"href":"https:\/\/www.eltono.com\/es\/wp-json\/wp\/v2\/pages"}],"about":[{"href":"https:\/\/www.eltono.com\/es\/wp-json\/wp\/v2\/types\/page"}],"author":[{"embeddable":true,"href":"https:\/\/www.eltono.com\/es\/wp-json\/wp\/v2\/users\/1"}],"replies":[{"embeddable":true,"href":"https:\/\/www.eltono.com\/es\/wp-json\/wp\/v2\/comments?post=9055"}],"version-history":[{"count":11,"href":"https:\/\/www.eltono.com\/es\/wp-json\/wp\/v2\/pages\/9055\/revisions"}],"predecessor-version":[{"id":21628,"href":"https:\/\/www.eltono.com\/es\/wp-json\/wp\/v2\/pages\/9055\/revisions\/21628"}],"up":[{"embeddable":true,"href":"https:\/\/www.eltono.com\/es\/wp-json\/wp\/v2\/pages\/13155"}],"wp:featuredmedia":[{"embeddable":true,"href":"https:\/\/www.eltono.com\/es\/wp-json\/wp\/v2\/media\/13257"}],"wp:attachment":[{"href":"https:\/\/www.eltono.com\/es\/wp-json\/wp\/v2\/media?parent=9055"}],"wp:term":[{"taxonomy":"category","embeddable":true,"href":"https:\/\/www.eltono.com\/es\/wp-json\/wp\/v2\/categories?post=9055"},{"taxonomy":"post_tag","embeddable":true,"href":"https:\/\/www.eltono.com\/es\/wp-json\/wp\/v2\/tags?post=9055"}],"curies":[{"name":"wp","href":"https:\/\/api.w.org\/{rel}","templated":true}]}}