{"id":9262,"date":"2013-06-25T07:39:46","date_gmt":"2013-06-25T05:39:46","guid":{"rendered":"http:\/\/www.eltono.com\/?page_id=9262"},"modified":"2016-03-20T18:02:24","modified_gmt":"2016-03-20T16:02:24","slug":"fresh-flaneurs","status":"publish","type":"page","link":"https:\/\/www.eltono.com\/es\/exhibitions\/fresh-flaneurs\/","title":{"rendered":"Fresh Fl\u00e2neurs"},"content":{"rendered":"<p><strong>Doppelgaenger Gallery<\/strong><br \/>\nVia Verrone 8, Bari, Italia<br \/>\n25 de junio &#8211; 15 de septiembre 2013<\/p>\n<p>Comisariado por Vittorio Parisi &#8211; dirigido por Antonella Spano y Michele Spinelli<br \/>\n<img loading=\"lazy\" decoding=\"async\" data-attachment-id=\"9263\" data-permalink=\"https:\/\/www.eltono.com\/es\/exhibitions\/fresh-flaneurs\/fresh-flaneurs\/\" data-orig-file=\"https:\/\/www.eltono.com\/wp-content\/uploads\/2013\/10\/fresh-flaneurs.jpg\" data-orig-size=\"700,206\" data-comments-opened=\"1\" data-image-meta=\"{&quot;aperture&quot;:&quot;0&quot;,&quot;credit&quot;:&quot;&quot;,&quot;camera&quot;:&quot;&quot;,&quot;caption&quot;:&quot;&quot;,&quot;created_timestamp&quot;:&quot;0&quot;,&quot;copyright&quot;:&quot;&quot;,&quot;focal_length&quot;:&quot;0&quot;,&quot;iso&quot;:&quot;0&quot;,&quot;shutter_speed&quot;:&quot;0&quot;,&quot;title&quot;:&quot;&quot;,&quot;orientation&quot;:&quot;0&quot;}\" data-image-title=\"fresh-flaneurs\" data-image-description=\"\" data-image-caption=\"\" data-medium-file=\"https:\/\/www.eltono.com\/wp-content\/uploads\/2013\/10\/fresh-flaneurs-300x88.jpg\" data-large-file=\"https:\/\/www.eltono.com\/wp-content\/uploads\/2013\/10\/fresh-flaneurs.jpg\" class=\"alignnone size-full wp-image-9263\" src=\"http:\/\/www.eltono.com\/wp-content\/uploads\/2013\/10\/fresh-flaneurs.jpg\" alt=\"fresh-flaneurs\" width=\"700\" height=\"206\" srcset=\"https:\/\/www.eltono.com\/wp-content\/uploads\/2013\/10\/fresh-flaneurs.jpg 700w, https:\/\/www.eltono.com\/wp-content\/uploads\/2013\/10\/fresh-flaneurs-350x103.jpg 350w, https:\/\/www.eltono.com\/wp-content\/uploads\/2013\/10\/fresh-flaneurs-300x88.jpg 300w, https:\/\/www.eltono.com\/wp-content\/uploads\/2013\/10\/fresh-flaneurs-500x147.jpg 500w\" sizes=\"auto, (max-width: 700px) 100vw, 700px\" \/><\/p>\n<p>Para la exposici\u00f3n <em>Fresh Fl\u00e2neurs<\/em> en Bari, present\u00e9 tres trabajos: <a href=\"#8linee\"><em>8 Linee attraverso 4 Punti<\/em><\/a>, un experimento de pintura aleatoria en una pared dentro de la galer\u00eda, <a href=\"#schegge\"><em>Schegge<\/em><\/a>, una nueva instalaci\u00f3n participativa parte de la serie <em>Astillas<\/em> y una <a href=\"#mural\">pintura mural<\/a> sobre un edificio p\u00fablico en la ciudad.<\/p>\n<p><a href=\"http:\/\/www.doppelgaenger.it\/\" target=\"_blank\">www.doppelgaenger.it<\/a><\/p>\n<p><a name=\"8linee\"><\/a><\/p>\n<h2><em><strong>8 Linee attraverso 4 Punti<\/strong><\/em> &#8211; Pintura mural generada de forma aleatoria<\/h2>\n<p>&#8220;8 lineas pasando por 4 puntos&#8221; &#8211; Siguiendo unas sencillas reglas predeterminadas, pint\u00e9 ocho lineas; cada una de ellas formada por cuatro puntos posicionados de forma aleatoria en un plano definido.<\/p>\n<p><style type=\"text\/css\" media=\"all\">\n\/* ----------- Galeria Vertical 700 vh ngg1 ------------*\/\n#gallery-vertical-700-vh{\n\t\/\/max-width: 100%;\n\t\/\/width: 700px;\n\tbackground-color: #ffffff;\n\ttext-align: left;\n}\n#gallery-vertical-700-vh img{\n\t\/\/max-width: 100%;\n\tvertical-align: bottom;\n}\n#gallery-vertical-700-vh-comment{\n\tword-wrap: break-word;\n\t\/\/width: 700px;\n\tmargin: 0 0 17px 0;\n}\n<\/style>\n<div class=\"ngg1-galleryoverview\" id=\"ngg1-gallery-6dac71c94de8cfab9c40c293ec6b2495\">\n\t\t<div id=\"ngg1-image-4610\">\n\t\t<div id=\"gallery-vertical-700-vh\">\n\t\t\t<img title=\" \" alt=\" \" src=\"https:\/\/www.eltono.com\/wp-content\/gallery\/bari-8-linee\/eltono-8linee-attraversso4punti01.jpg\"\/>\n\t\t\t<\/div><div id=\"gallery-vertical-700-vh-comment\"> \t\t<\/div>\n\t<\/div>\n \t\t<div id=\"ngg1-image-4611\">\n\t\t<div id=\"gallery-vertical-700-vh\">\n\t\t\t<img title=\" \" alt=\" \" src=\"https:\/\/www.eltono.com\/wp-content\/gallery\/bari-8-linee\/eltono-8linee-attraversso4punti02.jpg\"\/>\n\t\t\t<\/div><div id=\"gallery-vertical-700-vh-comment\"> \t\t<\/div>\n\t<\/div>\n \t\t<div id=\"ngg1-image-4620\">\n\t\t<div id=\"gallery-vertical-700-vh\">\n\t\t\t<img title=\" \" alt=\" \" src=\"https:\/\/www.eltono.com\/wp-content\/gallery\/bari-8-linee\/eltono-8linee-attraversso4punti03_0.jpg\"\/>\n\t\t\t<\/div><div id=\"gallery-vertical-700-vh-comment\"> \t\t<\/div>\n\t<\/div>\n \t\t<div id=\"ngg1-image-4621\">\n\t\t<div id=\"gallery-vertical-700-vh\">\n\t\t\t<img title=\" \" alt=\" \" src=\"https:\/\/www.eltono.com\/wp-content\/gallery\/bari-8-linee\/eltono-8linee-attraversso4punti05_0.jpg\"\/>\n\t\t\t<\/div><div id=\"gallery-vertical-700-vh-comment\"> \t\t<\/div>\n\t<\/div>\n \t\t<div id=\"ngg1-image-4623\">\n\t\t<div id=\"gallery-vertical-700-vh\">\n\t\t\t<img title=\" \" alt=\" \" src=\"https:\/\/www.eltono.com\/wp-content\/gallery\/bari-8-linee\/eltono-8linee-attraversso4punti11.jpg\"\/>\n\t\t\t<\/div><div id=\"gallery-vertical-700-vh-comment\"> \t\t<\/div>\n\t<\/div>\n \t\t<div id=\"ngg1-image-4624\">\n\t\t<div id=\"gallery-vertical-700-vh\">\n\t\t\t<img title=\" \" alt=\" \" src=\"https:\/\/www.eltono.com\/wp-content\/gallery\/bari-8-linee\/eltono-8linee-attraversso4punti12.jpg\"\/>\n\t\t\t<\/div><div id=\"gallery-vertical-700-vh-comment\"> \t\t<\/div>\n\t<\/div>\n \t\t<div id=\"ngg1-image-4622\">\n\t\t<div id=\"gallery-vertical-700-vh\">\n\t\t\t<img title=\" \" alt=\" \" src=\"https:\/\/www.eltono.com\/wp-content\/gallery\/bari-8-linee\/eltono-8linee-attraversso4punti07.jpg\"\/>\n\t\t\t<\/div><div id=\"gallery-vertical-700-vh-comment\"> \t\t<\/div>\n\t<\/div>\n \t\t<div id=\"ngg1-image-4617\">\n\t\t<div id=\"gallery-vertical-700-vh\">\n\t\t\t<img title=\" \" alt=\" \" src=\"https:\/\/www.eltono.com\/wp-content\/gallery\/bari-8-linee\/eltono-8linee-attraversso4punti08.jpg\"\/>\n\t\t\t<\/div><div id=\"gallery-vertical-700-vh-comment\"> \t\t<\/div>\n\t<\/div>\n \t\t<div id=\"ngg1-image-4618\">\n\t\t<div id=\"gallery-vertical-700-vh\">\n\t\t\t<img title=\" \" alt=\" \" src=\"https:\/\/www.eltono.com\/wp-content\/gallery\/bari-8-linee\/eltono-8linee-attraversso4punti09.jpg\"\/>\n\t\t\t<\/div><div id=\"gallery-vertical-700-vh-comment\"> \t\t<\/div>\n\t<\/div>\n \t\t<div id=\"ngg1-image-4619\">\n\t\t<div id=\"gallery-vertical-700-vh\">\n\t\t\t<img title=\" \" alt=\" \" src=\"https:\/\/www.eltono.com\/wp-content\/gallery\/bari-8-linee\/eltono-8linee-attraversso4punti10.jpg\"\/>\n\t\t\t<\/div><div id=\"gallery-vertical-700-vh-comment\"> \t\t<\/div>\n\t<\/div>\n \t<\/div>\n<\/p>\n<p><a name=\"schegge\"><\/a><\/p>\n<h2><strong><em>Schegge &#8211; <\/em><\/strong>Instalaci\u00f3n participativa<\/h2>\n<p>Como lo hice en las instalaciones <em>Astillas<\/em> anteriores, pint\u00e9 individualmente 41 piezas de madera encontradas por las calles de Bari. Antes de la inauguraci\u00f3n, coloqu\u00e9 las piezas en el suelo dejando en las manos de los visitantes la construcci\u00f3n de la instalaci\u00f3n y la evoluci\u00f3n de sus composiciones.<\/p>\n<p><style type=\"text\/css\" media=\"all\">\n\/* ----------- Galeria Vertical 700 vh ngg1 ------------*\/\n#gallery-vertical-700-vh{\n\t\/\/max-width: 100%;\n\t\/\/width: 700px;\n\tbackground-color: #ffffff;\n\ttext-align: left;\n}\n#gallery-vertical-700-vh img{\n\t\/\/max-width: 100%;\n\tvertical-align: bottom;\n}\n#gallery-vertical-700-vh-comment{\n\tword-wrap: break-word;\n\t\/\/width: 700px;\n\tmargin: 0 0 17px 0;\n}\n<\/style>\n<div class=\"ngg1-galleryoverview\" id=\"ngg1-gallery-cb7b47af134a6f5e7164b1d72a1d0acf\">\n\t\t<div id=\"ngg1-image-4601\">\n\t\t<div id=\"gallery-vertical-700-vh\">\n\t\t\t<img title=\" \" alt=\" \" src=\"https:\/\/www.eltono.com\/wp-content\/gallery\/bari-schegge_1\/eltono-bari-schegge01.jpg\"\/>\n\t\t\t<\/div><div id=\"gallery-vertical-700-vh-comment\"> \t\t<\/div>\n\t<\/div>\n \t\t<div id=\"ngg1-image-4625\">\n\t\t<div id=\"gallery-vertical-700-vh\">\n\t\t\t<img title=\" \" alt=\" \" src=\"https:\/\/www.eltono.com\/wp-content\/gallery\/bari-schegge_1\/eltono-bari-schegge02_0.jpg\"\/>\n\t\t\t<\/div><div id=\"gallery-vertical-700-vh-comment\"> \t\t<\/div>\n\t<\/div>\n \t\t<div id=\"ngg1-image-4603\">\n\t\t<div id=\"gallery-vertical-700-vh\">\n\t\t\t<img title=\" \" alt=\" \" src=\"https:\/\/www.eltono.com\/wp-content\/gallery\/bari-schegge_1\/eltono-bari-schegge03.jpg\"\/>\n\t\t\t<\/div><div id=\"gallery-vertical-700-vh-comment\"> \t\t<\/div>\n\t<\/div>\n \t\t<div id=\"ngg1-image-4604\">\n\t\t<div id=\"gallery-vertical-700-vh\">\n\t\t\t<img title=\" \" alt=\" \" src=\"https:\/\/www.eltono.com\/wp-content\/gallery\/bari-schegge_1\/eltono-bari-schegge04.jpg\"\/>\n\t\t\t<\/div><div id=\"gallery-vertical-700-vh-comment\"> \t\t<\/div>\n\t<\/div>\n \t\t<div id=\"ngg1-image-4605\">\n\t\t<div id=\"gallery-vertical-700-vh\">\n\t\t\t<img title=\" \" alt=\" \" src=\"https:\/\/www.eltono.com\/wp-content\/gallery\/bari-schegge_1\/eltono-bari-schegge05.jpg\"\/>\n\t\t\t<\/div><div id=\"gallery-vertical-700-vh-comment\"> \t\t<\/div>\n\t<\/div>\n \t\t<div id=\"ngg1-image-4606\">\n\t\t<div id=\"gallery-vertical-700-vh\">\n\t\t\t<img title=\" \" alt=\" \" src=\"https:\/\/www.eltono.com\/wp-content\/gallery\/bari-schegge_1\/eltono-bari-schegge06.jpg\"\/>\n\t\t\t<\/div><div id=\"gallery-vertical-700-vh-comment\"> \t\t<\/div>\n\t<\/div>\n \t\t<div id=\"ngg1-image-4608\">\n\t\t<div id=\"gallery-vertical-700-vh\">\n\t\t\t<img title=\" \" alt=\" \" src=\"https:\/\/www.eltono.com\/wp-content\/gallery\/bari-schegge_1\/eltono-bari-schegge08.jpg\"\/>\n\t\t\t<\/div><div id=\"gallery-vertical-700-vh-comment\"> \t\t<\/div>\n\t<\/div>\n \t\t<div id=\"ngg1-image-4609\">\n\t\t<div id=\"gallery-vertical-700-vh\">\n\t\t\t<img title=\" \" alt=\" \" src=\"https:\/\/www.eltono.com\/wp-content\/gallery\/bari-schegge_1\/eltono-bari-schegge09.jpg\"\/>\n\t\t\t<\/div><div id=\"gallery-vertical-700-vh-comment\"> \t\t<\/div>\n\t<\/div>\n \t<\/div>\n<\/p>\n<p><a name=\"mural\"><\/a><\/p>\n<h2>Pintura Mural en la ciudad<\/h2>\n<p>Tres fachadas\u00a0(12 x 5, 12 x 5 y 12 x 8 m.) en un edificio del servicio de mantenimiento de la ciudad de Bari en la via Matteo Renato Imbriani.<\/p>\n<p><style type=\"text\/css\" media=\"all\">\n\/* ----------- Galeria Vertical 700 vh ngg1 ------------*\/\n#gallery-vertical-700-vh{\n\t\/\/max-width: 100%;\n\t\/\/width: 700px;\n\tbackground-color: #ffffff;\n\ttext-align: left;\n}\n#gallery-vertical-700-vh img{\n\t\/\/max-width: 100%;\n\tvertical-align: bottom;\n}\n#gallery-vertical-700-vh-comment{\n\tword-wrap: break-word;\n\t\/\/width: 700px;\n\tmargin: 0 0 17px 0;\n}\n<\/style>\n<div class=\"ngg1-galleryoverview\" id=\"ngg1-gallery-59709ebe3d5b3989d77307eddf21f65f\">\n\t\t<div id=\"ngg1-image-4454\">\n\t\t<div id=\"gallery-vertical-700-vh\">\n\t\t\t<img title=\" \" alt=\" \" src=\"https:\/\/www.eltono.com\/wp-content\/gallery\/bari-mural\/eltono-mural-bari-06.jpg\"\/>\n\t\t\t<\/div><div id=\"gallery-vertical-700-vh-comment\"> \t\t<\/div>\n\t<\/div>\n \t\t<div id=\"ngg1-image-4456\">\n\t\t<div id=\"gallery-vertical-700-vh\">\n\t\t\t<img title=\" \" alt=\" \" src=\"https:\/\/www.eltono.com\/wp-content\/gallery\/bari-mural\/eltono-mural-bari-08.jpg\"\/>\n\t\t\t<\/div><div id=\"gallery-vertical-700-vh-comment\"> \t\t<\/div>\n\t<\/div>\n \t\t<div id=\"ngg1-image-4455\">\n\t\t<div id=\"gallery-vertical-700-vh\">\n\t\t\t<img title=\" \" alt=\" \" src=\"https:\/\/www.eltono.com\/wp-content\/gallery\/bari-mural\/eltono-mural-bari-07.jpg\"\/>\n\t\t\t<\/div><div id=\"gallery-vertical-700-vh-comment\"> \t\t<\/div>\n\t<\/div>\n \t\t<div id=\"ngg1-image-4452\">\n\t\t<div id=\"gallery-vertical-700-vh\">\n\t\t\t<img title=\" \" alt=\" \" src=\"https:\/\/www.eltono.com\/wp-content\/gallery\/bari-mural\/eltono-mural-bari-04.jpg\"\/>\n\t\t\t<\/div><div id=\"gallery-vertical-700-vh-comment\"> \t\t<\/div>\n\t<\/div>\n \t\t<div id=\"ngg1-image-4449\">\n\t\t<div id=\"gallery-vertical-700-vh\">\n\t\t\t<img title=\" \" alt=\" \" src=\"https:\/\/www.eltono.com\/wp-content\/gallery\/bari-mural\/eltono-mural-bari-01.jpg\"\/>\n\t\t\t<\/div><div id=\"gallery-vertical-700-vh-comment\"> \t\t<\/div>\n\t<\/div>\n \t\t<div id=\"ngg1-image-4459\">\n\t\t<div id=\"gallery-vertical-700-vh\">\n\t\t\t<img title=\" \" alt=\" \" src=\"https:\/\/www.eltono.com\/wp-content\/gallery\/bari-mural\/eltono-mural-bari-11.jpg\"\/>\n\t\t\t<\/div><div id=\"gallery-vertical-700-vh-comment\"> \t\t<\/div>\n\t<\/div>\n \t\t<div id=\"ngg1-image-4450\">\n\t\t<div id=\"gallery-vertical-700-vh\">\n\t\t\t<img title=\" \" alt=\" \" src=\"https:\/\/www.eltono.com\/wp-content\/gallery\/bari-mural\/eltono-mural-bari-02.jpg\"\/>\n\t\t\t<\/div><div id=\"gallery-vertical-700-vh-comment\"> \t\t<\/div>\n\t<\/div>\n \t\t<div id=\"ngg1-image-4458\">\n\t\t<div id=\"gallery-vertical-700-vh\">\n\t\t\t<img title=\" \" alt=\" \" src=\"https:\/\/www.eltono.com\/wp-content\/gallery\/bari-mural\/eltono-mural-bari-10.jpg\"\/>\n\t\t\t<\/div><div id=\"gallery-vertical-700-vh-comment\"> \t\t<\/div>\n\t<\/div>\n \t<\/div>\n<\/p>\n<p>Gracias a Dopplegaenger Gallery: Antonella, Michele, Vittorio y Eugenio, a Carlo y Giovani y a LUCE.<\/p>","protected":false},"excerpt":{"rendered":"<p>Doppelgaenger Gallery Via Verrone 8, Bari, Italia 25 de junio &#8211; 15 de septiembre 2013 Comisariado por Vittorio Parisi &#8211; dirigido por Antonella Spano y Michele Spinelli Para la exposici\u00f3n Fresh Fl\u00e2neurs en Bari, present\u00e9 tres trabajos: 8 Linee attraverso 4 Punti, un experimento de pintura aleatoria en una pared dentro de la galer\u00eda, Schegge, &hellip; <a href=\"https:\/\/www.eltono.com\/es\/exhibitions\/fresh-flaneurs\/\" class=\"more-link\">Continue reading <span class=\"screen-reader-text\">Fresh Fl\u00e2neurs<\/span><\/a><\/p>\n","protected":false},"author":1,"featured_media":13735,"parent":9,"menu_order":0,"comment_status":"closed","ping_status":"open","template":"","meta":{"ngg_post_thumbnail":0,"jetpack_post_was_ever_published":false,"footnotes":""},"categories":[289,3,270,261,265],"tags":[],"class_list":["post-9262","page","type-page","status-publish","has-post-thumbnail","hentry","category-289","category-exhibitions","category-page_collective_show","category-page_expo","category-page_indoor"],"jetpack_sharing_enabled":true,"jetpack_shortlink":"https:\/\/wp.me\/P7sWFx-2po","_links":{"self":[{"href":"https:\/\/www.eltono.com\/es\/wp-json\/wp\/v2\/pages\/9262","targetHints":{"allow":["GET"]}}],"collection":[{"href":"https:\/\/www.eltono.com\/es\/wp-json\/wp\/v2\/pages"}],"about":[{"href":"https:\/\/www.eltono.com\/es\/wp-json\/wp\/v2\/types\/page"}],"author":[{"embeddable":true,"href":"https:\/\/www.eltono.com\/es\/wp-json\/wp\/v2\/users\/1"}],"replies":[{"embeddable":true,"href":"https:\/\/www.eltono.com\/es\/wp-json\/wp\/v2\/comments?post=9262"}],"version-history":[{"count":44,"href":"https:\/\/www.eltono.com\/es\/wp-json\/wp\/v2\/pages\/9262\/revisions"}],"predecessor-version":[{"id":13743,"href":"https:\/\/www.eltono.com\/es\/wp-json\/wp\/v2\/pages\/9262\/revisions\/13743"}],"up":[{"embeddable":true,"href":"https:\/\/www.eltono.com\/es\/wp-json\/wp\/v2\/pages\/9"}],"wp:featuredmedia":[{"embeddable":true,"href":"https:\/\/www.eltono.com\/es\/wp-json\/wp\/v2\/media\/13735"}],"wp:attachment":[{"href":"https:\/\/www.eltono.com\/es\/wp-json\/wp\/v2\/media?parent=9262"}],"wp:term":[{"taxonomy":"category","embeddable":true,"href":"https:\/\/www.eltono.com\/es\/wp-json\/wp\/v2\/categories?post=9262"},{"taxonomy":"post_tag","embeddable":true,"href":"https:\/\/www.eltono.com\/es\/wp-json\/wp\/v2\/tags?post=9262"}],"curies":[{"name":"wp","href":"https:\/\/api.w.org\/{rel}","templated":true}]}}