{"id":940,"date":"2006-01-12T19:02:54","date_gmt":"2006-01-12T17:02:54","guid":{"rendered":"http:\/\/www.eltono.com\/_V2\/?page_id=940"},"modified":"2016-03-20T17:58:45","modified_gmt":"2016-03-20T15:58:45","slug":"x-y-z","status":"publish","type":"page","link":"https:\/\/www.eltono.com\/es\/exhibitions\/solo\/x-y-z\/","title":{"rendered":"(x, y, z)"},"content":{"rendered":"<p><strong>Vac\u00edo 9<br \/>\n<\/strong>Madrid, Espa\u00f1a<br \/>\n12 de enero &#8211; 2 de febrero 2006<\/p>\n<p>Exposici\u00f3n en colaboraci\u00f3n con\u00a0<a href=\"http:\/\/www.nuriamora.com\/\" target=\"_blank\">Nuria Mora<\/a><\/p>\n<p><strong><em>El Valor Del Signo<\/em><\/strong><br \/>\n&#8220;Ning\u00fan sonido es inocente&#8221; T.W. Adorno<\/p>\n<p>Desde hace un tiempo, los andenes del metro de la ciudad de Madrid, se inundan de monitores que ininterrumpidamente generan im\u00e1genes en movimiento. Incluso en algunas estaciones, grandes pantallas colocadas entre las v\u00edas, separan la vista de un and\u00e9n al contrario. No basta ya con el abuso de im\u00e1genes de la publicidad est\u00e1tica de las paredes, la arrogante vulgaridad del libre mercado, trata de dificultar al ciudadano la sencilla operaci\u00f3n de pensar, de reflexionar en la quietud de la espera, generando un feroz ruido informativo que trata de impedir reflexionar, en un claro uso pol\u00edtico de las im\u00e1genes.<\/p>\n<p>La utilizaci\u00f3n que hace eltono de la imagen es sin duda tambi\u00e9n de car\u00e1cter pol\u00edtico, primero porque donde se desarrolla es en la ciudad y luego porque interviene en los asuntos p\u00fablicos con su acci\u00f3n. El resultado que se obtiene con esas acciones va en sentido contrario a las del mercado narcotizante: los signos de eltono invitan a la reflexi\u00f3n, a la quietud. Quiz\u00e1s sean m\u00e1s interrogativos que afirmativos, de ah\u00ed su fuerza, su capacidad de sugerencia. El signo que utiliza en sus trabajos parte de un esquema geom\u00e9trico definido, tal vez inspirado en la figura del diapas\u00f3n, pero con posibilidades cambiantes infinitas, debido a que se inscribe en la geometr\u00eda de la superficie elegida con gran sensibilidad y se deja llevar por su forma abarcante. Frente a otros artistas de calle influidos por la imagen espectacular de la publicidad, los sobrios trabajos de eltono son pura geometr\u00eda interrogativa, que plantean un serio di\u00e1logo con la arquitectura que los soporta. Tal vez por eso el signo pierde fuerza cuando no elige el lugar de su escritura, y aparece en un lugar sin l\u00edmites, fuera del marco de la calle. Descontextualizado de &#8220;su sitio&#8221; el signo carece de uso. Es en la calle, en la arquitectura de la ciudad donde se hace efectivo.<\/p>\n<p>Cuando hace ya a\u00f1os, descubr\u00ed las primeras pintadas de eltono y su compa\u00f1era Nuria, pase\u00e9 durante meses con una peque\u00f1a c\u00e1mara fotogr\u00e1fica en el bolsillo, para guardar sus pintadas en un archivo de memoria. Para m\u00ed, aprendiz de paseante ocioso, fue un placer ir descubriendo poco a poco los lugares elegidos para colocar su escritura. Porque sus lugares nunca son inocentes, est\u00e1n cargados de intenci\u00f3n, en un af\u00e1n cuidadoso por mejorar el espacio elegido y por acoplarse a \u00e9l, por dialogar con su geometr\u00eda. Cuanto m\u00e1s silencioso y oculto es el trabajo, mayor resulta la sorpresa en el desvelamiento y mayor su potencia reflexiva. El descubrimiento de una peque\u00f1a pegatina en un cierre met\u00e1lico que se mimetiza con las comerciales de los cerrajeros y que anuncia un servicio 24 horas (a\u00f1o 2002), o el m\u00e1s po\u00e9tico de sus trabajos: el reflejo de un &#8220;espejo preparado&#8221; colocado junto a una farola de la calle Lavapi\u00e9s y que ilumina su signo en la pared de enfrente, solo durante la noche, superan la oposici\u00f3n est\u00e9ril entre forma y contenido, y proporcionan gran satisfacci\u00f3n al espectador cuando los descubre. Y es que la obra de eltono siempre requiere la participaci\u00f3n del espectador, porque es una invitaci\u00f3n a la acci\u00f3n. En sus acercamientos al mercado del arte, su preocupaci\u00f3n ha sido siempre acercar la calle al consumidor, para incitarle a percibir la ciudad de un modo mas intenso.<\/p>\n<p>En sus \u00faltimos trabajos con esculturas esta participaci\u00f3n del espectador se hace aun mas evidente. Adem\u00e1s de demostrar la versatilidad de su escritura (el plano se convierte en volumen sin merma comunicativa), el acto de dejar las piezas abandonadas a su suerte en la calle, mientras observa la reacci\u00f3n del que pasa cerca de ellas, demuestra su inter\u00e9s por el valor de uso frente al valor de cambio, y el intento de convertir al espectador en un colaborador. Las acciones de eltono y Nuria, autenticas productoras de oportunidades p\u00fablicas de experiencia est\u00e9tica, est\u00e1n llenas de vida, ampl\u00edan el sentido del arte y reafirman la cita de Robert Fillou: &#8220;el arte es lo que hace que la vida sea m\u00e1s interesante que el arte&#8221;.<\/p>\n<p><strong>Tono Are\u00e1n<\/strong>, Junio de 2005<\/p>\n<h2>Video:<\/h2>\n<p><iframe loading=\"lazy\" src=\"https:\/\/www.youtube.com\/embed\/t-wgia6UlD0?rel=0&amp;vq=hd720\" width=\"700\" height=\"394\" frameborder=\"0\"><\/iframe><\/p>\n<h2>Fotos:<\/h2>\n<p><style type=\"text\/css\" media=\"all\">\n\/* ----------- Galeria Vertical 700 vh ngg1 ------------*\/\n#gallery-vertical-700-vh{\n\t\/\/max-width: 100%;\n\t\/\/width: 700px;\n\tbackground-color: #ffffff;\n\ttext-align: left;\n}\n#gallery-vertical-700-vh img{\n\t\/\/max-width: 100%;\n\tvertical-align: bottom;\n}\n#gallery-vertical-700-vh-comment{\n\tword-wrap: break-word;\n\t\/\/width: 700px;\n\tmargin: 0 0 17px 0;\n}\n<\/style>\n<div class=\"ngg1-galleryoverview\" id=\"ngg1-gallery-226d14171bfae8d1bfc8230a8a23c893\">\n\t\t<div id=\"ngg1-image-3853\">\n\t\t<div id=\"gallery-vertical-700-vh\">\n\t\t\t<img title=\" \" alt=\" \" src=\"https:\/\/www.eltono.com\/wp-content\/gallery\/xyz\/politono1.jpg\"\/>\n\t\t\t<\/div><div id=\"gallery-vertical-700-vh-comment\"> \t\t<\/div>\n\t<\/div>\n \t\t<div id=\"ngg1-image-3854\">\n\t\t<div id=\"gallery-vertical-700-vh\">\n\t\t\t<img title=\" \" alt=\" \" src=\"https:\/\/www.eltono.com\/wp-content\/gallery\/xyz\/politono2.jpg\"\/>\n\t\t\t<\/div><div id=\"gallery-vertical-700-vh-comment\"> \t\t<\/div>\n\t<\/div>\n \t\t<div id=\"ngg1-image-3855\">\n\t\t<div id=\"gallery-vertical-700-vh\">\n\t\t\t<img title=\" \" alt=\" \" src=\"https:\/\/www.eltono.com\/wp-content\/gallery\/xyz\/politono3.jpg\"\/>\n\t\t\t<\/div><div id=\"gallery-vertical-700-vh-comment\"> \t\t<\/div>\n\t<\/div>\n \t\t<div id=\"ngg1-image-3847\">\n\t\t<div id=\"gallery-vertical-700-vh\">\n\t\t\t<img title=\" \" alt=\" \" src=\"https:\/\/www.eltono.com\/wp-content\/gallery\/xyz\/eltononuriaxyz07.jpg\"\/>\n\t\t\t<\/div><div id=\"gallery-vertical-700-vh-comment\"> \t\t<\/div>\n\t<\/div>\n \t\t<div id=\"ngg1-image-3845\">\n\t\t<div id=\"gallery-vertical-700-vh\">\n\t\t\t<img title=\" \" alt=\" \" src=\"https:\/\/www.eltono.com\/wp-content\/gallery\/xyz\/eltononuriaxyz05.jpg\"\/>\n\t\t\t<\/div><div id=\"gallery-vertical-700-vh-comment\"> \t\t<\/div>\n\t<\/div>\n \t\t<div id=\"ngg1-image-3844\">\n\t\t<div id=\"gallery-vertical-700-vh\">\n\t\t\t<img title=\" \" alt=\" \" src=\"https:\/\/www.eltono.com\/wp-content\/gallery\/xyz\/eltononuriaxyz04.jpg\"\/>\n\t\t\t<\/div><div id=\"gallery-vertical-700-vh-comment\"> \t\t<\/div>\n\t<\/div>\n \t\t<div id=\"ngg1-image-3846\">\n\t\t<div id=\"gallery-vertical-700-vh\">\n\t\t\t<img title=\" \" alt=\" \" src=\"https:\/\/www.eltono.com\/wp-content\/gallery\/xyz\/eltononuriaxyz06.jpg\"\/>\n\t\t\t<\/div><div id=\"gallery-vertical-700-vh-comment\"> \t\t<\/div>\n\t<\/div>\n \t\t<div id=\"ngg1-image-3842\">\n\t\t<div id=\"gallery-vertical-700-vh\">\n\t\t\t<img title=\" \" alt=\" \" src=\"https:\/\/www.eltono.com\/wp-content\/gallery\/xyz\/eltononuriaxyz02.jpg\"\/>\n\t\t\t<\/div><div id=\"gallery-vertical-700-vh-comment\"> \t\t<\/div>\n\t<\/div>\n \t\t<div id=\"ngg1-image-3841\">\n\t\t<div id=\"gallery-vertical-700-vh\">\n\t\t\t<img title=\" \" alt=\" \" src=\"https:\/\/www.eltono.com\/wp-content\/gallery\/xyz\/eltononuriaxyz01.jpg\"\/>\n\t\t\t<\/div><div id=\"gallery-vertical-700-vh-comment\"> \t\t<\/div>\n\t<\/div>\n \t\t<div id=\"ngg1-image-3843\">\n\t\t<div id=\"gallery-vertical-700-vh\">\n\t\t\t<img title=\" \" alt=\" \" src=\"https:\/\/www.eltono.com\/wp-content\/gallery\/xyz\/eltononuriaxyz03.jpg\"\/>\n\t\t\t<\/div><div id=\"gallery-vertical-700-vh-comment\"> \t\t<\/div>\n\t<\/div>\n \t\t<div id=\"ngg1-image-3848\">\n\t\t<div id=\"gallery-vertical-700-vh\">\n\t\t\t<img title=\" \" alt=\" \" src=\"https:\/\/www.eltono.com\/wp-content\/gallery\/xyz\/eltononuriaxyz08.jpg\"\/>\n\t\t\t<\/div><div id=\"gallery-vertical-700-vh-comment\"> \t\t<\/div>\n\t<\/div>\n \t\t<div id=\"ngg1-image-3849\">\n\t\t<div id=\"gallery-vertical-700-vh\">\n\t\t\t<img title=\" \" alt=\" \" src=\"https:\/\/www.eltono.com\/wp-content\/gallery\/xyz\/eltononuriaxyz09.jpg\"\/>\n\t\t\t<\/div><div id=\"gallery-vertical-700-vh-comment\"> \t\t<\/div>\n\t<\/div>\n \t\t<div id=\"ngg1-image-3850\">\n\t\t<div id=\"gallery-vertical-700-vh\">\n\t\t\t<img title=\" \" alt=\" \" src=\"https:\/\/www.eltono.com\/wp-content\/gallery\/xyz\/eltononuriaxyz10.jpg\"\/>\n\t\t\t<\/div><div id=\"gallery-vertical-700-vh-comment\"> \t\t<\/div>\n\t<\/div>\n \t\t<div id=\"ngg1-image-3851\">\n\t\t<div id=\"gallery-vertical-700-vh\">\n\t\t\t<img title=\" \" alt=\" \" src=\"https:\/\/www.eltono.com\/wp-content\/gallery\/xyz\/eltononuriaxyz11.jpg\"\/>\n\t\t\t<\/div><div id=\"gallery-vertical-700-vh-comment\"> \t\t<\/div>\n\t<\/div>\n \t\t<div id=\"ngg1-image-3852\">\n\t\t<div id=\"gallery-vertical-700-vh\">\n\t\t\t<img title=\" \" alt=\" \" src=\"https:\/\/www.eltono.com\/wp-content\/gallery\/xyz\/eltononuriaxyz12.jpg\"\/>\n\t\t\t<\/div><div id=\"gallery-vertical-700-vh-comment\"> \t\t<\/div>\n\t<\/div>\n \t<\/div>\n<\/p>","protected":false},"excerpt":{"rendered":"<p>Vac\u00edo 9 Madrid, Espa\u00f1a 12 de enero &#8211; 2 de febrero 2006 Exposici\u00f3n en colaboraci\u00f3n con\u00a0Nuria Mora El Valor Del Signo &#8220;Ning\u00fan sonido es inocente&#8221; T.W. Adorno Desde hace un tiempo, los andenes del metro de la ciudad de Madrid, se inundan de monitores que ininterrumpidamente generan im\u00e1genes en movimiento. Incluso en algunas estaciones, grandes &hellip; <a href=\"https:\/\/www.eltono.com\/es\/exhibitions\/solo\/x-y-z\/\" class=\"more-link\">Continue reading <span class=\"screen-reader-text\">(x, y, z)<\/span><\/a><\/p>\n","protected":false},"author":1,"featured_media":13552,"parent":13432,"menu_order":0,"comment_status":"closed","ping_status":"closed","template":"","meta":{"ngg_post_thumbnail":0,"jetpack_post_was_ever_published":false,"footnotes":""},"categories":[296,3,261,265,266,269,264,263],"tags":[],"class_list":["post-940","page","type-page","status-publish","has-post-thumbnail","hentry","category-296","category-exhibitions","category-page_expo","category-page_indoor","category-page_outdoor","category-page_participatif","category-page_solo_show","category-solo-show"],"jetpack_sharing_enabled":true,"jetpack_shortlink":"https:\/\/wp.me\/P7sWFx-fa","_links":{"self":[{"href":"https:\/\/www.eltono.com\/es\/wp-json\/wp\/v2\/pages\/940","targetHints":{"allow":["GET"]}}],"collection":[{"href":"https:\/\/www.eltono.com\/es\/wp-json\/wp\/v2\/pages"}],"about":[{"href":"https:\/\/www.eltono.com\/es\/wp-json\/wp\/v2\/types\/page"}],"author":[{"embeddable":true,"href":"https:\/\/www.eltono.com\/es\/wp-json\/wp\/v2\/users\/1"}],"replies":[{"embeddable":true,"href":"https:\/\/www.eltono.com\/es\/wp-json\/wp\/v2\/comments?post=940"}],"version-history":[{"count":12,"href":"https:\/\/www.eltono.com\/es\/wp-json\/wp\/v2\/pages\/940\/revisions"}],"predecessor-version":[{"id":13914,"href":"https:\/\/www.eltono.com\/es\/wp-json\/wp\/v2\/pages\/940\/revisions\/13914"}],"up":[{"embeddable":true,"href":"https:\/\/www.eltono.com\/es\/wp-json\/wp\/v2\/pages\/13432"}],"wp:featuredmedia":[{"embeddable":true,"href":"https:\/\/www.eltono.com\/es\/wp-json\/wp\/v2\/media\/13552"}],"wp:attachment":[{"href":"https:\/\/www.eltono.com\/es\/wp-json\/wp\/v2\/media?parent=940"}],"wp:term":[{"taxonomy":"category","embeddable":true,"href":"https:\/\/www.eltono.com\/es\/wp-json\/wp\/v2\/categories?post=940"},{"taxonomy":"post_tag","embeddable":true,"href":"https:\/\/www.eltono.com\/es\/wp-json\/wp\/v2\/tags?post=940"}],"curies":[{"name":"wp","href":"https:\/\/api.w.org\/{rel}","templated":true}]}}