{"id":9620,"date":"2013-10-15T06:36:26","date_gmt":"2013-10-15T04:36:26","guid":{"rendered":"http:\/\/www.eltono.com\/?page_id=9620"},"modified":"2021-02-05T12:30:55","modified_gmt":"2021-02-05T10:30:55","slug":"zestafoni","status":"publish","type":"page","link":"https:\/\/www.eltono.com\/es\/murals\/zestafoni\/","title":{"rendered":"53 \/ 5"},"content":{"rendered":"<p><strong>53 lineas formadas por 5 puntos<\/strong><br \/>\nZestafoni, Georgia<br \/>\n15 de octubre &#8211; 18 de octubre 2013<br \/>\n2,40 m. x 85 m.<\/p>\n<p>En Zestafoni, ejecut\u00e9 por segunda vez ese experimento de pintura mural aleatoria; lo hice por primera vez &#8211; de forma est\u00e1tica &#8211; en Bari, Italia y lo llam\u00e9 <a href=\"http:\/\/www.eltono.com\/exhibitions\/fresh-flaneurs\/\"><em><strong>8 Linee attraverso 4 Punti<\/strong><\/em><\/a>.<\/p>\n<p>Para esa segunda prueba, la pintura se desarrolla hacia la derecha. Cada linea est\u00e1 formada por 4 segmentos pasando por 5 puntos posicionado de forma aleatoria en el plano (1,6 x 2,8 m. centrado verticalmente en el muro). Una vez las coordenadas X y Y generadas, los 5 puntos son marcados en el muro, unidos entre si del 1 al 5 y los segmentos son pintados con uno de los 8 colores elegidos al azar. Luego, el plano se mueve de 2\/3 de su longitud y la operaci\u00f3n es repetida para el siguiente conjunto de segmentos. En 4 d\u00edas conseguimos pintar 53 figuras.<\/p>\n<p><div class=\"photonav\" id=\"742bfcf2028685f3\">\n\t<div class=\"container\" style=\"width: 700px; height: 525px;\">\n\t\t<div class=\"content\" style=\"background-image: url(http:\/\/www.eltono.com\/wp-content\/uploads\/2013\/11\/eltono-zestafoni01.jpg);\">\n\t\t\t<img decoding=\"async\" id=\"photonav-image\" class=\"image colorbox-off\" src=\"http:\/\/www.eltono.com\/wp-content\/uploads\/2013\/11\/eltono-zestafoni01.jpg\">\n\t\t<\/div>\n\t<\/div>\n\t<div style=\"display: none;\">\n\t\t<div class=\"photonav popup\">\n\t\t\t<div class=\"container\" style=\"display: block; overflow: hidden;\">\n\t\t\t\t<div class=\"content\" style=\"background-image: url(http:\/\/www.eltono.com\/wp-content\/uploads\/2013\/11\/eltono-zestafoni01.jpg);\">\n\t\t\t\t\t<img decoding=\"async\" id=\"photonav-image\" class=\"image colorbox-off\" src=\"http:\/\/www.eltono.com\/wp-content\/uploads\/2013\/11\/eltono-zestafoni01.jpg\">\n\t\t\t\t<\/div>\n\t\t\t<\/div>\n\t\t<\/div>\n\t<\/div>\n\t<script type=\"text\/javascript\">jQuery(document).ready(function(){jQuery(\"#742bfcf2028685f3\").photoNav({id:\"742bfcf2028685f3\",mode:\"move\",popup:\"none\",animate:\"left\",position:\"right\",label:\"none\"});});<\/script>\n<\/div>Animaci\u00f3n panor\u00e1mica (pasa el rat\u00f3n encima de la imagen para moverla).<\/p>\n<p>\n<div class=\"ngg-galleryoverview\" id=\"ngg-gallery-18d5bb0a19fc5a2d7095d6ff18c42297-9620\">\n\n<style type=\"text\/css\" media=\"all\">\n.ngg2-gallery-thumbnail img {\n    background-color: #FFF;\n    border: 0px solid #ff00ff;\n    display: block;\n    margin: 0px 5px 2px 0px;\n    position: relative;\n}\n.ngg2-gallery-thumbnail-box {\n\tdisplay: inline-table;\n}\n<\/style>\n\t<!-- Thumbnails -->\n    \t\t\n\t<div id=\"ngg-image-4682\" class=\"ngg2-gallery-thumbnail-box\"  >\n\t\t<div class=\"ngg2-gallery-thumbnail\">\n\t\t\t<a href=\"https:\/\/www.eltono.com\/wp-content\/gallery\/zestafoni\/eltono-zestafoni-53lines01.jpg\" title=\" \"\n               class=\"ngg-fancybox\" rel=\"18d5bb0a19fc5a2d7095d6ff18c42297\" data-image-id=\"4682\" data-src=\"https:\/\/www.eltono.com\/wp-content\/gallery\/zestafoni\/eltono-zestafoni-53lines01.jpg\" data-thumbnail=\"https:\/\/www.eltono.com\/wp-content\/gallery\/zestafoni\/thumbs\/thumbs_eltono-zestafoni-53lines01.jpg\" data-title=\"eltono-zestafoni-53lines01\" data-description=\" \" >\n\t\t\t\t\t\t\t\t<img title=\"eltono-zestafoni-53lines01\" alt=\"eltono-zestafoni-53lines01\" src=\"https:\/\/www.eltono.com\/wp-content\/gallery\/zestafoni\/thumbs\/thumbs_eltono-zestafoni-53lines01.jpg\" width='123' height='123' \/>\n\t\t\t\t\t\t\t<\/a>\n\t\t<\/div>\n\t<\/div>\n\n            \n \t\t\n\t<div id=\"ngg-image-4683\" class=\"ngg2-gallery-thumbnail-box\"  >\n\t\t<div class=\"ngg2-gallery-thumbnail\">\n\t\t\t<a href=\"https:\/\/www.eltono.com\/wp-content\/gallery\/zestafoni\/eltono-zestafoni-53lines02.jpg\" title=\" \"\n               class=\"ngg-fancybox\" rel=\"18d5bb0a19fc5a2d7095d6ff18c42297\" data-image-id=\"4683\" data-src=\"https:\/\/www.eltono.com\/wp-content\/gallery\/zestafoni\/eltono-zestafoni-53lines02.jpg\" data-thumbnail=\"https:\/\/www.eltono.com\/wp-content\/gallery\/zestafoni\/thumbs\/thumbs_eltono-zestafoni-53lines02.jpg\" data-title=\"eltono-zestafoni-53lines02\" data-description=\" \" >\n\t\t\t\t\t\t\t\t<img title=\"eltono-zestafoni-53lines02\" alt=\"eltono-zestafoni-53lines02\" src=\"https:\/\/www.eltono.com\/wp-content\/gallery\/zestafoni\/thumbs\/thumbs_eltono-zestafoni-53lines02.jpg\" width='123' height='123' \/>\n\t\t\t\t\t\t\t<\/a>\n\t\t<\/div>\n\t<\/div>\n\n            \n \t\t\n\t<div id=\"ngg-image-4684\" class=\"ngg2-gallery-thumbnail-box\"  >\n\t\t<div class=\"ngg2-gallery-thumbnail\">\n\t\t\t<a href=\"https:\/\/www.eltono.com\/wp-content\/gallery\/zestafoni\/eltono-zestafoni-53lines03.jpg\" title=\" \"\n               class=\"ngg-fancybox\" rel=\"18d5bb0a19fc5a2d7095d6ff18c42297\" data-image-id=\"4684\" data-src=\"https:\/\/www.eltono.com\/wp-content\/gallery\/zestafoni\/eltono-zestafoni-53lines03.jpg\" data-thumbnail=\"https:\/\/www.eltono.com\/wp-content\/gallery\/zestafoni\/thumbs\/thumbs_eltono-zestafoni-53lines03.jpg\" data-title=\"eltono-zestafoni-53lines03\" data-description=\" \" >\n\t\t\t\t\t\t\t\t<img title=\"eltono-zestafoni-53lines03\" alt=\"eltono-zestafoni-53lines03\" src=\"https:\/\/www.eltono.com\/wp-content\/gallery\/zestafoni\/thumbs\/thumbs_eltono-zestafoni-53lines03.jpg\" width='123' height='123' \/>\n\t\t\t\t\t\t\t<\/a>\n\t\t<\/div>\n\t<\/div>\n\n            \n \t\t\n\t<div id=\"ngg-image-4685\" class=\"ngg2-gallery-thumbnail-box\"  >\n\t\t<div class=\"ngg2-gallery-thumbnail\">\n\t\t\t<a href=\"https:\/\/www.eltono.com\/wp-content\/gallery\/zestafoni\/eltono-zestafoni-53lines04.jpg\" title=\" \"\n               class=\"ngg-fancybox\" rel=\"18d5bb0a19fc5a2d7095d6ff18c42297\" data-image-id=\"4685\" data-src=\"https:\/\/www.eltono.com\/wp-content\/gallery\/zestafoni\/eltono-zestafoni-53lines04.jpg\" data-thumbnail=\"https:\/\/www.eltono.com\/wp-content\/gallery\/zestafoni\/thumbs\/thumbs_eltono-zestafoni-53lines04.jpg\" data-title=\"eltono-zestafoni-53lines04\" data-description=\" \" >\n\t\t\t\t\t\t\t\t<img title=\"eltono-zestafoni-53lines04\" alt=\"eltono-zestafoni-53lines04\" src=\"https:\/\/www.eltono.com\/wp-content\/gallery\/zestafoni\/thumbs\/thumbs_eltono-zestafoni-53lines04.jpg\" width='123' height='123' \/>\n\t\t\t\t\t\t\t<\/a>\n\t\t<\/div>\n\t<\/div>\n\n            \n \t\t\n\t<div id=\"ngg-image-4686\" class=\"ngg2-gallery-thumbnail-box\"  >\n\t\t<div class=\"ngg2-gallery-thumbnail\">\n\t\t\t<a href=\"https:\/\/www.eltono.com\/wp-content\/gallery\/zestafoni\/eltono-zestafoni-53lines05.jpg\" title=\" \"\n               class=\"ngg-fancybox\" rel=\"18d5bb0a19fc5a2d7095d6ff18c42297\" data-image-id=\"4686\" data-src=\"https:\/\/www.eltono.com\/wp-content\/gallery\/zestafoni\/eltono-zestafoni-53lines05.jpg\" data-thumbnail=\"https:\/\/www.eltono.com\/wp-content\/gallery\/zestafoni\/thumbs\/thumbs_eltono-zestafoni-53lines05.jpg\" data-title=\"eltono-zestafoni-53lines05\" data-description=\" \" >\n\t\t\t\t\t\t\t\t<img title=\"eltono-zestafoni-53lines05\" alt=\"eltono-zestafoni-53lines05\" src=\"https:\/\/www.eltono.com\/wp-content\/gallery\/zestafoni\/thumbs\/thumbs_eltono-zestafoni-53lines05.jpg\" width='123' height='123' \/>\n\t\t\t\t\t\t\t<\/a>\n\t\t<\/div>\n\t<\/div>\n\n            \n \t\t\n\t<div id=\"ngg-image-4687\" class=\"ngg2-gallery-thumbnail-box\"  >\n\t\t<div class=\"ngg2-gallery-thumbnail\">\n\t\t\t<a href=\"https:\/\/www.eltono.com\/wp-content\/gallery\/zestafoni\/eltono-zestafoni-53lines06.jpg\" title=\" \"\n               class=\"ngg-fancybox\" rel=\"18d5bb0a19fc5a2d7095d6ff18c42297\" data-image-id=\"4687\" data-src=\"https:\/\/www.eltono.com\/wp-content\/gallery\/zestafoni\/eltono-zestafoni-53lines06.jpg\" data-thumbnail=\"https:\/\/www.eltono.com\/wp-content\/gallery\/zestafoni\/thumbs\/thumbs_eltono-zestafoni-53lines06.jpg\" data-title=\"eltono-zestafoni-53lines06\" data-description=\" \" >\n\t\t\t\t\t\t\t\t<img title=\"eltono-zestafoni-53lines06\" alt=\"eltono-zestafoni-53lines06\" src=\"https:\/\/www.eltono.com\/wp-content\/gallery\/zestafoni\/thumbs\/thumbs_eltono-zestafoni-53lines06.jpg\" width='123' height='123' \/>\n\t\t\t\t\t\t\t<\/a>\n\t\t<\/div>\n\t<\/div>\n\n            \n \t\t\n\t<div id=\"ngg-image-4688\" class=\"ngg2-gallery-thumbnail-box\"  >\n\t\t<div class=\"ngg2-gallery-thumbnail\">\n\t\t\t<a href=\"https:\/\/www.eltono.com\/wp-content\/gallery\/zestafoni\/eltono-zestafoni-53lines07.jpg\" title=\" \"\n               class=\"ngg-fancybox\" rel=\"18d5bb0a19fc5a2d7095d6ff18c42297\" data-image-id=\"4688\" data-src=\"https:\/\/www.eltono.com\/wp-content\/gallery\/zestafoni\/eltono-zestafoni-53lines07.jpg\" data-thumbnail=\"https:\/\/www.eltono.com\/wp-content\/gallery\/zestafoni\/thumbs\/thumbs_eltono-zestafoni-53lines07.jpg\" data-title=\"eltono-zestafoni-53lines07\" data-description=\" \" >\n\t\t\t\t\t\t\t\t<img title=\"eltono-zestafoni-53lines07\" alt=\"eltono-zestafoni-53lines07\" src=\"https:\/\/www.eltono.com\/wp-content\/gallery\/zestafoni\/thumbs\/thumbs_eltono-zestafoni-53lines07.jpg\" width='123' height='123' \/>\n\t\t\t\t\t\t\t<\/a>\n\t\t<\/div>\n\t<\/div>\n\n            \n \t\t\n\t<div id=\"ngg-image-4689\" class=\"ngg2-gallery-thumbnail-box\"  >\n\t\t<div class=\"ngg2-gallery-thumbnail\">\n\t\t\t<a href=\"https:\/\/www.eltono.com\/wp-content\/gallery\/zestafoni\/eltono-zestafoni-53lines08.jpg\" title=\" \"\n               class=\"ngg-fancybox\" rel=\"18d5bb0a19fc5a2d7095d6ff18c42297\" data-image-id=\"4689\" data-src=\"https:\/\/www.eltono.com\/wp-content\/gallery\/zestafoni\/eltono-zestafoni-53lines08.jpg\" data-thumbnail=\"https:\/\/www.eltono.com\/wp-content\/gallery\/zestafoni\/thumbs\/thumbs_eltono-zestafoni-53lines08.jpg\" data-title=\"eltono-zestafoni-53lines08\" data-description=\" \" >\n\t\t\t\t\t\t\t\t<img title=\"eltono-zestafoni-53lines08\" alt=\"eltono-zestafoni-53lines08\" src=\"https:\/\/www.eltono.com\/wp-content\/gallery\/zestafoni\/thumbs\/thumbs_eltono-zestafoni-53lines08.jpg\" width='123' height='123' \/>\n\t\t\t\t\t\t\t<\/a>\n\t\t<\/div>\n\t<\/div>\n\n            \n \t\t\n\t<div id=\"ngg-image-4690\" class=\"ngg2-gallery-thumbnail-box\"  >\n\t\t<div class=\"ngg2-gallery-thumbnail\">\n\t\t\t<a href=\"https:\/\/www.eltono.com\/wp-content\/gallery\/zestafoni\/eltono-zestafoni-53lines09.jpg\" title=\" \"\n               class=\"ngg-fancybox\" rel=\"18d5bb0a19fc5a2d7095d6ff18c42297\" data-image-id=\"4690\" data-src=\"https:\/\/www.eltono.com\/wp-content\/gallery\/zestafoni\/eltono-zestafoni-53lines09.jpg\" data-thumbnail=\"https:\/\/www.eltono.com\/wp-content\/gallery\/zestafoni\/thumbs\/thumbs_eltono-zestafoni-53lines09.jpg\" data-title=\"eltono-zestafoni-53lines09\" data-description=\" \" >\n\t\t\t\t\t\t\t\t<img title=\"eltono-zestafoni-53lines09\" alt=\"eltono-zestafoni-53lines09\" src=\"https:\/\/www.eltono.com\/wp-content\/gallery\/zestafoni\/thumbs\/thumbs_eltono-zestafoni-53lines09.jpg\" width='123' height='123' \/>\n\t\t\t\t\t\t\t<\/a>\n\t\t<\/div>\n\t<\/div>\n\n            \n \t\t\n\t<div id=\"ngg-image-4691\" class=\"ngg2-gallery-thumbnail-box\"  >\n\t\t<div class=\"ngg2-gallery-thumbnail\">\n\t\t\t<a href=\"https:\/\/www.eltono.com\/wp-content\/gallery\/zestafoni\/eltono-zestafoni-53lines10.jpg\" title=\" \"\n               class=\"ngg-fancybox\" rel=\"18d5bb0a19fc5a2d7095d6ff18c42297\" data-image-id=\"4691\" data-src=\"https:\/\/www.eltono.com\/wp-content\/gallery\/zestafoni\/eltono-zestafoni-53lines10.jpg\" data-thumbnail=\"https:\/\/www.eltono.com\/wp-content\/gallery\/zestafoni\/thumbs\/thumbs_eltono-zestafoni-53lines10.jpg\" data-title=\"eltono-zestafoni-53lines10\" data-description=\" \" >\n\t\t\t\t\t\t\t\t<img title=\"eltono-zestafoni-53lines10\" alt=\"eltono-zestafoni-53lines10\" src=\"https:\/\/www.eltono.com\/wp-content\/gallery\/zestafoni\/thumbs\/thumbs_eltono-zestafoni-53lines10.jpg\" width='123' height='123' \/>\n\t\t\t\t\t\t\t<\/a>\n\t\t<\/div>\n\t<\/div>\n\n            \n \t\t\n\t<div id=\"ngg-image-4692\" class=\"ngg2-gallery-thumbnail-box\"  >\n\t\t<div class=\"ngg2-gallery-thumbnail\">\n\t\t\t<a href=\"https:\/\/www.eltono.com\/wp-content\/gallery\/zestafoni\/eltono-zestafoni-53lines11.jpg\" title=\" \"\n               class=\"ngg-fancybox\" rel=\"18d5bb0a19fc5a2d7095d6ff18c42297\" data-image-id=\"4692\" data-src=\"https:\/\/www.eltono.com\/wp-content\/gallery\/zestafoni\/eltono-zestafoni-53lines11.jpg\" data-thumbnail=\"https:\/\/www.eltono.com\/wp-content\/gallery\/zestafoni\/thumbs\/thumbs_eltono-zestafoni-53lines11.jpg\" data-title=\"eltono-zestafoni-53lines11\" data-description=\" \" >\n\t\t\t\t\t\t\t\t<img title=\"eltono-zestafoni-53lines11\" alt=\"eltono-zestafoni-53lines11\" src=\"https:\/\/www.eltono.com\/wp-content\/gallery\/zestafoni\/thumbs\/thumbs_eltono-zestafoni-53lines11.jpg\" width='123' height='123' \/>\n\t\t\t\t\t\t\t<\/a>\n\t\t<\/div>\n\t<\/div>\n\n            \n \t\t\n\t<div id=\"ngg-image-4693\" class=\"ngg2-gallery-thumbnail-box\"  >\n\t\t<div class=\"ngg2-gallery-thumbnail\">\n\t\t\t<a href=\"https:\/\/www.eltono.com\/wp-content\/gallery\/zestafoni\/eltono-zestafoni-53lines12.jpg\" title=\" \"\n               class=\"ngg-fancybox\" rel=\"18d5bb0a19fc5a2d7095d6ff18c42297\" data-image-id=\"4693\" data-src=\"https:\/\/www.eltono.com\/wp-content\/gallery\/zestafoni\/eltono-zestafoni-53lines12.jpg\" data-thumbnail=\"https:\/\/www.eltono.com\/wp-content\/gallery\/zestafoni\/thumbs\/thumbs_eltono-zestafoni-53lines12.jpg\" data-title=\"eltono-zestafoni-53lines12\" data-description=\" \" >\n\t\t\t\t\t\t\t\t<img title=\"eltono-zestafoni-53lines12\" alt=\"eltono-zestafoni-53lines12\" src=\"https:\/\/www.eltono.com\/wp-content\/gallery\/zestafoni\/thumbs\/thumbs_eltono-zestafoni-53lines12.jpg\" width='123' height='123' \/>\n\t\t\t\t\t\t\t<\/a>\n\t\t<\/div>\n\t<\/div>\n\n            \n \t\t\n\t<div id=\"ngg-image-4694\" class=\"ngg2-gallery-thumbnail-box\"  >\n\t\t<div class=\"ngg2-gallery-thumbnail\">\n\t\t\t<a href=\"https:\/\/www.eltono.com\/wp-content\/gallery\/zestafoni\/eltono-zestafoni-53lines13.jpg\" title=\" \"\n               class=\"ngg-fancybox\" rel=\"18d5bb0a19fc5a2d7095d6ff18c42297\" data-image-id=\"4694\" data-src=\"https:\/\/www.eltono.com\/wp-content\/gallery\/zestafoni\/eltono-zestafoni-53lines13.jpg\" data-thumbnail=\"https:\/\/www.eltono.com\/wp-content\/gallery\/zestafoni\/thumbs\/thumbs_eltono-zestafoni-53lines13.jpg\" data-title=\"eltono-zestafoni-53lines13\" data-description=\" \" >\n\t\t\t\t\t\t\t\t<img title=\"eltono-zestafoni-53lines13\" alt=\"eltono-zestafoni-53lines13\" src=\"https:\/\/www.eltono.com\/wp-content\/gallery\/zestafoni\/thumbs\/thumbs_eltono-zestafoni-53lines13.jpg\" width='123' height='123' \/>\n\t\t\t\t\t\t\t<\/a>\n\t\t<\/div>\n\t<\/div>\n\n            \n \t\t\n\t<div id=\"ngg-image-4695\" class=\"ngg2-gallery-thumbnail-box\"  >\n\t\t<div class=\"ngg2-gallery-thumbnail\">\n\t\t\t<a href=\"https:\/\/www.eltono.com\/wp-content\/gallery\/zestafoni\/eltono-zestafoni-53lines14.jpg\" title=\" \"\n               class=\"ngg-fancybox\" rel=\"18d5bb0a19fc5a2d7095d6ff18c42297\" data-image-id=\"4695\" data-src=\"https:\/\/www.eltono.com\/wp-content\/gallery\/zestafoni\/eltono-zestafoni-53lines14.jpg\" data-thumbnail=\"https:\/\/www.eltono.com\/wp-content\/gallery\/zestafoni\/thumbs\/thumbs_eltono-zestafoni-53lines14.jpg\" data-title=\"eltono-zestafoni-53lines14\" data-description=\" \" >\n\t\t\t\t\t\t\t\t<img title=\"eltono-zestafoni-53lines14\" alt=\"eltono-zestafoni-53lines14\" src=\"https:\/\/www.eltono.com\/wp-content\/gallery\/zestafoni\/thumbs\/thumbs_eltono-zestafoni-53lines14.jpg\" width='123' height='123' \/>\n\t\t\t\t\t\t\t<\/a>\n\t\t<\/div>\n\t<\/div>\n\n            \n \t\t\n\t<div id=\"ngg-image-4696\" class=\"ngg2-gallery-thumbnail-box\"  >\n\t\t<div class=\"ngg2-gallery-thumbnail\">\n\t\t\t<a href=\"https:\/\/www.eltono.com\/wp-content\/gallery\/zestafoni\/eltono-zestafoni-53lines15.jpg\" title=\" \"\n               class=\"ngg-fancybox\" rel=\"18d5bb0a19fc5a2d7095d6ff18c42297\" data-image-id=\"4696\" data-src=\"https:\/\/www.eltono.com\/wp-content\/gallery\/zestafoni\/eltono-zestafoni-53lines15.jpg\" data-thumbnail=\"https:\/\/www.eltono.com\/wp-content\/gallery\/zestafoni\/thumbs\/thumbs_eltono-zestafoni-53lines15.jpg\" data-title=\"eltono-zestafoni-53lines15\" data-description=\" \" >\n\t\t\t\t\t\t\t\t<img title=\"eltono-zestafoni-53lines15\" alt=\"eltono-zestafoni-53lines15\" src=\"https:\/\/www.eltono.com\/wp-content\/gallery\/zestafoni\/thumbs\/thumbs_eltono-zestafoni-53lines15.jpg\" width='123' height='123' \/>\n\t\t\t\t\t\t\t<\/a>\n\t\t<\/div>\n\t<\/div>\n\n            \n \t \t\n\t<!-- Pagination -->\n \t \t\n<\/div>\n\n<br \/>\n<style type=\"text\/css\" media=\"all\">\n\/* ----------- Galeria Vertical 700 vh ngg1 ------------*\/\n#gallery-vertical-700-vh{\n\t\/\/max-width: 100%;\n\t\/\/width: 700px;\n\tbackground-color: #ffffff;\n\ttext-align: left;\n}\n#gallery-vertical-700-vh img{\n\t\/\/max-width: 100%;\n\tvertical-align: bottom;\n}\n#gallery-vertical-700-vh-comment{\n\tword-wrap: break-word;\n\t\/\/width: 700px;\n\tmargin: 0 0 17px 0;\n}\n<\/style>\n<div class=\"ngg1-galleryoverview\" id=\"ngg1-gallery-ba16d95eb8559ad74b0ffb1101617258\">\n\t\t<div id=\"ngg1-image-4759\">\n\t\t<div id=\"gallery-vertical-700-vh\">\n\t\t\t<img title=\" \" alt=\" \" src=\"https:\/\/www.eltono.com\/wp-content\/gallery\/zestafoni2\/eltono-zestafoni-53lines28.jpg\"\/>\n\t\t\t<\/div><div id=\"gallery-vertical-700-vh-comment\"> \t\t<\/div>\n\t<\/div>\n \t\t<div id=\"ngg1-image-4761\">\n\t\t<div id=\"gallery-vertical-700-vh\">\n\t\t\t<img title=\" \" alt=\" \" src=\"https:\/\/www.eltono.com\/wp-content\/gallery\/zestafoni2\/eltono-zestafoni-53lines30.jpg\"\/>\n\t\t\t<\/div><div id=\"gallery-vertical-700-vh-comment\"> \t\t<\/div>\n\t<\/div>\n \t\t<div id=\"ngg1-image-4766\">\n\t\t<div id=\"gallery-vertical-700-vh\">\n\t\t\t<img title=\" \" alt=\" \" src=\"https:\/\/www.eltono.com\/wp-content\/gallery\/zestafoni2\/eltono-zestafoni-53lines35.jpg\"\/>\n\t\t\t<\/div><div id=\"gallery-vertical-700-vh-comment\"> \t\t<\/div>\n\t<\/div>\n \t\t<div id=\"ngg1-image-4763\">\n\t\t<div id=\"gallery-vertical-700-vh\">\n\t\t\t<img title=\" \" alt=\" \" src=\"https:\/\/www.eltono.com\/wp-content\/gallery\/zestafoni2\/eltono-zestafoni-53lines32.jpg\"\/>\n\t\t\t<\/div><div id=\"gallery-vertical-700-vh-comment\"> \t\t<\/div>\n\t<\/div>\n \t\t<div id=\"ngg1-image-4765\">\n\t\t<div id=\"gallery-vertical-700-vh\">\n\t\t\t<img title=\" \" alt=\" \" src=\"https:\/\/www.eltono.com\/wp-content\/gallery\/zestafoni2\/eltono-zestafoni-53lines34.jpg\"\/>\n\t\t\t<\/div><div id=\"gallery-vertical-700-vh-comment\"> \t\t<\/div>\n\t<\/div>\n \t\t<div id=\"ngg1-image-4764\">\n\t\t<div id=\"gallery-vertical-700-vh\">\n\t\t\t<img title=\" \" alt=\" \" src=\"https:\/\/www.eltono.com\/wp-content\/gallery\/zestafoni2\/eltono-zestafoni-53lines33.jpg\"\/>\n\t\t\t<\/div><div id=\"gallery-vertical-700-vh-comment\"> \t\t<\/div>\n\t<\/div>\n \t\t<div id=\"ngg1-image-4760\">\n\t\t<div id=\"gallery-vertical-700-vh\">\n\t\t\t<img title=\" \" alt=\" \" src=\"https:\/\/www.eltono.com\/wp-content\/gallery\/zestafoni2\/eltono-zestafoni-53lines29.jpg\"\/>\n\t\t\t<\/div><div id=\"gallery-vertical-700-vh-comment\"> \t\t<\/div>\n\t<\/div>\n \t\t<div id=\"ngg1-image-4762\">\n\t\t<div id=\"gallery-vertical-700-vh\">\n\t\t\t<img title=\" \" alt=\" \" src=\"https:\/\/www.eltono.com\/wp-content\/gallery\/zestafoni2\/eltono-zestafoni-53lines31.jpg\"\/>\n\t\t\t<\/div><div id=\"gallery-vertical-700-vh-comment\"> \t\t<\/div>\n\t<\/div>\n \t\t<div id=\"ngg1-image-4717\">\n\t\t<div id=\"gallery-vertical-700-vh\">\n\t\t\t<img title=\" \" alt=\" \" src=\"https:\/\/www.eltono.com\/wp-content\/gallery\/zestafoni2\/eltono-zestafoni-53lines25.jpg\"\/>\n\t\t\t<\/div><div id=\"gallery-vertical-700-vh-comment\"> \t\t<\/div>\n\t<\/div>\n \t\t<div id=\"ngg1-image-4716\">\n\t\t<div id=\"gallery-vertical-700-vh\">\n\t\t\t<img title=\" \" alt=\" \" src=\"https:\/\/www.eltono.com\/wp-content\/gallery\/zestafoni2\/eltono-zestafoni-53lines24.jpg\"\/>\n\t\t\t<\/div><div id=\"gallery-vertical-700-vh-comment\"> \t\t<\/div>\n\t<\/div>\n \t\t<div id=\"ngg1-image-4715\">\n\t\t<div id=\"gallery-vertical-700-vh\">\n\t\t\t<img title=\" \" alt=\" \" src=\"https:\/\/www.eltono.com\/wp-content\/gallery\/zestafoni2\/eltono-zestafoni-53lines23.jpg\"\/>\n\t\t\t<\/div><div id=\"gallery-vertical-700-vh-comment\"> \t\t<\/div>\n\t<\/div>\n \t\t<div id=\"ngg1-image-4714\">\n\t\t<div id=\"gallery-vertical-700-vh\">\n\t\t\t<img title=\" \" alt=\" \" src=\"https:\/\/www.eltono.com\/wp-content\/gallery\/zestafoni2\/eltono-zestafoni-53lines22.jpg\"\/>\n\t\t\t<\/div><div id=\"gallery-vertical-700-vh-comment\"> \t\t<\/div>\n\t<\/div>\n \t\t<div id=\"ngg1-image-4712\">\n\t\t<div id=\"gallery-vertical-700-vh\">\n\t\t\t<img title=\" \" alt=\" \" src=\"https:\/\/www.eltono.com\/wp-content\/gallery\/zestafoni2\/eltono-zestafoni-53lines20.jpg\"\/>\n\t\t\t<\/div><div id=\"gallery-vertical-700-vh-comment\"> \t\t<\/div>\n\t<\/div>\n \t\t<div id=\"ngg1-image-4711\">\n\t\t<div id=\"gallery-vertical-700-vh\">\n\t\t\t<img title=\" \" alt=\" \" src=\"https:\/\/www.eltono.com\/wp-content\/gallery\/zestafoni2\/eltono-zestafoni-53lines19.jpg\"\/>\n\t\t\t<\/div><div id=\"gallery-vertical-700-vh-comment\"> \t\t<\/div>\n\t<\/div>\n \t\t<div id=\"ngg1-image-4710\">\n\t\t<div id=\"gallery-vertical-700-vh\">\n\t\t\t<img title=\" \" alt=\" \" src=\"https:\/\/www.eltono.com\/wp-content\/gallery\/zestafoni2\/eltono-zestafoni-53lines18.jpg\"\/>\n\t\t\t<\/div><div id=\"gallery-vertical-700-vh-comment\"> \t\t<\/div>\n\t<\/div>\n \t\t<div id=\"ngg1-image-4709\">\n\t\t<div id=\"gallery-vertical-700-vh\">\n\t\t\t<img title=\" \" alt=\" \" src=\"https:\/\/www.eltono.com\/wp-content\/gallery\/zestafoni2\/eltono-zestafoni-53lines17.jpg\"\/>\n\t\t\t<\/div><div id=\"gallery-vertical-700-vh-comment\"> \t\t<\/div>\n\t<\/div>\n \t\t<div id=\"ngg1-image-4708\">\n\t\t<div id=\"gallery-vertical-700-vh\">\n\t\t\t<img title=\" \" alt=\" \" src=\"https:\/\/www.eltono.com\/wp-content\/gallery\/zestafoni2\/eltono-zestafoni-53lines16.jpg\"\/>\n\t\t\t<\/div><div id=\"gallery-vertical-700-vh-comment\"> \t\t<\/div>\n\t<\/div>\n \t<\/div>\n<br \/>\nEste proyecto fue posible gracias a Zestafoni Ferroalloy Plant, Tamara Bokuchava (<a href=\"http:\/\/socialphotocaucasus.org\/\" target=\"_blank\" rel=\"noopener noreferrer\">socialphotocaucasus.org<\/a>), Nini Palavandishvili (<a href=\"http:\/\/geoair.blogspot.com\/\" target=\"_blank\" rel=\"noopener noreferrer\">geoair.blogspot.com<\/a>) y George Okruashvili.<\/p>","protected":false},"excerpt":{"rendered":"<p>53 lineas formadas por 5 puntos Zestafoni, Georgia 15 de octubre &#8211; 18 de octubre 2013 2,40 m. x 85 m. En Zestafoni, ejecut\u00e9 por segunda vez ese experimento de pintura mural aleatoria; lo hice por primera vez &#8211; de forma est\u00e1tica &#8211; en Bari, Italia y lo llam\u00e9 8 Linee attraverso 4 Punti. Para &hellip; <a href=\"https:\/\/www.eltono.com\/es\/murals\/zestafoni\/\" class=\"more-link\">Continue reading <span class=\"screen-reader-text\">53 \/ 5<\/span><\/a><\/p>\n","protected":false},"author":1,"featured_media":13228,"parent":13155,"menu_order":0,"comment_status":"closed","ping_status":"closed","template":"","meta":{"ngg_post_thumbnail":0,"jetpack_post_was_ever_published":false,"footnotes":""},"categories":[289,345,112,262,260,266],"tags":[],"class_list":["post-9620","page","type-page","status-publish","has-post-thumbnail","hentry","category-289","category-modo","category-mural","category-page_automatic","category-page_mural","category-page_outdoor"],"jetpack_sharing_enabled":true,"jetpack_shortlink":"https:\/\/wp.me\/P7sWFx-2va","_links":{"self":[{"href":"https:\/\/www.eltono.com\/es\/wp-json\/wp\/v2\/pages\/9620","targetHints":{"allow":["GET"]}}],"collection":[{"href":"https:\/\/www.eltono.com\/es\/wp-json\/wp\/v2\/pages"}],"about":[{"href":"https:\/\/www.eltono.com\/es\/wp-json\/wp\/v2\/types\/page"}],"author":[{"embeddable":true,"href":"https:\/\/www.eltono.com\/es\/wp-json\/wp\/v2\/users\/1"}],"replies":[{"embeddable":true,"href":"https:\/\/www.eltono.com\/es\/wp-json\/wp\/v2\/comments?post=9620"}],"version-history":[{"count":38,"href":"https:\/\/www.eltono.com\/es\/wp-json\/wp\/v2\/pages\/9620\/revisions"}],"predecessor-version":[{"id":21631,"href":"https:\/\/www.eltono.com\/es\/wp-json\/wp\/v2\/pages\/9620\/revisions\/21631"}],"up":[{"embeddable":true,"href":"https:\/\/www.eltono.com\/es\/wp-json\/wp\/v2\/pages\/13155"}],"wp:featuredmedia":[{"embeddable":true,"href":"https:\/\/www.eltono.com\/es\/wp-json\/wp\/v2\/media\/13228"}],"wp:attachment":[{"href":"https:\/\/www.eltono.com\/es\/wp-json\/wp\/v2\/media?parent=9620"}],"wp:term":[{"taxonomy":"category","embeddable":true,"href":"https:\/\/www.eltono.com\/es\/wp-json\/wp\/v2\/categories?post=9620"},{"taxonomy":"post_tag","embeddable":true,"href":"https:\/\/www.eltono.com\/es\/wp-json\/wp\/v2\/tags?post=9620"}],"curies":[{"name":"wp","href":"https:\/\/api.w.org\/{rel}","templated":true}]}}