{"id":9778,"date":"2013-12-15T07:27:59","date_gmt":"2013-12-15T06:27:59","guid":{"rendered":"http:\/\/www.eltono.com\/?page_id=9778"},"modified":"2016-01-13T22:15:32","modified_gmt":"2016-01-13T20:15:32","slug":"promenade-no1","status":"publish","type":"page","link":"https:\/\/www.eltono.com\/es\/projects\/promenades\/promenade-no1\/","title":{"rendered":"Promenade N\u00ba1"},"content":{"rendered":"<p>Pek\u00edn Haidianqu &#8211; \u5317\u4eac\u6d77\u6dc0\u533a<br \/>\n5 de Noviembre 2013<br \/>\nDe 9h37 a 12h15 (2h38min)<br \/>\n8,1 km.<br \/>\n\u5f80\u5317\u8d70 (Wangbeizou, yendo hacia el norte)<\/p>\n<p>Ese d\u00eda hice mi primera <em>Promenade<\/em> pero el concepto de esas caminatas a\u00fan no estaba totalmente definido. Mi idea era de caminar hacia una direcci\u00f3n, sin otro objetivo, y volver. Con tanta libertad en el espacio y en el tiempo, acab\u00e9 espont\u00e1neamente creando cosas en el camino. De ah\u00ed saqu\u00e9 la primera regla de las <em>Promenades<\/em>, &#8220;andar y eventualmente crear algo en el camino.&#8221;<\/p>\n<p><img decoding=\"async\" class=\"ngg-none\" src=\"http:\/\/www.eltono.com\/wp-content\/gallery\/promenade1\/eltono-promenade1-01.jpg\" alt=\"eltono-promenade1-01\" \/>Salida a las 9h37.<\/p>\n<p><img loading=\"lazy\" decoding=\"async\" src=\"http:\/\/www.eltono.com\/wp-content\/gallery\/promenade1\/eltono-promenade1-09.jpg\" alt=\"eltono-promenade1-01\" width=\"700\" height=\"525\" \/>Eso es un detalle interesante que he visto muchas veces por las calle de Pek\u00edn. Es el ejemplo perfecto del encuentro ca\u00f3tico donde chocan dos pol\u00edticas, una que promueve modernidad y actitud civilizada (la campa\u00f1as para un &#8220;Pek\u00edn civilizado&#8221; son ubicuas por la ciudad) y una m\u00e1s r\u00edgida y asentada donde el dinero y las influencias mandan. En este caso, arreglaron la acera con una civilizada banda amarilla para ciegos &#8211; hasta que sus &#8220;pol\u00edticas civilizadas&#8221; se dieron contra la pared.<\/p>\n<p><img decoding=\"async\" class=\"ngg-none\" src=\"http:\/\/www.eltono.com\/wp-content\/gallery\/promenade1\/eltono-promenade1-02.jpg\" alt=\"eltono-promenade1-02\" \/>A las 10h57, encontr\u00e9 este palo de bamb\u00fa lacado en el suelo.<\/p>\n<p><img decoding=\"async\" class=\"ngg-none\" src=\"http:\/\/www.eltono.com\/wp-content\/gallery\/promenade1\/eltono-promenade1-03.jpg\" alt=\"eltono-promenade1-03\" \/>Autom\u00e1ticamente, pens\u00e9 en mi abuelo. En verano, cuando nos \u00edbamos de paseo por la tarde despu\u00e9s de cenar, sol\u00eda usar su bast\u00f3n para darle a todos los barrotes de las vallas que nos encontr\u00e1bamos en el camino para hacerlas sonar. A partir del lugar donde encontr\u00e9 el palo, decid\u00ed hacer lo mismo.<\/p>\n<p><img decoding=\"async\" class=\"ngg-none\" src=\"http:\/\/www.eltono.com\/wp-content\/gallery\/promenade1\/eltono-promenade1-04.jpg\" alt=\"eltono-promenade1-04\" \/>A las 10h59, empec\u00e9 a golpear todos los barrotes que encontraba en mi camino, grabando el sonido con mi tel\u00e9fono.<\/p>\n<p><img decoding=\"async\" src=\"http:\/\/www.eltono.com\/wp-content\/gallery\/promenade1\/eltono-promenade1-06.jpg\" alt=\"eltono-promenade1-06\" \/>Despu\u00e9s de unos cientos de metros, el palo empez\u00f3 a acusar da\u00f1os.<\/p>\n<p><img decoding=\"async\" class=\"ngg-none\" src=\"http:\/\/www.eltono.com\/wp-content\/gallery\/promenade1\/eltono-promenade1-05.jpg\" alt=\"eltono-promenade1-05\" \/>Me di la vuelta para volver hacia casa y golpe\u00e9 vallas durante una hora y quince minutos.<\/p>\n<p><img loading=\"lazy\" decoding=\"async\" src=\"http:\/\/www.eltono.com\/wp-content\/gallery\/promenade1\/eltono-promenade1-10.jpg\" alt=\"eltono-promenade1-05\" width=\"700\" height=\"700\" \/>Se encuentran ladrillos apilados por todo Pek\u00edn. Es un elemento que no acaba en la basura cuando los barrenderos pasan. Pienso que la gente los usan para marcar un sitio; tambi\u00e9n los usan para sentarse para comer algo r\u00e1pido o esperar un autob\u00fas.<\/p>\n<p><img decoding=\"async\" class=\" ngg-none\" src=\"http:\/\/www.eltono.com\/wp-content\/gallery\/promenade1\/eltono-promenade1-07.jpg\" alt=\"eltono-promenade1-07\" \/>El palo despu\u00e9s de unos kil\u00f3metros golpeando vallas.<\/p>\n<p><img loading=\"lazy\" decoding=\"async\" class=\"ngg-none\" src=\"http:\/\/www.eltono.com\/wp-content\/gallery\/promenade1\/eltono-promenade1-08v.jpg\" alt=\"eltono-promenade1-08\" width=\"700\" height=\"700\" \/>Deje el palo fuera en la entrada de mi edificio; todav\u00eda est\u00e1 en el mismo sitio, un mes y medio despu\u00e9s.<\/p>\n<p>Durante esta primera caminata, me llev\u00e9 cinta, un metro y tiza en la bolsa, por si acaso. Pero me di cuenta que era m\u00e1s interesante usar unicamente cosas encontradas, entonces, establec\u00ed la regla n\u00famero 2, &#8220;usar unicamente material encontrado por el camino&#8221;.<\/p>\n<audio class=\"wp-audio-shortcode\" id=\"audio-9778-2\" preload=\"none\" style=\"width: 100%;\" controls=\"controls\"><source type=\"audio\/mpeg\" src=\"http:\/\/www.eltono.com\/wp-content\/uploads\/2013\/12\/Eltono-Promenade1_5-11-2013-FencesBeijing-Final.mp3?_=2\" \/><a href=\"http:\/\/www.eltono.com\/wp-content\/uploads\/2013\/12\/Eltono-Promenade1_5-11-2013-FencesBeijing-Final.mp3\">http:\/\/www.eltono.com\/wp-content\/uploads\/2013\/12\/Eltono-Promenade1_5-11-2013-FencesBeijing-Final.mp3<\/a><\/audio>\n<p>Al final, hice un archivo de audio compilando todos los sonidos de las vallas (\u00a1dale al play y disfruta!).<\/p>\n<p><a href=\"http:\/\/www.eltono.com\/wp-content\/gallery\/promenade1\/eltono-promenade1-map_0.jpg\"><img decoding=\"async\" class=\"ngg-singlepic ngg-none\" src=\"http:\/\/www.eltono.com\/wp-content\/gallery\/promenade1\/eltono-promenade1-map_0.jpg\" alt=\"eltono-promenade1-map\" width=\"700\" \/><\/a>El registro GPS del recorrido; la linea verde representa el camino donde estuve golpeando vallas, mide 4,3 km. de largo (haz clic en el mapa para verlo m\u00e1s grande).<\/p>\n<p>&gt; <a href=\"http:\/\/www.eltono.com\/es\/projects\/promenades\/\">Volver a Diario de Promenades<\/a><\/p>","protected":false},"excerpt":{"rendered":"<p>Pek\u00edn Haidianqu &#8211; \u5317\u4eac\u6d77\u6dc0\u533a 5 de Noviembre 2013 De 9h37 a 12h15 (2h38min) 8,1 km. \u5f80\u5317\u8d70 (Wangbeizou, yendo hacia el norte) Ese d\u00eda hice mi primera Promenade pero el concepto de esas caminatas a\u00fan no estaba totalmente definido. Mi idea era de caminar hacia una direcci\u00f3n, sin otro objetivo, y volver. Con tanta libertad en &hellip; <a href=\"https:\/\/www.eltono.com\/es\/projects\/promenades\/promenade-no1\/\" class=\"more-link\">Continue reading <span class=\"screen-reader-text\">Promenade N\u00ba1<\/span><\/a><\/p>\n","protected":false},"author":1,"featured_media":0,"parent":9854,"menu_order":0,"comment_status":"closed","ping_status":"open","template":"","meta":{"ngg_post_thumbnail":0,"jetpack_post_was_ever_published":false,"footnotes":""},"categories":[],"tags":[],"class_list":["post-9778","page","type-page","status-publish","hentry"],"jetpack_sharing_enabled":true,"jetpack_shortlink":"https:\/\/wp.me\/P7sWFx-2xI","_links":{"self":[{"href":"https:\/\/www.eltono.com\/es\/wp-json\/wp\/v2\/pages\/9778","targetHints":{"allow":["GET"]}}],"collection":[{"href":"https:\/\/www.eltono.com\/es\/wp-json\/wp\/v2\/pages"}],"about":[{"href":"https:\/\/www.eltono.com\/es\/wp-json\/wp\/v2\/types\/page"}],"author":[{"embeddable":true,"href":"https:\/\/www.eltono.com\/es\/wp-json\/wp\/v2\/users\/1"}],"replies":[{"embeddable":true,"href":"https:\/\/www.eltono.com\/es\/wp-json\/wp\/v2\/comments?post=9778"}],"version-history":[{"count":106,"href":"https:\/\/www.eltono.com\/es\/wp-json\/wp\/v2\/pages\/9778\/revisions"}],"predecessor-version":[{"id":15610,"href":"https:\/\/www.eltono.com\/es\/wp-json\/wp\/v2\/pages\/9778\/revisions\/15610"}],"up":[{"embeddable":true,"href":"https:\/\/www.eltono.com\/es\/wp-json\/wp\/v2\/pages\/9854"}],"wp:attachment":[{"href":"https:\/\/www.eltono.com\/es\/wp-json\/wp\/v2\/media?parent=9778"}],"wp:term":[{"taxonomy":"category","embeddable":true,"href":"https:\/\/www.eltono.com\/es\/wp-json\/wp\/v2\/categories?post=9778"},{"taxonomy":"post_tag","embeddable":true,"href":"https:\/\/www.eltono.com\/es\/wp-json\/wp\/v2\/tags?post=9778"}],"curies":[{"name":"wp","href":"https:\/\/api.w.org\/{rel}","templated":true}]}}