{"id":9786,"date":"2013-12-19T10:18:05","date_gmt":"2013-12-19T09:18:05","guid":{"rendered":"http:\/\/www.eltono.com\/?page_id=9786"},"modified":"2016-01-13T22:15:46","modified_gmt":"2016-01-13T20:15:46","slug":"promenade-no2","status":"publish","type":"page","link":"https:\/\/www.eltono.com\/es\/projects\/promenades\/promenade-no2\/","title":{"rendered":"Promenade N\u00ba2"},"content":{"rendered":"<p>Pek\u00edn Haidianqu &#8211; \u5317\u4eac\u6d77\u6dc0\u533a<br \/>\n12 de noviembre 2013<br \/>\nDe 10h42 a 14h45 (4h03min)<br \/>\n20,5 km.<br \/>\n\u5f80\u4e1c\u8d70 (Wangdongzou, yendo hacia el este)<\/p>\n<p>Cuando empec\u00e9 la segunda <em>Promenade<\/em>, la experiencia de la primera me dejo las cosas m\u00e1s claras. Me di cuenta que entre cada paseo me pon\u00eda autom\u00e1ticamente a pensar en lo que podr\u00eda ir haciendo en la siguiente caminata. Pero como lo que me interesa es la espontaneidad y que no quiero preparar ideas en adelante, hice la regla n\u00famero 3, &#8220;ejecutar unicamente ideas que hayan sido pensadas por el camino&#8221;. Tambi\u00e9n a\u00f1ad\u00ed la regla n\u00famero 4 &#8220;disfrutar de la caminata&#8221; porque me di cuenta de que mucha presi\u00f3n para intentar crear algo pod\u00eda bloquear el proceso creativo.<\/p>\n<p><img decoding=\"async\" src=\"http:\/\/www.eltono.com\/wp-content\/gallery\/promenade2\/eltono-promenade2-01.jpg\" alt=\"\" \/>Salida a las 10h42.<\/p>\n<p><img loading=\"lazy\" decoding=\"async\" src=\"http:\/\/www.eltono.com\/wp-content\/gallery\/promenade2\/eltono-promenade2-53.jpg\" alt=\"\" width=\"700\" height=\"700\" \/><\/p>\n<p><img decoding=\"async\" src=\"http:\/\/www.eltono.com\/wp-content\/gallery\/promenade2\/eltono-promenade2-02.jpg\" alt=\"\" \/>Despu\u00e9s de un par de horas andando bajo el espl\u00e9ndido sol invernal de Pek\u00edn, acab\u00e9 en un cruce muy concurrido. En las proximidades de este cruce se encuentran pasarelas peatonales, paradas de autob\u00fas y una estaci\u00f3n de buses express. Es el t\u00edpico lugar donde transita un flujo discontinuo de gente y algunas personas lo saben. Casi siempre en esos lugares, cuando no est\u00e1n demasiado cerca del centro, se encuentran peque\u00f1os carteles pegados con cinta doble cara naranja, la mayor\u00eda anunciando espacios en alquiler.<\/p>\n<p><img decoding=\"async\" src=\"http:\/\/www.eltono.com\/wp-content\/gallery\/promenade2\/eltono-promenade2-03.jpg\" alt=\"\" \/><\/p>\n<p><img decoding=\"async\" src=\"http:\/\/www.eltono.com\/wp-content\/gallery\/promenade2\/eltono-promenade2-04.jpg\" alt=\"\" \/><\/p>\n<p><img decoding=\"async\" src=\"http:\/\/www.eltono.com\/wp-content\/gallery\/promenade2\/eltono-promenade2-05.jpg\" alt=\"\" \/>En este lugar, la acumulaci\u00f3n de carteles era particularmente densa y ca\u00f3tica. Decid\u00ed organizar el foll\u00f3n un poquito.<\/p>\n<p><img decoding=\"async\" src=\"http:\/\/www.eltono.com\/wp-content\/gallery\/promenade2\/eltono-promenade2-06.jpg\" alt=\"\" \/>Una vez escuch\u00e9 una gente hablar de como pegar carteles para campa\u00f1as pol\u00edticas. Dec\u00edan que para que los carteles sean m\u00e1s visibles era mejor pegar una gran cantidad juntos en unos pocos sitios que pegarlos de uno en uno en muchos lugares. Entonces pens\u00e9 que pod\u00eda echar una mano a esos anunciantes independientes con una nueva estrategia de marketing. Recog\u00ed todos los carteles que pod\u00eda encontrar en el lugar.<\/p>\n<p><img decoding=\"async\" src=\"http:\/\/www.eltono.com\/wp-content\/gallery\/promenade2\/eltono-promenade2-07.jpg\" alt=\"\" \/><br \/>\nY los pegu\u00e9 todos juntos en un solo lugar. Me eche para atr\u00e1s par ver como estaba quedando y hacer una primera foto.<\/p>\n<p><img decoding=\"async\" src=\"http:\/\/www.eltono.com\/wp-content\/gallery\/promenade2\/eltono-promenade2-08.jpg\" alt=\"\" \/>De repente lleg\u00f3 un miembro del &#8220;Escuadr\u00f3n Anti Carteles&#8221; local (son f\u00e1ciles de reconocer con su bici, su esp\u00e1tula y su cesta llena de papeles arrancados). Estaba patrullando por la zona y autom\u00e1ticamente empez\u00f3 a quitar mis carteles. Yo pensaba a\u00f1adir m\u00e1s al tabl\u00f3n de anuncios improvisado pero \u00a1no me dej\u00f3 tiempo!<\/p>\n<p><img decoding=\"async\" src=\"http:\/\/www.eltono.com\/wp-content\/gallery\/promenade2\/eltono-promenade2-09.jpg\" alt=\"\" \/><\/p>\n<p><img decoding=\"async\" src=\"http:\/\/www.eltono.com\/wp-content\/gallery\/promenade2\/eltono-promenade2-10.jpg\" alt=\"\" \/>En menos de 30 segundos no quedaba nada.<\/p>\n<p><img decoding=\"async\" src=\"http:\/\/www.eltono.com\/wp-content\/gallery\/promenade2\/eltono-promenade2-11.jpg\" alt=\"\" \/>La escena me encant\u00f3 pero lo que m\u00e1s me sorprendi\u00f3 es que el se\u00f1or no tuvo ninguna reacci\u00f3n particular. Me imagino que nunca habr\u00e1 visto tantos carteles de diferentes anunciantes juntos y bien organizados pero no le import\u00f3 nada, una vez el trabajo terminado, sigui\u00f3 por delante para limpiar el siguiente punto.<\/p>\n<p><img decoding=\"async\" src=\"http:\/\/www.eltono.com\/wp-content\/gallery\/promenade2\/eltono-promenade2-12.jpg\" alt=\"\" \/>En este momento me encontraba a 10 km. de casa, decid\u00ed dar la vuelta.<\/p>\n<p><img decoding=\"async\" src=\"http:\/\/www.eltono.com\/wp-content\/gallery\/promenade2\/eltono-promenade2-54.jpg\" alt=\"\" width=\"700\" \/>Encontr\u00e9 un interesante mot\u00f3n de ladrillos haciendo lo que parec\u00eda ser un asiento.<\/p>\n<p><img decoding=\"async\" src=\"http:\/\/www.eltono.com\/wp-content\/gallery\/promenade2\/eltono-promenade2-13.jpg\" alt=\"\" \/>En el camino de vuelta, vi m\u00e1s carteles y empec\u00e9 a recolectarlos.<\/p>\n<p><img decoding=\"async\" src=\"http:\/\/www.eltono.com\/wp-content\/gallery\/promenade2\/eltono-promenade2-14.jpg\" alt=\"\" \/>Despegarlos es f\u00e1cil pero guardarlos no lo es por culpa de la cinta doble cara.<\/p>\n<p><img decoding=\"async\" src=\"http:\/\/www.eltono.com\/wp-content\/gallery\/promenade2\/eltono-promenade2-15.jpg\" alt=\"\" \/>Pero me di cuenta mirando por el suelo que era muy f\u00e1cil encontrar la tira blanca que antes proteg\u00eda la cinta. Empec\u00e9 a recoger las tiras protectoras tambi\u00e9n.<\/p>\n<p><img decoding=\"async\" src=\"http:\/\/www.eltono.com\/wp-content\/gallery\/promenade2\/eltono-promenade2-16.jpg\" alt=\"\" \/><\/p>\n<p><img decoding=\"async\" src=\"http:\/\/www.eltono.com\/wp-content\/gallery\/promenade2\/eltono-promenade2-17.jpg\" alt=\"\" \/><\/p>\n<p><img decoding=\"async\" src=\"http:\/\/www.eltono.com\/wp-content\/gallery\/promenade2\/eltono-promenade2-18.jpg\" alt=\"\" \/>Empec\u00e9 a pegar las tiras blancas a la cinta detr\u00e1s del cartel \u2013 en muchos casos, pod\u00eda encontrar la tira original, \u00a1encajaba perfectamente con la cinta!<\/p>\n<p><img decoding=\"async\" src=\"http:\/\/www.eltono.com\/wp-content\/gallery\/promenade2\/eltono-promenade2-19.jpg\" alt=\"\" \/>Una vez la tira pegada de vuelta en su sitio, los carteles eran f\u00e1ciles de guardar en mi bolsillo.<\/p>\n<p><img decoding=\"async\" src=\"http:\/\/www.eltono.com\/wp-content\/gallery\/promenade2\/eltono-promenade2-20.jpg\" alt=\"\" \/><\/p>\n<p><img decoding=\"async\" src=\"http:\/\/www.eltono.com\/wp-content\/gallery\/promenade2\/eltono-promenade2-21.jpg\" alt=\"\" \/><\/p>\n<p><img decoding=\"async\" src=\"http:\/\/www.eltono.com\/wp-content\/gallery\/promenade2\/eltono-promenade2-22.jpg\" alt=\"\" \/><\/p>\n<p><img decoding=\"async\" src=\"http:\/\/www.eltono.com\/wp-content\/gallery\/promenade2\/eltono-promenade2-23.jpg\" alt=\"\" \/><\/p>\n<p><img decoding=\"async\" src=\"http:\/\/www.eltono.com\/wp-content\/gallery\/promenade2\/eltono-promenade2-24.jpg\" alt=\"\" \/><\/p>\n<p><img decoding=\"async\" src=\"http:\/\/www.eltono.com\/wp-content\/gallery\/promenade2\/eltono-promenade2-25.jpg\" alt=\"\" \/><\/p>\n<p><img decoding=\"async\" src=\"http:\/\/www.eltono.com\/wp-content\/gallery\/promenade2\/eltono-promenade2-26.jpg\" alt=\"\" \/><\/p>\n<p><img decoding=\"async\" src=\"http:\/\/www.eltono.com\/wp-content\/gallery\/promenade2\/eltono-promenade2-28.jpg\" alt=\"\" \/><\/p>\n<p><img decoding=\"async\" src=\"http:\/\/www.eltono.com\/wp-content\/gallery\/promenade2\/eltono-promenade2-30.jpg\" alt=\"\" \/>Segu\u00ed la pista de esos carteles, todos eran iguales y casi siempre pod\u00eda encontrar la tira protectora blanca. Recolect\u00e9 18 octavillas a lo largo de un par de manzanas y de repente la pista desapareci\u00f3, no pude encontrar ninguno m\u00e1s.<\/p>\n<p><img decoding=\"async\" src=\"http:\/\/www.eltono.com\/wp-content\/gallery\/promenade2\/eltono-promenade2-31.jpg\" alt=\"\" \/>Entonces decid\u00ed pegarlos todos juntos en el lugar adecuado m\u00e1s pr\u00f3ximo y segu\u00ed andando hacia el oeste.<\/p>\n<p><img decoding=\"async\" src=\"http:\/\/www.eltono.com\/wp-content\/gallery\/promenade2\/eltono-promenade2-32.jpg\" alt=\"\" \/>Unos cientos metros m\u00e1s tardes encontr\u00e9 una persona que hab\u00eda pegado sus carteles directamente en los coches. Pens\u00e9 que ese tipo s\u00ed necesitaba ayuda con el marketing, \u00bfrealmente piensa que la gente va a mirar sus anuncios y llamar al tel\u00e9fono si los pega con cinta doble cara super fuerte directamente en la pintura nueva de los coches?<\/p>\n<p><img decoding=\"async\" src=\"http:\/\/www.eltono.com\/wp-content\/gallery\/promenade2\/eltono-promenade2-33.jpg\" alt=\"\" \/><\/p>\n<p><img decoding=\"async\" src=\"http:\/\/www.eltono.com\/wp-content\/gallery\/promenade2\/eltono-promenade2-34.jpg\" alt=\"\" \/><\/p>\n<p><img decoding=\"async\" src=\"http:\/\/www.eltono.com\/wp-content\/gallery\/promenade2\/eltono-promenade2-39.jpg\" alt=\"\" \/>Obviamente, la mayor\u00eda acabaron en el suelo.<\/p>\n<p><img decoding=\"async\" src=\"http:\/\/www.eltono.com\/wp-content\/gallery\/promenade2\/eltono-promenade2-35.jpg\" alt=\"\" \/>\u00bfAl rev\u00e9s?<\/p>\n<p><img decoding=\"async\" src=\"http:\/\/www.eltono.com\/wp-content\/gallery\/promenade2\/eltono-promenade2-36.jpg\" alt=\"\" \/>Recog\u00ed los que pod\u00eda.<\/p>\n<p><img decoding=\"async\" src=\"http:\/\/www.eltono.com\/wp-content\/gallery\/promenade2\/eltono-promenade2-37.jpg\" alt=\"\" \/><\/p>\n<p><img decoding=\"async\" src=\"http:\/\/www.eltono.com\/wp-content\/gallery\/promenade2\/eltono-promenade2-38.jpg\" alt=\"\" \/><\/p>\n<p><img decoding=\"async\" src=\"http:\/\/www.eltono.com\/wp-content\/gallery\/promenade2\/eltono-promenade2-40.jpg\" alt=\"\" \/><\/p>\n<p><img decoding=\"async\" src=\"http:\/\/www.eltono.com\/wp-content\/gallery\/promenade2\/eltono-promenade2-41.jpg\" alt=\"\" \/><\/p>\n<p><img decoding=\"async\" src=\"http:\/\/www.eltono.com\/wp-content\/gallery\/promenade2\/eltono-promenade2-42.jpg\" alt=\"\" \/>Tambi\u00e9n me encontr\u00e9 con esos restos de pegada en lugares extremos.<\/p>\n<p><img decoding=\"async\" src=\"http:\/\/www.eltono.com\/wp-content\/gallery\/promenade2\/eltono-promenade2-43.jpg\" alt=\"\" \/><\/p>\n<p><img decoding=\"async\" src=\"http:\/\/www.eltono.com\/wp-content\/gallery\/promenade2\/eltono-promenade2-44.jpg\" alt=\"\" \/>M\u00e1s tarde me encontr\u00e9 con ese m\u00e9todo interesante que evita que la persona que est\u00e1 pegando los carteles tire las tiras protectoras al suelo. No entiendo muy bien porque lo hacen, \u00bfpara mantener las calles limpias? No creo que les importe ya que pegan cartelitos por todos lados. \u00bfPara que no se les reproche tirar cosas en el suelo y que puedan seguir pegando tranquilos? De todas formas esta soluci\u00f3n es mejor para mi, no tengo que buscar las tiras blancas, ya vienen incluidas.<\/p>\n<p><img decoding=\"async\" src=\"http:\/\/www.eltono.com\/wp-content\/gallery\/promenade2\/eltono-promenade2-45.jpg\" alt=\"\" \/>Un veh\u00edculo del &#8220;Escuadr\u00f3n Anti Carteles&#8221;, f\u00e1cilmente reconocible por la esp\u00e1tula y la cesta llena de papel.<\/p>\n<p><img decoding=\"async\" src=\"http:\/\/www.eltono.com\/wp-content\/gallery\/promenade2\/eltono-promenade2-46.jpg\" alt=\"\" \/>Encontr\u00e9 un par m\u00e1s de octavillas a lo largo de las siguientes manzanas.<\/p>\n<p><img decoding=\"async\" src=\"http:\/\/www.eltono.com\/wp-content\/gallery\/promenade2\/eltono-promenade2-47.jpg\" alt=\"\" \/>El &#8220;Escuadr\u00f3n Anti Carteles&#8221; hab\u00eda estado muy activo en ese barrio y solo pude encontrar una docena de carteles. Ya estaba muy cerca de mi casa y decid\u00ed pegar lo que ten\u00eda. No quer\u00eda pegarlos demasiado cerca de mi barrio porque cualquier cosa que hagas en China, si eres extranjero se nota much\u00edsimo; luego el cotilleo se propaga muy r\u00e1pidamente y no quer\u00eda tener que explicar lo que estaba haciendo a los responsables de mi barrio, no creo que lo entender\u00edan.<\/p>\n<p><img decoding=\"async\" src=\"http:\/\/www.eltono.com\/wp-content\/gallery\/promenade2\/eltono-promenade2-48.jpg\" alt=\"\" \/>Un miembro del &#8220;Escuadr\u00f3n Anti Carteles&#8221; en plena faena. Estimo que cada calle es patrullada dos a cuatro veces por d\u00eda. Mucho m\u00e1s en los sitios c\u00e9ntricos.<\/p>\n<p>Llegue a casa cerca de las 15h00. Ese experimento me pareci\u00f3 muy entretenido y pude notar que la gente sol\u00eda mirar m\u00e1s mis grupos de carteles que los pegados individualmente (por supuesto, sin contar con los que miran porque me ven hacerlo o fotografiarlo).<\/p>\n<p>Ese experimento fue repetido durante <em>Promenade <a href=\"http:\/\/www.eltono.com\/es\/projects\/promenades\/promenade-no5\/#billsp5\">#5<\/a><\/em> y <em><a href=\"http:\/\/www.eltono.com\/es\/projects\/promenades\/promenade-no7\/#billsp7\">#7<\/a><\/em> donde logr\u00e9 resultados m\u00e1s convincente.<strong><br \/>\n<\/strong><\/p>\n<p><a href=\"http:\/\/www.eltono.com\/wp-content\/gallery\/promenade2\/eltono-promenade2-map_0.jpg\"><img decoding=\"async\" src=\"http:\/\/www.eltono.com\/wp-content\/gallery\/promenade2\/eltono-promenade2-map_0.jpg\" alt=\"eltono-promenade2-map\" width=\"700\" \/><\/a><br \/>\nEl registro GPS del recorrido (haz clic en el mapa para verlo m\u00e1s grande).<\/p>\n<p>&gt; <a href=\"http:\/\/www.eltono.com\/es\/projects\/promenades\/\">Volver a Diario de Promenades<\/a><\/p>","protected":false},"excerpt":{"rendered":"<p>Pek\u00edn Haidianqu &#8211; \u5317\u4eac\u6d77\u6dc0\u533a 12 de noviembre 2013 De 10h42 a 14h45 (4h03min) 20,5 km. \u5f80\u4e1c\u8d70 (Wangdongzou, yendo hacia el este) Cuando empec\u00e9 la segunda Promenade, la experiencia de la primera me dejo las cosas m\u00e1s claras. Me di cuenta que entre cada paseo me pon\u00eda autom\u00e1ticamente a pensar en lo que podr\u00eda ir haciendo &hellip; <a href=\"https:\/\/www.eltono.com\/es\/projects\/promenades\/promenade-no2\/\" class=\"more-link\">Continue reading <span class=\"screen-reader-text\">Promenade N\u00ba2<\/span><\/a><\/p>\n","protected":false},"author":1,"featured_media":0,"parent":9854,"menu_order":0,"comment_status":"closed","ping_status":"open","template":"","meta":{"ngg_post_thumbnail":0,"jetpack_post_was_ever_published":false,"footnotes":""},"categories":[],"tags":[],"class_list":["post-9786","page","type-page","status-publish","hentry"],"jetpack_sharing_enabled":true,"jetpack_shortlink":"https:\/\/wp.me\/P7sWFx-2xQ","_links":{"self":[{"href":"https:\/\/www.eltono.com\/es\/wp-json\/wp\/v2\/pages\/9786","targetHints":{"allow":["GET"]}}],"collection":[{"href":"https:\/\/www.eltono.com\/es\/wp-json\/wp\/v2\/pages"}],"about":[{"href":"https:\/\/www.eltono.com\/es\/wp-json\/wp\/v2\/types\/page"}],"author":[{"embeddable":true,"href":"https:\/\/www.eltono.com\/es\/wp-json\/wp\/v2\/users\/1"}],"replies":[{"embeddable":true,"href":"https:\/\/www.eltono.com\/es\/wp-json\/wp\/v2\/comments?post=9786"}],"version-history":[{"count":98,"href":"https:\/\/www.eltono.com\/es\/wp-json\/wp\/v2\/pages\/9786\/revisions"}],"predecessor-version":[{"id":15611,"href":"https:\/\/www.eltono.com\/es\/wp-json\/wp\/v2\/pages\/9786\/revisions\/15611"}],"up":[{"embeddable":true,"href":"https:\/\/www.eltono.com\/es\/wp-json\/wp\/v2\/pages\/9854"}],"wp:attachment":[{"href":"https:\/\/www.eltono.com\/es\/wp-json\/wp\/v2\/media?parent=9786"}],"wp:term":[{"taxonomy":"category","embeddable":true,"href":"https:\/\/www.eltono.com\/es\/wp-json\/wp\/v2\/categories?post=9786"},{"taxonomy":"post_tag","embeddable":true,"href":"https:\/\/www.eltono.com\/es\/wp-json\/wp\/v2\/tags?post=9786"}],"curies":[{"name":"wp","href":"https:\/\/api.w.org\/{rel}","templated":true}]}}