{"id":9902,"date":"2013-12-21T14:13:44","date_gmt":"2013-12-21T13:13:44","guid":{"rendered":"http:\/\/www.eltono.com\/?page_id=9902"},"modified":"2015-12-26T16:25:03","modified_gmt":"2015-12-26T14:25:03","slug":"promenade-no3","status":"publish","type":"page","link":"https:\/\/www.eltono.com\/es\/projects\/promenades\/promenade-no3\/","title":{"rendered":"Promenade N\u00ba3"},"content":{"rendered":"<p>Beijing Haidianqu \u2013 \u5317\u4eac\u6d77\u6dc0\u533a<br \/>\n21 de noviembre 2013<br \/>\nDe 8h51 a 13h30 (4h39min)<br \/>\n16,10 km.<br \/>\n\u5f80\u897f\u8d70 (Wangxizou, yendo hacia el oeste)<\/p>\n<p><img decoding=\"async\" class=\"ngg-none\" alt=\"\" src=\"http:\/\/www.eltono.com\/wp-content\/gallery\/promenade3\/eltono-promenade3-01.jpg\" \/>Salida a las 8h51.<\/p>\n<p><img loading=\"lazy\" decoding=\"async\" alt=\"\" src=\"http:\/\/www.eltono.com\/wp-content\/gallery\/promenade3\/eltono-promenade3-18.jpg\" width=\"700\" height=\"525\" \/>Otra forma de usar ladrillos, como pesos.<\/p>\n<p><img decoding=\"async\" class=\"ngg-none\" alt=\"\" src=\"http:\/\/www.eltono.com\/wp-content\/gallery\/promenade3\/eltono-promenade3-03.jpg\" \/>Despu\u00e9s de andar un poco m\u00e1s de 4 km., me encontr\u00e9 en una calle peque\u00f1a y muy tranquila. Est\u00e1 separada por un canal de una calle ancha que une el barrio de las universidades con el Palacio de Verano. El acceso est\u00e1 cerrado a los coches y me cruce con nada m\u00e1s que 3 personas a lo largo de sus 500 m. Me imagino que esta calle no conecta ning\u00fan punto interesante del barrio y la gente prefiere usar la calle principal para ir a donde se dirige. En una ciudad tan llena de gente como Pek\u00edn, no es f\u00e1cil encontrar lugares con poco tr\u00e1fico. Adem\u00e1s esta calle me pareci\u00f3 muy acogedora con su canal y sus grandes arboles alrededor.<\/p>\n<p><img decoding=\"async\" class=\"ngg-none\" alt=\"\" src=\"http:\/\/www.eltono.com\/wp-content\/gallery\/promenade3\/eltono-promenade3-02.jpg\" \/>Justo despu\u00e9s de ingresar en la calle, vi una piedra redonda en el suelo.<\/p>\n<p><img decoding=\"async\" class=\"ngg-none\" alt=\"\" src=\"http:\/\/www.eltono.com\/wp-content\/gallery\/promenade3\/eltono-promenade3-06.jpg\" \/>Mec\u00e1nicamente, empec\u00e9 a darle patadas. Hago eso mucho cuando ando y suelo seguir hasta que dejo de poder alcanzar la piedra.<\/p>\n<p><img decoding=\"async\" class=\"ngg-none\" alt=\"\" src=\"http:\/\/www.eltono.com\/wp-content\/gallery\/promenade3\/eltono-promenade3-07.jpg\" \/>La configuraci\u00f3n de esta calle &#8211; ning\u00fan coche, nadie y unas aceras altas &#8211; hizo que fui capaz de darle patadas a la piedra a todo lo largo de sus 500m. Las tres \u00faltimas fotos son solo para ilustrar; fueron tomadas despu\u00e9s de la acci\u00f3n ya que todo ocurri\u00f3 de forma espont\u00e1nea.<\/p>\n<p><img decoding=\"async\" class=\"ngg-none\" alt=\"\" src=\"http:\/\/www.eltono.com\/wp-content\/gallery\/promenade3\/eltono-promenade3-16.jpg\" \/>una vez que llegue al final de la calle y llegue de nuevo en el flujo normal de gente, bicicletas y coche, cog\u00ed la piedra, la guarde en mi bolsillo y segu\u00ed andando hacia el oeste.<\/p>\n<p><img decoding=\"async\" alt=\"\" src=\"http:\/\/www.eltono.com\/wp-content\/gallery\/promenade3\/eltono-promenade3-11.jpg\" \/><\/p>\n<p><img decoding=\"async\" class=\"ngg-none\" alt=\"\" src=\"http:\/\/www.eltono.com\/wp-content\/gallery\/promenade3\/eltono-promenade3-17.jpg\" \/>Camin\u00e9 otra hora y media m\u00e1s y llegue al Palacio de Verano &#8211; que era el punto m\u00e1s al oeste que me hab\u00eda fijado como limite &#8211; y empec\u00e9 a volver hacia atr\u00e1s. Durante todo ese tiempo, no pude parar de pensar en lo que podr\u00eda generar si apuntaba la secuencia creada por los movimientos de la piedra. Decid\u00ed volver a la misma calle y apuntar con que pi\u00e9 estaba pateando la piedra y cuantos pasos separaban cada patada de la siguiente.<\/p>\n<p><img decoding=\"async\" class=\"ngg-none\" alt=\"\" src=\"http:\/\/www.eltono.com\/wp-content\/gallery\/promenade3\/eltono-promenade3-09.jpg\" \/>Una vez que regres\u00e9 a la calle tranquila, cog\u00ed la piedra de mi bolsillo y empec\u00e9 a darle patadas a todo lo largo de la calle. Una vez hasta la entrada este.<\/p>\n<p><img decoding=\"async\" class=\"ngg-none\" alt=\"\" src=\"http:\/\/www.eltono.com\/wp-content\/gallery\/promenade3\/eltono-promenade3-10.jpg\" \/>Y otra hasta la entrada sur.<\/p>\n<p><img decoding=\"async\" alt=\"\" src=\"http:\/\/www.eltono.com\/wp-content\/gallery\/promenade3\/eltono-promenade3-08.jpg\" \/>Apunt\u00e9 simult\u00e1neamente las secuencias creadas. &#8220;G17&#8221;, por ejemplo significa que le di patadas con el pi\u00e9 izquierdo (gauche) y anduve 17 pasos hasta llega a la piedra de nuevo.<\/p>\n<p><img loading=\"lazy\" decoding=\"async\" alt=\"\" src=\"http:\/\/www.eltono.com\/wp-content\/gallery\/promenade3\/eltono-promenade3-19.jpg\" width=\"700\" height=\"525\" \/>En el camino de vuelta me encontr\u00e9 con esa magnifica instalaci\u00f3n de ladrillos hecha por los trabajadores que arreglaban la acera.<\/p>\n<p><img decoding=\"async\" class=\"ngg-none\" alt=\"\" src=\"http:\/\/www.eltono.com\/wp-content\/gallery\/promenade3\/eltono-promenade3-12.jpg\" \/>Una vez de vuelta a casa, verifiqu\u00e9 los apuntes.<\/p>\n<p><img decoding=\"async\" class=\"ngg-none\" alt=\"\" src=\"http:\/\/www.eltono.com\/wp-content\/gallery\/promenade3\/eltono-promenade3-13.jpg\" \/>Los interpret\u00e9 gr\u00e1ficamente.<\/p>\n<p><img decoding=\"async\" class=\"ngg-none\" alt=\"\" src=\"http:\/\/www.eltono.com\/wp-content\/gallery\/promenade3\/eltono-promenade3-14.jpg\" \/>Y gener\u00e9 un dibujo a partir de la secuencia.<\/p>\n<p><img decoding=\"async\" class=\"ngg-none\" alt=\"\" src=\"http:\/\/www.eltono.com\/wp-content\/gallery\/promenade3\/eltono-promenade3-15.jpg\" \/><br \/>\nLa piedra despu\u00e9s de 1,5 km. rodando por el asfalto.<\/p>\n<p><a href=\"http:\/\/www.eltono.com\/wp-content\/gallery\/promenade3\/eltono-promenade3-map.jpg\"><img decoding=\"async\" class=\"ngg-singlepic ngg-none\" alt=\"eltono-promenade3-map\" src=\"http:\/\/www.eltono.com\/wp-content\/gallery\/promenade3\/eltono-promenade3-map.jpg\" width=\"700\" \/><\/a>El registro GPS del recorrido (haz clic en el mapa para verlo m\u00e1s grande).<\/p>\n<p><img decoding=\"async\" class=\"ngg-none\" alt=\"\" src=\"http:\/\/www.eltono.com\/wp-content\/gallery\/promenade3\/eltono-promenade3-map-det.jpg\" \/>Detalles del registro GPS, las tres lineas en verde representan las tres veces que ande pateando la piedra.<\/p>\n<p>&gt; <a href=\"http:\/\/www.eltono.com\/es\/projects\/promenades\/\">Volver a Diario de Promenades<\/a><\/p>","protected":false},"excerpt":{"rendered":"<p>Beijing Haidianqu \u2013 \u5317\u4eac\u6d77\u6dc0\u533a 21 de noviembre 2013 De 8h51 a 13h30 (4h39min) 16,10 km. \u5f80\u897f\u8d70 (Wangxizou, yendo hacia el oeste) Salida a las 8h51. Otra forma de usar ladrillos, como pesos. Despu\u00e9s de andar un poco m\u00e1s de 4 km., me encontr\u00e9 en una calle peque\u00f1a y muy tranquila. Est\u00e1 separada por un canal &hellip; <a href=\"https:\/\/www.eltono.com\/es\/projects\/promenades\/promenade-no3\/\" class=\"more-link\">Continue reading <span class=\"screen-reader-text\">Promenade N\u00ba3<\/span><\/a><\/p>\n","protected":false},"author":1,"featured_media":0,"parent":9854,"menu_order":0,"comment_status":"closed","ping_status":"open","template":"","meta":{"ngg_post_thumbnail":0,"jetpack_post_was_ever_published":false,"footnotes":""},"categories":[],"tags":[],"class_list":["post-9902","page","type-page","status-publish","hentry"],"jetpack_sharing_enabled":true,"jetpack_shortlink":"https:\/\/wp.me\/P7sWFx-2zI","_links":{"self":[{"href":"https:\/\/www.eltono.com\/es\/wp-json\/wp\/v2\/pages\/9902","targetHints":{"allow":["GET"]}}],"collection":[{"href":"https:\/\/www.eltono.com\/es\/wp-json\/wp\/v2\/pages"}],"about":[{"href":"https:\/\/www.eltono.com\/es\/wp-json\/wp\/v2\/types\/page"}],"author":[{"embeddable":true,"href":"https:\/\/www.eltono.com\/es\/wp-json\/wp\/v2\/users\/1"}],"replies":[{"embeddable":true,"href":"https:\/\/www.eltono.com\/es\/wp-json\/wp\/v2\/comments?post=9902"}],"version-history":[{"count":50,"href":"https:\/\/www.eltono.com\/es\/wp-json\/wp\/v2\/pages\/9902\/revisions"}],"predecessor-version":[{"id":9907,"href":"https:\/\/www.eltono.com\/es\/wp-json\/wp\/v2\/pages\/9902\/revisions\/9907"}],"up":[{"embeddable":true,"href":"https:\/\/www.eltono.com\/es\/wp-json\/wp\/v2\/pages\/9854"}],"wp:attachment":[{"href":"https:\/\/www.eltono.com\/es\/wp-json\/wp\/v2\/media?parent=9902"}],"wp:term":[{"taxonomy":"category","embeddable":true,"href":"https:\/\/www.eltono.com\/es\/wp-json\/wp\/v2\/categories?post=9902"},{"taxonomy":"post_tag","embeddable":true,"href":"https:\/\/www.eltono.com\/es\/wp-json\/wp\/v2\/tags?post=9902"}],"curies":[{"name":"wp","href":"https:\/\/api.w.org\/{rel}","templated":true}]}}