{"id":9953,"date":"2013-12-22T15:41:43","date_gmt":"2013-12-22T14:41:43","guid":{"rendered":"http:\/\/www.eltono.com\/?page_id=9953"},"modified":"2015-12-26T16:25:03","modified_gmt":"2015-12-26T14:25:03","slug":"promenade-no5","status":"publish","type":"page","link":"https:\/\/www.eltono.com\/es\/projects\/promenades\/promenade-no5\/","title":{"rendered":"Promenade N\u00ba5"},"content":{"rendered":"<p>Beijing \u2013 \u5317\u4eac<br \/>\n3 de diciembre 2013<br \/>\nde 9h54 a 15h41 (5h47min)<br \/>\n18,6 km<br \/>\n\u8ddf\u968f\u62a4\u57ce\u6cb3\u7b2c\u4e00\u96c6 (siguiendo el foso, primer episodio)<\/p>\n<p><img decoding=\"async\" class=\"ngg-none\" alt=\"\" src=\"http:\/\/www.eltono.com\/wp-content\/gallery\/promenade5\/eltono-promenade5-02.jpg\" \/>Salida a las 9h54.<\/p>\n<p><img loading=\"lazy\" decoding=\"async\" alt=\"\" src=\"http:\/\/www.eltono.com\/wp-content\/gallery\/promenade5\/eltono-promenade5-23_0.jpg\" width=\"700\" height=\"525\" \/>10h37, el primer mont\u00f3n de ladrillos del d\u00eda.<\/p>\n<p><img decoding=\"async\" class=\"ngg-none\" alt=\"\" src=\"http:\/\/www.eltono.com\/wp-content\/gallery\/promenade5\/eltono-promenade5-16.jpg\" \/>A las 11h00, llegu\u00e9 al Yuan Dynasty City Wall Ruins Park (\u5143\u5927\u90fd\u57ce\u57a3\u9057\u5740\u516c\u56ed) que est\u00e1 situado aproximadamente a 2,5 km al sur de mi casa. El parque sigue el segundo foso norte. El foso fue construido durante la dinast\u00eda Yuan (1271\u20131368) y est\u00e1 acompa\u00f1ado a todo lo largo por una colina que es lo que queda de la antigua muralla que proteg\u00eda la cuidad. Le\u00ed que al la vez que estaban cavando el foso, utilizaron la tierra para edificar la muralla. Decid\u00ed caminar hacia el este siguiendo el agua.<\/p>\n<p><img loading=\"lazy\" decoding=\"async\" class=\"ngg-none\" alt=\"\" src=\"http:\/\/www.eltono.com\/wp-content\/gallery\/promenade5\/eltono-promenade5-24.jpg\" width=\"700\" height=\"525\" \/> Paseando a lo largo del r\u00edo, observ\u00e9 muchos caminos de tierra que sub\u00edan la colina. Me pareci\u00f3 un lugar interesante de explorar y decid\u00ed subir y caminar arriba.<\/p>\n<p><img decoding=\"async\" alt=\"\" src=\"http:\/\/www.eltono.com\/wp-content\/gallery\/promenade5\/eltono-promenade5-03.jpg\" \/>R\u00e1pidamente me di cuenta de que no era el \u00fanico caminando ah\u00ed arriba y de hecho alguien me estaba seguido. Baj\u00e9 de la muralla para volver a andar por la orilla del r\u00edo. M\u00e1s tarde, despu\u00e9s de observar m\u00e1s conductas extra\u00f1as en los arboles alrededor de la colina, me di cuenta que las ruinas de esa antigua muralla de la dinast\u00eda Yuan estaban utilizadas como lugar de encuentros para gays.<\/p>\n<p><img decoding=\"async\" class=\"ngg-none\" alt=\"\" src=\"http:\/\/www.eltono.com\/wp-content\/gallery\/promenade5\/eltono-promenade5-04.jpg\" \/>Despu\u00e9s de un rato, me encontr\u00e9 en un lugar donde me imagino que las fundaciones de una torre antigua fueron reconstruidas. En este punto, la muralla cruza el eje que une en linea recta la plaza de Tiananmen a la ciudad ol\u00edmpica, al norte de la capital. La parte de arriba de la torre fue arreglada en una tranquila plataforma.<\/p>\n<p><img decoding=\"async\" alt=\"\" src=\"http:\/\/www.eltono.com\/wp-content\/gallery\/promenade5\/eltono-promenade5-06.jpg\" \/>Una piedra grande se encuentra en el medio de la plataforma con unas inscripciones en antiguo chino talladas en ella (y tambi\u00e9n unos graffitis en chino contempor\u00e1neo escritos por encima).<\/p>\n<p><img decoding=\"async\" class=\"ngg-none\" alt=\"\" src=\"http:\/\/www.eltono.com\/wp-content\/gallery\/promenade5\/eltono-promenade5-05.jpg\" \/>A unos metros de la piedra, en un arbusto, not\u00e9 los restos de una pegatina. En ella estaba escrita la palabra \u201cjustice\u201d.<\/p>\n<p><img decoding=\"async\" class=\"ngg-none\" alt=\"\" src=\"http:\/\/www.eltono.com\/wp-content\/gallery\/promenade5\/eltono-promenade5-07.jpg\" \/>La pegatina pegaba todav\u00eda y pens\u00e9 inmediatamente en un lugar donde colocarla.<\/p>\n<p><img decoding=\"async\" class=\"ngg-none\" alt=\"\" src=\"http:\/\/www.eltono.com\/wp-content\/gallery\/promenade5\/eltono-promenade5-08.jpg\" \/>Me pareci\u00f3 divertid\u00edsimo transformar esta piedra en un monumento a la justicia&#8230;<\/p>\n<p><img decoding=\"async\" class=\"ngg-none\" alt=\"\" src=\"http:\/\/www.eltono.com\/wp-content\/gallery\/promenade5\/eltono-promenade5-09.jpg\" \/>&#8230; en China.<\/p>\n<p><img decoding=\"async\" class=\"ngg-none\" alt=\"\" src=\"http:\/\/www.eltono.com\/wp-content\/gallery\/promenade5\/eltono-promenade5-10.jpg\" \/>Me re\u00ed un rato y camin\u00e9 de vuelta hacia el parque m\u00e1s abajo.<\/p>\n<p><img loading=\"lazy\" decoding=\"async\" alt=\"\" src=\"http:\/\/www.eltono.com\/wp-content\/gallery\/promenade5\/eltono-promenade5-26.jpg\" width=\"700\" height=\"525\" \/>Encontr\u00e9 esa roca dentro de un recipiente de pl\u00e1stico. Podr\u00eda ser de alguien que da comida a los animales y la roca sirve probablemente para evitar que los de la limpieza se lo lleven.<\/p>\n<p><img loading=\"lazy\" decoding=\"async\" alt=\"\" src=\"http:\/\/www.eltono.com\/wp-content\/gallery\/promenade5\/eltono-promenade5-28.jpg\" width=\"700\" height=\"525\" \/>M\u00e1s actividad de alimentaci\u00f3n de animales. Este ejemplo tiene una est\u00e9tica muy interesante. Me sirvi\u00f3 de inspiraci\u00f3n durante <a href=\"http:\/\/www.eltono.com\/es\/projects\/promenades\/promenade-no7\/#animalfeederp7\"><em>Promenade #7<\/em><\/a>.<\/p>\n<p><img decoding=\"async\" class=\"ngg-none\" alt=\"\" src=\"http:\/\/www.eltono.com\/wp-content\/gallery\/promenade5\/eltono-promenade5-17.jpg\" \/>En un estanque vac\u00edo, encontr\u00e9 un mont\u00f3n de hojas que hab\u00edan sido empujadas hacia un lado por el viento.<\/p>\n<p><img decoding=\"async\" class=\"ngg-none\" alt=\"\" src=\"http:\/\/www.eltono.com\/wp-content\/gallery\/promenade5\/eltono-promenade5-18.jpg\" \/>Decid\u00ed dibujar la gran muralla con las hojas y no funcion\u00f3 para nada.<\/p>\n<p><a name=\"greenlinep5\"><\/a><img decoding=\"async\" class=\"ngg-none\" alt=\"\" src=\"http:\/\/www.eltono.com\/wp-content\/gallery\/promenade5\/eltono-promenade5-11.jpg\" \/>A las 13h13, empec\u00e9 a andar de vuelta hacia casa. Despu\u00e9s de unos kil\u00f3metros, esperando en un sem\u00e1foro para cruzar la calle, jugu\u00e9 otra vez con unas hojas en el suelo. Esta vez, simplemente dibuj\u00e9 una linea; aunque esta vez el resultado fue bastante insignificante, se volver\u00e1 m\u00e1s interesante en su tercer intento durante <a href=\"http:\/\/www.eltono.com\/es\/projects\/promenades\/promenade-no6\/#greenlinep6\"><em>Promenade #6<\/em><\/a>.<\/p>\n<p><img loading=\"lazy\" decoding=\"async\" alt=\"\" src=\"http:\/\/www.eltono.com\/wp-content\/gallery\/promenade5\/eltono-promenade5-25.jpg\" width=\"700\" height=\"525\" \/>Un ladrillo escondido en un arbusto.<\/p>\n<p><img loading=\"lazy\" decoding=\"async\" alt=\"\" src=\"http:\/\/www.eltono.com\/wp-content\/gallery\/promenade5\/eltono-promenade5-27.jpg\" width=\"700\" height=\"525\" \/>Me hubiera encantado ser el autor de esta instalaci\u00f3n. Una piedra bastante guapa, por cierto.<\/p>\n<p><img decoding=\"async\" class=\"ngg-none\" alt=\"\" src=\"http:\/\/www.eltono.com\/wp-content\/gallery\/promenade5\/eltono-promenade5-12.jpg\" \/>Vi unos carteles por el camino y empec\u00e9 instintivamente a recogerlos.<\/p>\n<p><a name=\"billsp5\"><\/a><img decoding=\"async\" class=\"ngg-none\" alt=\"\" src=\"http:\/\/www.eltono.com\/wp-content\/gallery\/promenade5\/eltono-promenade5-13.jpg\" \/>Los puse todos juntos en un pilar debajo de una pasarela peatonal.<\/p>\n<p><img decoding=\"async\" class=\"ngg-none\" alt=\"\" src=\"http:\/\/www.eltono.com\/wp-content\/gallery\/promenade5\/eltono-promenade5-14.jpg\" \/><\/p>\n<p><img decoding=\"async\" alt=\"\" src=\"http:\/\/www.eltono.com\/wp-content\/gallery\/promenade5\/eltono-promenade5-19.jpg\" width=\"700\" \/>Hasta la fecha es el mejor resultado que he obtenido con ese experimento de desinstalaci\u00f3n-reinstalaci\u00f3n de carteles.<\/p>\n<p><img loading=\"lazy\" decoding=\"async\" alt=\"\" src=\"http:\/\/www.eltono.com\/wp-content\/gallery\/promenade5\/eltono-promenade5-20.jpg\" width=\"700\" height=\"525\" \/><\/p>\n<p><img loading=\"lazy\" decoding=\"async\" alt=\"\" src=\"http:\/\/www.eltono.com\/wp-content\/gallery\/promenade5\/eltono-promenade5-21.jpg\" width=\"700\" height=\"525\" \/>M\u00e1s ejemplos de ese experimento <a href=\"http:\/\/www.eltono.com\/es\/projects\/promenades\/promenade-no2\/\">aqu\u00ed<\/a> (Promenade #2) y <a href=\"http:\/\/www.eltono.com\/es\/projects\/promenades\/promenade-no7\/#billsp7\">aqu\u00ed<\/a> (Promenade #7).<\/p>\n<p><img loading=\"lazy\" decoding=\"async\" alt=\"\" src=\"http:\/\/www.eltono.com\/wp-content\/gallery\/promenade5\/eltono-promenade5-22.jpg\" width=\"700\" height=\"525\" \/><\/p>\n<p><img decoding=\"async\" class=\"ngg-none\" alt=\"\" src=\"http:\/\/www.eltono.com\/wp-content\/gallery\/promenade5\/eltono-promenade5-15.jpg\" \/>Despu\u00e9s de casi 6 horas andando, estaba finalmente de vuelta a casa.<\/p>\n<p><a href=\"http:\/\/www.eltono.com\/wp-content\/gallery\/promenade5\/eltono-mapa-promenade5.jpg\"><img decoding=\"async\" class=\"ngg-singlepic ngg-none\" alt=\"eltono-mapa-promenade5\" src=\"http:\/\/www.eltono.com\/wp-content\/gallery\/promenade5\/eltono-mapa-promenade5.jpg\" width=\"700\" \/><\/a>El registro GPS del recorrido (haz clic en el mapa para verlo m\u00e1s grande).<\/p>\n<p>&gt; <a href=\"http:\/\/www.eltono.com\/es\/projects\/promenades\/\">Volver a Diario de Promenades<\/a><\/p>","protected":false},"excerpt":{"rendered":"<p>Beijing \u2013 \u5317\u4eac 3 de diciembre 2013 de 9h54 a 15h41 (5h47min) 18,6 km \u8ddf\u968f\u62a4\u57ce\u6cb3\u7b2c\u4e00\u96c6 (siguiendo el foso, primer episodio) Salida a las 9h54. 10h37, el primer mont\u00f3n de ladrillos del d\u00eda. A las 11h00, llegu\u00e9 al Yuan Dynasty City Wall Ruins Park (\u5143\u5927\u90fd\u57ce\u57a3\u9057\u5740\u516c\u56ed) que est\u00e1 situado aproximadamente a 2,5 km al sur de mi &hellip; <a href=\"https:\/\/www.eltono.com\/es\/projects\/promenades\/promenade-no5\/\" class=\"more-link\">Continue reading <span class=\"screen-reader-text\">Promenade N\u00ba5<\/span><\/a><\/p>\n","protected":false},"author":1,"featured_media":0,"parent":9854,"menu_order":0,"comment_status":"closed","ping_status":"open","template":"","meta":{"ngg_post_thumbnail":0,"jetpack_post_was_ever_published":false,"footnotes":""},"categories":[],"tags":[],"class_list":["post-9953","page","type-page","status-publish","hentry"],"jetpack_sharing_enabled":true,"jetpack_shortlink":"https:\/\/wp.me\/P7sWFx-2Ax","_links":{"self":[{"href":"https:\/\/www.eltono.com\/es\/wp-json\/wp\/v2\/pages\/9953","targetHints":{"allow":["GET"]}}],"collection":[{"href":"https:\/\/www.eltono.com\/es\/wp-json\/wp\/v2\/pages"}],"about":[{"href":"https:\/\/www.eltono.com\/es\/wp-json\/wp\/v2\/types\/page"}],"author":[{"embeddable":true,"href":"https:\/\/www.eltono.com\/es\/wp-json\/wp\/v2\/users\/1"}],"replies":[{"embeddable":true,"href":"https:\/\/www.eltono.com\/es\/wp-json\/wp\/v2\/comments?post=9953"}],"version-history":[{"count":81,"href":"https:\/\/www.eltono.com\/es\/wp-json\/wp\/v2\/pages\/9953\/revisions"}],"predecessor-version":[{"id":9956,"href":"https:\/\/www.eltono.com\/es\/wp-json\/wp\/v2\/pages\/9953\/revisions\/9956"}],"up":[{"embeddable":true,"href":"https:\/\/www.eltono.com\/es\/wp-json\/wp\/v2\/pages\/9854"}],"wp:attachment":[{"href":"https:\/\/www.eltono.com\/es\/wp-json\/wp\/v2\/media?parent=9953"}],"wp:term":[{"taxonomy":"category","embeddable":true,"href":"https:\/\/www.eltono.com\/es\/wp-json\/wp\/v2\/categories?post=9953"},{"taxonomy":"post_tag","embeddable":true,"href":"https:\/\/www.eltono.com\/es\/wp-json\/wp\/v2\/tags?post=9953"}],"curies":[{"name":"wp","href":"https:\/\/api.w.org\/{rel}","templated":true}]}}