{"id":22672,"date":"2022-10-11T16:37:31","date_gmt":"2022-10-11T14:37:31","guid":{"rendered":"https:\/\/www.eltono.com\/?post_type=product&#038;p=22672"},"modified":"2022-10-11T21:15:18","modified_gmt":"2022-10-11T19:15:18","slug":"dma_nb-2","status":"publish","type":"product","link":"https:\/\/www.eltono.com\/es\/boutique\/product\/dma_nb-2\/","title":{"rendered":"DMA_nb #2"},"content":{"rendered":"<p><em><strong>DMA, Dessins M\u00e9caniques Al\u00e9atoires<\/strong><\/em> (Dibujos Mec\u00e1nicos Aleatorios)<\/p>\n<p>Tinta de archivo sobre papel Canson Montval 300 g. libre de \u00e1cido.<\/p>\n<p>Los dibujos <em><strong>DMA_nb <\/strong><\/em>son generados aleatoriamente con Processing siguiendo mi protocolo <strong>RG_nb<\/strong> que crea una cuadricula din\u00e1mica y rellena cada casilla con una forma geom\u00e9trica. Para cada forma, su posici\u00f3n, su rotaci\u00f3n y su trama son aleatorias. Procesando esos par\u00e1metros, el programa crea una imagen aleatoria \u00fanica que se manda a una Axidraw para trazarla sobre papel con un rotulador. La serie tiene un m\u00e1ximo de 111 dibujos.<\/p>\n<p>ngg_shortcode_2_placeholder<\/p>","protected":false},"excerpt":{"rendered":"<p><strong>Protocolo P:RG_nb<\/strong> con linea de 0,45 mm.<\/p>\n<p>Dibujos Mec\u00e1nicos Aleatorios, tinta negra, 15,2 x 24 cm (6 x 9.4 pulgadas).<br \/>\nTinta de archivo sobre papel Canson Montval 300 g. (libre de \u00e1cido).<br \/>\nSerie de monotipos de 111 iteraciones, cada dibujo es \u00fanico.<\/p>\n","protected":false},"featured_media":22674,"template":"","meta":{"ngg_post_thumbnail":0,"jetpack_post_was_ever_published":false,"jetpack_publicize_message":"","jetpack_publicize_feature_enabled":true,"jetpack_social_post_already_shared":true,"jetpack_social_options":{"image_generator_settings":{"template":"highway","default_image_id":0,"font":"","enabled":false},"version":2}},"product_brand":[],"product_cat":[325,351],"product_tag":[326,352],"class_list":{"0":"post-22672","1":"product","2":"type-product","3":"status-publish","4":"has-post-thumbnail","6":"product_cat-dma","7":"product_cat-nb","8":"product_tag-dma","9":"product_tag-dmanb","11":"first","12":"outofstock","13":"shipping-taxable","14":"purchasable","15":"product-type-simple"},"jetpack_publicize_connections":[],"jetpack_sharing_enabled":true,"_links":{"self":[{"href":"https:\/\/www.eltono.com\/es\/wp-json\/wp\/v2\/product\/22672","targetHints":{"allow":["GET"]}}],"collection":[{"href":"https:\/\/www.eltono.com\/es\/wp-json\/wp\/v2\/product"}],"about":[{"href":"https:\/\/www.eltono.com\/es\/wp-json\/wp\/v2\/types\/product"}],"wp:featuredmedia":[{"embeddable":true,"href":"https:\/\/www.eltono.com\/es\/wp-json\/wp\/v2\/media\/22674"}],"wp:attachment":[{"href":"https:\/\/www.eltono.com\/es\/wp-json\/wp\/v2\/media?parent=22672"}],"wp:term":[{"taxonomy":"product_brand","embeddable":true,"href":"https:\/\/www.eltono.com\/es\/wp-json\/wp\/v2\/product_brand?post=22672"},{"taxonomy":"product_cat","embeddable":true,"href":"https:\/\/www.eltono.com\/es\/wp-json\/wp\/v2\/product_cat?post=22672"},{"taxonomy":"product_tag","embeddable":true,"href":"https:\/\/www.eltono.com\/es\/wp-json\/wp\/v2\/product_tag?post=22672"}],"curies":[{"name":"wp","href":"https:\/\/api.w.org\/{rel}","templated":true}]}}