{"id":23646,"date":"2023-11-18T14:34:41","date_gmt":"2023-11-18T13:34:41","guid":{"rendered":"https:\/\/www.eltono.com\/?post_type=product&#038;p=23646"},"modified":"2023-11-30T21:02:07","modified_gmt":"2023-11-30T20:02:07","slug":"dma_eq-26-8-23xl-ap42x65","status":"publish","type":"product","link":"https:\/\/www.eltono.com\/es\/boutique\/product\/dma_eq-26-8-23xl-ap42x65\/","title":{"rendered":"DMA_eq 26\/8\/23XL AP(42&#215;65)"},"content":{"rendered":"<p><\/p>\n<h1><em><strong>EQVILIBRIVM<\/strong><\/em><\/h1>\n<p><em><strong>DMA, Dessins M\u00e9caniques Al\u00e9atoires<br \/>\n<\/strong><\/em>(Dibujos Mec\u00e1nicos Aleatorios)<\/p>\n<p>Tinta de archivo sobre impresi\u00f3n gicl\u00e9e. Papel &#8220;\u00e0 grain&#8221; 200g.<\/p>\n<p>Los dibujos <strong>DMA_eq<\/strong> se generan de manera aleatoria siguiendo el protocolo <strong>RG_eq<\/strong>. Para crear los dibujos, utilizo dos m\u00e1quinas: una trazadora de gran formato y una CNC. El protocolo funciona de la siguiente manera:<\/p>\n<p>\u2013 Un script P5JS genera un degradado aleatorio utilizando 2, 3 o 4 colores.<br \/>\n\u2013 Un segundo script P5JS crea una cuadr\u00edcula din\u00e1mica\/irregular y llena cada celda con una forma geom\u00e9trica. Para cada forma, la posici\u00f3n, la rotaci\u00f3n y la trama se eligen al azar. Utilizo 6 tipos de tramas diferentes: 0\u00b0, 90\u00b0, 45\u00b0, -45\u00b0, cruzada 0\/90\u00b0 y cruzada 45\/-45\u00b0.<br \/>\n\u2013 En Inkscape, el degradado se recorta en el fondo de cada una de las formas.<br \/>\n\u2013 El degradado recortado se imprime con la trazadora.<br \/>\n\u2013 Dependiendo del tama\u00f1o del dibujo, la trama se env\u00eda a la Axidraw o a la CNC y se traza con un rotulador encima del degradado.<\/p>\n<p>Existen diferentes tama\u00f1os: 16&#215;24 cm, 33&#215;50 cm y 40&#215;65 cm (6.3&#215;9.4 pulgadas, 13&#215;19.6 pulgadas y 15.7&#215;25.6 pulgadas).<\/p>\n<p>Fotos del proceso:<\/p>\n<p>ngg_shortcode_2_placeholderVideo por Romain Baudry:<\/p>\n<p><iframe loading=\"lazy\" title=\"YouTube video player\" src=\"https:\/\/www.youtube.com\/embed\/g-1hBnhg1Qo?si=u2-8ff-3_cbGhE2K\" width=\"560\" height=\"315\" frameborder=\"0\" allowfullscreen=\"allowfullscreen\"><\/iframe><\/p>","protected":false},"excerpt":{"rendered":"<p><strong>Protocolo P:RG_eq<br \/>\n<\/strong>con linea de 0,45 mm<\/p>\n<p>Dibujos Mec\u00e1nicos Aleatorios, 42&#215;65 cm (16.5&#215;25.6 pulgadas).<br \/>\nTinta de archivo sobre impresi\u00f3n gicl\u00e9e. Papel &#8220;\u00e0 grain&#8221; 200g.<br \/>\nSerie de monotipos, cada dibujo es \u00fanico.<\/p>\n","protected":false},"featured_media":23672,"template":"","meta":{"ngg_post_thumbnail":0,"jetpack_post_was_ever_published":false,"jetpack_publicize_message":"","jetpack_publicize_feature_enabled":true,"jetpack_social_post_already_shared":true,"jetpack_social_options":{"image_generator_settings":{"template":"highway","default_image_id":0,"font":"","enabled":false},"version":2}},"product_brand":[],"product_cat":[325,355,359],"product_tag":[],"class_list":{"0":"post-23646","1":"product","2":"type-product","3":"status-publish","4":"has-post-thumbnail","6":"product_cat-dma","7":"product_cat-eq","8":"product_cat-xl-dma","10":"first","11":"instock","12":"shipping-taxable","13":"purchasable","14":"product-type-simple"},"jetpack_publicize_connections":[],"jetpack_sharing_enabled":true,"_links":{"self":[{"href":"https:\/\/www.eltono.com\/es\/wp-json\/wp\/v2\/product\/23646","targetHints":{"allow":["GET"]}}],"collection":[{"href":"https:\/\/www.eltono.com\/es\/wp-json\/wp\/v2\/product"}],"about":[{"href":"https:\/\/www.eltono.com\/es\/wp-json\/wp\/v2\/types\/product"}],"wp:featuredmedia":[{"embeddable":true,"href":"https:\/\/www.eltono.com\/es\/wp-json\/wp\/v2\/media\/23672"}],"wp:attachment":[{"href":"https:\/\/www.eltono.com\/es\/wp-json\/wp\/v2\/media?parent=23646"}],"wp:term":[{"taxonomy":"product_brand","embeddable":true,"href":"https:\/\/www.eltono.com\/es\/wp-json\/wp\/v2\/product_brand?post=23646"},{"taxonomy":"product_cat","embeddable":true,"href":"https:\/\/www.eltono.com\/es\/wp-json\/wp\/v2\/product_cat?post=23646"},{"taxonomy":"product_tag","embeddable":true,"href":"https:\/\/www.eltono.com\/es\/wp-json\/wp\/v2\/product_tag?post=23646"}],"curies":[{"name":"wp","href":"https:\/\/api.w.org\/{rel}","templated":true}]}}