{"id":10521,"date":"2014-02-14T14:57:29","date_gmt":"2014-02-14T13:57:29","guid":{"rendered":"http:\/\/www.eltono.com\/?page_id=10521"},"modified":"2015-12-26T16:25:03","modified_gmt":"2015-12-26T14:25:03","slug":"promenade-no10","status":"publish","type":"page","link":"https:\/\/www.eltono.com\/fr\/projects\/promenades\/promenade-no10\/","title":{"rendered":"Promenade N\u00ba10"},"content":{"rendered":"<p class=\"qtranxs-available-languages-message qtranxs-available-languages-message-fr\">D\u00e9sol\u00e9, cet article n'est pas encore disponible en fran\u00e7ais.<br>En attendant, vous pouvez toujours le lire en <a href=\"https:\/\/www.eltono.com\/en\/wp-json\/wp\/v2\/pages\/10521\" class=\"qtranxs-available-language-link qtranxs-available-language-link-en\" title=\"English\">English<\/a> ou en <a href=\"https:\/\/www.eltono.com\/es\/wp-json\/wp\/v2\/pages\/10521\" class=\"qtranxs-available-language-link qtranxs-available-language-link-es\" title=\"Espa\u00f1ol\">Espa\u00f1ol<\/a>. For the sake of viewer convenience, the content is shown below in this site default language. You may click one of the links to switch the site language to another available language.<\/p><p>Beijing Chongwenqu &#8211; \u5317\u4eac\u5d07\u6587\u533a<br \/>\nJanuary 16th 2014<br \/>\nFrom 12h33 to 18h05 (5h32min)<br \/>\n10,6 km.<br \/>\n\u8ddf\u968f\u5357\u62a4\u57ce\u6cb3 (Following the south moat)<\/p>\n<p><img decoding=\"async\" class=\"ngg-none\" alt=\"eltono-promenade10-01\" src=\"http:\/\/www.eltono.com\/wp-content\/gallery\/promenade10\/eltono-promenade10-01.jpg\" \/>Departure at 11h35. A day with an especially high level of pollution.<\/p>\n<p><img decoding=\"async\" class=\"ngg-none\" alt=\"eltono-promenade10-01\" src=\"http:\/\/www.eltono.com\/wp-content\/gallery\/promenade10\/eltono-promenade10-02.jpg\" \/>PM2,5 index at 403, when the World Heath Organization says that an index over 25 is dangerous. A perfect day for a walk!<\/p>\n<p><img decoding=\"async\" class=\"ngg-none\" alt=\"eltono-promenade10-01\" src=\"http:\/\/www.eltono.com\/wp-content\/gallery\/promenade10\/eltono-promenade10-03.jpg\" \/>Even inside the subway you could notice the haze.<\/p>\n<p><img decoding=\"async\" class=\"ngg-none\" alt=\"eltono-promenade10-01\" src=\"http:\/\/www.eltono.com\/wp-content\/gallery\/promenade10\/eltono-promenade10-04.jpg\" \/>I took the subway to Beijingzhan (\u5317\u4eac\u7ad9) the capital&#8217;s main train station, situated south-east from downtown. I started to walk from there because my idea was to explore the area around the great south moat which, like the two other moats at the north, was part of the old city&#8217;s fortifications.<\/p>\n<p><img decoding=\"async\" class=\"ngg-none\" alt=\"eltono-promenade10-01\" src=\"http:\/\/www.eltono.com\/wp-content\/gallery\/promenade10\/eltono-promenade10-05.jpg\" \/>I arrived at the station, it was a few days before Chunjie (\u6625\u8282), the Chinese New Year and also the period of time with the largest annual human migration\u00a0in the world &#8211; more than 3,5 billion trips predicted during 40 days for 2014.<\/p>\n<p><img decoding=\"async\" class=\"ngg-none\" alt=\"eltono-promenade10-01\" src=\"http:\/\/www.eltono.com\/wp-content\/gallery\/promenade10\/eltono-promenade10-06.jpg\" \/>And it had not started yet.<\/p>\n<p><img decoding=\"async\" class=\"ngg-none\" alt=\"eltono-promenade10-01\" src=\"http:\/\/www.eltono.com\/wp-content\/gallery\/promenade10\/eltono-promenade10-08.jpg\" \/><\/p>\n<p><img decoding=\"async\" class=\"ngg-none\" alt=\"eltono-promenade10-01\" src=\"http:\/\/www.eltono.com\/wp-content\/gallery\/promenade10\/eltono-promenade10-09.jpg\" \/>A couple of brooms ready to be used.<\/p>\n<p><img decoding=\"async\" class=\"ngg-none\" alt=\"eltono-promenade10-01\" src=\"http:\/\/www.eltono.com\/wp-content\/gallery\/promenade10\/eltono-promenade10-10.jpg\" \/>A few hundreds meters east from the station, in a park, you can still see remains of the old city wall.<\/p>\n<p><img decoding=\"async\" class=\"ngg-none\" alt=\"eltono-promenade10-01\" src=\"http:\/\/www.eltono.com\/wp-content\/gallery\/promenade10\/eltono-promenade10-11.jpg\" \/>While I was looking for a way to access the moat, I came across this stairway full of cement blocks.<\/p>\n<p><img decoding=\"async\" class=\"ngg-none\" alt=\"eltono-promenade10-01\" src=\"http:\/\/www.eltono.com\/wp-content\/gallery\/promenade10\/eltono-promenade10-12.jpg\" \/>I found more blocks against a nearby wall. I decided to collect them all.<\/p>\n<p><img decoding=\"async\" class=\"ngg-none\" alt=\"eltono-promenade10-01\" src=\"http:\/\/www.eltono.com\/wp-content\/gallery\/promenade10\/eltono-promenade10-13.jpg\" \/>I arranged them altogether to build a stairway on top of the stairway.<\/p>\n<p><img decoding=\"async\" class=\"ngg-none\" alt=\"eltono-promenade10-01\" src=\"http:\/\/www.eltono.com\/wp-content\/gallery\/promenade10\/eltono-promenade10-14.jpg\" \/><\/p>\n<p><img decoding=\"async\" class=\"ngg-none\" alt=\"eltono-promenade10-01\" src=\"http:\/\/www.eltono.com\/wp-content\/gallery\/promenade10\/eltono-promenade10-15.jpg\" \/><\/p>\n<p><img decoding=\"async\" class=\"ngg-none\" alt=\"eltono-promenade10-01\" src=\"http:\/\/www.eltono.com\/wp-content\/gallery\/promenade10\/eltono-promenade10-17.jpg\" \/>Usually, when I notice bricks, wood blocks or cinderblock in a stairway they are used to facilitate the access of a vehicle. Here, the stairway was so high that this was obviously not the case. I don&#8217;t know why there were so many blocks in the middle of the steps but it seemed as though they were asking to be organized so I took advantage and made the stairway even higher.<\/p>\n<p><img decoding=\"async\" class=\"ngg-none\" alt=\"eltono-promenade10-01\" src=\"http:\/\/www.eltono.com\/wp-content\/gallery\/promenade10\/eltono-promenade10-19.jpg\" \/>Dongbianmen, the old city wall south-east corner door.<\/p>\n<p><img decoding=\"async\" class=\"ngg-none\" alt=\"eltono-promenade10-01\" src=\"http:\/\/www.eltono.com\/wp-content\/gallery\/promenade10\/eltono-promenade10-20.jpg\" \/>When the Tonghui river (\u901a\u60e0\u6cb3) &#8211; which comes from the east &#8211; arrives at Dongbianmen, it makes a turn to the south and at this point becomes the south moat (\u5357\u62a4\u57ce\u6cb3).<\/p>\n<p><img decoding=\"async\" class=\"ngg-none\" alt=\"eltono-promenade10-01\" src=\"http:\/\/www.eltono.com\/wp-content\/gallery\/promenade10\/eltono-promenade10-21.jpg\" \/>At this point, different train lines and highway overpasses tangle together across the moat.<\/p>\n<p><img decoding=\"async\" class=\"ngg-none\" alt=\"eltono-promenade10-01\" src=\"http:\/\/www.eltono.com\/wp-content\/gallery\/promenade10\/eltono-promenade10-22.jpg\" \/>Under one of these bridges, I noticed a singular metal ladder moving up first along a diagonal line and then, after three steps, along a vertical one in two distinct sections.<\/p>\n<p><img decoding=\"async\" class=\"ngg-none\" alt=\"eltono-promenade10-01\" src=\"http:\/\/www.eltono.com\/wp-content\/gallery\/promenade10\/eltono-promenade10-23.jpg\" \/>I looked for a limestone (I am experienced now and find them easily) and I started to join the steps.<\/p>\n<p><img decoding=\"async\" class=\"ngg-none\" alt=\"eltono-promenade10-01\" src=\"http:\/\/www.eltono.com\/wp-content\/gallery\/promenade10\/eltono-promenade10-24.jpg\" \/>What I was not expecting was that from far away the lines would create a 3D effect.<\/p>\n<p><img decoding=\"async\" class=\"ngg-none\" alt=\"eltono-promenade10-01\" src=\"http:\/\/www.eltono.com\/wp-content\/gallery\/promenade10\/eltono-promenade10-25.jpg\" \/><\/p>\n<p><img decoding=\"async\" class=\"ngg-none\" alt=\"eltono-promenade10-01\" src=\"http:\/\/www.eltono.com\/wp-content\/gallery\/promenade10\/eltono-promenade10-26.jpg\" \/><\/p>\n<p><img decoding=\"async\" class=\"ngg-none\" alt=\"eltono-promenade10-01\" src=\"http:\/\/www.eltono.com\/wp-content\/gallery\/promenade10\/eltono-promenade10-27.jpg\" \/><\/p>\n<p><img decoding=\"async\" class=\"ngg-none\" alt=\"eltono-promenade10-01\" src=\"http:\/\/www.eltono.com\/wp-content\/gallery\/promenade10\/eltono-promenade10-28.jpg\" \/><\/p>\n<p><img decoding=\"async\" class=\"ngg-none\" alt=\"eltono-promenade10-01\" src=\"http:\/\/www.eltono.com\/wp-content\/gallery\/promenade10\/eltono-promenade10-29.jpg\" \/>I kept on walking along the moat and I entered the core of the traffic knot.<\/p>\n<p><img decoding=\"async\" alt=\"eltono-promenade10-01\" src=\"http:\/\/www.eltono.com\/wp-content\/gallery\/promenade10\/eltono-promenade10-31.jpg\" \/>Under a highway overpass, the moat turns toward the south.<\/p>\n<p><img decoding=\"async\" alt=\"eltono-promenade10-01\" src=\"http:\/\/www.eltono.com\/wp-content\/gallery\/promenade10\/eltono-promenade10-30.jpg\" \/>On one side of the path, a wall was erected to separate the walkway from the residual space created under the bridge. A big part of this space was occupied by shelters that people had built using the hexagonal blocks from the wall.<\/p>\n<p><img decoding=\"async\" alt=\"eltono-promenade10-01\" src=\"http:\/\/www.eltono.com\/wp-content\/gallery\/promenade10\/eltono-promenade10-32.jpg\" \/>Since the first experiment, drawing with limestone produced a 3D effect, I decided to continue the trend and transformed the hexagons of the wall into cubes.<\/p>\n<p><img decoding=\"async\" class=\"ngg-none\" alt=\"eltono-promenade10-01\" src=\"http:\/\/www.eltono.com\/wp-content\/gallery\/promenade10\/eltono-promenade10-33.jpg\" \/><\/p>\n<p><img decoding=\"async\" class=\"ngg-none\" alt=\"eltono-promenade10-01\" src=\"http:\/\/www.eltono.com\/wp-content\/gallery\/promenade10\/eltono-promenade10-35.jpg\" \/><\/p>\n<p><img decoding=\"async\" class=\"ngg-none\" alt=\"eltono-promenade10-01\" src=\"http:\/\/www.eltono.com\/wp-content\/gallery\/promenade10\/eltono-promenade10-36.jpg\" \/><\/p>\n<p><img decoding=\"async\" class=\"ngg-none\" alt=\"eltono-promenade10-01\" src=\"http:\/\/www.eltono.com\/wp-content\/gallery\/promenade10\/eltono-promenade10-38.jpg\" \/>Half an hour later, I finished and went back walking south.<\/p>\n<p><img decoding=\"async\" class=\"ngg-none\" alt=\"eltono-promenade10-01\" src=\"http:\/\/www.eltono.com\/wp-content\/gallery\/promenade10\/eltono-promenade10-39.jpg\" \/>An alternative exit.<\/p>\n<p><img decoding=\"async\" class=\"ngg-none\" alt=\"eltono-promenade10-01\" src=\"http:\/\/www.eltono.com\/wp-content\/gallery\/promenade10\/eltono-promenade10-40.jpg\" \/>I took a picture of this very inspiring detail.<\/p>\n<p><img decoding=\"async\" class=\"ngg-none\" alt=\"eltono-promenade10-01\" src=\"http:\/\/www.eltono.com\/wp-content\/gallery\/promenade10\/eltono-promenade10-41.jpg\" \/>And I found this monument.<\/p>\n<p><img decoding=\"async\" class=\"ngg-none\" alt=\"eltono-promenade10-01\" src=\"http:\/\/www.eltono.com\/wp-content\/gallery\/promenade10\/eltono-promenade10-42.jpg\" \/>I looked at it from every angle but couldn&#8217;t understand. It looked like a stairway but the steps were too small. The remains of an old ramp to slide boats down to the water? Was the manhole added after? Could be, but I couldn&#8217;t see any newer junction in the concrete. I have no idea, I don&#8217;t understand why this monument was constructed but what I understand less is why it ended up like this, with the bottom-right part deviated. I don&#8217;t know which of the two elements was built first, the ramp or the manhole, but what I really don&#8217;t understand is why they couldn&#8217;t build them half a meter aside to avoid having to deviate the ramp.<\/p>\n<p><img decoding=\"async\" class=\"ngg-none\" alt=\"eltono-promenade10-01\" src=\"http:\/\/www.eltono.com\/wp-content\/gallery\/promenade10\/eltono-promenade10-43.jpg\" \/>Immediately, I wanted to highlight this strange cut. I put some small wood sticks to mark the line following the cut.<\/p>\n<p><img decoding=\"async\" class=\"ngg-none\" alt=\"eltono-promenade10-01\" src=\"http:\/\/www.eltono.com\/wp-content\/gallery\/promenade10\/eltono-promenade10-44.jpg\" \/>It was not visible enough and I couldn&#8217;t use any limestone because the central part was out of my reach.<\/p>\n<p><img decoding=\"async\" class=\"ngg-none\" alt=\"eltono-promenade10-01\" src=\"http:\/\/www.eltono.com\/wp-content\/gallery\/promenade10\/eltono-promenade10-46.jpg\" \/>I found a red ribbon in the grass nearby.<\/p>\n<p><img decoding=\"async\" class=\"ngg-none\" alt=\"eltono-promenade10-01\" src=\"http:\/\/www.eltono.com\/wp-content\/gallery\/promenade10\/eltono-promenade10-47.jpg\" \/><\/p>\n<p><img decoding=\"async\" class=\"ngg-none\" alt=\"eltono-promenade10-01\" src=\"http:\/\/www.eltono.com\/wp-content\/gallery\/promenade10\/eltono-promenade10-48.jpg\" \/><br \/>\nI marked the line with the ribbon and a rock.<\/p>\n<p><img decoding=\"async\" class=\"ngg-none\" alt=\"eltono-promenade10-01\" src=\"http:\/\/www.eltono.com\/wp-content\/gallery\/promenade10\/eltono-promenade10-49.jpg\" \/>You cannot really see it in the picture but in reality the line was very visible.<\/p>\n<p><img decoding=\"async\" class=\"ngg-none\" alt=\"eltono-promenade10-01\" src=\"http:\/\/www.eltono.com\/wp-content\/gallery\/promenade10\/eltono-promenade10-50.jpg\" \/>Still, I thought it would be better to mark the width of the line.<\/p>\n<p><img decoding=\"async\" alt=\"eltono-promenade10-01\" src=\"http:\/\/www.eltono.com\/wp-content\/gallery\/promenade10\/eltono-promenade10-45.jpg\" \/>I collected some containers.<\/p>\n<p><img decoding=\"async\" class=\"ngg-none\" alt=\"eltono-promenade10-01\" src=\"http:\/\/www.eltono.com\/wp-content\/gallery\/promenade10\/eltono-promenade10-51.jpg\" \/>Brought them to the water.<\/p>\n<p><img decoding=\"async\" class=\"ngg-none\" alt=\"eltono-promenade10-01\" src=\"http:\/\/www.eltono.com\/wp-content\/gallery\/promenade10\/eltono-promenade10-52.jpg\" \/>I broke the ice and filled the containers.<\/p>\n<p><img decoding=\"async\" class=\"ngg-none\" alt=\"eltono-promenade10-01\" src=\"http:\/\/www.eltono.com\/wp-content\/gallery\/promenade10\/eltono-promenade10-53.jpg\" \/>I threw the water trying to follow the red ribbon.<\/p>\n<p><img decoding=\"async\" class=\"ngg-none\" alt=\"eltono-promenade10-01\" src=\"http:\/\/www.eltono.com\/wp-content\/gallery\/promenade10\/eltono-promenade10-54.jpg\" \/>And I was not able to do it&#8230;<\/p>\n<p><img decoding=\"async\" class=\"ngg-none\" alt=\"eltono-promenade10-01\" src=\"http:\/\/www.eltono.com\/wp-content\/gallery\/promenade10\/eltono-promenade10-55.jpg\" \/><\/p>\n<p><img decoding=\"async\" class=\"ngg-none\" alt=\"eltono-promenade10-01\" src=\"http:\/\/www.eltono.com\/wp-content\/gallery\/promenade10\/eltono-promenade10-56.jpg\" \/>I was not satisfied yet and I looked for another way to mark the strip on the ramp.<\/p>\n<p><img decoding=\"async\" class=\"ngg-none\" alt=\"eltono-promenade10-01\" src=\"http:\/\/www.eltono.com\/wp-content\/gallery\/promenade10\/eltono-promenade10-57.jpg\" \/>In Beijing, like in a lot of other cities, people paint the bottom part of the trees with what I assume is lime.<\/p>\n<p><img decoding=\"async\" class=\"ngg-none\" alt=\"eltono-promenade10-01\" src=\"http:\/\/www.eltono.com\/wp-content\/gallery\/promenade10\/eltono-promenade10-58.jpg\" \/>A few meters from the ramp I spotted remains of lime close to a tree.<\/p>\n<p><img decoding=\"async\" class=\"ngg-none\" alt=\"eltono-promenade10-01\" src=\"http:\/\/www.eltono.com\/wp-content\/gallery\/promenade10\/eltono-promenade10-59.jpg\" \/>I collected it into a bag.<\/p>\n<p><img decoding=\"async\" class=\"ngg-none\" alt=\"eltono-promenade10-01\" src=\"http:\/\/www.eltono.com\/wp-content\/gallery\/promenade10\/eltono-promenade10-60.jpg\" \/><\/p>\n<p><img decoding=\"async\" class=\"ngg-none\" alt=\"eltono-promenade10-01\" src=\"http:\/\/www.eltono.com\/wp-content\/gallery\/promenade10\/eltono-promenade10-62.jpg\" \/>I mixed it with water.<\/p>\n<p><img decoding=\"async\" class=\"ngg-none\" alt=\"eltono-promenade10-01\" src=\"http:\/\/www.eltono.com\/wp-content\/gallery\/promenade10\/eltono-promenade10-63.jpg\" \/><\/p>\n<p><img decoding=\"async\" class=\"ngg-none\" alt=\"eltono-promenade10-01\" src=\"http:\/\/www.eltono.com\/wp-content\/gallery\/promenade10\/eltono-promenade10-64.jpg\" \/>I threw the mixture down from the same place as before.<\/p>\n<p><img decoding=\"async\" class=\"ngg-none\" alt=\"eltono-promenade10-01\" src=\"http:\/\/www.eltono.com\/wp-content\/gallery\/promenade10\/eltono-promenade10-65.jpg\" \/><\/p>\n<p><img decoding=\"async\" class=\"ngg-none\" alt=\"eltono-promenade10-01\" src=\"http:\/\/www.eltono.com\/wp-content\/gallery\/promenade10\/eltono-promenade10-66.jpg\" \/>It was already late and to see the effect of the lime, I would have to wait for the water to dry completely. It was getting colder and colder and it was taking too long to dry so I decided to leave it like that hoping that once it would be dry a little bit of white would appear. I am sorry, I would also love to know if it worked or not but I had no other choice than to leave.<\/p>\n<p><img decoding=\"async\" class=\"ngg-none\" alt=\"eltono-promenade10-01\" src=\"http:\/\/www.eltono.com\/wp-content\/gallery\/promenade10\/eltono-promenade10-67.jpg\" \/>I turned and walked back to the north bringing the bag of lime with me. There was a hole in it.<\/p>\n<p><img decoding=\"async\" class=\"ngg-none\" alt=\"eltono-promenade10-01\" src=\"http:\/\/www.eltono.com\/wp-content\/gallery\/promenade10\/eltono-promenade10-68.jpg\" \/>I used the first bridge I could find to cross the moat and walk on the opposite bank. On the way back, I always try to use a different path. Once on the other side, I found this stairway that led into a fence. I really liked this place for two reasons. First, the fence was blocking the exit from the stairs but at the same time it was protecting the pedestrians from the road. Second, if you look carefully in the photo you will see a rock placed on the side that provides access to the stairway.<\/p>\n<p><img decoding=\"async\" alt=\"eltono-promenade10-01\" src=\"http:\/\/www.eltono.com\/wp-content\/gallery\/promenade10\/eltono-promenade10-82.jpg\" \/>I decided to use my leaky bag full of lime to mark the stairs and its peculiar access.<\/p>\n<p><img decoding=\"async\" alt=\"eltono-promenade10-01\" src=\"http:\/\/www.eltono.com\/wp-content\/gallery\/promenade10\/eltono-promenade10-83.jpg\" \/><\/p>\n<p><img decoding=\"async\" alt=\"eltono-promenade10-01\" src=\"http:\/\/www.eltono.com\/wp-content\/gallery\/promenade10\/eltono-promenade10-72.jpg\" \/><\/p>\n<p><img decoding=\"async\" alt=\"eltono-promenade10-01\" src=\"http:\/\/www.eltono.com\/wp-content\/gallery\/promenade10\/eltono-promenade10-71.jpg\" \/><\/p>\n<p><img decoding=\"async\" class=\"ngg-none\" alt=\"eltono-promenade10-01\" src=\"http:\/\/www.eltono.com\/wp-content\/gallery\/promenade10\/eltono-promenade10-69.jpg\" \/><\/p>\n<p><img decoding=\"async\" class=\"ngg-none\" alt=\"eltono-promenade10-01\" src=\"http:\/\/www.eltono.com\/wp-content\/gallery\/promenade10\/eltono-promenade10-74.jpg\" \/><\/p>\n<p><img decoding=\"async\" class=\"ngg-none\" alt=\"eltono-promenade10-01\" src=\"http:\/\/www.eltono.com\/wp-content\/gallery\/promenade10\/eltono-promenade10-75.jpg\" \/><\/p>\n<p><img decoding=\"async\" class=\"ngg-none\" alt=\"eltono-promenade10-01\" src=\"http:\/\/www.eltono.com\/wp-content\/gallery\/promenade10\/eltono-promenade10-76.jpg\" \/><\/p>\n<p><img decoding=\"async\" class=\"ngg-none\" alt=\"eltono-promenade10-01\" src=\"http:\/\/www.eltono.com\/wp-content\/gallery\/promenade10\/eltono-promenade10-79.jpg\" \/><\/p>\n<p><img decoding=\"async\" class=\"ngg-none\" alt=\"eltono-promenade10-01\" src=\"http:\/\/www.eltono.com\/wp-content\/gallery\/promenade10\/eltono-promenade10-84.jpg\" \/><\/p>\n<p><img decoding=\"async\" alt=\"eltono-promenade10-01\" src=\"http:\/\/www.eltono.com\/wp-content\/gallery\/promenade10\/eltono-promenade10-80.jpg\" \/><\/p>\n<p><img decoding=\"async\" class=\"ngg-none\" alt=\"eltono-promenade10-01\" src=\"http:\/\/www.eltono.com\/wp-content\/gallery\/promenade10\/eltono-promenade10-87.jpg\" \/>I emptied the bag and kept on walking north.<\/p>\n<p><img decoding=\"async\" class=\"ngg-none\" alt=\"eltono-promenade10-01\" src=\"http:\/\/www.eltono.com\/wp-content\/gallery\/promenade10\/eltono-promenade10-88.jpg\" \/>I enjoyed the rest of the walk thanks to this incredible series of absurd stairs: a small one that started in the grass and ended at the wall.<\/p>\n<p><img decoding=\"async\" class=\"ngg-none\" alt=\"eltono-promenade10-01\" src=\"http:\/\/www.eltono.com\/wp-content\/gallery\/promenade10\/eltono-promenade10-89.jpg\" \/>A huge one that started with a tree and a lot of dry leaves on the bottom and ended on top with a manhole and a wall.<\/p>\n<p><img decoding=\"async\" class=\"ngg-none\" alt=\"eltono-promenade10-01\" src=\"http:\/\/www.eltono.com\/wp-content\/gallery\/promenade10\/eltono-promenade10-90.jpg\" \/>Another one with a tree right in the middle.<\/p>\n<p><img decoding=\"async\" class=\"ngg-none\" alt=\"eltono-promenade10-01\" src=\"http:\/\/www.eltono.com\/wp-content\/gallery\/promenade10\/eltono-promenade10-91.jpg\" \/>And this one that led under a bridge where there was not enough space to stand up when you reached the top.<\/p>\n<p><img decoding=\"async\" class=\"ngg-none\" alt=\"eltono-promenade10-01\" src=\"http:\/\/www.eltono.com\/wp-content\/gallery\/promenade10\/eltono-promenade10-92.jpg\" \/>At the last stairway, I decided to hold the bridge so it would not go down anymore and to protect people from bumping into it while climbing the stairs.<\/p>\n<p><img decoding=\"async\" class=\"ngg-none\" alt=\"eltono-promenade10-01\" src=\"http:\/\/www.eltono.com\/wp-content\/gallery\/promenade10\/eltono-promenade10-93.jpg\" \/><\/p>\n<p><img decoding=\"async\" class=\"ngg-none\" alt=\"eltono-promenade10-01\" src=\"http:\/\/www.eltono.com\/wp-content\/gallery\/promenade10\/eltono-promenade10-94.jpg\" \/><\/p>\n<p><img decoding=\"async\" class=\"ngg-none\" alt=\"eltono-promenade10-01\" src=\"http:\/\/www.eltono.com\/wp-content\/gallery\/promenade10\/eltono-promenade10-95.jpg\" \/><\/p>\n<p><img decoding=\"async\" alt=\"eltono-promenade10-01\" src=\"http:\/\/www.eltono.com\/wp-content\/gallery\/promenade10\/eltono-promenade10-98.jpg\" \/>17h27, the pollution was at its maximum. For the first time in Beijing I used a mask.<\/p>\n<p><img decoding=\"async\" class=\"ngg-none\" alt=\"eltono-promenade10-01\" src=\"http:\/\/www.eltono.com\/wp-content\/gallery\/promenade10\/eltono-promenade10-96.jpg\" \/><\/p>\n<p><img decoding=\"async\" class=\"ngg-none\" alt=\"eltono-promenade10-01\" src=\"http:\/\/www.eltono.com\/wp-content\/gallery\/promenade10\/eltono-promenade10-97.jpg\" \/>Someone else found a limestone.<\/p>\n<p><img decoding=\"async\" class=\"ngg-none\" alt=\"eltono-promenade10-01\" src=\"http:\/\/www.eltono.com\/wp-content\/gallery\/promenade10\/eltono-promenade10-99.jpg\" \/><\/p>\n<p><img decoding=\"async\" class=\"ngg-none\" alt=\"eltono-promenade10-01\" src=\"http:\/\/www.eltono.com\/wp-content\/gallery\/promenade10\/eltono-promenade10-100.jpg\" \/>18h05, I entered the subway and went back home.<\/p>\n<p><a href=\"http:\/\/www.eltono.com\/wp-content\/gallery\/promenade10\/eltono-promenade10-map.jpg\"><img decoding=\"async\" class=\"ngg-none\" alt=\"eltono-promenade10-01\" src=\"http:\/\/www.eltono.com\/wp-content\/gallery\/promenade10\/eltono-promenade10-map.jpg\" width=\"700\" \/><\/a>The GPS track record (click on the map to make it bigger).<\/p>\n<p>&gt; <a href=\"http:\/\/www.eltono.com\/projects\/promenades\/\">Back to Promenades Journal<\/a><\/p>","protected":false},"excerpt":{"rendered":"<p>D\u00e9sol\u00e9, cet article n&#8217;est pas encore disponible en fran\u00e7ais.En attendant, vous pouvez toujours le lire en English ou en Espa\u00f1ol. For the sake of viewer convenience, the content is shown below in this site default language. You may click one of the links to switch the site language to another available language.Beijing Chongwenqu &#8211; \u5317\u4eac\u5d07\u6587\u533a &hellip; <a href=\"https:\/\/www.eltono.com\/fr\/projects\/promenades\/promenade-no10\/\" class=\"more-link\">Continue reading <span class=\"screen-reader-text\">Promenade N\u00ba10<\/span><\/a><\/p>\n","protected":false},"author":1,"featured_media":0,"parent":9854,"menu_order":0,"comment_status":"closed","ping_status":"open","template":"","meta":{"ngg_post_thumbnail":0,"jetpack_post_was_ever_published":false,"footnotes":""},"categories":[],"tags":[],"class_list":["post-10521","page","type-page","status-publish","hentry"],"jetpack_sharing_enabled":true,"jetpack_shortlink":"https:\/\/wp.me\/P7sWFx-2JH","_links":{"self":[{"href":"https:\/\/www.eltono.com\/fr\/wp-json\/wp\/v2\/pages\/10521","targetHints":{"allow":["GET"]}}],"collection":[{"href":"https:\/\/www.eltono.com\/fr\/wp-json\/wp\/v2\/pages"}],"about":[{"href":"https:\/\/www.eltono.com\/fr\/wp-json\/wp\/v2\/types\/page"}],"author":[{"embeddable":true,"href":"https:\/\/www.eltono.com\/fr\/wp-json\/wp\/v2\/users\/1"}],"replies":[{"embeddable":true,"href":"https:\/\/www.eltono.com\/fr\/wp-json\/wp\/v2\/comments?post=10521"}],"version-history":[{"count":114,"href":"https:\/\/www.eltono.com\/fr\/wp-json\/wp\/v2\/pages\/10521\/revisions"}],"predecessor-version":[{"id":10524,"href":"https:\/\/www.eltono.com\/fr\/wp-json\/wp\/v2\/pages\/10521\/revisions\/10524"}],"up":[{"embeddable":true,"href":"https:\/\/www.eltono.com\/fr\/wp-json\/wp\/v2\/pages\/9854"}],"wp:attachment":[{"href":"https:\/\/www.eltono.com\/fr\/wp-json\/wp\/v2\/media?parent=10521"}],"wp:term":[{"taxonomy":"category","embeddable":true,"href":"https:\/\/www.eltono.com\/fr\/wp-json\/wp\/v2\/categories?post=10521"},{"taxonomy":"post_tag","embeddable":true,"href":"https:\/\/www.eltono.com\/fr\/wp-json\/wp\/v2\/tags?post=10521"}],"curies":[{"name":"wp","href":"https:\/\/api.w.org\/{rel}","templated":true}]}}