{"id":1066,"date":"2007-01-12T03:12:40","date_gmt":"2007-01-12T01:12:40","guid":{"rendered":"http:\/\/www.eltono.com\/_V2\/?page_id=1066"},"modified":"2016-03-20T18:12:33","modified_gmt":"2016-03-20T16:12:33","slug":"prive-och-publico","status":"publish","type":"page","link":"https:\/\/www.eltono.com\/fr\/exhibitions\/prive-och-publico\/","title":{"rendered":"Priv\u00e9 Och P\u00fablico"},"content":{"rendered":"<p class=\"qtranxs-available-languages-message qtranxs-available-languages-message-fr\">D\u00e9sol\u00e9, cet article n'est pas encore disponible en fran\u00e7ais.<br>En attendant, vous pouvez toujours le lire en <a href=\"https:\/\/www.eltono.com\/en\/wp-json\/wp\/v2\/pages\/1066\" class=\"qtranxs-available-language-link qtranxs-available-language-link-en\" title=\"English\">English<\/a>. For the sake of viewer convenience, the content is shown below in the alternative language. You may click the link to switch the active language.<\/p><p><strong>Galleri 54<\/strong><br \/>\nKastellgatan 7, Gothenburg, Sweden<br \/>\nJanuary 12th &#8211; February 8th 2007<\/p>\n<p>Per H\u00fcttner (SE), Nuria Mora (ES) and Eltono (FR)<\/p>\n<p>Priv\u00e9 och p\u00fablico (&#8220;Private and public&#8221;) by three artists from Sweden, Spain and France that all in various way work with and in the public space.<\/p>\n<p>Eltono and Nuria Mora will place out 10 painted signs on public places around Galleri54 in Gothenburg. The audience is invited to take a walk, find and bring the artworks back to the gallery. With this work Eltono and Nuria are reflecting on the limit between public and private space. At the end of the show, each placard will be signed by the artists and given back to its finder.<\/p>\n<p>Per H\u00fcttner shows four new photographs he took at night in Spain in collaboration with Nuria. The pictures were taken on public places and show items that are normally found in private spaces. This genuine, but nevertheless absurd situation is stressed by the night light and the long exposure times. H\u00fcttner also will present a sculpture that links the gallery space to the photographs.<\/p>\n<p><a href=\"http:\/\/www.galleri54.com\/\" target=\"_blank\">www.galleri54.com<\/a><br \/>\n<a href=\"http:\/\/www.perhuttner.com\/\" target=\"_blank\">www.perhuttner.com<\/a><br \/>\n<a href=\"http:\/\/www.nuriamora.com\/\" target=\"_blank\">www.nuriamora.com<\/a><\/p>\n<p>Project realised with the help of the French Embassy in Sweden.<\/p>\n<p><style type=\"text\/css\" media=\"all\">\n\/* ----------- Galeria Vertical 700 vh ngg1 ------------*\/\n#gallery-vertical-700-vh{\n\t\/\/max-width: 100%;\n\t\/\/width: 700px;\n\tbackground-color: #ffffff;\n\ttext-align: left;\n}\n#gallery-vertical-700-vh img{\n\t\/\/max-width: 100%;\n\tvertical-align: bottom;\n}\n#gallery-vertical-700-vh-comment{\n\tword-wrap: break-word;\n\t\/\/width: 700px;\n\tmargin: 0 0 17px 0;\n}\n<\/style>\n<div class=\"ngg1-galleryoverview\" id=\"ngg1-gallery-e182eadb190baacf2d2a58b21f4889fe\">\n\t\t<div id=\"ngg1-image-3969\">\n\t\t<div id=\"gallery-vertical-700-vh\">\n\t\t\t<img title=\" \" alt=\" \" src=\"https:\/\/www.eltono.com\/wp-content\/gallery\/prive-och-publico\/p05.jpg\"\/>\n\t\t\t<\/div><div id=\"gallery-vertical-700-vh-comment\"> \t\t<\/div>\n\t<\/div>\n \t\t<div id=\"ngg1-image-3963\">\n\t\t<div id=\"gallery-vertical-700-vh\">\n\t\t\t<img title=\"Preparation\" alt=\"Preparation\" src=\"https:\/\/www.eltono.com\/wp-content\/gallery\/prive-och-publico\/p03.jpg\"\/>\n\t\t\t<\/div><div id=\"gallery-vertical-700-vh-comment\">Preparation\t\t<\/div>\n\t<\/div>\n \t\t<div id=\"ngg1-image-4001\">\n\t\t<div id=\"gallery-vertical-700-vh\">\n\t\t\t<img title=\" \" alt=\" \" src=\"https:\/\/www.eltono.com\/wp-content\/gallery\/prive-och-publico\/p01.jpg\"\/>\n\t\t\t<\/div><div id=\"gallery-vertical-700-vh-comment\"> \t\t<\/div>\n\t<\/div>\n \t\t<div id=\"ngg1-image-3957\">\n\t\t<div id=\"gallery-vertical-700-vh\">\n\t\t\t<img title=\"Installation of the signs in the neighborhood around the gallery\" alt=\"Installation of the signs in the neighborhood around the gallery\" src=\"https:\/\/www.eltono.com\/wp-content\/gallery\/prive-och-publico\/p01b.jpg\"\/>\n\t\t\t<\/div><div id=\"gallery-vertical-700-vh-comment\">Installation of the signs in the neighborhood around the gallery\t\t<\/div>\n\t<\/div>\n \t\t<div id=\"ngg1-image-3956\">\n\t\t<div id=\"gallery-vertical-700-vh\">\n\t\t\t<img title=\" \" alt=\" \" src=\"https:\/\/www.eltono.com\/wp-content\/gallery\/prive-och-publico\/p01a.jpg\"\/>\n\t\t\t<\/div><div id=\"gallery-vertical-700-vh-comment\"> \t\t<\/div>\n\t<\/div>\n \t\t<div id=\"ngg1-image-3960\">\n\t\t<div id=\"gallery-vertical-700-vh\">\n\t\t\t<img title=\" \" alt=\" \" src=\"https:\/\/www.eltono.com\/wp-content\/gallery\/prive-och-publico\/p01e.jpg\"\/>\n\t\t\t<\/div><div id=\"gallery-vertical-700-vh-comment\"> \t\t<\/div>\n\t<\/div>\n \t\t<div id=\"ngg1-image-3962\">\n\t\t<div id=\"gallery-vertical-700-vh\">\n\t\t\t<img title=\" \" alt=\" \" src=\"https:\/\/www.eltono.com\/wp-content\/gallery\/prive-och-publico\/p02a.jpg\"\/>\n\t\t\t<\/div><div id=\"gallery-vertical-700-vh-comment\"> \t\t<\/div>\n\t<\/div>\n \t\t<div id=\"ngg1-image-3964\">\n\t\t<div id=\"gallery-vertical-700-vh\">\n\t\t\t<img title=\" \" alt=\" \" src=\"https:\/\/www.eltono.com\/wp-content\/gallery\/prive-och-publico\/p03a.jpg\"\/>\n\t\t\t<\/div><div id=\"gallery-vertical-700-vh-comment\"> \t\t<\/div>\n\t<\/div>\n \t\t<div id=\"ngg1-image-3965\">\n\t\t<div id=\"gallery-vertical-700-vh\">\n\t\t\t<img title=\" \" alt=\" \" src=\"https:\/\/www.eltono.com\/wp-content\/gallery\/prive-och-publico\/p03b.jpg\"\/>\n\t\t\t<\/div><div id=\"gallery-vertical-700-vh-comment\"> \t\t<\/div>\n\t<\/div>\n \t\t<div id=\"ngg1-image-3966\">\n\t\t<div id=\"gallery-vertical-700-vh\">\n\t\t\t<img title=\" \" alt=\" \" src=\"https:\/\/www.eltono.com\/wp-content\/gallery\/prive-och-publico\/p03c.jpg\"\/>\n\t\t\t<\/div><div id=\"gallery-vertical-700-vh-comment\"> \t\t<\/div>\n\t<\/div>\n \t\t<div id=\"ngg1-image-3968\">\n\t\t<div id=\"gallery-vertical-700-vh\">\n\t\t\t<img title=\" \" alt=\" \" src=\"https:\/\/www.eltono.com\/wp-content\/gallery\/prive-och-publico\/p04a.jpg\"\/>\n\t\t\t<\/div><div id=\"gallery-vertical-700-vh-comment\"> \t\t<\/div>\n\t<\/div>\n \t\t<div id=\"ngg1-image-3970\">\n\t\t<div id=\"gallery-vertical-700-vh\">\n\t\t\t<img title=\" \" alt=\" \" src=\"https:\/\/www.eltono.com\/wp-content\/gallery\/prive-och-publico\/p05a.jpg\"\/>\n\t\t\t<\/div><div id=\"gallery-vertical-700-vh-comment\"> \t\t<\/div>\n\t<\/div>\n \t\t<div id=\"ngg1-image-3972\">\n\t\t<div id=\"gallery-vertical-700-vh\">\n\t\t\t<img title=\" \" alt=\" \" src=\"https:\/\/www.eltono.com\/wp-content\/gallery\/prive-och-publico\/p05c.jpg\"\/>\n\t\t\t<\/div><div id=\"gallery-vertical-700-vh-comment\"> \t\t<\/div>\n\t<\/div>\n \t\t<div id=\"ngg1-image-3974\">\n\t\t<div id=\"gallery-vertical-700-vh\">\n\t\t\t<img title=\" \" alt=\" \" src=\"https:\/\/www.eltono.com\/wp-content\/gallery\/prive-och-publico\/p06a.jpg\"\/>\n\t\t\t<\/div><div id=\"gallery-vertical-700-vh-comment\"> \t\t<\/div>\n\t<\/div>\n \t\t<div id=\"ngg1-image-3975\">\n\t\t<div id=\"gallery-vertical-700-vh\">\n\t\t\t<img title=\" \" alt=\" \" src=\"https:\/\/www.eltono.com\/wp-content\/gallery\/prive-och-publico\/p06b.jpg\"\/>\n\t\t\t<\/div><div id=\"gallery-vertical-700-vh-comment\"> \t\t<\/div>\n\t<\/div>\n \t\t<div id=\"ngg1-image-3976\">\n\t\t<div id=\"gallery-vertical-700-vh\">\n\t\t\t<img title=\" \" alt=\" \" src=\"https:\/\/www.eltono.com\/wp-content\/gallery\/prive-och-publico\/p07a.jpg\"\/>\n\t\t\t<\/div><div id=\"gallery-vertical-700-vh-comment\"> \t\t<\/div>\n\t<\/div>\n \t\t<div id=\"ngg1-image-3978\">\n\t\t<div id=\"gallery-vertical-700-vh\">\n\t\t\t<img title=\" \" alt=\" \" src=\"https:\/\/www.eltono.com\/wp-content\/gallery\/prive-och-publico\/p08a.jpg\"\/>\n\t\t\t<\/div><div id=\"gallery-vertical-700-vh-comment\"> \t\t<\/div>\n\t<\/div>\n \t\t<div id=\"ngg1-image-3979\">\n\t\t<div id=\"gallery-vertical-700-vh\">\n\t\t\t<img title=\" \" alt=\" \" src=\"https:\/\/www.eltono.com\/wp-content\/gallery\/prive-och-publico\/p09a.jpg\"\/>\n\t\t\t<\/div><div id=\"gallery-vertical-700-vh-comment\"> \t\t<\/div>\n\t<\/div>\n \t\t<div id=\"ngg1-image-3980\">\n\t\t<div id=\"gallery-vertical-700-vh\">\n\t\t\t<img title=\" \" alt=\" \" src=\"https:\/\/www.eltono.com\/wp-content\/gallery\/prive-och-publico\/p09b.jpg\"\/>\n\t\t\t<\/div><div id=\"gallery-vertical-700-vh-comment\"> \t\t<\/div>\n\t<\/div>\n \t\t<div id=\"ngg1-image-3981\">\n\t\t<div id=\"gallery-vertical-700-vh\">\n\t\t\t<img title=\" \" alt=\" \" src=\"https:\/\/www.eltono.com\/wp-content\/gallery\/prive-och-publico\/p10a.jpg\"\/>\n\t\t\t<\/div><div id=\"gallery-vertical-700-vh-comment\"> \t\t<\/div>\n\t<\/div>\n \t\t<div id=\"ngg1-image-3983\">\n\t\t<div id=\"gallery-vertical-700-vh\">\n\t\t\t<img title=\"The gallery right before the opening\" alt=\"The gallery right before the opening\" src=\"https:\/\/www.eltono.com\/wp-content\/gallery\/prive-och-publico\/ea02.jpg\"\/>\n\t\t\t<\/div><div id=\"gallery-vertical-700-vh-comment\">The gallery right before the opening\t\t<\/div>\n\t<\/div>\n \t\t<div id=\"ngg1-image-3984\">\n\t\t<div id=\"gallery-vertical-700-vh\">\n\t\t\t<img title=\" \" alt=\" \" src=\"https:\/\/www.eltono.com\/wp-content\/gallery\/prive-och-publico\/ea03.jpg\"\/>\n\t\t\t<\/div><div id=\"gallery-vertical-700-vh-comment\"> \t\t<\/div>\n\t<\/div>\n \t\t<div id=\"ngg1-image-3985\">\n\t\t<div id=\"gallery-vertical-700-vh\">\n\t\t\t<img title=\" \" alt=\" \" src=\"https:\/\/www.eltono.com\/wp-content\/gallery\/prive-och-publico\/ea04.jpg\"\/>\n\t\t\t<\/div><div id=\"gallery-vertical-700-vh-comment\"> \t\t<\/div>\n\t<\/div>\n \t\t<div id=\"ngg1-image-3999\">\n\t\t<div id=\"gallery-vertical-700-vh\">\n\t\t\t<img title=\"The opening\" alt=\"The opening\" src=\"https:\/\/www.eltono.com\/wp-content\/gallery\/prive-och-publico\/i14.jpg\"\/>\n\t\t\t<\/div><div id=\"gallery-vertical-700-vh-comment\">The opening\t\t<\/div>\n\t<\/div>\n \t\t<div id=\"ngg1-image-3959\">\n\t\t<div id=\"gallery-vertical-700-vh\">\n\t\t\t<img title=\" \" alt=\" \" src=\"https:\/\/www.eltono.com\/wp-content\/gallery\/prive-och-publico\/p01d.jpg\"\/>\n\t\t\t<\/div><div id=\"gallery-vertical-700-vh-comment\"> \t\t<\/div>\n\t<\/div>\n \t\t<div id=\"ngg1-image-3993\">\n\t\t<div id=\"gallery-vertical-700-vh\">\n\t\t\t<img title=\" \" alt=\" \" src=\"https:\/\/www.eltono.com\/wp-content\/gallery\/prive-och-publico\/i01.jpg\"\/>\n\t\t\t<\/div><div id=\"gallery-vertical-700-vh-comment\"> \t\t<\/div>\n\t<\/div>\n \t\t<div id=\"ngg1-image-3995\">\n\t\t<div id=\"gallery-vertical-700-vh\">\n\t\t\t<img title=\" \" alt=\" \" src=\"https:\/\/www.eltono.com\/wp-content\/gallery\/prive-och-publico\/i05.jpg\"\/>\n\t\t\t<\/div><div id=\"gallery-vertical-700-vh-comment\"> \t\t<\/div>\n\t<\/div>\n \t\t<div id=\"ngg1-image-3996\">\n\t\t<div id=\"gallery-vertical-700-vh\">\n\t\t\t<img title=\" \" alt=\" \" src=\"https:\/\/www.eltono.com\/wp-content\/gallery\/prive-och-publico\/i06.jpg\"\/>\n\t\t\t<\/div><div id=\"gallery-vertical-700-vh-comment\"> \t\t<\/div>\n\t<\/div>\n \t\t<div id=\"ngg1-image-3997\">\n\t\t<div id=\"gallery-vertical-700-vh\">\n\t\t\t<img title=\" \" alt=\" \" src=\"https:\/\/www.eltono.com\/wp-content\/gallery\/prive-och-publico\/i10.jpg\"\/>\n\t\t\t<\/div><div id=\"gallery-vertical-700-vh-comment\"> \t\t<\/div>\n\t<\/div>\n \t\t<div id=\"ngg1-image-3998\">\n\t\t<div id=\"gallery-vertical-700-vh\">\n\t\t\t<img title=\" \" alt=\" \" src=\"https:\/\/www.eltono.com\/wp-content\/gallery\/prive-och-publico\/i13.jpg\"\/>\n\t\t\t<\/div><div id=\"gallery-vertical-700-vh-comment\"> \t\t<\/div>\n\t<\/div>\n \t\t<div id=\"ngg1-image-3994\">\n\t\t<div id=\"gallery-vertical-700-vh\">\n\t\t\t<img title=\" \" alt=\" \" src=\"https:\/\/www.eltono.com\/wp-content\/gallery\/prive-och-publico\/i02.jpg\"\/>\n\t\t\t<\/div><div id=\"gallery-vertical-700-vh-comment\"> \t\t<\/div>\n\t<\/div>\n \t\t<div id=\"ngg1-image-3987\">\n\t\t<div id=\"gallery-vertical-700-vh\">\n\t\t\t<img title=\" \" alt=\" \" src=\"https:\/\/www.eltono.com\/wp-content\/gallery\/prive-och-publico\/ed02.jpg\"\/>\n\t\t\t<\/div><div id=\"gallery-vertical-700-vh-comment\"> \t\t<\/div>\n\t<\/div>\n \t\t<div id=\"ngg1-image-3988\">\n\t\t<div id=\"gallery-vertical-700-vh\">\n\t\t\t<img title=\" \" alt=\" \" src=\"https:\/\/www.eltono.com\/wp-content\/gallery\/prive-och-publico\/ed03.jpg\"\/>\n\t\t\t<\/div><div id=\"gallery-vertical-700-vh-comment\"> \t\t<\/div>\n\t<\/div>\n \t\t<div id=\"ngg1-image-3989\">\n\t\t<div id=\"gallery-vertical-700-vh\">\n\t\t\t<img title=\" \" alt=\" \" src=\"https:\/\/www.eltono.com\/wp-content\/gallery\/prive-och-publico\/ed04.jpg\"\/>\n\t\t\t<\/div><div id=\"gallery-vertical-700-vh-comment\"> \t\t<\/div>\n\t<\/div>\n \t\t<div id=\"ngg1-image-3990\">\n\t\t<div id=\"gallery-vertical-700-vh\">\n\t\t\t<img title=\" \" alt=\" \" src=\"https:\/\/www.eltono.com\/wp-content\/gallery\/prive-och-publico\/ed05.jpg\"\/>\n\t\t\t<\/div><div id=\"gallery-vertical-700-vh-comment\"> \t\t<\/div>\n\t<\/div>\n \t\t<div id=\"ngg1-image-3991\">\n\t\t<div id=\"gallery-vertical-700-vh\">\n\t\t\t<img title=\" \" alt=\" \" src=\"https:\/\/www.eltono.com\/wp-content\/gallery\/prive-och-publico\/ed06.jpg\"\/>\n\t\t\t<\/div><div id=\"gallery-vertical-700-vh-comment\"> \t\t<\/div>\n\t<\/div>\n \t\t<div id=\"ngg1-image-3992\">\n\t\t<div id=\"gallery-vertical-700-vh\">\n\t\t\t<img title=\" \" alt=\" \" src=\"https:\/\/www.eltono.com\/wp-content\/gallery\/prive-och-publico\/ed07.jpg\"\/>\n\t\t\t<\/div><div id=\"gallery-vertical-700-vh-comment\"> \t\t<\/div>\n\t<\/div>\n \t\t<div id=\"ngg1-image-3986\">\n\t\t<div id=\"gallery-vertical-700-vh\">\n\t\t\t<img title=\"10 signs out of 10 came back.\" alt=\"10 signs out of 10 came back.\" src=\"https:\/\/www.eltono.com\/wp-content\/gallery\/prive-och-publico\/ed01.jpg\"\/>\n\t\t\t<\/div><div id=\"gallery-vertical-700-vh-comment\">10 signs out of 10 came back.\t\t<\/div>\n\t<\/div>\n \t<\/div>\n<\/p>","protected":false},"excerpt":{"rendered":"<p>D\u00e9sol\u00e9, cet article n&#8217;est pas encore disponible en fran\u00e7ais.En attendant, vous pouvez toujours le lire en English. For the sake of viewer convenience, the content is shown below in the alternative language. You may click the link to switch the active language.Galleri 54 Kastellgatan 7, Gothenburg, Sweden January 12th &#8211; February 8th 2007 Per H\u00fcttner &hellip; <a href=\"https:\/\/www.eltono.com\/fr\/exhibitions\/prive-och-publico\/\" class=\"more-link\">Continue reading <span class=\"screen-reader-text\">Priv\u00e9 Och P\u00fablico<\/span><\/a><\/p>\n","protected":false},"author":1,"featured_media":14141,"parent":9,"menu_order":0,"comment_status":"closed","ping_status":"closed","template":"","meta":{"ngg_post_thumbnail":0,"jetpack_post_was_ever_published":false,"footnotes":""},"categories":[295,3,5,270,261,265,266,269],"tags":[],"class_list":["post-1066","page","type-page","status-publish","has-post-thumbnail","hentry","category-295","category-exhibitions","category-interventions","category-page_collective_show","category-page_expo","category-page_indoor","category-page_outdoor","category-page_participatif"],"jetpack_sharing_enabled":true,"jetpack_shortlink":"https:\/\/wp.me\/P7sWFx-hc","_links":{"self":[{"href":"https:\/\/www.eltono.com\/fr\/wp-json\/wp\/v2\/pages\/1066","targetHints":{"allow":["GET"]}}],"collection":[{"href":"https:\/\/www.eltono.com\/fr\/wp-json\/wp\/v2\/pages"}],"about":[{"href":"https:\/\/www.eltono.com\/fr\/wp-json\/wp\/v2\/types\/page"}],"author":[{"embeddable":true,"href":"https:\/\/www.eltono.com\/fr\/wp-json\/wp\/v2\/users\/1"}],"replies":[{"embeddable":true,"href":"https:\/\/www.eltono.com\/fr\/wp-json\/wp\/v2\/comments?post=1066"}],"version-history":[{"count":11,"href":"https:\/\/www.eltono.com\/fr\/wp-json\/wp\/v2\/pages\/1066\/revisions"}],"predecessor-version":[{"id":14142,"href":"https:\/\/www.eltono.com\/fr\/wp-json\/wp\/v2\/pages\/1066\/revisions\/14142"}],"up":[{"embeddable":true,"href":"https:\/\/www.eltono.com\/fr\/wp-json\/wp\/v2\/pages\/9"}],"wp:featuredmedia":[{"embeddable":true,"href":"https:\/\/www.eltono.com\/fr\/wp-json\/wp\/v2\/media\/14141"}],"wp:attachment":[{"href":"https:\/\/www.eltono.com\/fr\/wp-json\/wp\/v2\/media?parent=1066"}],"wp:term":[{"taxonomy":"category","embeddable":true,"href":"https:\/\/www.eltono.com\/fr\/wp-json\/wp\/v2\/categories?post=1066"},{"taxonomy":"post_tag","embeddable":true,"href":"https:\/\/www.eltono.com\/fr\/wp-json\/wp\/v2\/tags?post=1066"}],"curies":[{"name":"wp","href":"https:\/\/api.w.org\/{rel}","templated":true}]}}