{"id":10721,"date":"2014-07-04T11:59:57","date_gmt":"2014-07-04T10:59:57","guid":{"rendered":"http:\/\/www.eltono.com\/?page_id=10721"},"modified":"2016-01-13T22:40:08","modified_gmt":"2016-01-13T20:40:08","slug":"road-prints","status":"publish","type":"page","link":"https:\/\/www.eltono.com\/fr\/exhibitions\/solo\/amalgama\/road-prints\/","title":{"rendered":"Amalgama &#8211; Road prints"},"content":{"rendered":"<p class=\"qtranxs-available-languages-message qtranxs-available-languages-message-fr\">D\u00e9sol\u00e9, cet article n'est pas encore disponible en fran\u00e7ais.<br>En attendant, vous pouvez toujours le lire en <a href=\"https:\/\/www.eltono.com\/en\/wp-json\/wp\/v2\/pages\/10721\" class=\"qtranxs-available-language-link qtranxs-available-language-link-en\" title=\"English\">English<\/a> ou en <a href=\"https:\/\/www.eltono.com\/es\/wp-json\/wp\/v2\/pages\/10721\" class=\"qtranxs-available-language-link qtranxs-available-language-link-es\" title=\"Espa\u00f1ol\">Espa\u00f1ol<\/a>. For the sake of viewer convenience, the content is shown below in this site default language. You may click one of the links to switch the site language to another available language.<\/p><p>Bicolor monotypes printed on the ground by passing cars.<br \/>\n6 locations in the street of Madrid<br \/>\nMarch 2014<\/p>\n<p>Ongoing project, more details about it here:<br \/>\n<a href=\"http:\/\/www.eltono.com\/projects\/traces-duotone\/\" target=\"_blank\">www.eltono.com\/projects\/traces-duotone<\/a> and here: <a href=\"http:\/\/www.eltono.com\/projects\/traces\/\" target=\"_blank\">www.eltono.com\/projects\/traces<\/a><\/p>\n<p><style type=\"text\/css\" media=\"all\">\n\/* ----------- Galeria Vertical 700 vh ngg1 ------------*\/\n#gallery-vertical-700-vh{\n\t\/\/max-width: 100%;\n\t\/\/width: 700px;\n\tbackground-color: #ffffff;\n\ttext-align: left;\n}\n#gallery-vertical-700-vh img{\n\t\/\/max-width: 100%;\n\tvertical-align: bottom;\n}\n#gallery-vertical-700-vh-comment{\n\tword-wrap: break-word;\n\t\/\/width: 700px;\n\tmargin: 0 0 17px 0;\n}\n<\/style>\n<div class=\"ngg1-galleryoverview\" id=\"ngg1-gallery-c9fac7bcc2b0156321115f11effb69a2\">\n\t\t<div id=\"ngg1-image-5334\">\n\t\t<div id=\"gallery-vertical-700-vh\">\n\t\t\t<img title=\" \" alt=\" \" src=\"https:\/\/www.eltono.com\/wp-content\/gallery\/gas-amalgama_1\/eltono-gas30-madrid01.jpg\"\/>\n\t\t\t<\/div><div id=\"gallery-vertical-700-vh-comment\"> \t\t<\/div>\n\t<\/div>\n \t\t<div id=\"ngg1-image-5336\">\n\t\t<div id=\"gallery-vertical-700-vh\">\n\t\t\t<img title=\" \" alt=\" \" src=\"https:\/\/www.eltono.com\/wp-content\/gallery\/gas-amalgama_1\/eltono-gas30-madrid03.jpg\"\/>\n\t\t\t<\/div><div id=\"gallery-vertical-700-vh-comment\"> \t\t<\/div>\n\t<\/div>\n \t\t<div id=\"ngg1-image-5335\">\n\t\t<div id=\"gallery-vertical-700-vh\">\n\t\t\t<img title=\" \" alt=\" \" src=\"https:\/\/www.eltono.com\/wp-content\/gallery\/gas-amalgama_1\/eltono-gas30-madrid02.jpg\"\/>\n\t\t\t<\/div><div id=\"gallery-vertical-700-vh-comment\"> \t\t<\/div>\n\t<\/div>\n \t\t<div id=\"ngg1-image-5337\">\n\t\t<div id=\"gallery-vertical-700-vh\">\n\t\t\t<img title=\" \" alt=\" \" src=\"https:\/\/www.eltono.com\/wp-content\/gallery\/gas-amalgama_1\/eltono-gas30-madrid04.jpg\"\/>\n\t\t\t<\/div><div id=\"gallery-vertical-700-vh-comment\"> \t\t<\/div>\n\t<\/div>\n \t\t<div id=\"ngg1-image-5338\">\n\t\t<div id=\"gallery-vertical-700-vh\">\n\t\t\t<img title=\" \" alt=\" \" src=\"https:\/\/www.eltono.com\/wp-content\/gallery\/gas-amalgama_1\/eltono-gas30-madrid05.jpg\"\/>\n\t\t\t<\/div><div id=\"gallery-vertical-700-vh-comment\"> \t\t<\/div>\n\t<\/div>\n \t\t<div id=\"ngg1-image-5339\">\n\t\t<div id=\"gallery-vertical-700-vh\">\n\t\t\t<img title=\" \" alt=\" \" src=\"https:\/\/www.eltono.com\/wp-content\/gallery\/gas-amalgama_1\/eltono-gas30-madrid06.jpg\"\/>\n\t\t\t<\/div><div id=\"gallery-vertical-700-vh-comment\"> \t\t<\/div>\n\t<\/div>\n \t\t<div id=\"ngg1-image-5340\">\n\t\t<div id=\"gallery-vertical-700-vh\">\n\t\t\t<img title=\" \" alt=\" \" src=\"https:\/\/www.eltono.com\/wp-content\/gallery\/gas-amalgama_1\/eltono-gas30-madrid07.jpg\"\/>\n\t\t\t<\/div><div id=\"gallery-vertical-700-vh-comment\"> \t\t<\/div>\n\t<\/div>\n \t\t<div id=\"ngg1-image-5341\">\n\t\t<div id=\"gallery-vertical-700-vh\">\n\t\t\t<img title=\" \" alt=\" \" src=\"https:\/\/www.eltono.com\/wp-content\/gallery\/gas-amalgama_1\/eltono-gas30-madrid08.jpg\"\/>\n\t\t\t<\/div><div id=\"gallery-vertical-700-vh-comment\"> \t\t<\/div>\n\t<\/div>\n \t\t<div id=\"ngg1-image-5528\">\n\t\t<div id=\"gallery-vertical-700-vh\">\n\t\t\t<img title=\"G.A.S. #30 exposed from 16h25 to 17h20 on 12\/03\/2014 at Calle Noviciado 16, Madrid\" alt=\"G.A.S. #30 exposed from 16h25 to 17h20 on 12\/03\/2014 at Calle Noviciado 16, Madrid\" src=\"https:\/\/www.eltono.com\/wp-content\/gallery\/gas-amalgama_1\/eltono-gas30-madrid09_0.jpg\"\/>\n\t\t\t<\/div><div id=\"gallery-vertical-700-vh-comment\">G.A.S. #30 exposed from 16h25 to 17h20 on 12\/03\/2014 at Calle Noviciado 16, Madrid\t\t<\/div>\n\t<\/div>\n \t\t<div id=\"ngg1-image-5523\">\n\t\t<div id=\"gallery-vertical-700-vh\">\n\t\t\t<img title=\"G.A.S. #31:\" alt=\"G.A.S. #31:\" src=\"https:\/\/www.eltono.com\/wp-content\/gallery\/gas-amalgama_1\/separateur02.gif\"\/>\n\t\t\t<\/div><div id=\"gallery-vertical-700-vh-comment\">G.A.S. #31:\t\t<\/div>\n\t<\/div>\n \t\t<div id=\"ngg1-image-5343\">\n\t\t<div id=\"gallery-vertical-700-vh\">\n\t\t\t<img title=\" \" alt=\" \" src=\"https:\/\/www.eltono.com\/wp-content\/gallery\/gas-amalgama_1\/eltono-gas31-madrid01.jpg\"\/>\n\t\t\t<\/div><div id=\"gallery-vertical-700-vh-comment\"> \t\t<\/div>\n\t<\/div>\n \t\t<div id=\"ngg1-image-5344\">\n\t\t<div id=\"gallery-vertical-700-vh\">\n\t\t\t<img title=\" \" alt=\" \" src=\"https:\/\/www.eltono.com\/wp-content\/gallery\/gas-amalgama_1\/eltono-gas31-madrid02.jpg\"\/>\n\t\t\t<\/div><div id=\"gallery-vertical-700-vh-comment\"> \t\t<\/div>\n\t<\/div>\n \t\t<div id=\"ngg1-image-5529\">\n\t\t<div id=\"gallery-vertical-700-vh\">\n\t\t\t<img title=\"G.A.S. #31 exposed from 13h31 to 14h38 on 13\/03\/2014 at Calle Noviciado 9, Madrid\" alt=\"G.A.S. #31 exposed from 13h31 to 14h38 on 13\/03\/2014 at Calle Noviciado 9, Madrid\" src=\"https:\/\/www.eltono.com\/wp-content\/gallery\/gas-amalgama_1\/eltono-gas31-madrid03_0.jpg\"\/>\n\t\t\t<\/div><div id=\"gallery-vertical-700-vh-comment\">G.A.S. #31 exposed from 13h31 to 14h38 on 13\/03\/2014 at Calle Noviciado 9, Madrid\t\t<\/div>\n\t<\/div>\n \t\t<div id=\"ngg1-image-5524\">\n\t\t<div id=\"gallery-vertical-700-vh\">\n\t\t\t<img title=\"G.A.S. #32:\" alt=\"G.A.S. #32:\" src=\"https:\/\/www.eltono.com\/wp-content\/gallery\/gas-amalgama_1\/separateur03.gif\"\/>\n\t\t\t<\/div><div id=\"gallery-vertical-700-vh-comment\">G.A.S. #32:\t\t<\/div>\n\t<\/div>\n \t\t<div id=\"ngg1-image-5346\">\n\t\t<div id=\"gallery-vertical-700-vh\">\n\t\t\t<img title=\" \" alt=\" \" src=\"https:\/\/www.eltono.com\/wp-content\/gallery\/gas-amalgama_1\/eltono-gas32-madrid01.jpg\"\/>\n\t\t\t<\/div><div id=\"gallery-vertical-700-vh-comment\"> \t\t<\/div>\n\t<\/div>\n \t\t<div id=\"ngg1-image-5347\">\n\t\t<div id=\"gallery-vertical-700-vh\">\n\t\t\t<img title=\" \" alt=\" \" src=\"https:\/\/www.eltono.com\/wp-content\/gallery\/gas-amalgama_1\/eltono-gas32-madrid02.jpg\"\/>\n\t\t\t<\/div><div id=\"gallery-vertical-700-vh-comment\"> \t\t<\/div>\n\t<\/div>\n \t\t<div id=\"ngg1-image-5348\">\n\t\t<div id=\"gallery-vertical-700-vh\">\n\t\t\t<img title=\" \" alt=\" \" src=\"https:\/\/www.eltono.com\/wp-content\/gallery\/gas-amalgama_1\/eltono-gas32-madrid03.jpg\"\/>\n\t\t\t<\/div><div id=\"gallery-vertical-700-vh-comment\"> \t\t<\/div>\n\t<\/div>\n \t\t<div id=\"ngg1-image-5349\">\n\t\t<div id=\"gallery-vertical-700-vh\">\n\t\t\t<img title=\" \" alt=\" \" src=\"https:\/\/www.eltono.com\/wp-content\/gallery\/gas-amalgama_1\/eltono-gas32-madrid04.jpg\"\/>\n\t\t\t<\/div><div id=\"gallery-vertical-700-vh-comment\"> \t\t<\/div>\n\t<\/div>\n \t\t<div id=\"ngg1-image-5350\">\n\t\t<div id=\"gallery-vertical-700-vh\">\n\t\t\t<img title=\" \" alt=\" \" src=\"https:\/\/www.eltono.com\/wp-content\/gallery\/gas-amalgama_1\/eltono-gas32-madrid05.jpg\"\/>\n\t\t\t<\/div><div id=\"gallery-vertical-700-vh-comment\"> \t\t<\/div>\n\t<\/div>\n \t\t<div id=\"ngg1-image-5351\">\n\t\t<div id=\"gallery-vertical-700-vh\">\n\t\t\t<img title=\" \" alt=\" \" src=\"https:\/\/www.eltono.com\/wp-content\/gallery\/gas-amalgama_1\/eltono-gas32-madrid06.jpg\"\/>\n\t\t\t<\/div><div id=\"gallery-vertical-700-vh-comment\"> \t\t<\/div>\n\t<\/div>\n \t\t<div id=\"ngg1-image-5530\">\n\t\t<div id=\"gallery-vertical-700-vh\">\n\t\t\t<img title=\"G.A.S. #32 exposed from 15h31 to 16h49 on 21\/03\/2014 at Calle Magdalena 1, Madrid\" alt=\"G.A.S. #32 exposed from 15h31 to 16h49 on 21\/03\/2014 at Calle Magdalena 1, Madrid\" src=\"https:\/\/www.eltono.com\/wp-content\/gallery\/gas-amalgama_1\/eltono-gas32-madrid07_0.jpg\"\/>\n\t\t\t<\/div><div id=\"gallery-vertical-700-vh-comment\">G.A.S. #32 exposed from 15h31 to 16h49 on 21\/03\/2014 at Calle Magdalena 1, Madrid\t\t<\/div>\n\t<\/div>\n \t\t<div id=\"ngg1-image-5525\">\n\t\t<div id=\"gallery-vertical-700-vh\">\n\t\t\t<img title=\"G.A.S. #33:\" alt=\"G.A.S. #33:\" src=\"https:\/\/www.eltono.com\/wp-content\/gallery\/gas-amalgama_1\/separateur04.gif\"\/>\n\t\t\t<\/div><div id=\"gallery-vertical-700-vh-comment\">G.A.S. #33:\t\t<\/div>\n\t<\/div>\n \t\t<div id=\"ngg1-image-5353\">\n\t\t<div id=\"gallery-vertical-700-vh\">\n\t\t\t<img title=\" \" alt=\" \" src=\"https:\/\/www.eltono.com\/wp-content\/gallery\/gas-amalgama_1\/eltono-gas33-madrid01.jpg\"\/>\n\t\t\t<\/div><div id=\"gallery-vertical-700-vh-comment\"> \t\t<\/div>\n\t<\/div>\n \t\t<div id=\"ngg1-image-5354\">\n\t\t<div id=\"gallery-vertical-700-vh\">\n\t\t\t<img title=\" \" alt=\" \" src=\"https:\/\/www.eltono.com\/wp-content\/gallery\/gas-amalgama_1\/eltono-gas33-madrid02.jpg\"\/>\n\t\t\t<\/div><div id=\"gallery-vertical-700-vh-comment\"> \t\t<\/div>\n\t<\/div>\n \t\t<div id=\"ngg1-image-5355\">\n\t\t<div id=\"gallery-vertical-700-vh\">\n\t\t\t<img title=\" \" alt=\" \" src=\"https:\/\/www.eltono.com\/wp-content\/gallery\/gas-amalgama_1\/eltono-gas33-madrid03.jpg\"\/>\n\t\t\t<\/div><div id=\"gallery-vertical-700-vh-comment\"> \t\t<\/div>\n\t<\/div>\n \t\t<div id=\"ngg1-image-5356\">\n\t\t<div id=\"gallery-vertical-700-vh\">\n\t\t\t<img title=\" \" alt=\" \" src=\"https:\/\/www.eltono.com\/wp-content\/gallery\/gas-amalgama_1\/eltono-gas33-madrid04.jpg\"\/>\n\t\t\t<\/div><div id=\"gallery-vertical-700-vh-comment\"> \t\t<\/div>\n\t<\/div>\n \t\t<div id=\"ngg1-image-5531\">\n\t\t<div id=\"gallery-vertical-700-vh\">\n\t\t\t<img title=\"G.A.S. #33 exposed from 20h36 to 21h45 on 23\/03\/2014 at Calle Magdalena 15, Madrid\" alt=\"G.A.S. #33 exposed from 20h36 to 21h45 on 23\/03\/2014 at Calle Magdalena 15, Madrid\" src=\"https:\/\/www.eltono.com\/wp-content\/gallery\/gas-amalgama_1\/eltono-gas33-madrid05_0.jpg\"\/>\n\t\t\t<\/div><div id=\"gallery-vertical-700-vh-comment\">G.A.S. #33 exposed from 20h36 to 21h45 on 23\/03\/2014 at Calle Magdalena 15, Madrid\t\t<\/div>\n\t<\/div>\n \t\t<div id=\"ngg1-image-5358\">\n\t\t<div id=\"gallery-vertical-700-vh\">\n\t\t\t<img title=\"G.A.S. #34:\" alt=\"G.A.S. #34:\" src=\"https:\/\/www.eltono.com\/wp-content\/gallery\/gas-amalgama_1\/eltono-gas34-madrid01.jpg\"\/>\n\t\t\t<\/div><div id=\"gallery-vertical-700-vh-comment\">G.A.S. #34:\t\t<\/div>\n\t<\/div>\n \t\t<div id=\"ngg1-image-5526\">\n\t\t<div id=\"gallery-vertical-700-vh\">\n\t\t\t<img title=\" \" alt=\" \" src=\"https:\/\/www.eltono.com\/wp-content\/gallery\/gas-amalgama_1\/separateur05.gif\"\/>\n\t\t\t<\/div><div id=\"gallery-vertical-700-vh-comment\"> \t\t<\/div>\n\t<\/div>\n \t\t<div id=\"ngg1-image-5359\">\n\t\t<div id=\"gallery-vertical-700-vh\">\n\t\t\t<img title=\" \" alt=\" \" src=\"https:\/\/www.eltono.com\/wp-content\/gallery\/gas-amalgama_1\/eltono-gas34-madrid02.jpg\"\/>\n\t\t\t<\/div><div id=\"gallery-vertical-700-vh-comment\"> \t\t<\/div>\n\t<\/div>\n \t\t<div id=\"ngg1-image-5360\">\n\t\t<div id=\"gallery-vertical-700-vh\">\n\t\t\t<img title=\" \" alt=\" \" src=\"https:\/\/www.eltono.com\/wp-content\/gallery\/gas-amalgama_1\/eltono-gas34-madrid03.jpg\"\/>\n\t\t\t<\/div><div id=\"gallery-vertical-700-vh-comment\"> \t\t<\/div>\n\t<\/div>\n \t\t<div id=\"ngg1-image-5532\">\n\t\t<div id=\"gallery-vertical-700-vh\">\n\t\t\t<img title=\"G.A.S. #34 exposed from 12h59 to 15h14 on 25\/03\/2014 at Calle Ca\u00f1izares 5, Madrid\" alt=\"G.A.S. #34 exposed from 12h59 to 15h14 on 25\/03\/2014 at Calle Ca\u00f1izares 5, Madrid\" src=\"https:\/\/www.eltono.com\/wp-content\/gallery\/gas-amalgama_1\/eltono-gas34-madrid04_0.jpg\"\/>\n\t\t\t<\/div><div id=\"gallery-vertical-700-vh-comment\">G.A.S. #34 exposed from 12h59 to 15h14 on 25\/03\/2014 at Calle Ca\u00f1izares 5, Madrid\t\t<\/div>\n\t<\/div>\n \t\t<div id=\"ngg1-image-5527\">\n\t\t<div id=\"gallery-vertical-700-vh\">\n\t\t\t<img title=\"G.A.S. #35:\" alt=\"G.A.S. #35:\" src=\"https:\/\/www.eltono.com\/wp-content\/gallery\/gas-amalgama_1\/separateur06.gif\"\/>\n\t\t\t<\/div><div id=\"gallery-vertical-700-vh-comment\">G.A.S. #35:\t\t<\/div>\n\t<\/div>\n \t\t<div id=\"ngg1-image-5362\">\n\t\t<div id=\"gallery-vertical-700-vh\">\n\t\t\t<img title=\" \" alt=\" \" src=\"https:\/\/www.eltono.com\/wp-content\/gallery\/gas-amalgama_1\/eltono-gas35-madrid01.jpg\"\/>\n\t\t\t<\/div><div id=\"gallery-vertical-700-vh-comment\"> \t\t<\/div>\n\t<\/div>\n \t\t<div id=\"ngg1-image-5363\">\n\t\t<div id=\"gallery-vertical-700-vh\">\n\t\t\t<img title=\" \" alt=\" \" src=\"https:\/\/www.eltono.com\/wp-content\/gallery\/gas-amalgama_1\/eltono-gas35-madrid02.jpg\"\/>\n\t\t\t<\/div><div id=\"gallery-vertical-700-vh-comment\"> \t\t<\/div>\n\t<\/div>\n \t\t<div id=\"ngg1-image-5364\">\n\t\t<div id=\"gallery-vertical-700-vh\">\n\t\t\t<img title=\" \" alt=\" \" src=\"https:\/\/www.eltono.com\/wp-content\/gallery\/gas-amalgama_1\/eltono-gas35-madrid03.jpg\"\/>\n\t\t\t<\/div><div id=\"gallery-vertical-700-vh-comment\"> \t\t<\/div>\n\t<\/div>\n \t\t<div id=\"ngg1-image-5365\">\n\t\t<div id=\"gallery-vertical-700-vh\">\n\t\t\t<img title=\" \" alt=\" \" src=\"https:\/\/www.eltono.com\/wp-content\/gallery\/gas-amalgama_1\/eltono-gas35-madrid04.jpg\"\/>\n\t\t\t<\/div><div id=\"gallery-vertical-700-vh-comment\"> \t\t<\/div>\n\t<\/div>\n \t\t<div id=\"ngg1-image-5533\">\n\t\t<div id=\"gallery-vertical-700-vh\">\n\t\t\t<img title=\"G.A.S. #35 exposed from 13h10 to 14h18 on 25\/03\/2014 at Calle Olivar 1, Madrid\" alt=\"G.A.S. #35 exposed from 13h10 to 14h18 on 25\/03\/2014 at Calle Olivar 1, Madrid\" src=\"https:\/\/www.eltono.com\/wp-content\/gallery\/gas-amalgama_1\/eltono-gas35-madrid05_0.jpg\"\/>\n\t\t\t<\/div><div id=\"gallery-vertical-700-vh-comment\">G.A.S. #35 exposed from 13h10 to 14h18 on 25\/03\/2014 at Calle Olivar 1, Madrid\t\t<\/div>\n\t<\/div>\n \t<\/div>\n<\/p>\n<p><img loading=\"lazy\" decoding=\"async\" data-attachment-id=\"10724\" data-permalink=\"https:\/\/www.eltono.com\/fr\/exhibitions\/solo\/amalgama\/road-prints\/eltono-amalgama-gas01\/\" data-orig-file=\"https:\/\/www.eltono.com\/wp-content\/uploads\/2014\/06\/eltono-amalgama-gas01.jpg\" data-orig-size=\"700,525\" data-comments-opened=\"1\" data-image-meta=\"{&quot;aperture&quot;:&quot;0&quot;,&quot;credit&quot;:&quot;&quot;,&quot;camera&quot;:&quot;&quot;,&quot;caption&quot;:&quot;&quot;,&quot;created_timestamp&quot;:&quot;0&quot;,&quot;copyright&quot;:&quot;&quot;,&quot;focal_length&quot;:&quot;0&quot;,&quot;iso&quot;:&quot;0&quot;,&quot;shutter_speed&quot;:&quot;0&quot;,&quot;title&quot;:&quot;&quot;,&quot;orientation&quot;:&quot;0&quot;}\" data-image-title=\"eltono-amalgama-gas01\" data-image-description=\"\" data-image-caption=\"\" data-medium-file=\"https:\/\/www.eltono.com\/wp-content\/uploads\/2014\/06\/eltono-amalgama-gas01-300x225.jpg\" data-large-file=\"https:\/\/www.eltono.com\/wp-content\/uploads\/2014\/06\/eltono-amalgama-gas01.jpg\" class=\"alignnone size-full wp-image-10724\" src=\"http:\/\/www.eltono.com\/wp-content\/uploads\/2014\/06\/eltono-amalgama-gas01.jpg\" alt=\"eltono-amalgama-gas01\" width=\"700\" height=\"525\" srcset=\"https:\/\/www.eltono.com\/wp-content\/uploads\/2014\/06\/eltono-amalgama-gas01.jpg 700w, https:\/\/www.eltono.com\/wp-content\/uploads\/2014\/06\/eltono-amalgama-gas01-350x263.jpg 350w, https:\/\/www.eltono.com\/wp-content\/uploads\/2014\/06\/eltono-amalgama-gas01-100x75.jpg 100w, https:\/\/www.eltono.com\/wp-content\/uploads\/2014\/06\/eltono-amalgama-gas01-300x225.jpg 300w, https:\/\/www.eltono.com\/wp-content\/uploads\/2014\/06\/eltono-amalgama-gas01-400x300.jpg 400w\" sizes=\"auto, (max-width: 700px) 100vw, 700px\" \/><\/p>\n<p><img loading=\"lazy\" decoding=\"async\" data-attachment-id=\"10725\" data-permalink=\"https:\/\/www.eltono.com\/fr\/exhibitions\/solo\/amalgama\/road-prints\/eltono-amalgama-gas02\/\" data-orig-file=\"https:\/\/www.eltono.com\/wp-content\/uploads\/2014\/06\/eltono-amalgama-gas02.jpg\" data-orig-size=\"700,525\" data-comments-opened=\"1\" data-image-meta=\"{&quot;aperture&quot;:&quot;0&quot;,&quot;credit&quot;:&quot;&quot;,&quot;camera&quot;:&quot;&quot;,&quot;caption&quot;:&quot;&quot;,&quot;created_timestamp&quot;:&quot;0&quot;,&quot;copyright&quot;:&quot;&quot;,&quot;focal_length&quot;:&quot;0&quot;,&quot;iso&quot;:&quot;0&quot;,&quot;shutter_speed&quot;:&quot;0&quot;,&quot;title&quot;:&quot;&quot;,&quot;orientation&quot;:&quot;0&quot;}\" data-image-title=\"eltono-amalgama-gas02\" data-image-description=\"\" data-image-caption=\"\" data-medium-file=\"https:\/\/www.eltono.com\/wp-content\/uploads\/2014\/06\/eltono-amalgama-gas02-300x225.jpg\" data-large-file=\"https:\/\/www.eltono.com\/wp-content\/uploads\/2014\/06\/eltono-amalgama-gas02.jpg\" class=\"alignnone size-full wp-image-10725\" src=\"http:\/\/www.eltono.com\/wp-content\/uploads\/2014\/06\/eltono-amalgama-gas02.jpg\" alt=\"eltono-amalgama-gas02\" width=\"700\" height=\"525\" srcset=\"https:\/\/www.eltono.com\/wp-content\/uploads\/2014\/06\/eltono-amalgama-gas02.jpg 700w, https:\/\/www.eltono.com\/wp-content\/uploads\/2014\/06\/eltono-amalgama-gas02-350x263.jpg 350w, https:\/\/www.eltono.com\/wp-content\/uploads\/2014\/06\/eltono-amalgama-gas02-100x75.jpg 100w, https:\/\/www.eltono.com\/wp-content\/uploads\/2014\/06\/eltono-amalgama-gas02-300x225.jpg 300w, https:\/\/www.eltono.com\/wp-content\/uploads\/2014\/06\/eltono-amalgama-gas02-400x300.jpg 400w\" sizes=\"auto, (max-width: 700px) 100vw, 700px\" \/><\/p>\n<p><img loading=\"lazy\" decoding=\"async\" data-attachment-id=\"10727\" data-permalink=\"https:\/\/www.eltono.com\/fr\/exhibitions\/solo\/amalgama\/road-prints\/eltono-amalgama-gas03\/\" data-orig-file=\"https:\/\/www.eltono.com\/wp-content\/uploads\/2014\/06\/eltono-amalgama-gas03.jpg\" data-orig-size=\"700,507\" data-comments-opened=\"1\" data-image-meta=\"{&quot;aperture&quot;:&quot;0&quot;,&quot;credit&quot;:&quot;&quot;,&quot;camera&quot;:&quot;&quot;,&quot;caption&quot;:&quot;&quot;,&quot;created_timestamp&quot;:&quot;0&quot;,&quot;copyright&quot;:&quot;&quot;,&quot;focal_length&quot;:&quot;0&quot;,&quot;iso&quot;:&quot;0&quot;,&quot;shutter_speed&quot;:&quot;0&quot;,&quot;title&quot;:&quot;&quot;,&quot;orientation&quot;:&quot;0&quot;}\" data-image-title=\"eltono-amalgama-gas03\" data-image-description=\"\" data-image-caption=\"\" data-medium-file=\"https:\/\/www.eltono.com\/wp-content\/uploads\/2014\/06\/eltono-amalgama-gas03-300x217.jpg\" data-large-file=\"https:\/\/www.eltono.com\/wp-content\/uploads\/2014\/06\/eltono-amalgama-gas03.jpg\" class=\"alignnone size-full wp-image-10727\" src=\"http:\/\/www.eltono.com\/wp-content\/uploads\/2014\/06\/eltono-amalgama-gas03.jpg\" alt=\"eltono-amalgama-gas03\" width=\"700\" height=\"507\" srcset=\"https:\/\/www.eltono.com\/wp-content\/uploads\/2014\/06\/eltono-amalgama-gas03.jpg 700w, https:\/\/www.eltono.com\/wp-content\/uploads\/2014\/06\/eltono-amalgama-gas03-350x254.jpg 350w, https:\/\/www.eltono.com\/wp-content\/uploads\/2014\/06\/eltono-amalgama-gas03-300x217.jpg 300w, https:\/\/www.eltono.com\/wp-content\/uploads\/2014\/06\/eltono-amalgama-gas03-414x300.jpg 414w\" sizes=\"auto, (max-width: 700px) 100vw, 700px\" \/><\/p>","protected":false},"excerpt":{"rendered":"<p>D\u00e9sol\u00e9, cet article n&#8217;est pas encore disponible en fran\u00e7ais.En attendant, vous pouvez toujours le lire en English ou en Espa\u00f1ol. For the sake of viewer convenience, the content is shown below in this site default language. You may click one of the links to switch the site language to another available language.Bicolor monotypes printed on &hellip; <a href=\"https:\/\/www.eltono.com\/fr\/exhibitions\/solo\/amalgama\/road-prints\/\" class=\"more-link\">Continue reading <span class=\"screen-reader-text\">Amalgama &#8211; Road prints<\/span><\/a><\/p>\n","protected":false},"author":1,"featured_media":0,"parent":10740,"menu_order":0,"comment_status":"closed","ping_status":"open","template":"","meta":{"ngg_post_thumbnail":0,"jetpack_post_was_ever_published":false,"footnotes":""},"categories":[],"tags":[],"class_list":["post-10721","page","type-page","status-publish","hentry"],"jetpack_sharing_enabled":true,"jetpack_shortlink":"https:\/\/wp.me\/P7sWFx-2MV","_links":{"self":[{"href":"https:\/\/www.eltono.com\/fr\/wp-json\/wp\/v2\/pages\/10721","targetHints":{"allow":["GET"]}}],"collection":[{"href":"https:\/\/www.eltono.com\/fr\/wp-json\/wp\/v2\/pages"}],"about":[{"href":"https:\/\/www.eltono.com\/fr\/wp-json\/wp\/v2\/types\/page"}],"author":[{"embeddable":true,"href":"https:\/\/www.eltono.com\/fr\/wp-json\/wp\/v2\/users\/1"}],"replies":[{"embeddable":true,"href":"https:\/\/www.eltono.com\/fr\/wp-json\/wp\/v2\/comments?post=10721"}],"version-history":[{"count":11,"href":"https:\/\/www.eltono.com\/fr\/wp-json\/wp\/v2\/pages\/10721\/revisions"}],"predecessor-version":[{"id":14047,"href":"https:\/\/www.eltono.com\/fr\/wp-json\/wp\/v2\/pages\/10721\/revisions\/14047"}],"up":[{"embeddable":true,"href":"https:\/\/www.eltono.com\/fr\/wp-json\/wp\/v2\/pages\/10740"}],"wp:attachment":[{"href":"https:\/\/www.eltono.com\/fr\/wp-json\/wp\/v2\/media?parent=10721"}],"wp:term":[{"taxonomy":"category","embeddable":true,"href":"https:\/\/www.eltono.com\/fr\/wp-json\/wp\/v2\/categories?post=10721"},{"taxonomy":"post_tag","embeddable":true,"href":"https:\/\/www.eltono.com\/fr\/wp-json\/wp\/v2\/tags?post=10721"}],"curies":[{"name":"wp","href":"https:\/\/api.w.org\/{rel}","templated":true}]}}