{"id":10730,"date":"2014-07-04T12:00:43","date_gmt":"2014-07-04T11:00:43","guid":{"rendered":"http:\/\/www.eltono.com\/?page_id=10730"},"modified":"2016-01-13T22:38:31","modified_gmt":"2016-01-13T20:38:31","slug":"armatoste","status":"publish","type":"page","link":"https:\/\/www.eltono.com\/fr\/exhibitions\/solo\/amalgama\/armatoste\/","title":{"rendered":"Amalgama &#8211; Armatoste"},"content":{"rendered":"<p class=\"qtranxs-available-languages-message qtranxs-available-languages-message-fr\">D\u00e9sol\u00e9, cet article n'est pas encore disponible en fran\u00e7ais.<br>En attendant, vous pouvez toujours le lire en <a href=\"https:\/\/www.eltono.com\/en\/wp-json\/wp\/v2\/pages\/10730\" class=\"qtranxs-available-language-link qtranxs-available-language-link-en\" title=\"English\">English<\/a> ou en <a href=\"https:\/\/www.eltono.com\/es\/wp-json\/wp\/v2\/pages\/10730\" class=\"qtranxs-available-language-link qtranxs-available-language-link-es\" title=\"Espa\u00f1ol\">Espa\u00f1ol<\/a>. For the sake of viewer convenience, the content is shown below in this site default language. You may click one of the links to switch the site language to another available language.<\/p><p>Madrid, March 2014<\/p>\n<p>The <strong><em>Armatoste<\/em><\/strong> installation is the result of two things that I have been observing a lot of time in different cities:<br \/>\nThe first is the way people find solutions to add an extension to a pole; joining two sticks together with the first thing they can find, tape, rope, wire, etc. I observed a lot of way to do it and for all type of purposes: reach higher while painting with a roller, remove spider webs with a broom, grab hangings goods in a store, rescue a drone in a tree&#8230;<br \/>\nThe second are the sticks that you can find in the street and particularly the broom poles that are everywhere in trash containers in Madrid. They are made of such a cheap metal alloy that they break very quickly and end up promptly in the trash. Strange enough, people keep on buying these poles and, after a little while, throwing them away. What I like about it is that the containers are not adapted to receive long shaped objects and most of the time you can spot poles coming out of the bin preventing the lid to be properly closed.<\/p>\n<p>During my stay in Madrid I collected all kind of poles and I joined them together to make a macro-extension that was connecting the front room of the gallery with the back room through two windows and across the outside patio.<\/p>\n<p><style type=\"text\/css\" media=\"all\">\n\/* ----------- Galeria Vertical 700 vh ngg1 ------------*\/\n#gallery-vertical-700-vh{\n\t\/\/max-width: 100%;\n\t\/\/width: 700px;\n\tbackground-color: #ffffff;\n\ttext-align: left;\n}\n#gallery-vertical-700-vh img{\n\t\/\/max-width: 100%;\n\tvertical-align: bottom;\n}\n#gallery-vertical-700-vh-comment{\n\tword-wrap: break-word;\n\t\/\/width: 700px;\n\tmargin: 0 0 17px 0;\n}\n<\/style>\n<div class=\"ngg1-galleryoverview\" id=\"ngg1-gallery-644ec6d3bbdc9fb15cb7ced3234d5a73\">\n\t\t<div id=\"ngg1-image-5395\">\n\t\t<div id=\"gallery-vertical-700-vh\">\n\t\t\t<img title=\" \" alt=\" \" src=\"https:\/\/www.eltono.com\/wp-content\/gallery\/amalgama-armatoste\/eltono-amalgama-armatoste01_0.jpg\"\/>\n\t\t\t<\/div><div id=\"gallery-vertical-700-vh-comment\"> \t\t<\/div>\n\t<\/div>\n \t\t<div id=\"ngg1-image-5368\">\n\t\t<div id=\"gallery-vertical-700-vh\">\n\t\t\t<img title=\" \" alt=\" \" src=\"https:\/\/www.eltono.com\/wp-content\/gallery\/amalgama-armatoste\/eltono-amalgama-armatoste02.jpg\"\/>\n\t\t\t<\/div><div id=\"gallery-vertical-700-vh-comment\"> \t\t<\/div>\n\t<\/div>\n \t\t<div id=\"ngg1-image-5396\">\n\t\t<div id=\"gallery-vertical-700-vh\">\n\t\t\t<img title=\" \" alt=\" \" src=\"https:\/\/www.eltono.com\/wp-content\/gallery\/amalgama-armatoste\/eltono-amalgama-armatoste03_0.jpg\"\/>\n\t\t\t<\/div><div id=\"gallery-vertical-700-vh-comment\"> \t\t<\/div>\n\t<\/div>\n \t\t<div id=\"ngg1-image-5370\">\n\t\t<div id=\"gallery-vertical-700-vh\">\n\t\t\t<img title=\" \" alt=\" \" src=\"https:\/\/www.eltono.com\/wp-content\/gallery\/amalgama-armatoste\/eltono-amalgama-armatoste04.jpg\"\/>\n\t\t\t<\/div><div id=\"gallery-vertical-700-vh-comment\"> \t\t<\/div>\n\t<\/div>\n \t\t<div id=\"ngg1-image-5371\">\n\t\t<div id=\"gallery-vertical-700-vh\">\n\t\t\t<img title=\" \" alt=\" \" src=\"https:\/\/www.eltono.com\/wp-content\/gallery\/amalgama-armatoste\/eltono-amalgama-armatoste05.jpg\"\/>\n\t\t\t<\/div><div id=\"gallery-vertical-700-vh-comment\"> \t\t<\/div>\n\t<\/div>\n \t\t<div id=\"ngg1-image-5372\">\n\t\t<div id=\"gallery-vertical-700-vh\">\n\t\t\t<img title=\" \" alt=\" \" src=\"https:\/\/www.eltono.com\/wp-content\/gallery\/amalgama-armatoste\/eltono-amalgama-armatoste06.jpg\"\/>\n\t\t\t<\/div><div id=\"gallery-vertical-700-vh-comment\"> \t\t<\/div>\n\t<\/div>\n \t\t<div id=\"ngg1-image-5373\">\n\t\t<div id=\"gallery-vertical-700-vh\">\n\t\t\t<img title=\" \" alt=\" \" src=\"https:\/\/www.eltono.com\/wp-content\/gallery\/amalgama-armatoste\/eltono-amalgama-armatoste07.jpg\"\/>\n\t\t\t<\/div><div id=\"gallery-vertical-700-vh-comment\"> \t\t<\/div>\n\t<\/div>\n \t\t<div id=\"ngg1-image-5374\">\n\t\t<div id=\"gallery-vertical-700-vh\">\n\t\t\t<img title=\" \" alt=\" \" src=\"https:\/\/www.eltono.com\/wp-content\/gallery\/amalgama-armatoste\/eltono-amalgama-armatoste08.jpg\"\/>\n\t\t\t<\/div><div id=\"gallery-vertical-700-vh-comment\"> \t\t<\/div>\n\t<\/div>\n \t\t<div id=\"ngg1-image-5375\">\n\t\t<div id=\"gallery-vertical-700-vh\">\n\t\t\t<img title=\" \" alt=\" \" src=\"https:\/\/www.eltono.com\/wp-content\/gallery\/amalgama-armatoste\/eltono-amalgama-armatoste09.jpg\"\/>\n\t\t\t<\/div><div id=\"gallery-vertical-700-vh-comment\"> \t\t<\/div>\n\t<\/div>\n \t\t<div id=\"ngg1-image-5376\">\n\t\t<div id=\"gallery-vertical-700-vh\">\n\t\t\t<img title=\" \" alt=\" \" src=\"https:\/\/www.eltono.com\/wp-content\/gallery\/amalgama-armatoste\/eltono-amalgama-armatoste10.jpg\"\/>\n\t\t\t<\/div><div id=\"gallery-vertical-700-vh-comment\"> \t\t<\/div>\n\t<\/div>\n \t\t<div id=\"ngg1-image-5382\">\n\t\t<div id=\"gallery-vertical-700-vh\">\n\t\t\t<img title=\" \" alt=\" \" src=\"https:\/\/www.eltono.com\/wp-content\/gallery\/amalgama-armatoste\/eltono-amalgama-armatoste16.jpg\"\/>\n\t\t\t<\/div><div id=\"gallery-vertical-700-vh-comment\"> \t\t<\/div>\n\t<\/div>\n \t\t<div id=\"ngg1-image-5381\">\n\t\t<div id=\"gallery-vertical-700-vh\">\n\t\t\t<img title=\" \" alt=\" \" src=\"https:\/\/www.eltono.com\/wp-content\/gallery\/amalgama-armatoste\/eltono-amalgama-armatoste15.jpg\"\/>\n\t\t\t<\/div><div id=\"gallery-vertical-700-vh-comment\"> \t\t<\/div>\n\t<\/div>\n \t\t<div id=\"ngg1-image-5380\">\n\t\t<div id=\"gallery-vertical-700-vh\">\n\t\t\t<img title=\" \" alt=\" \" src=\"https:\/\/www.eltono.com\/wp-content\/gallery\/amalgama-armatoste\/eltono-amalgama-armatoste14.jpg\"\/>\n\t\t\t<\/div><div id=\"gallery-vertical-700-vh-comment\"> \t\t<\/div>\n\t<\/div>\n \t\t<div id=\"ngg1-image-5384\">\n\t\t<div id=\"gallery-vertical-700-vh\">\n\t\t\t<img title=\" \" alt=\" \" src=\"https:\/\/www.eltono.com\/wp-content\/gallery\/amalgama-armatoste\/eltono-amalgama-armatoste18.jpg\"\/>\n\t\t\t<\/div><div id=\"gallery-vertical-700-vh-comment\"> \t\t<\/div>\n\t<\/div>\n \t\t<div id=\"ngg1-image-5385\">\n\t\t<div id=\"gallery-vertical-700-vh\">\n\t\t\t<img title=\" \" alt=\" \" src=\"https:\/\/www.eltono.com\/wp-content\/gallery\/amalgama-armatoste\/eltono-amalgama-armatoste19.jpg\"\/>\n\t\t\t<\/div><div id=\"gallery-vertical-700-vh-comment\"> \t\t<\/div>\n\t<\/div>\n \t\t<div id=\"ngg1-image-5379\">\n\t\t<div id=\"gallery-vertical-700-vh\">\n\t\t\t<img title=\" \" alt=\" \" src=\"https:\/\/www.eltono.com\/wp-content\/gallery\/amalgama-armatoste\/eltono-amalgama-armatoste13.jpg\"\/>\n\t\t\t<\/div><div id=\"gallery-vertical-700-vh-comment\"> \t\t<\/div>\n\t<\/div>\n \t<\/div>\n<\/p>\n<p>Pictures by Eltono and \u00a9Miguel\u00a0Ros\u00f3n (<a href=\"http:\/\/www.v15.es\/\" target=\"_blank\">www.v15.es<\/a>)<br \/>\nThanks LUCE for the great help!<\/p>","protected":false},"excerpt":{"rendered":"<p>D\u00e9sol\u00e9, cet article n&#8217;est pas encore disponible en fran\u00e7ais.En attendant, vous pouvez toujours le lire en English ou en Espa\u00f1ol. For the sake of viewer convenience, the content is shown below in this site default language. You may click one of the links to switch the site language to another available language.Madrid, March 2014 The &hellip; <a href=\"https:\/\/www.eltono.com\/fr\/exhibitions\/solo\/amalgama\/armatoste\/\" class=\"more-link\">Continue reading <span class=\"screen-reader-text\">Amalgama &#8211; Armatoste<\/span><\/a><\/p>\n","protected":false},"author":1,"featured_media":0,"parent":10740,"menu_order":0,"comment_status":"closed","ping_status":"open","template":"","meta":{"ngg_post_thumbnail":0,"jetpack_post_was_ever_published":false,"footnotes":""},"categories":[],"tags":[],"class_list":["post-10730","page","type-page","status-publish","hentry"],"jetpack_sharing_enabled":true,"jetpack_shortlink":"https:\/\/wp.me\/P7sWFx-2N4","_links":{"self":[{"href":"https:\/\/www.eltono.com\/fr\/wp-json\/wp\/v2\/pages\/10730","targetHints":{"allow":["GET"]}}],"collection":[{"href":"https:\/\/www.eltono.com\/fr\/wp-json\/wp\/v2\/pages"}],"about":[{"href":"https:\/\/www.eltono.com\/fr\/wp-json\/wp\/v2\/types\/page"}],"author":[{"embeddable":true,"href":"https:\/\/www.eltono.com\/fr\/wp-json\/wp\/v2\/users\/1"}],"replies":[{"embeddable":true,"href":"https:\/\/www.eltono.com\/fr\/wp-json\/wp\/v2\/comments?post=10730"}],"version-history":[{"count":33,"href":"https:\/\/www.eltono.com\/fr\/wp-json\/wp\/v2\/pages\/10730\/revisions"}],"predecessor-version":[{"id":14050,"href":"https:\/\/www.eltono.com\/fr\/wp-json\/wp\/v2\/pages\/10730\/revisions\/14050"}],"up":[{"embeddable":true,"href":"https:\/\/www.eltono.com\/fr\/wp-json\/wp\/v2\/pages\/10740"}],"wp:attachment":[{"href":"https:\/\/www.eltono.com\/fr\/wp-json\/wp\/v2\/media?parent=10730"}],"wp:term":[{"taxonomy":"category","embeddable":true,"href":"https:\/\/www.eltono.com\/fr\/wp-json\/wp\/v2\/categories?post=10730"},{"taxonomy":"post_tag","embeddable":true,"href":"https:\/\/www.eltono.com\/fr\/wp-json\/wp\/v2\/tags?post=10730"}],"curies":[{"name":"wp","href":"https:\/\/api.w.org\/{rel}","templated":true}]}}