{"id":10740,"date":"2014-03-27T11:50:43","date_gmt":"2014-03-27T09:50:43","guid":{"rendered":"http:\/\/www.eltono.com\/?page_id=10740"},"modified":"2016-03-20T17:48:39","modified_gmt":"2016-03-20T15:48:39","slug":"amalgama","status":"publish","type":"page","link":"https:\/\/www.eltono.com\/fr\/exhibitions\/solo\/amalgama\/","title":{"rendered":"Amalgama"},"content":{"rendered":"<p class=\"qtranxs-available-languages-message qtranxs-available-languages-message-fr\">D\u00e9sol\u00e9, cet article n'est pas encore disponible en fran\u00e7ais.<br>En attendant, vous pouvez toujours le lire en <a href=\"https:\/\/www.eltono.com\/en\/wp-json\/wp\/v2\/pages\/10740\" class=\"qtranxs-available-language-link qtranxs-available-language-link-en\" title=\"English\">English<\/a> ou en <a href=\"https:\/\/www.eltono.com\/es\/wp-json\/wp\/v2\/pages\/10740\" class=\"qtranxs-available-language-link qtranxs-available-language-link-es\" title=\"Espa\u00f1ol\">Espa\u00f1ol<\/a>. For the sake of viewer convenience, the content is shown below in this site default language. You may click one of the links to switch the site language to another available language.<\/p><p><strong>Slowtrack<\/strong><br \/>\nC\/ Ca\u00f1izares 12, Madrid, Spain<br \/>\nMarch 27 \u2013 May 26 2014<\/p>\n<p><strong>First room:<\/strong><br \/>\nBo\u00eete \u00e0 Compositions: <a href=\"http:\/\/www.eltono.com\/exhibitions\/solo\/amalgama\/boite-a-compositions\/\">www.eltono.com\/exhibitions\/solo\/amalgama\/boite-a-compositions<\/a><br \/>\nModulo L: <a href=\"http:\/\/www.eltono.com\/exhibitions\/solo\/amalgama\/modulo-l\/\">www.eltono.com\/exhibitions\/solo\/amalgama\/modulo-l<\/a><br \/>\nNebulosas: <a href=\"http:\/\/www.eltono.com\/exhibitions\/solo\/amalgama\/nebulosas\/\">www.eltono.com\/exhibitions\/solo\/amalgama\/nebulosas<\/a><br \/>\nRoad Prints: <a href=\"http:\/\/www.eltono.com\/exhibitions\/solo\/amalgama\/road-prints\/\">www.eltono.com\/exhibitions\/solo\/amalgama\/road-prints<\/a><br \/>\n<strong>Patio:<\/strong><br \/>\nArmatoste: <a href=\"http:\/\/www.eltono.com\/exhibitions\/solo\/amalgama\/armatoste\/\">www.eltono.com\/exhibitions\/solo\/amalgama\/armatoste<\/a><br \/>\n<strong>Second room:<\/strong><br \/>\nI presented the outcome of 7 walks I did in Beijing for the <em>Promenades<\/em> project:<a href=\"http:\/\/www.eltono.com\/projects\/promenades\/\"> www.eltono.com\/projects\/promenades<\/a><\/p>\n<blockquote><p>If you are interested in purchasing any of these pieces, please contact the gallery: <a href=\"http:\/\/www.slowtracksociety.com\/\" target=\"_blank\">www.slowtracksociety.com<\/a><\/p><\/blockquote>\n<p><style type=\"text\/css\" media=\"all\">\n\/* ----------- Galeria Vertical 700 vh ngg1 ------------*\/\n#gallery-vertical-700-vh{\n\t\/\/max-width: 100%;\n\t\/\/width: 700px;\n\tbackground-color: #ffffff;\n\ttext-align: left;\n}\n#gallery-vertical-700-vh img{\n\t\/\/max-width: 100%;\n\tvertical-align: bottom;\n}\n#gallery-vertical-700-vh-comment{\n\tword-wrap: break-word;\n\t\/\/width: 700px;\n\tmargin: 0 0 17px 0;\n}\n<\/style>\n<div class=\"ngg1-galleryoverview\" id=\"ngg1-gallery-40e1c80533444b4961a70a41d8347111\">\n\t\t<div id=\"ngg1-image-5654\">\n\t\t<div id=\"gallery-vertical-700-vh\">\n\t\t\t<img title=\" \" alt=\" \" src=\"https:\/\/www.eltono.com\/wp-content\/gallery\/amalgama-expo\/eltono-amalgama-nebulosas-00.jpg\"\/>\n\t\t\t<\/div><div id=\"gallery-vertical-700-vh-comment\"> \t\t<\/div>\n\t<\/div>\n \t\t<div id=\"ngg1-image-5652\">\n\t\t<div id=\"gallery-vertical-700-vh\">\n\t\t\t<img title=\" \" alt=\" \" src=\"https:\/\/www.eltono.com\/wp-content\/gallery\/amalgama-expo\/eltono-amalgama24.jpg\"\/>\n\t\t\t<\/div><div id=\"gallery-vertical-700-vh-comment\"> \t\t<\/div>\n\t<\/div>\n \t\t<div id=\"ngg1-image-5653\">\n\t\t<div id=\"gallery-vertical-700-vh\">\n\t\t\t<img title=\" \" alt=\" \" src=\"https:\/\/www.eltono.com\/wp-content\/gallery\/amalgama-expo\/eltono-amalgama25.jpg\"\/>\n\t\t\t<\/div><div id=\"gallery-vertical-700-vh-comment\"> \t\t<\/div>\n\t<\/div>\n \t\t<div id=\"ngg1-image-5632\">\n\t\t<div id=\"gallery-vertical-700-vh\">\n\t\t\t<img title=\"Bo\u00eete \u00e0 Compositions\" alt=\"Bo\u00eete \u00e0 Compositions\" src=\"https:\/\/www.eltono.com\/wp-content\/gallery\/amalgama-expo\/eltono-amalgama-bac03.jpg\"\/>\n\t\t\t<\/div><div id=\"gallery-vertical-700-vh-comment\">Bo\u00eete \u00e0 Compositions\t\t<\/div>\n\t<\/div>\n \t\t<div id=\"ngg1-image-5631\">\n\t\t<div id=\"gallery-vertical-700-vh\">\n\t\t\t<img title=\" \" alt=\" \" src=\"https:\/\/www.eltono.com\/wp-content\/gallery\/amalgama-expo\/eltono-amalgama-bac02.jpg\"\/>\n\t\t\t<\/div><div id=\"gallery-vertical-700-vh-comment\"> \t\t<\/div>\n\t<\/div>\n \t\t<div id=\"ngg1-image-5630\">\n\t\t<div id=\"gallery-vertical-700-vh\">\n\t\t\t<img title=\" \" alt=\" \" src=\"https:\/\/www.eltono.com\/wp-content\/gallery\/amalgama-expo\/eltono-amalgama-bac01.jpg\"\/>\n\t\t\t<\/div><div id=\"gallery-vertical-700-vh-comment\"> \t\t<\/div>\n\t<\/div>\n \t\t<div id=\"ngg1-image-5634\">\n\t\t<div id=\"gallery-vertical-700-vh\">\n\t\t\t<img title=\"Gravures au Sol\" alt=\"Gravures au Sol\" src=\"https:\/\/www.eltono.com\/wp-content\/gallery\/amalgama-expo\/eltono-amalgama-gas02.jpg\"\/>\n\t\t\t<\/div><div id=\"gallery-vertical-700-vh-comment\">Gravures au Sol\t\t<\/div>\n\t<\/div>\n \t\t<div id=\"ngg1-image-5635\">\n\t\t<div id=\"gallery-vertical-700-vh\">\n\t\t\t<img title=\" \" alt=\" \" src=\"https:\/\/www.eltono.com\/wp-content\/gallery\/amalgama-expo\/eltono-amalgama-gas03.jpg\"\/>\n\t\t\t<\/div><div id=\"gallery-vertical-700-vh-comment\"> \t\t<\/div>\n\t<\/div>\n \t\t<div id=\"ngg1-image-5636\">\n\t\t<div id=\"gallery-vertical-700-vh\">\n\t\t\t<img title=\" \" alt=\" \" src=\"https:\/\/www.eltono.com\/wp-content\/gallery\/amalgama-expo\/eltono-amalgama-gas04.jpg\"\/>\n\t\t\t<\/div><div id=\"gallery-vertical-700-vh-comment\"> \t\t<\/div>\n\t<\/div>\n \t\t<div id=\"ngg1-image-5627\">\n\t\t<div id=\"gallery-vertical-700-vh\">\n\t\t\t<img title=\"Armatoste\" alt=\"Armatoste\" src=\"https:\/\/www.eltono.com\/wp-content\/gallery\/amalgama-expo\/eltono-amalgama-armatoste04.jpg\"\/>\n\t\t\t<\/div><div id=\"gallery-vertical-700-vh-comment\">Armatoste\t\t<\/div>\n\t<\/div>\n \t\t<div id=\"ngg1-image-5628\">\n\t\t<div id=\"gallery-vertical-700-vh\">\n\t\t\t<img title=\" \" alt=\" \" src=\"https:\/\/www.eltono.com\/wp-content\/gallery\/amalgama-expo\/eltono-amalgama-armatoste05.jpg\"\/>\n\t\t\t<\/div><div id=\"gallery-vertical-700-vh-comment\"> \t\t<\/div>\n\t<\/div>\n \t\t<div id=\"ngg1-image-5625\">\n\t\t<div id=\"gallery-vertical-700-vh\">\n\t\t\t<img title=\" \" alt=\" \" src=\"https:\/\/www.eltono.com\/wp-content\/gallery\/amalgama-expo\/eltono-amalgama-armatoste02.jpg\"\/>\n\t\t\t<\/div><div id=\"gallery-vertical-700-vh-comment\"> \t\t<\/div>\n\t<\/div>\n \t\t<div id=\"ngg1-image-5626\">\n\t\t<div id=\"gallery-vertical-700-vh\">\n\t\t\t<img title=\" \" alt=\" \" src=\"https:\/\/www.eltono.com\/wp-content\/gallery\/amalgama-expo\/eltono-amalgama-armatoste03.jpg\"\/>\n\t\t\t<\/div><div id=\"gallery-vertical-700-vh-comment\"> \t\t<\/div>\n\t<\/div>\n \t\t<div id=\"ngg1-image-5624\">\n\t\t<div id=\"gallery-vertical-700-vh\">\n\t\t\t<img title=\" \" alt=\" \" src=\"https:\/\/www.eltono.com\/wp-content\/gallery\/amalgama-expo\/eltono-amalgama-armatoste01.jpg\"\/>\n\t\t\t<\/div><div id=\"gallery-vertical-700-vh-comment\"> \t\t<\/div>\n\t<\/div>\n \t\t<div id=\"ngg1-image-5637\">\n\t\t<div id=\"gallery-vertical-700-vh\">\n\t\t\t<img title=\"Modulo L\" alt=\"Modulo L\" src=\"https:\/\/www.eltono.com\/wp-content\/gallery\/amalgama-expo\/eltono-amalgama-modulol03.jpg\"\/>\n\t\t\t<\/div><div id=\"gallery-vertical-700-vh-comment\">Modulo L\t\t<\/div>\n\t<\/div>\n \t\t<div id=\"ngg1-image-5638\">\n\t\t<div id=\"gallery-vertical-700-vh\">\n\t\t\t<img title=\" \" alt=\" \" src=\"https:\/\/www.eltono.com\/wp-content\/gallery\/amalgama-expo\/eltono-amalgama-modulol04.jpg\"\/>\n\t\t\t<\/div><div id=\"gallery-vertical-700-vh-comment\"> \t\t<\/div>\n\t<\/div>\n \t\t<div id=\"ngg1-image-5639\">\n\t\t<div id=\"gallery-vertical-700-vh\">\n\t\t\t<img title=\"Nebulosas\" alt=\"Nebulosas\" src=\"https:\/\/www.eltono.com\/wp-content\/gallery\/amalgama-expo\/eltono-amalgama-nebulosas-01.jpg\"\/>\n\t\t\t<\/div><div id=\"gallery-vertical-700-vh-comment\">Nebulosas\t\t<\/div>\n\t<\/div>\n \t\t<div id=\"ngg1-image-5640\">\n\t\t<div id=\"gallery-vertical-700-vh\">\n\t\t\t<img title=\" \" alt=\" \" src=\"https:\/\/www.eltono.com\/wp-content\/gallery\/amalgama-expo\/eltono-amalgama-nebulosas-02.jpg\"\/>\n\t\t\t<\/div><div id=\"gallery-vertical-700-vh-comment\"> \t\t<\/div>\n\t<\/div>\n \t\t<div id=\"ngg1-image-5641\">\n\t\t<div id=\"gallery-vertical-700-vh\">\n\t\t\t<img title=\" \" alt=\" \" src=\"https:\/\/www.eltono.com\/wp-content\/gallery\/amalgama-expo\/eltono-amalgama-nebulosas-03.jpg\"\/>\n\t\t\t<\/div><div id=\"gallery-vertical-700-vh-comment\"> \t\t<\/div>\n\t<\/div>\n \t\t<div id=\"ngg1-image-5647\">\n\t\t<div id=\"gallery-vertical-700-vh\">\n\t\t\t<img title=\"Promenades\" alt=\"Promenades\" src=\"https:\/\/www.eltono.com\/wp-content\/gallery\/amalgama-expo\/eltono-amalgama-promenades04.jpg\"\/>\n\t\t\t<\/div><div id=\"gallery-vertical-700-vh-comment\">Promenades\t\t<\/div>\n\t<\/div>\n \t\t<div id=\"ngg1-image-5645\">\n\t\t<div id=\"gallery-vertical-700-vh\">\n\t\t\t<img title=\" \" alt=\" \" src=\"https:\/\/www.eltono.com\/wp-content\/gallery\/amalgama-expo\/eltono-amalgama-promenades02.jpg\"\/>\n\t\t\t<\/div><div id=\"gallery-vertical-700-vh-comment\"> \t\t<\/div>\n\t<\/div>\n \t\t<div id=\"ngg1-image-5646\">\n\t\t<div id=\"gallery-vertical-700-vh\">\n\t\t\t<img title=\" \" alt=\" \" src=\"https:\/\/www.eltono.com\/wp-content\/gallery\/amalgama-expo\/eltono-amalgama-promenades03.jpg\"\/>\n\t\t\t<\/div><div id=\"gallery-vertical-700-vh-comment\"> \t\t<\/div>\n\t<\/div>\n \t\t<div id=\"ngg1-image-5648\">\n\t\t<div id=\"gallery-vertical-700-vh\">\n\t\t\t<img title=\" \" alt=\" \" src=\"https:\/\/www.eltono.com\/wp-content\/gallery\/amalgama-expo\/eltono-amalgama-promenades05.jpg\"\/>\n\t\t\t<\/div><div id=\"gallery-vertical-700-vh-comment\"> \t\t<\/div>\n\t<\/div>\n \t\t<div id=\"ngg1-image-5649\">\n\t\t<div id=\"gallery-vertical-700-vh\">\n\t\t\t<img title=\" \" alt=\" \" src=\"https:\/\/www.eltono.com\/wp-content\/gallery\/amalgama-expo\/eltono-amalgama-promenades06.jpg\"\/>\n\t\t\t<\/div><div id=\"gallery-vertical-700-vh-comment\"> \t\t<\/div>\n\t<\/div>\n \t\t<div id=\"ngg1-image-5650\">\n\t\t<div id=\"gallery-vertical-700-vh\">\n\t\t\t<img title=\" \" alt=\" \" src=\"https:\/\/www.eltono.com\/wp-content\/gallery\/amalgama-expo\/eltono-amalgama-promenades07.jpg\"\/>\n\t\t\t<\/div><div id=\"gallery-vertical-700-vh-comment\"> \t\t<\/div>\n\t<\/div>\n \t\t<div id=\"ngg1-image-5651\">\n\t\t<div id=\"gallery-vertical-700-vh\">\n\t\t\t<img title=\" \" alt=\" \" src=\"https:\/\/www.eltono.com\/wp-content\/gallery\/amalgama-expo\/eltono-amalgama-promenades08.jpg\"\/>\n\t\t\t<\/div><div id=\"gallery-vertical-700-vh-comment\"> \t\t<\/div>\n\t<\/div>\n \t\t<div id=\"ngg1-image-5642\">\n\t\t<div id=\"gallery-vertical-700-vh\">\n\t\t\t<img title=\" \" alt=\" \" src=\"https:\/\/www.eltono.com\/wp-content\/gallery\/amalgama-expo\/eltono-amalgama-opening01.jpg\"\/>\n\t\t\t<\/div><div id=\"gallery-vertical-700-vh-comment\"> \t\t<\/div>\n\t<\/div>\n \t\t<div id=\"ngg1-image-5643\">\n\t\t<div id=\"gallery-vertical-700-vh\">\n\t\t\t<img title=\" \" alt=\" \" src=\"https:\/\/www.eltono.com\/wp-content\/gallery\/amalgama-expo\/eltono-amalgama-opening02.jpg\"\/>\n\t\t\t<\/div><div id=\"gallery-vertical-700-vh-comment\"> \t\t<\/div>\n\t<\/div>\n \t<\/div>\n<\/p>\n<p>Pictures by Eltono and \u00a9Miguel\u00a0Ros\u00f3n (<a href=\"http:\/\/www.v15.es\/\" target=\"_blank\">www.v15.es<\/a>)<br \/>\nThanks LUCE, Esther, Dani and Greta, Nov9 and everybody at Slowtrack.<\/p>","protected":false},"excerpt":{"rendered":"<p>D\u00e9sol\u00e9, cet article n&#8217;est pas encore disponible en fran\u00e7ais.En attendant, vous pouvez toujours le lire en English ou en Espa\u00f1ol. For the sake of viewer convenience, the content is shown below in this site default language. You may click one of the links to switch the site language to another available language.Slowtrack C\/ Ca\u00f1izares 12, &hellip; <a href=\"https:\/\/www.eltono.com\/fr\/exhibitions\/solo\/amalgama\/\" class=\"more-link\">Continue reading <span class=\"screen-reader-text\">Amalgama<\/span><\/a><\/p>\n","protected":false},"author":1,"featured_media":13495,"parent":13432,"menu_order":0,"comment_status":"closed","ping_status":"open","template":"","meta":{"ngg_post_thumbnail":0,"jetpack_post_was_ever_published":false,"footnotes":""},"categories":[288,3,261,265,264,263],"tags":[],"class_list":["post-10740","page","type-page","status-publish","has-post-thumbnail","hentry","category-288","category-exhibitions","category-page_expo","category-page_indoor","category-page_solo_show","category-solo-show"],"jetpack_sharing_enabled":true,"jetpack_shortlink":"https:\/\/wp.me\/P7sWFx-2Ne","_links":{"self":[{"href":"https:\/\/www.eltono.com\/fr\/wp-json\/wp\/v2\/pages\/10740","targetHints":{"allow":["GET"]}}],"collection":[{"href":"https:\/\/www.eltono.com\/fr\/wp-json\/wp\/v2\/pages"}],"about":[{"href":"https:\/\/www.eltono.com\/fr\/wp-json\/wp\/v2\/types\/page"}],"author":[{"embeddable":true,"href":"https:\/\/www.eltono.com\/fr\/wp-json\/wp\/v2\/users\/1"}],"replies":[{"embeddable":true,"href":"https:\/\/www.eltono.com\/fr\/wp-json\/wp\/v2\/comments?post=10740"}],"version-history":[{"count":20,"href":"https:\/\/www.eltono.com\/fr\/wp-json\/wp\/v2\/pages\/10740\/revisions"}],"predecessor-version":[{"id":15334,"href":"https:\/\/www.eltono.com\/fr\/wp-json\/wp\/v2\/pages\/10740\/revisions\/15334"}],"up":[{"embeddable":true,"href":"https:\/\/www.eltono.com\/fr\/wp-json\/wp\/v2\/pages\/13432"}],"wp:featuredmedia":[{"embeddable":true,"href":"https:\/\/www.eltono.com\/fr\/wp-json\/wp\/v2\/media\/13495"}],"wp:attachment":[{"href":"https:\/\/www.eltono.com\/fr\/wp-json\/wp\/v2\/media?parent=10740"}],"wp:term":[{"taxonomy":"category","embeddable":true,"href":"https:\/\/www.eltono.com\/fr\/wp-json\/wp\/v2\/categories?post=10740"},{"taxonomy":"post_tag","embeddable":true,"href":"https:\/\/www.eltono.com\/fr\/wp-json\/wp\/v2\/tags?post=10740"}],"curies":[{"name":"wp","href":"https:\/\/api.w.org\/{rel}","templated":true}]}}