{"id":11,"date":"2008-07-30T00:19:04","date_gmt":"2008-07-29T22:19:04","guid":{"rendered":"http:\/\/www.mistermonsieur.com\/lamoissie\/?page_id=6"},"modified":"2025-03-03T09:07:14","modified_gmt":"2025-03-03T08:07:14","slug":"info","status":"publish","type":"page","link":"https:\/\/www.eltono.com\/fr\/info\/","title":{"rendered":"Information"},"content":{"rendered":"<p><\/p>\n<blockquote><p><strong>Pour me contacter<\/strong>, veuillez m&#8217;\u00e9crire \u00e0 cet e-mail :<br \/>\n<a href=\"&#109;&#97;ilto:el&#116;&#111;n&#111;&#64;el&#116;&#111;no.&#99;o&#109;\">el&#116;&#111;&#110;o&#64;e&#108;&#116;o&#110;&#111;.&#99;&#111;&#109;<\/a><br \/>\n<\/a><strong>Pour vous inscrire \u00e0 ma <\/strong>newsletter<strong>, <\/strong>envoyez un e-mail \u00e0 cette adresse : <a href=\"&#109;&#97;il&#116;o:inf&#111;&#116;&#111;n&#111;&#64;&#101;l&#116;ono&#46;&#99;&#111;m?&#115;ub&#106;e&#99;&#116;=S&#117;bs&#99;&#114;i&#98;&#101;&#32;&#109;e!\">in&#102;&#111;&#116;o&#110;o&#64;&#101;&#108;&#116;&#111;&#110;o.&#99;o&#109;<\/a><\/p><\/blockquote>\n<h2><strong>A propos d&#8217;Eltono :<\/strong><\/h2>\n<p>L\u2019artiste fran\u00e7ais Eltono (1975) commence ses activit\u00e9s \u00e0 Madrid en 1999, en 2010 il part vivre pendant 4 ans \u00e0 P\u00e9kin pour enfin revenir en France et s\u2019installer dans le sud-ouest. Fl\u00e2neur, pi\u00e9ton obstin\u00e9 et observateur chronique, depuis des ann\u00e9es il utilise l\u2019espace public comme support, atelier et source d\u2019inspiration. Sa sensibilit\u00e9 envers tout ce qui se passe autour de lui et sa connaissance de la nature de la rue \u2013 ses caprices et son caract\u00e8re impr\u00e9visible \u2013 sont ses outils principaux \u00e0 l&#8217;heure de g\u00e9n\u00e9rer ses \u0153uvres.<\/p>\n<p>Il est intervenu dans les rues de plus de 120 villes \u00e0 travers le monde et a montr\u00e9 ses travaux dans des mus\u00e9es et galeries de renom comme la Tate Modern et la Somerset House \u00e0 Londres, la Fundaci\u00f3n Mir\u00f3 \u00e0 Barcelona, l&#8217;Institut Cervantes \u00e0 Paris ou le mus\u00e9e Artium \u00e0 Vitoria. Quand il est invit\u00e9 \u00e0 travailler en int\u00e9rieur, Eltono s&#8217;efforce \u00e0 trouver des solutions pour r\u00e9soudre le dilemme qui se pose au moment d&#8217;exposer de l&#8217;art public dans des espaces priv\u00e9s.<\/p>\n<h2>CV :<\/h2>\n<h3><strong>Expositions individuelles :<\/strong><\/h3>\n<h6>10\/2021 : <a href=\"https:\/\/www.eltono.com\/exhibitions\/solo\/desperfectos\/\"><em>Desperfectos<\/em>, Set Espai d&#8217;Art chez Galeria Nueva, Madrid, Espagne<\/a><br \/>\n07\/2021 : <a href=\"https:\/\/www.eltono.com\/exhibitions\/solo\/serendipite\/\"><em>S\u00e9rendipit\u00e9<\/em>, centre d&#8217;art Hangar 107, Rouen, France<\/a><br \/>\n06\/2019 : <a href=\"http:\/\/www.eltono.com\/exhibitions\/solo\/fault-lines\/\"><em>Fault Lines<\/em>, galerie Slika, Lyon, France<\/a><br \/>\n04\/2018 : <a href=\"http:\/\/www.eltono.com\/exhibitions\/solo\/funambuls\/\"><em>Funamb\u00fals<\/em>, Casal Solleric, Palma de Mallorca, Espagne<\/a><br \/>\n09\/2017 : <a href=\"http:\/\/www.eltono.com\/exhibitions\/solo\/anomalias\/\"><em>Anomal\u00edas<\/em>, SET Espai d&#8217;Art, Valence, Espagne<\/a><br \/>\n05\/2017 : <a href=\"http:\/\/www.eltono.com\/exhibitions\/solo\/crossroad3\/\"><em>Crossroad #3<\/em>, galerie Doppelgaenger, Bari, Italie<\/a><br \/>\n09\/2016 : <a href=\"http:\/\/www.eltono.com\/exhibitions\/solo\/fluctuacion\/\"><em>Fluctuaci\u00f3n<\/em>, galerie Antonia Puy\u00f3, Saragosse, Espagne<\/a><br \/>\n11\/2015 : <a href=\"http:\/\/www.eltono.com\/fr\/exhibitions\/lugares-comunes\/\"><em>Lugares Comunes<\/em>, Set Espai d&#8217;Art, Valence, Espagne<\/a><br \/>\n10\/2015 : <a href=\"http:\/\/www.eltono.com\/exhibitions\/solo\/aleas\/\"><em>Al\u00e9as<\/em>, Delimbo, S\u00e9ville, Espagne<\/a><br \/>\n06\/2015 : <a href=\"http:\/\/www.eltono.com\/fr\/exhibitions\/incontrolables\/\"><em>Incontr\u00f4lables<\/em>, Instituto Cervantes de Paris, Paris, France<\/a><br \/>\n06\/2014 : <a href=\"http:\/\/www.eltono.com\/fr\/exhibitions\/varianti\/\"><em>Varianti<\/em>, Ritmo, Catania, Italie<\/a><br \/>\n03\/2014 : <a href=\"http:\/\/www.eltono.com\/fr\/exhibitions\/amalgama\/\"><em>Amalgama<\/em>, Slowtrack, Madrid, Espagne<\/a><br \/>\n07\/2012 : <a href=\"http:\/\/www.eltono.com\/fr\/exhibitions\/deambular\/\"><em>Deambular<\/em>, Museo Artium, Vitoria, Espagne<\/a><br \/>\n06\/2012 : <a href=\"http:\/\/www.eltono.com\/fr\/projects\/1-1-caochangdi\/\"><em>1\/1<\/em>, C-Space gallery, Caochangdi, P\u00e9kin, Chine<\/a><br \/>\n03\/2012 : <a href=\"http:\/\/www.eltono.com\/fr\/projects\/traces-duotone\/\"><em>Duotone<\/em>, OZ, Amsterdam, Pays-Bas<\/a><br \/>\n10\/2011 : <a href=\"http:\/\/www.eltono.com\/fr\/exhibitions\/eredu\/\"><em>Eredu<\/em>, SC Gallery, Bilbao, Espagne<\/a><br \/>\n05\/2010 : <a href=\"http:\/\/www.eltono.com\/fr\/exhibitions\/reticula\/\"><em>Ret\u00edcula<\/em>, Galerie Delimbo, S\u00e9ville, Espagne<\/a><br \/>\n04\/2009 : <a href=\"http:\/\/www.eltono.com\/fr\/projects\/residencia-tampiquito\/\"><em>Residencia Tampiquito<\/em>, Monterrey, Mexique<\/a><br \/>\n01\/2009 : <a href=\"http:\/\/www.eltono.com\/fr\/exhibitions\/coriandoli\/\"><em>Coriandoli<\/em>, Cripta747, Turin, Italie<\/a><br \/>\n01\/2009 : <a href=\"http:\/\/www.eltono.com\/fr\/projects\/pubblico\/\"><em>Pubblico<\/em>, ROJO\u00aeartspace, Milan, Italie<\/a><br \/>\n09\/2008 : <a href=\"http:\/\/www.eltono.com\/fr\/projects\/plaf\/\"><em>PLAF &#8211; Autonomous Mechanisms<\/em>, New York, U.S.A.<\/a><br \/>\n07\/2008 : <a href=\"http:\/\/www.eltono.com\/fr\/exhibitions\/bermellon\/\"><em>Bermell\u00f3n<\/em>, ROJO\u00aeartspace, Barcelone, Espagne<\/a><br \/>\n06\/2008 : <a href=\"http:\/\/www.eltono.com\/fr\/exhibitions\/astillas\/\"><em>Astillas<\/em>, La Culpable, Lima, P\u00e9rou<\/a><br \/>\n01\/2008 : <em>Montagens<\/em>, Galeria Adesivo, Porto Alegre, Br\u00e9sil<br \/>\n01\/2008 : <em>Petits collages<\/em>, Rojo Art Space, Rosario, Argentine<br \/>\n12\/2007 : <em>Invertidos<\/em>, Rojo Art Space, S\u00e3o Paulo, Br\u00e9sil<br \/>\n10\/2007 : <em>Eltono at ART<\/em>, Monterrey, Mexique<br \/>\n11\/2006 : <a href=\"http:\/\/www.eltono.com\/fr\/exhibitions\/eigenkunstruktion\/\"><em>Eigenkunstruktion<\/em>, Artitude, Berlin, Allemagne<\/a><br \/>\n01\/2006 : <a href=\"http:\/\/www.eltono.com\/fr\/x-y-z\/\"><em>(x, y, z)<\/em>, Vac\u00edo9, Madrid, Espagne<\/a><br \/>\n10\/2002 : <a href=\"http:\/\/www.eltono.com\/fr\/complementaires\/\"><em>Compl\u00e9mentaires<\/em>, Vac\u00edo 9, Madrid, Espagne<\/a><\/h6>\n<h3><strong>Expositions collectives (s\u00e9lection) :<\/strong><\/h3>\n<h6>10\/2023 : <a href=\"https:\/\/www.eltono.com\/projects\/123couleurs\/\"><em>1, 2, 3 couleurs<\/em>, Palais des Beaux-Arts, Lille, France<\/a><br \/>\n12\/2022 : <a href=\"https:\/\/www.eltono.com\/exhibitions\/collective-shows\/out-of-disorder\/\"><em>Out Of Disorder<\/em>, Galerie Antonio Colombo, Milan, Italie<\/a><br \/>\n09\/2022 : <em>New Deal<\/em>, Galerie Le Domaine Perdu, Meyrals, France<br \/>\n09\/2022 : <a href=\"https:\/\/betacity.eu\" target=\"_blank\" rel=\"noopener noreferrer\"><em>Beta<\/em>, Timi\u0219oara Architecture Biennial, Roumanie<\/a><br \/>\n04\/2022 : <a href=\"https:\/\/www.eltono.com\/exhibitions\/collective-shows\/espaces-manipulables\/\"><em>Espaces Manipulables<\/em>, centre d&#8217;art Mille Formes, Clermont-Ferrand, France<\/a><br \/>\n10\/2021 : <a href=\"https:\/\/www.stedelijkmuseumschiedam.nl\/tentoonstelling\/glass-hard\/\" target=\"_blank\" rel=\"noopener noreferrer\"><em>Glass-Hard<\/em>, Stedelijk Museum, Schiedam, Pays-Bas<\/a><br \/>\n11\/2018 : <a href=\"http:\/\/www.eltono.com\/exhibitions\/corners-off-society\/\"><em>Corners of(f) Society<\/em>, Colab Gallery, Weil am Rhein, Allemagne<\/a><br \/>\n09\/2017 : <a href=\"http:\/\/www.eltono.com\/exhibitions\/la-ville-et-le-mouvement\/\"><em>La ville et le mouvement<\/em>, Le Pilori, Niort, France<\/a><br \/>\n07\/2017 : <a href=\"http:\/\/www.eltono.com\/exhibitions\/downshifting\/\"><em><i>Downshifting<\/i><\/em>, Redline Centre d&#8217;Art Contemporain, Denver, U.S.A.<\/a><br \/>\n04\/2016 : <a href=\"http:\/\/streetartmuseum.ru\/en\/project\/cherez-granitsy-skvoz-ogranicheniya\/\" target=\"_blank\" rel=\"noopener noreferrer\"><em>Crossing Borders\/Crossing Boundaries<\/em>, S.A.M., Saint-P\u00e9tersbourg, Russie<\/a><br \/>\n03\/2016 : <em>Unexpected Territory<\/em>, Nevven Gallery, G\u00f6teborg, Su\u00e8de<br \/>\n03\/2016 : <a href=\"http:\/\/www.eltono.com\/exhibitions\/footpaths\/\"><em>Venturing Beyond<\/em>, Somerset House, Londres, Royaume-Uni<\/a><br \/>\n10\/2015 : <a href=\"http:\/\/www.condeduquemadrid.es\/evento\/arqueologia-prohibida\/\" target=\"_blank\" rel=\"noopener noreferrer\"><em>Arqueologia Prohibida<\/em>, Conde Duque, Madrid, Espagne<\/a><br \/>\n07\/2015 : <a href=\"http:\/\/886geary.com\/\"><em>Shapeshifters &amp; Sharpshooters<\/em>, 886 Geary Gallery, San Francisco, U.S.A.<\/a><br \/>\n06\/2015 : <a href=\"http:\/\/www.minigalerie.nl\/\"><em>Col.la.ge II<\/em>, Mini Gallery, Amsterdam, Pays-Bas<\/a><br \/>\n04\/2015 : <a href=\"https:\/\/www.eltono.com\/exhibitions\/oxymores\/\"><em>Oxymores<\/em>, Minist\u00e8re de la Culture, Paris, France<\/a><br \/>\n01\/2015 : <a href=\"http:\/\/www.eltono.com\/fr\/exhibitions\/mapping-the-city\/\"><em>Mapping The City<\/em>, Somerset House, Londres, Royaume-Uni<\/a><br \/>\n09\/2014 : <a href=\"http:\/\/www.eltono.com\/fr\/projects\/rufo-project-moscow\/\">Artmossphere Bienal, Moscou, Russie<\/a><br \/>\n08\/2013 : <a href=\"http:\/\/www.eltono.com\/fr\/projects\/one-minute-before\/\"><em>Wooster Collective 10th Anniversary<\/em>, Jonathan Levine Gallery, NY, U.S.A.<\/a><br \/>\n06\/2013 : <a href=\"http:\/\/www.eltono.com\/fr\/exhibitions\/fresh-flaneurs\/\"><em>Fresh Fl\u00e2neurs<\/em>, Galerie Doppelgaenger, Bari, Italie<\/a><br \/>\n09\/2012 : <a href=\"http:\/\/www.eltono.com\/fr\/projects\/signaletique-libre\/\">Biennale d\u2019Art Contemporain du Havre, Le Havre, France<\/a><br \/>\n09\/2012 : <a href=\"http:\/\/www.eltono.com\/fr\/projects\/bien-urbain\/\">Festival Bien Urbain, Besan\u00e7on, France<\/a><br \/>\n05\/2012 : <a href=\"http:\/\/www.equipoplastico.com\/projects\/caballo-caballo-tigre-tigre\/\" target=\"_blank\" rel=\"noopener noreferrer\"><em>Caballo Caballo Tigre Tigre<\/em>, P\u00e9kin, Chine<\/a><br \/>\n04\/2012 : <a href=\"http:\/\/www.eltono.com\/fr\/exhibitions\/esto-no-es-graffiti\/\"><em>Esto no es Graffiti<\/em>, CICUS, S\u00e9ville, Espagne<\/a><br \/>\n08\/2011 : <a href=\"http:\/\/www.eltono.com\/fr\/projects\/tiensestraat\/\"><em>Outomatic<\/em>, M van Museum, Leuven, Belgique<\/a><br \/>\n06\/2011 : <a href=\"http:\/\/www.eltono.com\/fr\/exhibitions\/espacios-flexibles-mexico-df\/\"><em>Espacios Flexibles<\/em>, La Qui\u00f1onera, Coyoac\u00e1n, D.F., Mexique<\/a><br \/>\n05\/2010 : <a href=\"http:\/\/www.eltono.com\/fr\/exhibitions\/sala-de-arte-joven-2-0\/\"><em>Sala de Arte Joven 2.0<\/em>, Sala de Arte Joven, Madrid, Espagne<\/a><br \/>\n04\/2010 : <a href=\"http:\/\/www.eltono.com\/fr\/exhibitions\/script-1-0\/\"><em>Intervenciones Urbanas Iberoamericanas<\/em>, CCEBA, Buenos Aires, Argentine<\/a><br \/>\n04\/2010 : <a href=\"http:\/\/www.eltono.com\/fr\/projects\/branco-de-espana\/\"><em>Postgraffiti, Geometr\u00eda y Abstracci\u00f3n<\/em>, MUAU, A Coru\u00f1a, Espagne<\/a><br \/>\n03\/2010 : <a href=\"http:\/\/www.equipoplastico.com\/projects\/entre-la-silla-y-la-madre\" target=\"_blank\" rel=\"noopener noreferrer\"><em>Entre la Silla y la Madre<\/em>, Alianza Francesa, Monterrey, Mexique<\/a><br \/>\n02\/2010 : <a href=\"http:\/\/www.eltono.com\/fr\/exhibitions\/murals\/\"><em>Murals<\/em>, Fundaci\u00f3n Mir\u00f3, Barcelona, Espagne<\/a><br \/>\n02\/2010 : ARCO 2010, Stand Regi\u00f3n de Murcia, Madrid, Espagne<br \/>\n11\/2009 : <a href=\"http:\/\/www.equipoplastico.com\/projects\/la-cuadrada\" target=\"_blank\" rel=\"noopener noreferrer\"><em>La Cuadrada<\/em>, Centro Cultural de Espagne, Lima, P\u00e9rou<\/a><br \/>\n05\/2009 : <a href=\"http:\/\/www.eltono.com\/fr\/exhibitions\/coriandoli-observatori-2009\/\">Observatori 2009, Valencia, Espagne<\/a><br \/>\n05\/2008 : <a href=\"http:\/\/www.eltono.com\/fr\/exhibitions\/street-art\/\"><em>Street Art<\/em>, Tate Modern Museum, Londres, Royaume-Uni<\/a><br \/>\n03\/2008 : <a href=\"http:\/\/www.eltono.com\/fr\/exhibitions\/nomadaz\/\"><em>Nomadaz<\/em>, Scion Gallery, Los Angeles, U.S.A.<\/a><br \/>\n12\/2007 : <em>Behind the seen<\/em>, Ad Hoc Gallery, New York, U.S.A.<br \/>\n07\/2007 : <a href=\"http:\/\/www.eltono.com\/fr\/exhibitions\/planet-prozess\/\"><em>Planet Prozess<\/em>, Berlin, Allemagne<\/a><br \/>\n06\/2007 : <em>Just Another Group Show<\/em>, Old Shoreditch Station, Londres, Royaume-Uni<br \/>\n05\/2007 : Tercera muestra de Arte urbano, Alcobendas, Espagne<br \/>\n02\/2007 : Arco&#8217;07, Madrid, Espagne<br \/>\n01\/2007 : <a href=\"http:\/\/www.eltono.com\/fr\/exhibitions\/prive-och-publico\/\"><em>Priv\u00e9 Och P\u00fablico<\/em>, Galleri 54, G\u00f6teborg, Suede<\/a><br \/>\n09\/2006 : <em>Pintura Mutante<\/em>, Mus\u00e9e Marco, Vigo, Espagne<br \/>\n06\/2006 : <em>RDV Lavapi\u00e9s<\/em>, Cruce, Madrid, Espagne<br \/>\n02\/2006 : <em>Kersvers<\/em>, Post CS, Amsterdam, Pays-Bas<br \/>\n01\/2006 : <a href=\"http:\/\/www.eltono.com\/fr\/projects\/graffitis-sonoros\/\">1a Bienal de Arte ONCE, Madrid, Espagne<\/a><br \/>\n03\/2005 : <em>Urban Edge Show<\/em>, Milan, Italie<br \/>\n02\/2005 : <a href=\"http:\/\/www.eltono.com\/fr\/exhibitions\/arco-2005\/\">Arco&#8217;05, Madrid, Espagne<\/a><br \/>\n06\/2004 : <em>Interferencias Urbanas<\/em>, La Casa Encendida, Madrid, Espagne<br \/>\n09\/2003 : <a href=\"http:\/\/www.eltono.com\/fr\/exhibitions\/ill-communication\/\"><em>Ill Communication<\/em>, Mus\u00e9e Urbis, Manchester, Royaume-Uni<\/a><br \/>\n06\/2003 : Photo Espagne 03, Madrid, Espagne<br \/>\n09\/2002 : <a href=\"http:\/\/www.eltono.com\/fr\/exhibitions\/liverpool-biennial\/\">Liverpool Biennial, Liverpool, Royaume-Uni<\/a><br \/>\n06\/2002 : <em>Coded Language<\/em>, Atlanta, U.S.A.<br \/>\n02\/2002 : Dom\u00e9stico &#8217;01, Madrid, Espagne<\/h6>\n<h2>Prix :<\/h2>\n<p><strong>2017 : <\/strong>Ello&#8217;s 2017 Creative Excellence Award, 1er prix, \u00c9tats-Unis<strong><br \/>\n2017 :<\/strong> prix acad\u00e9mique MAIF appel \u00e0 projet 2017 pour le projet &#8220;\u00c0 g\u00e9om\u00e9trie variable&#8221;, Besan\u00e7on, France<br \/>\n<strong>2017 :<\/strong> prix acquisition DKV, Abierto Valencia, Espagne<\/p>\n<h2>Conf\u00e9rences :<\/h2>\n<p><strong>06\/2021: <\/strong>Festival Bien Urbain, Besan\u00e7on, France<strong><br \/>\n03\/2019: <\/strong>FRAC Centre Val de Loire, Orl\u00e9ans, France<strong><br \/>\n02\/2018: <\/strong>Urvanity Art Fair, Madrid, Espagne<strong><br \/>\n09\/2017 :<\/strong> conf\u00e9rence \u00e0 l&#8217;institut fran\u00e7ais de Valence, Espagne<br \/>\n<strong>05\/2016 :<\/strong> conf\u00e9rence au Mus\u00e9e de l&#8217;Hermitage \u00e0 Saint-P\u00e9tersbourg, invit\u00e9 par l&#8217;institut fran\u00e7ais de Saint-P\u00e9tersbourg, Russie<br \/>\n<strong>06\/2015 :<\/strong> conf\u00e9rence \u00e0 l&#8217;occasion de l&#8217;exposition \u00ab&nbsp;Incontr\u00f4lables&nbsp;\u00bb avec Juan Manuel Bonet \u00e0 l&#8217;institut Cervantes de Paris, France<br \/>\n<strong>01\/2015 :<\/strong> conf\u00e9rence autour l&#8217;exposition \u00ab&nbsp;Mapping the City \u00bb, Somerset House, Londres, Royaume-Uni<br \/>\n<strong>11\/2014 :<\/strong> conf\u00e9rence \u00ab&nbsp;Art contemporain \/ Art pari\u00e9tal&nbsp;\u00bb en bin\u00f4me avec Jean Michel Geneste, P\u00f4le International de la Pr\u00e9histoire, Les Eyzies, France<br \/>\n<strong>06\/2014 :<\/strong> conf\u00e9rence autour de la MNACEP dans le cadre du festival Bien Urbain, FRAC de Franche Comt\u00e9, Besan\u00e7on, France<br \/>\n<strong>05\/2012 :<\/strong> conf\u00e9rence autour de l&#8217;exposition \u00ab&nbsp;Caballo Caballo Tigre Tigre&nbsp;\u00bb \u00e0 l&#8217;institut Cervantes de P\u00e9kin, Chine<br \/>\n<strong>02\/2010 :<\/strong> conf\u00e9rence \u00e0 l&#8217;occasion de l&#8217;exposition \u00ab&nbsp;Murals&nbsp;\u00bb \u00e0 la fondation Miro, Barcelone, Espagne<\/p>\n<h2><strong>Bibliographie :<\/strong><\/h2>\n<h3>Livres monographiques :<\/h3>\n<ul>\n<li><em>Line and Surface<\/em>, Stickit (Pays Bas)<\/li>\n<li><em>Puerta Lumbreras &#8211; Eltono<\/em>, livre documentaire sur le projet, Puerto Lumbreras (Espagne)<\/li>\n<li><em>Bar Tom Cruise<\/em>, Ediciones Rojo (Espagne)<\/li>\n<\/ul>\n<h3>Livres (s\u00e9lection) :<\/h3>\n<ul>\n<li><em>Supernew Supergraphics<\/em>, Unit Editions, Londres, 2014<\/li>\n<li><em>Ornament &amp; Order: Graffiti, Street Art and the Parergon<\/em>, Rafael Schacter, Ashgate (Royaume Uni)<\/li>\n<li><em>The World Atlas of Street Art and Graffiti<\/em>, Rafael Schacter, Yale University Press (Etats Unis)<\/li>\n<li><em>Urban Maps, Instruments of Narrative and Interpretation in the City<\/em>, Richard Brook and Nick Dunn, Ashgate (Royaume Uni)<\/li>\n<li><em>Geometry Makes me Happy<\/em>, Index Book (Espagne)<\/li>\n<li><em>We Own the Night: The Art of the Underbelly Project<\/em>, Workhorse and PAC, Rizzoli (Etats Unis)<\/li>\n<li><em>Trespass<\/em>, Taschen (Etats Unis)<\/li>\n<li><em>Durch die Augen in den Sinn<\/em>, Galerie Konkret (Allemagne)<\/li>\n<li><em>Urban Interventions, Personal Projects in Public Spaces<\/em>, Gestalten (Allemagne)<\/li>\n<li><em>Space Craft 2<\/em>, Robert Klanten and Lukas Feireiss, Gestalten (Allemagne)<\/li>\n<li><em>Arte Emergente en Espa\u00f1a &#8211; Emerging Art in Spain<\/em>, Manuela Villa, Vaiven (Espagne)<\/li>\n<li><em>Abstract Graffiti<\/em> , Cedar Lewisohn, Merrell Publishers (Royaume Uni)<\/li>\n<li><em>Street Renegade<\/em>, Francesca Gavin (Etats Unis)<\/li>\n<li><em>The Art of Rebellion II<\/em> (Allemagne)<\/li>\n<li><em>Carnet de rue<\/em>, JR, Free presse (France)<\/li>\n<li><em>Graffiti World<\/em>, Thames &amp; Hudson (Allemagne)<\/li>\n<li><em>Street Logos<\/em>, Thames &amp; Hudson (Royaume Uni)<\/li>\n<li><em>The Art of Rebellion<\/em> (Allemagne)<\/li>\n<\/ul>\n<p><\/p>","protected":false},"excerpt":{"rendered":"<p>Pour me contacter, veuillez m&#8217;\u00e9crire \u00e0 cet e-mail : &#101;&#108;t&#111;&#110;o&#64;elt&#111;no.c&#111;&#109; Pour vous inscrire \u00e0 ma newsletter, envoyez un e-mail \u00e0 cette adresse : infot&#111;&#110;o&#64;eltono&#46;&#99;&#111;&#109; A propos d&#8217;Eltono : L\u2019artiste fran\u00e7ais Eltono (1975) commence ses activit\u00e9s \u00e0 Madrid en 1999, en 2010 il part vivre pendant 4 ans \u00e0 P\u00e9kin pour enfin revenir en France et &hellip; <a href=\"https:\/\/www.eltono.com\/fr\/info\/\" class=\"more-link\">Continue reading <span class=\"screen-reader-text\">Information<\/span><\/a><\/p>\n","protected":false},"author":1,"featured_media":15579,"parent":0,"menu_order":5,"comment_status":"closed","ping_status":"open","template":"","meta":{"ngg_post_thumbnail":0,"jetpack_post_was_ever_published":false,"footnotes":""},"categories":[],"tags":[],"class_list":["post-11","page","type-page","status-publish","has-post-thumbnail","hentry"],"jetpack_sharing_enabled":false,"jetpack_shortlink":"https:\/\/wp.me\/P7sWFx-b","_links":{"self":[{"href":"https:\/\/www.eltono.com\/fr\/wp-json\/wp\/v2\/pages\/11","targetHints":{"allow":["GET"]}}],"collection":[{"href":"https:\/\/www.eltono.com\/fr\/wp-json\/wp\/v2\/pages"}],"about":[{"href":"https:\/\/www.eltono.com\/fr\/wp-json\/wp\/v2\/types\/page"}],"author":[{"embeddable":true,"href":"https:\/\/www.eltono.com\/fr\/wp-json\/wp\/v2\/users\/1"}],"replies":[{"embeddable":true,"href":"https:\/\/www.eltono.com\/fr\/wp-json\/wp\/v2\/comments?post=11"}],"version-history":[{"count":178,"href":"https:\/\/www.eltono.com\/fr\/wp-json\/wp\/v2\/pages\/11\/revisions"}],"predecessor-version":[{"id":24215,"href":"https:\/\/www.eltono.com\/fr\/wp-json\/wp\/v2\/pages\/11\/revisions\/24215"}],"wp:featuredmedia":[{"embeddable":true,"href":"https:\/\/www.eltono.com\/fr\/wp-json\/wp\/v2\/media\/15579"}],"wp:attachment":[{"href":"https:\/\/www.eltono.com\/fr\/wp-json\/wp\/v2\/media?parent=11"}],"wp:term":[{"taxonomy":"category","embeddable":true,"href":"https:\/\/www.eltono.com\/fr\/wp-json\/wp\/v2\/categories?post=11"},{"taxonomy":"post_tag","embeddable":true,"href":"https:\/\/www.eltono.com\/fr\/wp-json\/wp\/v2\/tags?post=11"}],"curies":[{"name":"wp","href":"https:\/\/api.w.org\/{rel}","templated":true}]}}