{"id":11063,"date":"2015-01-22T20:41:54","date_gmt":"2015-01-22T18:41:54","guid":{"rendered":"http:\/\/www.eltono.com\/?page_id=11063"},"modified":"2016-03-20T17:21:54","modified_gmt":"2016-03-20T15:21:54","slug":"mapping-the-city","status":"publish","type":"page","link":"https:\/\/www.eltono.com\/fr\/exhibitions\/collective-shows\/mapping-the-city\/","title":{"rendered":"Mapping The City\u202c"},"content":{"rendered":"<p class=\"qtranxs-available-languages-message qtranxs-available-languages-message-fr\">D\u00e9sol\u00e9, cet article n'est pas encore disponible en fran\u00e7ais.<br>En attendant, vous pouvez toujours le lire en <a href=\"https:\/\/www.eltono.com\/en\/wp-json\/wp\/v2\/pages\/11063\" class=\"qtranxs-available-language-link qtranxs-available-language-link-en\" title=\"English\">English<\/a> ou en <a href=\"https:\/\/www.eltono.com\/es\/wp-json\/wp\/v2\/pages\/11063\" class=\"qtranxs-available-language-link qtranxs-available-language-link-es\" title=\"Espa\u00f1ol\">Espa\u00f1ol<\/a>. For the sake of viewer convenience, the content is shown below in this site default language. You may click one of the links to switch the site language to another available language.<\/p><p><strong>Somerset House<\/strong><br \/>\nLondon, U.K.<br \/>\nExhibition curated by <strong>A by P<\/strong><br \/>\n22 January \u2013 15 February 2015<\/p>\n<p><a href=\"http:\/\/a-by-p.com\/\" target=\"_blank\">www.a-by-p.com<\/a><br \/>\n<a href=\"http:\/\/www.somersethouse.org.uk\/visual-arts\/mapping-the-city\" target=\"_blank\">www.somersethouse.org.uk\/visual-arts\/mapping-the-city<\/a><\/p>\n<p><strong><em>10 Promenades<\/em><\/strong><br \/>\nAcrylic on wood 122 x 100 cm<\/p>\n<p>For <strong><em>Mapping the City<\/em><\/strong>, I presented a sculpture made out of the 10 unplanned walks I did in Beijing in late 2013 and early 2014. I wanted to present the routes in a way as random as the walks happened so I decided to hang them from their center of gravity instead of their cardinal orientation.<br \/>\nMore info about the <strong><em>Promenades<\/em> <\/strong>project here: <a href=\"http:\/\/www.eltono.com\/projects\/promenades\/\" target=\"_blank\">www.eltono.com\/projects\/promenades<\/a><\/p>\n<p>For inquiries about this artwork, please contact <strong>A by P<\/strong> here:\u00a0<a href=\"http:\/\/a-by-p.com\/more-info\/#contact\" target=\"_blank\">www.a-by-p.com\/more-info\/#contact<\/a><\/p>\n<p><style type=\"text\/css\" media=\"all\">\n\/* ----------- Galeria Vertical 700 vh ngg1 ------------*\/\n#gallery-vertical-700-vh{\n\t\/\/max-width: 100%;\n\t\/\/width: 700px;\n\tbackground-color: #ffffff;\n\ttext-align: left;\n}\n#gallery-vertical-700-vh img{\n\t\/\/max-width: 100%;\n\tvertical-align: bottom;\n}\n#gallery-vertical-700-vh-comment{\n\tword-wrap: break-word;\n\t\/\/width: 700px;\n\tmargin: 0 0 17px 0;\n}\n<\/style>\n<div class=\"ngg1-galleryoverview\" id=\"ngg1-gallery-257260fd99217768cc118a12353918c3\">\n\t\t<div id=\"ngg1-image-5765\">\n\t\t<div id=\"gallery-vertical-700-vh\">\n\t\t\t<img title=\" \" alt=\" \" src=\"https:\/\/www.eltono.com\/wp-content\/gallery\/mapping-the-city\/eltono-10promenades-02.jpg\"\/>\n\t\t\t<\/div><div id=\"gallery-vertical-700-vh-comment\"> \t\t<\/div>\n\t<\/div>\n \t\t<div id=\"ngg1-image-5769\">\n\t\t<div id=\"gallery-vertical-700-vh\">\n\t\t\t<img title=\" \" alt=\" \" src=\"https:\/\/www.eltono.com\/wp-content\/gallery\/mapping-the-city\/eltono-10promenades-06.jpg\"\/>\n\t\t\t<\/div><div id=\"gallery-vertical-700-vh-comment\"> \t\t<\/div>\n\t<\/div>\n \t\t<div id=\"ngg1-image-5770\">\n\t\t<div id=\"gallery-vertical-700-vh\">\n\t\t\t<img title=\" \" alt=\" \" src=\"https:\/\/www.eltono.com\/wp-content\/gallery\/mapping-the-city\/eltono-10promenades-07.jpg\"\/>\n\t\t\t<\/div><div id=\"gallery-vertical-700-vh-comment\"> \t\t<\/div>\n\t<\/div>\n \t\t<div id=\"ngg1-image-5766\">\n\t\t<div id=\"gallery-vertical-700-vh\">\n\t\t\t<img title=\" \" alt=\" \" src=\"https:\/\/www.eltono.com\/wp-content\/gallery\/mapping-the-city\/eltono-10promenades-03.jpg\"\/>\n\t\t\t<\/div><div id=\"gallery-vertical-700-vh-comment\"> \t\t<\/div>\n\t<\/div>\n \t\t<div id=\"ngg1-image-5772\">\n\t\t<div id=\"gallery-vertical-700-vh\">\n\t\t\t<img title=\" \" alt=\" \" src=\"https:\/\/www.eltono.com\/wp-content\/gallery\/mapping-the-city\/eltono-10promenades-09.jpg\"\/>\n\t\t\t<\/div><div id=\"gallery-vertical-700-vh-comment\"> \t\t<\/div>\n\t<\/div>\n \t\t<div id=\"ngg1-image-5773\">\n\t\t<div id=\"gallery-vertical-700-vh\">\n\t\t\t<img title=\" \" alt=\" \" src=\"https:\/\/www.eltono.com\/wp-content\/gallery\/mapping-the-city\/eltono-10promenades-10.jpg\"\/>\n\t\t\t<\/div><div id=\"gallery-vertical-700-vh-comment\"> \t\t<\/div>\n\t<\/div>\n \t<\/div>\n<\/p>","protected":false},"excerpt":{"rendered":"<p>D\u00e9sol\u00e9, cet article n&#8217;est pas encore disponible en fran\u00e7ais.En attendant, vous pouvez toujours le lire en English ou en Espa\u00f1ol. For the sake of viewer convenience, the content is shown below in this site default language. You may click one of the links to switch the site language to another available language.Somerset House London, U.K. &hellip; <a href=\"https:\/\/www.eltono.com\/fr\/exhibitions\/collective-shows\/mapping-the-city\/\" class=\"more-link\">Continue reading <span class=\"screen-reader-text\">Mapping The City\u202c<\/span><\/a><\/p>\n","protected":false},"author":1,"featured_media":13714,"parent":13675,"menu_order":0,"comment_status":"closed","ping_status":"open","template":"","meta":{"ngg_post_thumbnail":0,"jetpack_post_was_ever_published":false,"footnotes":""},"categories":[284,3,270,261,265],"tags":[],"class_list":["post-11063","page","type-page","status-publish","has-post-thumbnail","hentry","category-284","category-exhibitions","category-page_collective_show","category-page_expo","category-page_indoor"],"jetpack_sharing_enabled":true,"jetpack_shortlink":"https:\/\/wp.me\/P7sWFx-2Sr","_links":{"self":[{"href":"https:\/\/www.eltono.com\/fr\/wp-json\/wp\/v2\/pages\/11063","targetHints":{"allow":["GET"]}}],"collection":[{"href":"https:\/\/www.eltono.com\/fr\/wp-json\/wp\/v2\/pages"}],"about":[{"href":"https:\/\/www.eltono.com\/fr\/wp-json\/wp\/v2\/types\/page"}],"author":[{"embeddable":true,"href":"https:\/\/www.eltono.com\/fr\/wp-json\/wp\/v2\/users\/1"}],"replies":[{"embeddable":true,"href":"https:\/\/www.eltono.com\/fr\/wp-json\/wp\/v2\/comments?post=11063"}],"version-history":[{"count":11,"href":"https:\/\/www.eltono.com\/fr\/wp-json\/wp\/v2\/pages\/11063\/revisions"}],"predecessor-version":[{"id":13718,"href":"https:\/\/www.eltono.com\/fr\/wp-json\/wp\/v2\/pages\/11063\/revisions\/13718"}],"up":[{"embeddable":true,"href":"https:\/\/www.eltono.com\/fr\/wp-json\/wp\/v2\/pages\/13675"}],"wp:featuredmedia":[{"embeddable":true,"href":"https:\/\/www.eltono.com\/fr\/wp-json\/wp\/v2\/media\/13714"}],"wp:attachment":[{"href":"https:\/\/www.eltono.com\/fr\/wp-json\/wp\/v2\/media?parent=11063"}],"wp:term":[{"taxonomy":"category","embeddable":true,"href":"https:\/\/www.eltono.com\/fr\/wp-json\/wp\/v2\/categories?post=11063"},{"taxonomy":"post_tag","embeddable":true,"href":"https:\/\/www.eltono.com\/fr\/wp-json\/wp\/v2\/tags?post=11063"}],"curies":[{"name":"wp","href":"https:\/\/api.w.org\/{rel}","templated":true}]}}