{"id":11235,"date":"2015-10-21T15:16:11","date_gmt":"2015-10-21T14:16:11","guid":{"rendered":"http:\/\/www.eltono.com\/?page_id=11235"},"modified":"2016-01-03T16:42:23","modified_gmt":"2016-01-03T14:42:23","slug":"33-333","status":"publish","type":"page","link":"https:\/\/www.eltono.com\/fr\/boutique\/33-333\/","title":{"rendered":"&#8221;33,333&#8243; for Le Mur XIII"},"content":{"rendered":"<p class=\"qtranxs-available-languages-message qtranxs-available-languages-message-fr\">D\u00e9sol\u00e9, cet article n'est pas encore disponible en fran\u00e7ais.<br>En attendant, vous pouvez toujours le lire en <a href=\"https:\/\/www.eltono.com\/en\/wp-json\/wp\/v2\/pages\/11235\" class=\"qtranxs-available-language-link qtranxs-available-language-link-en\" title=\"English\">English<\/a> ou en <a href=\"https:\/\/www.eltono.com\/es\/wp-json\/wp\/v2\/pages\/11235\" class=\"qtranxs-available-language-link qtranxs-available-language-link-es\" title=\"Espa\u00f1ol\">Espa\u00f1ol<\/a>. For the sake of viewer convenience, the content is shown below in this site default language. You may click one of the links to switch the site language to another available language.<\/p><p><a href=\"http:\/\/www.eltono.com\/wp-content\/uploads\/2008\/07\/seriegraphie-eltono33-333.jpg\"><img loading=\"lazy\" decoding=\"async\" data-attachment-id=\"11240\" data-permalink=\"https:\/\/www.eltono.com\/fr\/boutique\/seriegraphie-eltono33-333\/\" data-orig-file=\"https:\/\/www.eltono.com\/wp-content\/uploads\/2008\/07\/seriegraphie-eltono33-333.jpg\" data-orig-size=\"1500,1050\" data-comments-opened=\"1\" data-image-meta=\"{&quot;aperture&quot;:&quot;0&quot;,&quot;credit&quot;:&quot;&quot;,&quot;camera&quot;:&quot;&quot;,&quot;caption&quot;:&quot;&quot;,&quot;created_timestamp&quot;:&quot;0&quot;,&quot;copyright&quot;:&quot;&quot;,&quot;focal_length&quot;:&quot;0&quot;,&quot;iso&quot;:&quot;0&quot;,&quot;shutter_speed&quot;:&quot;0&quot;,&quot;title&quot;:&quot;&quot;,&quot;orientation&quot;:&quot;0&quot;}\" data-image-title=\"seriegraphie-eltono33-333\" data-image-description=\"\" data-image-caption=\"\" data-medium-file=\"https:\/\/www.eltono.com\/wp-content\/uploads\/2008\/07\/seriegraphie-eltono33-333-300x210.jpg\" data-large-file=\"https:\/\/www.eltono.com\/wp-content\/uploads\/2008\/07\/seriegraphie-eltono33-333-700x490.jpg\" class=\"alignnone size-full wp-image-11240\" src=\"http:\/\/www.eltono.com\/wp-content\/uploads\/2008\/07\/seriegraphie-eltono33-333.jpg\" alt=\"seriegraphie-eltono33-333\" width=\"1500\" height=\"1050\" srcset=\"https:\/\/www.eltono.com\/wp-content\/uploads\/2008\/07\/seriegraphie-eltono33-333.jpg 1500w, https:\/\/www.eltono.com\/wp-content\/uploads\/2008\/07\/seriegraphie-eltono33-333-350x245.jpg 350w, https:\/\/www.eltono.com\/wp-content\/uploads\/2008\/07\/seriegraphie-eltono33-333-300x210.jpg 300w, https:\/\/www.eltono.com\/wp-content\/uploads\/2008\/07\/seriegraphie-eltono33-333-700x490.jpg 700w, https:\/\/www.eltono.com\/wp-content\/uploads\/2008\/07\/seriegraphie-eltono33-333-428x300.jpg 428w\" sizes=\"auto, (max-width: 1500px) 100vw, 1500px\" \/><\/a><\/p>\n<p>3 colors silkscreen print, signed and numbered by the artist<br \/>\n21 x 29,7 cm (8,2&#8243; x 11,4&#8243;)<br \/>\nRives Tradition 300g paper<br \/>\nLimited edition 30 copies<br \/>\nAuthenticity certificate included<\/p>\n<p>Edited by <a href=\"http:\/\/www.lemur13.com\/\" target=\"_blank\">Le Mur XIII<\/a> and printed by <a href=\"http:\/\/www.editionsterrainvague.com\/\" target=\"_blank\">les Editions Terrain Vague.<\/a><\/p>\n<h6><strong>Sold Out<\/strong>\u00a0&#8211; 0 copy available<\/h6>\n<p>This print was made as part of my intervention on <a href=\"http:\/\/www.lemur13.com\/performance-n48-eltono\/\" target=\"_blank\">Le Mur XIII<\/a> in Paris on October 18th:<\/p>\n<p><a href=\"http:\/\/www.eltono.com\/wp-content\/uploads\/2008\/07\/Eltono-LeMurXIII-Paris.jpg\"><img loading=\"lazy\" decoding=\"async\" data-attachment-id=\"11239\" data-permalink=\"https:\/\/www.eltono.com\/fr\/boutique\/eltono-lemurxiii-paris\/\" data-orig-file=\"https:\/\/www.eltono.com\/wp-content\/uploads\/2008\/07\/Eltono-LeMurXIII-Paris.jpg\" data-orig-size=\"1000,750\" data-comments-opened=\"1\" data-image-meta=\"{&quot;aperture&quot;:&quot;0&quot;,&quot;credit&quot;:&quot;&quot;,&quot;camera&quot;:&quot;&quot;,&quot;caption&quot;:&quot;&quot;,&quot;created_timestamp&quot;:&quot;0&quot;,&quot;copyright&quot;:&quot;&quot;,&quot;focal_length&quot;:&quot;0&quot;,&quot;iso&quot;:&quot;0&quot;,&quot;shutter_speed&quot;:&quot;0&quot;,&quot;title&quot;:&quot;&quot;,&quot;orientation&quot;:&quot;0&quot;}\" data-image-title=\"Eltono-LeMurXIII-Paris\" data-image-description=\"\" data-image-caption=\"\" data-medium-file=\"https:\/\/www.eltono.com\/wp-content\/uploads\/2008\/07\/Eltono-LeMurXIII-Paris-300x225.jpg\" data-large-file=\"https:\/\/www.eltono.com\/wp-content\/uploads\/2008\/07\/Eltono-LeMurXIII-Paris-700x525.jpg\" class=\"alignnone size-full wp-image-11239\" src=\"http:\/\/www.eltono.com\/wp-content\/uploads\/2008\/07\/Eltono-LeMurXIII-Paris.jpg\" alt=\"Eltono-LeMurXIII-Paris\" width=\"1000\" height=\"750\" srcset=\"https:\/\/www.eltono.com\/wp-content\/uploads\/2008\/07\/Eltono-LeMurXIII-Paris.jpg 1000w, https:\/\/www.eltono.com\/wp-content\/uploads\/2008\/07\/Eltono-LeMurXIII-Paris-350x263.jpg 350w, https:\/\/www.eltono.com\/wp-content\/uploads\/2008\/07\/Eltono-LeMurXIII-Paris-100x75.jpg 100w, https:\/\/www.eltono.com\/wp-content\/uploads\/2008\/07\/Eltono-LeMurXIII-Paris-300x225.jpg 300w, https:\/\/www.eltono.com\/wp-content\/uploads\/2008\/07\/Eltono-LeMurXIII-Paris-700x525.jpg 700w, https:\/\/www.eltono.com\/wp-content\/uploads\/2008\/07\/Eltono-LeMurXIII-Paris-400x300.jpg 400w\" sizes=\"auto, (max-width: 1000px) 100vw, 1000px\" \/><\/a><\/p>","protected":false},"excerpt":{"rendered":"<p>D\u00e9sol\u00e9, cet article n&#8217;est pas encore disponible en fran\u00e7ais.En attendant, vous pouvez toujours le lire en English ou en Espa\u00f1ol. For the sake of viewer convenience, the content is shown below in this site default language. You may click one of the links to switch the site language to another available language. 3 colors silkscreen &hellip; <a href=\"https:\/\/www.eltono.com\/fr\/boutique\/33-333\/\" class=\"more-link\">Continue reading <span class=\"screen-reader-text\">&#8221;33,333&#8243; for Le Mur XIII<\/span><\/a><\/p>\n","protected":false},"author":1,"featured_media":14673,"parent":13,"menu_order":0,"comment_status":"closed","ping_status":"open","template":"","meta":{"ngg_post_thumbnail":0,"jetpack_post_was_ever_published":false,"footnotes":""},"categories":[258],"tags":[],"class_list":["post-11235","page","type-page","status-publish","has-post-thumbnail","hentry","category-edition"],"jetpack_sharing_enabled":true,"jetpack_shortlink":"https:\/\/wp.me\/P7sWFx-2Vd","_links":{"self":[{"href":"https:\/\/www.eltono.com\/fr\/wp-json\/wp\/v2\/pages\/11235","targetHints":{"allow":["GET"]}}],"collection":[{"href":"https:\/\/www.eltono.com\/fr\/wp-json\/wp\/v2\/pages"}],"about":[{"href":"https:\/\/www.eltono.com\/fr\/wp-json\/wp\/v2\/types\/page"}],"author":[{"embeddable":true,"href":"https:\/\/www.eltono.com\/fr\/wp-json\/wp\/v2\/users\/1"}],"replies":[{"embeddable":true,"href":"https:\/\/www.eltono.com\/fr\/wp-json\/wp\/v2\/comments?post=11235"}],"version-history":[{"count":47,"href":"https:\/\/www.eltono.com\/fr\/wp-json\/wp\/v2\/pages\/11235\/revisions"}],"predecessor-version":[{"id":14672,"href":"https:\/\/www.eltono.com\/fr\/wp-json\/wp\/v2\/pages\/11235\/revisions\/14672"}],"up":[{"embeddable":true,"href":"https:\/\/www.eltono.com\/fr\/wp-json\/wp\/v2\/pages\/13"}],"wp:featuredmedia":[{"embeddable":true,"href":"https:\/\/www.eltono.com\/fr\/wp-json\/wp\/v2\/media\/14673"}],"wp:attachment":[{"href":"https:\/\/www.eltono.com\/fr\/wp-json\/wp\/v2\/media?parent=11235"}],"wp:term":[{"taxonomy":"category","embeddable":true,"href":"https:\/\/www.eltono.com\/fr\/wp-json\/wp\/v2\/categories?post=11235"},{"taxonomy":"post_tag","embeddable":true,"href":"https:\/\/www.eltono.com\/fr\/wp-json\/wp\/v2\/tags?post=11235"}],"curies":[{"name":"wp","href":"https:\/\/api.w.org\/{rel}","templated":true}]}}