{"id":13305,"date":"2015-12-28T22:44:45","date_gmt":"2015-12-28T20:44:45","guid":{"rendered":"http:\/\/www.eltono.com\/?page_id=13305"},"modified":"2022-01-05T18:13:31","modified_gmt":"2022-01-05T16:13:31","slug":"ambassade-de-france-au-cambodge","status":"publish","type":"page","link":"https:\/\/www.eltono.com\/fr\/murals\/ambassade-de-france-au-cambodge\/","title":{"rendered":"Ambassade de France"},"content":{"rendered":"<p>Phnom Penh, Cambodge<br \/>\nAvril 2015<br \/>\nInvit\u00e9 par l&#8217;<a href=\"https:\/\/institutfrancais-cambodge.com\/\" target=\"_blank\" rel=\"noopener noreferrer\">Institut Fran\u00e7ais<\/a> et les artistes Chifumi et Th\u00e9o Vallier.<\/p>\n<p><a href=\"https:\/\/www.eltono.com\/wp-content\/uploads\/2015\/05\/eltono-phnompenh-frenchembassy.jpg\"><img loading=\"lazy\" decoding=\"async\" data-attachment-id=\"11123\" data-permalink=\"https:\/\/www.eltono.com\/fr\/eltono-phnompenh-frenchembassy\/\" data-orig-file=\"https:\/\/www.eltono.com\/wp-content\/uploads\/2015\/05\/eltono-phnompenh-frenchembassy.jpg\" data-orig-size=\"1200,587\" data-comments-opened=\"1\" data-image-meta=\"{&quot;aperture&quot;:&quot;0&quot;,&quot;credit&quot;:&quot;&quot;,&quot;camera&quot;:&quot;&quot;,&quot;caption&quot;:&quot;&quot;,&quot;created_timestamp&quot;:&quot;0&quot;,&quot;copyright&quot;:&quot;&quot;,&quot;focal_length&quot;:&quot;0&quot;,&quot;iso&quot;:&quot;0&quot;,&quot;shutter_speed&quot;:&quot;0&quot;,&quot;title&quot;:&quot;&quot;,&quot;orientation&quot;:&quot;0&quot;}\" data-image-title=\"eltono-phnompenh-frenchembassy\" data-image-description=\"\" data-image-caption=\"\" data-medium-file=\"https:\/\/www.eltono.com\/wp-content\/uploads\/2015\/05\/eltono-phnompenh-frenchembassy-300x146.jpg\" data-large-file=\"https:\/\/www.eltono.com\/wp-content\/uploads\/2015\/05\/eltono-phnompenh-frenchembassy-700x342.jpg\" class=\"alignnone size-full wp-image-11123\" src=\"https:\/\/www.eltono.com\/wp-content\/uploads\/2015\/05\/eltono-phnompenh-frenchembassy.jpg\" alt=\"eltono-phnompenh-frenchembassy\" width=\"1200\" height=\"587\" srcset=\"https:\/\/www.eltono.com\/wp-content\/uploads\/2015\/05\/eltono-phnompenh-frenchembassy.jpg 1200w, https:\/\/www.eltono.com\/wp-content\/uploads\/2015\/05\/eltono-phnompenh-frenchembassy-350x171.jpg 350w, https:\/\/www.eltono.com\/wp-content\/uploads\/2015\/05\/eltono-phnompenh-frenchembassy-300x146.jpg 300w, https:\/\/www.eltono.com\/wp-content\/uploads\/2015\/05\/eltono-phnompenh-frenchembassy-700x342.jpg 700w, https:\/\/www.eltono.com\/wp-content\/uploads\/2015\/05\/eltono-phnompenh-frenchembassy-500x244.jpg 500w\" sizes=\"auto, (max-width: 1200px) 100vw, 1200px\" \/><\/a><\/p>\n<p><a href=\"https:\/\/www.eltono.com\/wp-content\/uploads\/2015\/05\/eltono-phnompenh1.jpg\"><img loading=\"lazy\" decoding=\"async\" data-attachment-id=\"11131\" data-permalink=\"https:\/\/www.eltono.com\/fr\/eltono-phnompenh1\/\" data-orig-file=\"https:\/\/www.eltono.com\/wp-content\/uploads\/2015\/05\/eltono-phnompenh1.jpg\" data-orig-size=\"1200,900\" data-comments-opened=\"1\" data-image-meta=\"{&quot;aperture&quot;:&quot;0&quot;,&quot;credit&quot;:&quot;&quot;,&quot;camera&quot;:&quot;&quot;,&quot;caption&quot;:&quot;&quot;,&quot;created_timestamp&quot;:&quot;0&quot;,&quot;copyright&quot;:&quot;&quot;,&quot;focal_length&quot;:&quot;0&quot;,&quot;iso&quot;:&quot;0&quot;,&quot;shutter_speed&quot;:&quot;0&quot;,&quot;title&quot;:&quot;&quot;,&quot;orientation&quot;:&quot;0&quot;}\" data-image-title=\"eltono-phnompenh1\" data-image-description=\"\" data-image-caption=\"\" data-medium-file=\"https:\/\/www.eltono.com\/wp-content\/uploads\/2015\/05\/eltono-phnompenh1-300x225.jpg\" data-large-file=\"https:\/\/www.eltono.com\/wp-content\/uploads\/2015\/05\/eltono-phnompenh1-700x525.jpg\" class=\"alignnone size-full wp-image-11131\" src=\"https:\/\/www.eltono.com\/wp-content\/uploads\/2015\/05\/eltono-phnompenh1.jpg\" alt=\"eltono-phnompenh1\" width=\"1200\" height=\"900\" srcset=\"https:\/\/www.eltono.com\/wp-content\/uploads\/2015\/05\/eltono-phnompenh1.jpg 1200w, https:\/\/www.eltono.com\/wp-content\/uploads\/2015\/05\/eltono-phnompenh1-350x263.jpg 350w, https:\/\/www.eltono.com\/wp-content\/uploads\/2015\/05\/eltono-phnompenh1-100x75.jpg 100w, https:\/\/www.eltono.com\/wp-content\/uploads\/2015\/05\/eltono-phnompenh1-300x225.jpg 300w, https:\/\/www.eltono.com\/wp-content\/uploads\/2015\/05\/eltono-phnompenh1-700x525.jpg 700w, https:\/\/www.eltono.com\/wp-content\/uploads\/2015\/05\/eltono-phnompenh1-400x300.jpg 400w\" sizes=\"auto, (max-width: 1200px) 100vw, 1200px\" \/><\/a><\/p>\n<p><a href=\"https:\/\/www.eltono.com\/wp-content\/uploads\/2015\/05\/eltono-phnompenh2.jpg\"><img loading=\"lazy\" decoding=\"async\" data-attachment-id=\"11132\" data-permalink=\"https:\/\/www.eltono.com\/fr\/eltono-phnompenh2\/\" data-orig-file=\"https:\/\/www.eltono.com\/wp-content\/uploads\/2015\/05\/eltono-phnompenh2.jpg\" data-orig-size=\"1200,900\" data-comments-opened=\"1\" data-image-meta=\"{&quot;aperture&quot;:&quot;0&quot;,&quot;credit&quot;:&quot;&quot;,&quot;camera&quot;:&quot;&quot;,&quot;caption&quot;:&quot;&quot;,&quot;created_timestamp&quot;:&quot;0&quot;,&quot;copyright&quot;:&quot;&quot;,&quot;focal_length&quot;:&quot;0&quot;,&quot;iso&quot;:&quot;0&quot;,&quot;shutter_speed&quot;:&quot;0&quot;,&quot;title&quot;:&quot;&quot;,&quot;orientation&quot;:&quot;0&quot;}\" data-image-title=\"eltono-phnompenh2\" data-image-description=\"\" data-image-caption=\"\" data-medium-file=\"https:\/\/www.eltono.com\/wp-content\/uploads\/2015\/05\/eltono-phnompenh2-300x225.jpg\" data-large-file=\"https:\/\/www.eltono.com\/wp-content\/uploads\/2015\/05\/eltono-phnompenh2-700x525.jpg\" class=\"alignnone size-full wp-image-11132\" src=\"https:\/\/www.eltono.com\/wp-content\/uploads\/2015\/05\/eltono-phnompenh2.jpg\" alt=\"eltono-phnompenh2\" width=\"1200\" height=\"900\" srcset=\"https:\/\/www.eltono.com\/wp-content\/uploads\/2015\/05\/eltono-phnompenh2.jpg 1200w, https:\/\/www.eltono.com\/wp-content\/uploads\/2015\/05\/eltono-phnompenh2-350x263.jpg 350w, https:\/\/www.eltono.com\/wp-content\/uploads\/2015\/05\/eltono-phnompenh2-100x75.jpg 100w, https:\/\/www.eltono.com\/wp-content\/uploads\/2015\/05\/eltono-phnompenh2-300x225.jpg 300w, https:\/\/www.eltono.com\/wp-content\/uploads\/2015\/05\/eltono-phnompenh2-700x525.jpg 700w, https:\/\/www.eltono.com\/wp-content\/uploads\/2015\/05\/eltono-phnompenh2-400x300.jpg 400w\" sizes=\"auto, (max-width: 1200px) 100vw, 1200px\" \/><\/a><\/p>\n<p><a href=\"https:\/\/www.eltono.com\/wp-content\/uploads\/2015\/05\/eltono-phnompehn-rue172.jpg\"><img loading=\"lazy\" decoding=\"async\" data-attachment-id=\"11124\" data-permalink=\"https:\/\/www.eltono.com\/fr\/eltono-phnompehn-rue172\/\" data-orig-file=\"https:\/\/www.eltono.com\/wp-content\/uploads\/2015\/05\/eltono-phnompehn-rue172.jpg\" data-orig-size=\"1200,675\" data-comments-opened=\"1\" data-image-meta=\"{&quot;aperture&quot;:&quot;0&quot;,&quot;credit&quot;:&quot;&quot;,&quot;camera&quot;:&quot;&quot;,&quot;caption&quot;:&quot;&quot;,&quot;created_timestamp&quot;:&quot;0&quot;,&quot;copyright&quot;:&quot;&quot;,&quot;focal_length&quot;:&quot;0&quot;,&quot;iso&quot;:&quot;0&quot;,&quot;shutter_speed&quot;:&quot;0&quot;,&quot;title&quot;:&quot;&quot;,&quot;orientation&quot;:&quot;0&quot;}\" data-image-title=\"eltono-phnompehn-rue172\" data-image-description=\"\" data-image-caption=\"\" data-medium-file=\"https:\/\/www.eltono.com\/wp-content\/uploads\/2015\/05\/eltono-phnompehn-rue172-300x168.jpg\" data-large-file=\"https:\/\/www.eltono.com\/wp-content\/uploads\/2015\/05\/eltono-phnompehn-rue172-700x393.jpg\" class=\"alignnone size-full wp-image-11124\" src=\"https:\/\/www.eltono.com\/wp-content\/uploads\/2015\/05\/eltono-phnompehn-rue172.jpg\" alt=\"eltono-phnompehn-rue172\" width=\"1200\" height=\"675\" srcset=\"https:\/\/www.eltono.com\/wp-content\/uploads\/2015\/05\/eltono-phnompehn-rue172.jpg 1200w, https:\/\/www.eltono.com\/wp-content\/uploads\/2015\/05\/eltono-phnompehn-rue172-350x197.jpg 350w, https:\/\/www.eltono.com\/wp-content\/uploads\/2015\/05\/eltono-phnompehn-rue172-300x168.jpg 300w, https:\/\/www.eltono.com\/wp-content\/uploads\/2015\/05\/eltono-phnompehn-rue172-700x393.jpg 700w, https:\/\/www.eltono.com\/wp-content\/uploads\/2015\/05\/eltono-phnompehn-rue172-500x281.jpg 500w\" sizes=\"auto, (max-width: 1200px) 100vw, 1200px\" \/><\/a>Deuxi\u00e8me peinture dans la rue 172.<\/p>","protected":false},"excerpt":{"rendered":"<p>Phnom Penh, Cambodge Avril 2015 Invit\u00e9 par l&#8217;Institut Fran\u00e7ais et les artistes Chifumi et Th\u00e9o Vallier. Deuxi\u00e8me peinture dans la rue 172.<\/p>\n","protected":false},"author":1,"featured_media":13306,"parent":13155,"menu_order":0,"comment_status":"closed","ping_status":"closed","template":"","meta":{"ngg_post_thumbnail":0,"jetpack_post_was_ever_published":false,"footnotes":""},"categories":[284,349,112,267,260,266],"tags":[],"class_list":["post-13305","page","type-page","status-publish","has-post-thumbnail","hentry","category-284","category-csb","category-mural","category-page_festival","category-page_mural","category-page_outdoor"],"jetpack_sharing_enabled":true,"jetpack_shortlink":"https:\/\/wp.me\/P7sWFx-3sB","_links":{"self":[{"href":"https:\/\/www.eltono.com\/fr\/wp-json\/wp\/v2\/pages\/13305","targetHints":{"allow":["GET"]}}],"collection":[{"href":"https:\/\/www.eltono.com\/fr\/wp-json\/wp\/v2\/pages"}],"about":[{"href":"https:\/\/www.eltono.com\/fr\/wp-json\/wp\/v2\/types\/page"}],"author":[{"embeddable":true,"href":"https:\/\/www.eltono.com\/fr\/wp-json\/wp\/v2\/users\/1"}],"replies":[{"embeddable":true,"href":"https:\/\/www.eltono.com\/fr\/wp-json\/wp\/v2\/comments?post=13305"}],"version-history":[{"count":7,"href":"https:\/\/www.eltono.com\/fr\/wp-json\/wp\/v2\/pages\/13305\/revisions"}],"predecessor-version":[{"id":22226,"href":"https:\/\/www.eltono.com\/fr\/wp-json\/wp\/v2\/pages\/13305\/revisions\/22226"}],"up":[{"embeddable":true,"href":"https:\/\/www.eltono.com\/fr\/wp-json\/wp\/v2\/pages\/13155"}],"wp:featuredmedia":[{"embeddable":true,"href":"https:\/\/www.eltono.com\/fr\/wp-json\/wp\/v2\/media\/13306"}],"wp:attachment":[{"href":"https:\/\/www.eltono.com\/fr\/wp-json\/wp\/v2\/media?parent=13305"}],"wp:term":[{"taxonomy":"category","embeddable":true,"href":"https:\/\/www.eltono.com\/fr\/wp-json\/wp\/v2\/categories?post=13305"},{"taxonomy":"post_tag","embeddable":true,"href":"https:\/\/www.eltono.com\/fr\/wp-json\/wp\/v2\/tags?post=13305"}],"curies":[{"name":"wp","href":"https:\/\/api.w.org\/{rel}","templated":true}]}}