{"id":13707,"date":"2015-04-03T13:37:07","date_gmt":"2015-04-03T11:37:07","guid":{"rendered":"http:\/\/www.eltono.com\/?page_id=13707"},"modified":"2020-05-22T10:39:47","modified_gmt":"2020-05-22T08:39:47","slug":"oxymores","status":"publish","type":"page","link":"https:\/\/www.eltono.com\/fr\/exhibitions\/oxymores\/","title":{"rendered":"Oxymores"},"content":{"rendered":"<p><strong>Minist\u00e8re de la Culture<\/strong><br \/>\n182, rue Saint Honor\u00e9, Paris, France<br \/>\n3 avril &#8211; 3 mai 2015<\/p>\n<p><em><strong>P\u00e9rim\u00e8tre au Sol<\/strong><\/em> est la mesure exacte de la ligne qui s\u00e9pare l&#8217;espace public de l&#8217;espace priv\u00e9 autour du b\u00e2timent du Minist\u00e8re de la Culture et de la Communication dans la rue Saint Honor\u00e9 \u00e0 Paris. J&#8217;ai dessin\u00e9 la ligne obtenue sur quatre grands papiers (3,70 m x 1,40 m), chacun repr\u00e9sentant une fa\u00e7ade. Le code couleur utilis\u00e9 est le suivant : deux couleurs chaudes pour les fa\u00e7ades sud et ouest et deux couleurs froides pour les fa\u00e7ades nord et est.<\/p>\n<p><a href=\"https:\/\/www.oxymores2015.fr\/\" target=\"_blank\" rel=\"noopener noreferrer\">www.oxymores2015.fr<\/a><\/p>\n<p><a href=\"https:\/\/www.eltono.com\/wp-content\/uploads\/2015\/04\/eltono-oxymores-ministere-culture-paris2.jpg\"><img loading=\"lazy\" decoding=\"async\" src=\"https:\/\/www.eltono.com\/wp-content\/uploads\/2015\/04\/eltono-oxymores-ministere-culture-paris2.jpg\" alt=\"eltono-oxymores-ministere-culture-paris2\" width=\"700\" height=\"525\"><\/a><\/p>\n<p><a href=\"https:\/\/www.eltono.com\/wp-content\/uploads\/2015\/04\/eltono-oxymores-ministere-culture-paris.jpg\"><img loading=\"lazy\" decoding=\"async\" data-attachment-id=\"11097\" data-permalink=\"https:\/\/www.eltono.com\/fr\/eltono-oxymores-ministere-culture-paris\/\" data-orig-file=\"https:\/\/www.eltono.com\/wp-content\/uploads\/2015\/04\/eltono-oxymores-ministere-culture-paris.jpg\" data-orig-size=\"1000,750\" data-comments-opened=\"1\" data-image-meta=\"{&quot;aperture&quot;:&quot;0&quot;,&quot;credit&quot;:&quot;&quot;,&quot;camera&quot;:&quot;&quot;,&quot;caption&quot;:&quot;&quot;,&quot;created_timestamp&quot;:&quot;0&quot;,&quot;copyright&quot;:&quot;&quot;,&quot;focal_length&quot;:&quot;0&quot;,&quot;iso&quot;:&quot;0&quot;,&quot;shutter_speed&quot;:&quot;0&quot;,&quot;title&quot;:&quot;&quot;,&quot;orientation&quot;:&quot;0&quot;}\" data-image-title=\"eltono-oxymores-ministere-culture-paris\" data-image-description=\"\" data-image-caption=\"\" data-medium-file=\"https:\/\/www.eltono.com\/wp-content\/uploads\/2015\/04\/eltono-oxymores-ministere-culture-paris-300x225.jpg\" data-large-file=\"https:\/\/www.eltono.com\/wp-content\/uploads\/2015\/04\/eltono-oxymores-ministere-culture-paris-700x525.jpg\" class=\"alignnone size-full wp-image-11097\" src=\"https:\/\/www.eltono.com\/wp-content\/uploads\/2015\/04\/eltono-oxymores-ministere-culture-paris.jpg\" alt=\"eltono-oxymores-ministere-culture-paris\" width=\"1000\" height=\"750\" srcset=\"https:\/\/www.eltono.com\/wp-content\/uploads\/2015\/04\/eltono-oxymores-ministere-culture-paris.jpg 1000w, https:\/\/www.eltono.com\/wp-content\/uploads\/2015\/04\/eltono-oxymores-ministere-culture-paris-350x263.jpg 350w, https:\/\/www.eltono.com\/wp-content\/uploads\/2015\/04\/eltono-oxymores-ministere-culture-paris-100x75.jpg 100w, https:\/\/www.eltono.com\/wp-content\/uploads\/2015\/04\/eltono-oxymores-ministere-culture-paris-300x225.jpg 300w, https:\/\/www.eltono.com\/wp-content\/uploads\/2015\/04\/eltono-oxymores-ministere-culture-paris-700x525.jpg 700w, https:\/\/www.eltono.com\/wp-content\/uploads\/2015\/04\/eltono-oxymores-ministere-culture-paris-400x300.jpg 400w\" sizes=\"auto, (max-width: 1000px) 100vw, 1000px\" \/><\/a><\/p>\n<p><a href=\"https:\/\/www.eltono.com\/wp-content\/uploads\/2015\/04\/Eltono-perimetreausol-MCC.jpg\"><img loading=\"lazy\" decoding=\"async\" data-attachment-id=\"16429\" data-permalink=\"https:\/\/www.eltono.com\/fr\/exhibitions\/oxymores\/eltono-perimetreausol-mcc\/\" data-orig-file=\"https:\/\/www.eltono.com\/wp-content\/uploads\/2015\/04\/Eltono-perimetreausol-MCC.jpg\" data-orig-size=\"1600,1067\" data-comments-opened=\"0\" data-image-meta=\"{&quot;aperture&quot;:&quot;4&quot;,&quot;credit&quot;:&quot;&quot;,&quot;camera&quot;:&quot;NIKON D5200&quot;,&quot;caption&quot;:&quot;&quot;,&quot;created_timestamp&quot;:&quot;1455720313&quot;,&quot;copyright&quot;:&quot;&quot;,&quot;focal_length&quot;:&quot;24&quot;,&quot;iso&quot;:&quot;100&quot;,&quot;shutter_speed&quot;:&quot;0.016666666666667&quot;,&quot;title&quot;:&quot;&quot;,&quot;orientation&quot;:&quot;1&quot;}\" data-image-title=\"Eltono-perimetreausol-MCC\" data-image-description=\"\" data-image-caption=\"\" data-medium-file=\"https:\/\/www.eltono.com\/wp-content\/uploads\/2015\/04\/Eltono-perimetreausol-MCC-300x200.jpg\" data-large-file=\"https:\/\/www.eltono.com\/wp-content\/uploads\/2015\/04\/Eltono-perimetreausol-MCC-700x467.jpg\" class=\"alignnone size-full wp-image-16429\" src=\"https:\/\/www.eltono.com\/wp-content\/uploads\/2015\/04\/Eltono-perimetreausol-MCC.jpg\" alt=\"Eltono-perimetreausol-MCC\" width=\"1600\" height=\"1067\" srcset=\"https:\/\/www.eltono.com\/wp-content\/uploads\/2015\/04\/Eltono-perimetreausol-MCC.jpg 1600w, https:\/\/www.eltono.com\/wp-content\/uploads\/2015\/04\/Eltono-perimetreausol-MCC-350x233.jpg 350w, https:\/\/www.eltono.com\/wp-content\/uploads\/2015\/04\/Eltono-perimetreausol-MCC-300x200.jpg 300w, https:\/\/www.eltono.com\/wp-content\/uploads\/2015\/04\/Eltono-perimetreausol-MCC-700x467.jpg 700w\" sizes=\"auto, (max-width: 1600px) 100vw, 1600px\" \/><\/a><\/p>","protected":false},"excerpt":{"rendered":"<p>Minist\u00e8re de la Culture 182, rue Saint Honor\u00e9, Paris, France 3 avril &#8211; 3 mai 2015 P\u00e9rim\u00e8tre au Sol est la mesure exacte de la ligne qui s\u00e9pare l&#8217;espace public de l&#8217;espace priv\u00e9 autour du b\u00e2timent du Minist\u00e8re de la Culture et de la Communication dans la rue Saint Honor\u00e9 \u00e0 Paris. J&#8217;ai dessin\u00e9 la &hellip; <a href=\"https:\/\/www.eltono.com\/fr\/exhibitions\/oxymores\/\" class=\"more-link\">Continue reading <span class=\"screen-reader-text\">Oxymores<\/span><\/a><\/p>\n","protected":false},"author":1,"featured_media":13712,"parent":9,"menu_order":0,"comment_status":"closed","ping_status":"closed","template":"","meta":{"ngg_post_thumbnail":0,"jetpack_post_was_ever_published":false,"footnotes":""},"categories":[284,3,270,261,266],"tags":[],"class_list":["post-13707","page","type-page","status-publish","has-post-thumbnail","hentry","category-284","category-exhibitions","category-page_collective_show","category-page_expo","category-page_outdoor"],"jetpack_sharing_enabled":true,"jetpack_shortlink":"https:\/\/wp.me\/P7sWFx-3z5","_links":{"self":[{"href":"https:\/\/www.eltono.com\/fr\/wp-json\/wp\/v2\/pages\/13707","targetHints":{"allow":["GET"]}}],"collection":[{"href":"https:\/\/www.eltono.com\/fr\/wp-json\/wp\/v2\/pages"}],"about":[{"href":"https:\/\/www.eltono.com\/fr\/wp-json\/wp\/v2\/types\/page"}],"author":[{"embeddable":true,"href":"https:\/\/www.eltono.com\/fr\/wp-json\/wp\/v2\/users\/1"}],"replies":[{"embeddable":true,"href":"https:\/\/www.eltono.com\/fr\/wp-json\/wp\/v2\/comments?post=13707"}],"version-history":[{"count":7,"href":"https:\/\/www.eltono.com\/fr\/wp-json\/wp\/v2\/pages\/13707\/revisions"}],"predecessor-version":[{"id":21012,"href":"https:\/\/www.eltono.com\/fr\/wp-json\/wp\/v2\/pages\/13707\/revisions\/21012"}],"up":[{"embeddable":true,"href":"https:\/\/www.eltono.com\/fr\/wp-json\/wp\/v2\/pages\/9"}],"wp:featuredmedia":[{"embeddable":true,"href":"https:\/\/www.eltono.com\/fr\/wp-json\/wp\/v2\/media\/13712"}],"wp:attachment":[{"href":"https:\/\/www.eltono.com\/fr\/wp-json\/wp\/v2\/media?parent=13707"}],"wp:term":[{"taxonomy":"category","embeddable":true,"href":"https:\/\/www.eltono.com\/fr\/wp-json\/wp\/v2\/categories?post=13707"},{"taxonomy":"post_tag","embeddable":true,"href":"https:\/\/www.eltono.com\/fr\/wp-json\/wp\/v2\/tags?post=13707"}],"curies":[{"name":"wp","href":"https:\/\/api.w.org\/{rel}","templated":true}]}}