{"id":14084,"date":"2009-11-05T17:50:29","date_gmt":"2009-11-05T15:50:29","guid":{"rendered":"http:\/\/www.eltono.com\/?page_id=14084"},"modified":"2016-03-20T18:07:38","modified_gmt":"2016-03-20T16:07:38","slug":"la-cuadrada","status":"publish","type":"page","link":"https:\/\/www.eltono.com\/fr\/exhibitions\/la-cuadrada\/","title":{"rendered":"La Cuadrada"},"content":{"rendered":"<p class=\"qtranxs-available-languages-message qtranxs-available-languages-message-fr\">D\u00e9sol\u00e9, cet article n'est pas encore disponible en fran\u00e7ais.<br>En attendant, vous pouvez toujours le lire en <a href=\"https:\/\/www.eltono.com\/en\/wp-json\/wp\/v2\/pages\/14084\" class=\"qtranxs-available-language-link qtranxs-available-language-link-en\" title=\"English\">English<\/a> ou en <a href=\"https:\/\/www.eltono.com\/es\/wp-json\/wp\/v2\/pages\/14084\" class=\"qtranxs-available-language-link qtranxs-available-language-link-es\" title=\"Espa\u00f1ol\">Espa\u00f1ol<\/a>. For the sake of viewer convenience, the content is shown below in this site default language. You may click one of the links to switch the site language to another available language.<\/p><p><\/p>\n<h2>\u201cKaleidoscopic Vision in the city of Lima\u201d<\/h2>\n<p><strong>Centro Cultural de Espa\u00f1a<\/strong><br \/>\nNatalio Sanchez 181, Lima, Peru.<br \/>\nFrom the 5th to the 27th of November, 2009<\/p>\n<p>Lima as a departure point, the only stimulus, direct contact with the city. Without preconceived ideas or previous studies we generated audio-visual projects and installations through real life street experiences, dialogue with it\u2019s people and the appropriation and decontextualization of local resources. The exhibition consists of two well defined parts. First a photographic documentation of everything that caught our attention during the four weeks that we were in Peru. A visual stimuli that served as raw material to produce the pieces. Second, a synthesis of this experience materialized in the form of sculptural installations and a mural in the exhibition space of the prestigious Spanish Cultural Center in Lima.<\/p>\n<p>A big thank you to: Jules Bay and her team; Alvaro Garc\u00eda Vilches, David Flores-Hora and all the staff at CCE in Lima.<\/p>\n<blockquote><p>The complete documentation about the project is published on the official Equipo Pl\u00e1stico website: <a href=\"http:\/\/www.equipoplastico.com\/projects\/la-cuadrada-en\/\" target=\"_blank\">www.equipoplastico.com\/projects\/la-cuadrada-en<\/a> (in Spanish)<\/p><\/blockquote>\n<p><img loading=\"lazy\" decoding=\"async\" data-attachment-id=\"14087\" data-permalink=\"https:\/\/www.eltono.com\/fr\/exhibitions\/la-cuadrada\/ep-cce\/\" data-orig-file=\"https:\/\/www.eltono.com\/wp-content\/uploads\/2009\/11\/ep-cce.jpg\" data-orig-size=\"784,588\" data-comments-opened=\"0\" data-image-meta=\"{&quot;aperture&quot;:&quot;0&quot;,&quot;credit&quot;:&quot;&quot;,&quot;camera&quot;:&quot;&quot;,&quot;caption&quot;:&quot;&quot;,&quot;created_timestamp&quot;:&quot;0&quot;,&quot;copyright&quot;:&quot;&quot;,&quot;focal_length&quot;:&quot;0&quot;,&quot;iso&quot;:&quot;0&quot;,&quot;shutter_speed&quot;:&quot;0&quot;,&quot;title&quot;:&quot;&quot;,&quot;orientation&quot;:&quot;0&quot;}\" data-image-title=\"ep-cce\" data-image-description=\"\" data-image-caption=\"\" data-medium-file=\"https:\/\/www.eltono.com\/wp-content\/uploads\/2009\/11\/ep-cce-300x225.jpg\" data-large-file=\"https:\/\/www.eltono.com\/wp-content\/uploads\/2009\/11\/ep-cce-700x525.jpg\" class=\"alignnone size-full wp-image-14087\" src=\"http:\/\/www.eltono.com\/wp-content\/uploads\/2009\/11\/ep-cce.jpg\" alt=\"ep-cce\" width=\"784\" height=\"588\" srcset=\"https:\/\/www.eltono.com\/wp-content\/uploads\/2009\/11\/ep-cce.jpg 784w, https:\/\/www.eltono.com\/wp-content\/uploads\/2009\/11\/ep-cce-350x263.jpg 350w, https:\/\/www.eltono.com\/wp-content\/uploads\/2009\/11\/ep-cce-214x160.jpg 214w, https:\/\/www.eltono.com\/wp-content\/uploads\/2009\/11\/ep-cce-300x225.jpg 300w, https:\/\/www.eltono.com\/wp-content\/uploads\/2009\/11\/ep-cce-700x525.jpg 700w\" sizes=\"auto, (max-width: 784px) 100vw, 784px\" \/><\/p>\n<p><img loading=\"lazy\" decoding=\"async\" data-attachment-id=\"14088\" data-permalink=\"https:\/\/www.eltono.com\/fr\/exhibitions\/la-cuadrada\/ep-lima-general01\/\" data-orig-file=\"https:\/\/www.eltono.com\/wp-content\/uploads\/2009\/11\/ep-lima-general01.jpg\" data-orig-size=\"784,588\" data-comments-opened=\"0\" data-image-meta=\"{&quot;aperture&quot;:&quot;0&quot;,&quot;credit&quot;:&quot;&quot;,&quot;camera&quot;:&quot;&quot;,&quot;caption&quot;:&quot;&quot;,&quot;created_timestamp&quot;:&quot;0&quot;,&quot;copyright&quot;:&quot;&quot;,&quot;focal_length&quot;:&quot;0&quot;,&quot;iso&quot;:&quot;0&quot;,&quot;shutter_speed&quot;:&quot;0&quot;,&quot;title&quot;:&quot;&quot;,&quot;orientation&quot;:&quot;0&quot;}\" data-image-title=\"ep-lima-general01\" data-image-description=\"\" data-image-caption=\"\" data-medium-file=\"https:\/\/www.eltono.com\/wp-content\/uploads\/2009\/11\/ep-lima-general01-300x225.jpg\" data-large-file=\"https:\/\/www.eltono.com\/wp-content\/uploads\/2009\/11\/ep-lima-general01-700x525.jpg\" class=\"alignnone size-full wp-image-14088\" src=\"http:\/\/www.eltono.com\/wp-content\/uploads\/2009\/11\/ep-lima-general01.jpg\" alt=\"ep-lima-general01\" width=\"784\" height=\"588\" srcset=\"https:\/\/www.eltono.com\/wp-content\/uploads\/2009\/11\/ep-lima-general01.jpg 784w, https:\/\/www.eltono.com\/wp-content\/uploads\/2009\/11\/ep-lima-general01-350x263.jpg 350w, https:\/\/www.eltono.com\/wp-content\/uploads\/2009\/11\/ep-lima-general01-214x160.jpg 214w, https:\/\/www.eltono.com\/wp-content\/uploads\/2009\/11\/ep-lima-general01-300x225.jpg 300w, https:\/\/www.eltono.com\/wp-content\/uploads\/2009\/11\/ep-lima-general01-700x525.jpg 700w\" sizes=\"auto, (max-width: 784px) 100vw, 784px\" \/><\/p>\n<p><img loading=\"lazy\" decoding=\"async\" data-attachment-id=\"14089\" data-permalink=\"https:\/\/www.eltono.com\/fr\/exhibitions\/la-cuadrada\/ep-lima-general02\/\" data-orig-file=\"https:\/\/www.eltono.com\/wp-content\/uploads\/2009\/11\/ep-lima-general02.jpg\" data-orig-size=\"784,588\" data-comments-opened=\"0\" data-image-meta=\"{&quot;aperture&quot;:&quot;0&quot;,&quot;credit&quot;:&quot;&quot;,&quot;camera&quot;:&quot;&quot;,&quot;caption&quot;:&quot;&quot;,&quot;created_timestamp&quot;:&quot;0&quot;,&quot;copyright&quot;:&quot;&quot;,&quot;focal_length&quot;:&quot;0&quot;,&quot;iso&quot;:&quot;0&quot;,&quot;shutter_speed&quot;:&quot;0&quot;,&quot;title&quot;:&quot;&quot;,&quot;orientation&quot;:&quot;0&quot;}\" data-image-title=\"ep-lima-general02\" data-image-description=\"\" data-image-caption=\"\" data-medium-file=\"https:\/\/www.eltono.com\/wp-content\/uploads\/2009\/11\/ep-lima-general02-300x225.jpg\" data-large-file=\"https:\/\/www.eltono.com\/wp-content\/uploads\/2009\/11\/ep-lima-general02-700x525.jpg\" class=\"alignnone size-full wp-image-14089\" src=\"http:\/\/www.eltono.com\/wp-content\/uploads\/2009\/11\/ep-lima-general02.jpg\" alt=\"ep-lima-general02\" width=\"784\" height=\"588\" srcset=\"https:\/\/www.eltono.com\/wp-content\/uploads\/2009\/11\/ep-lima-general02.jpg 784w, https:\/\/www.eltono.com\/wp-content\/uploads\/2009\/11\/ep-lima-general02-350x263.jpg 350w, https:\/\/www.eltono.com\/wp-content\/uploads\/2009\/11\/ep-lima-general02-214x160.jpg 214w, https:\/\/www.eltono.com\/wp-content\/uploads\/2009\/11\/ep-lima-general02-300x225.jpg 300w, https:\/\/www.eltono.com\/wp-content\/uploads\/2009\/11\/ep-lima-general02-700x525.jpg 700w\" sizes=\"auto, (max-width: 784px) 100vw, 784px\" \/><\/p>\n<p><img loading=\"lazy\" decoding=\"async\" data-attachment-id=\"14090\" data-permalink=\"https:\/\/www.eltono.com\/fr\/exhibitions\/la-cuadrada\/ep-lima-general03\/\" data-orig-file=\"https:\/\/www.eltono.com\/wp-content\/uploads\/2009\/11\/ep-lima-general03.jpg\" data-orig-size=\"784,594\" data-comments-opened=\"0\" data-image-meta=\"{&quot;aperture&quot;:&quot;0&quot;,&quot;credit&quot;:&quot;&quot;,&quot;camera&quot;:&quot;&quot;,&quot;caption&quot;:&quot;&quot;,&quot;created_timestamp&quot;:&quot;0&quot;,&quot;copyright&quot;:&quot;&quot;,&quot;focal_length&quot;:&quot;0&quot;,&quot;iso&quot;:&quot;0&quot;,&quot;shutter_speed&quot;:&quot;0&quot;,&quot;title&quot;:&quot;&quot;,&quot;orientation&quot;:&quot;0&quot;}\" data-image-title=\"ep-lima-general03\" data-image-description=\"\" data-image-caption=\"\" data-medium-file=\"https:\/\/www.eltono.com\/wp-content\/uploads\/2009\/11\/ep-lima-general03-300x227.jpg\" data-large-file=\"https:\/\/www.eltono.com\/wp-content\/uploads\/2009\/11\/ep-lima-general03-700x530.jpg\" class=\"alignnone size-full wp-image-14090\" src=\"http:\/\/www.eltono.com\/wp-content\/uploads\/2009\/11\/ep-lima-general03.jpg\" alt=\"ep-lima-general03\" width=\"784\" height=\"594\" srcset=\"https:\/\/www.eltono.com\/wp-content\/uploads\/2009\/11\/ep-lima-general03.jpg 784w, https:\/\/www.eltono.com\/wp-content\/uploads\/2009\/11\/ep-lima-general03-350x265.jpg 350w, https:\/\/www.eltono.com\/wp-content\/uploads\/2009\/11\/ep-lima-general03-300x227.jpg 300w, https:\/\/www.eltono.com\/wp-content\/uploads\/2009\/11\/ep-lima-general03-700x530.jpg 700w\" sizes=\"auto, (max-width: 784px) 100vw, 784px\" \/><\/p>\n<p><img loading=\"lazy\" decoding=\"async\" data-attachment-id=\"14091\" data-permalink=\"https:\/\/www.eltono.com\/fr\/exhibitions\/la-cuadrada\/ep-lima-general041\/\" data-orig-file=\"https:\/\/www.eltono.com\/wp-content\/uploads\/2009\/11\/ep-lima-general041.jpg\" data-orig-size=\"784,601\" data-comments-opened=\"0\" data-image-meta=\"{&quot;aperture&quot;:&quot;0&quot;,&quot;credit&quot;:&quot;&quot;,&quot;camera&quot;:&quot;&quot;,&quot;caption&quot;:&quot;&quot;,&quot;created_timestamp&quot;:&quot;0&quot;,&quot;copyright&quot;:&quot;&quot;,&quot;focal_length&quot;:&quot;0&quot;,&quot;iso&quot;:&quot;0&quot;,&quot;shutter_speed&quot;:&quot;0&quot;,&quot;title&quot;:&quot;&quot;,&quot;orientation&quot;:&quot;1&quot;}\" data-image-title=\"ep-lima-general041\" data-image-description=\"\" data-image-caption=\"\" data-medium-file=\"https:\/\/www.eltono.com\/wp-content\/uploads\/2009\/11\/ep-lima-general041-300x230.jpg\" data-large-file=\"https:\/\/www.eltono.com\/wp-content\/uploads\/2009\/11\/ep-lima-general041-700x537.jpg\" class=\"alignnone size-full wp-image-14091\" src=\"http:\/\/www.eltono.com\/wp-content\/uploads\/2009\/11\/ep-lima-general041.jpg\" alt=\"ep-lima-general041\" width=\"784\" height=\"601\" srcset=\"https:\/\/www.eltono.com\/wp-content\/uploads\/2009\/11\/ep-lima-general041.jpg 784w, https:\/\/www.eltono.com\/wp-content\/uploads\/2009\/11\/ep-lima-general041-350x268.jpg 350w, https:\/\/www.eltono.com\/wp-content\/uploads\/2009\/11\/ep-lima-general041-300x230.jpg 300w, https:\/\/www.eltono.com\/wp-content\/uploads\/2009\/11\/ep-lima-general041-700x537.jpg 700w\" sizes=\"auto, (max-width: 784px) 100vw, 784px\" \/><\/p>\n<p><img loading=\"lazy\" decoding=\"async\" data-attachment-id=\"14092\" data-permalink=\"https:\/\/www.eltono.com\/fr\/exhibitions\/la-cuadrada\/ep-lima-general05\/\" data-orig-file=\"https:\/\/www.eltono.com\/wp-content\/uploads\/2009\/11\/ep-lima-general05.jpg\" data-orig-size=\"784,588\" data-comments-opened=\"0\" data-image-meta=\"{&quot;aperture&quot;:&quot;0&quot;,&quot;credit&quot;:&quot;&quot;,&quot;camera&quot;:&quot;&quot;,&quot;caption&quot;:&quot;&quot;,&quot;created_timestamp&quot;:&quot;0&quot;,&quot;copyright&quot;:&quot;&quot;,&quot;focal_length&quot;:&quot;0&quot;,&quot;iso&quot;:&quot;0&quot;,&quot;shutter_speed&quot;:&quot;0&quot;,&quot;title&quot;:&quot;&quot;,&quot;orientation&quot;:&quot;0&quot;}\" data-image-title=\"ep-lima-general05\" data-image-description=\"\" data-image-caption=\"\" data-medium-file=\"https:\/\/www.eltono.com\/wp-content\/uploads\/2009\/11\/ep-lima-general05-300x225.jpg\" data-large-file=\"https:\/\/www.eltono.com\/wp-content\/uploads\/2009\/11\/ep-lima-general05-700x525.jpg\" class=\"alignnone size-full wp-image-14092\" src=\"http:\/\/www.eltono.com\/wp-content\/uploads\/2009\/11\/ep-lima-general05.jpg\" alt=\"ep-lima-general05\" width=\"784\" height=\"588\" srcset=\"https:\/\/www.eltono.com\/wp-content\/uploads\/2009\/11\/ep-lima-general05.jpg 784w, https:\/\/www.eltono.com\/wp-content\/uploads\/2009\/11\/ep-lima-general05-350x263.jpg 350w, https:\/\/www.eltono.com\/wp-content\/uploads\/2009\/11\/ep-lima-general05-214x160.jpg 214w, https:\/\/www.eltono.com\/wp-content\/uploads\/2009\/11\/ep-lima-general05-300x225.jpg 300w, https:\/\/www.eltono.com\/wp-content\/uploads\/2009\/11\/ep-lima-general05-700x525.jpg 700w\" sizes=\"auto, (max-width: 784px) 100vw, 784px\" \/><\/p>\n<p><img loading=\"lazy\" decoding=\"async\" data-attachment-id=\"14093\" data-permalink=\"https:\/\/www.eltono.com\/fr\/exhibitions\/la-cuadrada\/ep-lima-general06\/\" data-orig-file=\"https:\/\/www.eltono.com\/wp-content\/uploads\/2009\/11\/ep-lima-general06.jpg\" data-orig-size=\"784,549\" data-comments-opened=\"0\" data-image-meta=\"{&quot;aperture&quot;:&quot;0&quot;,&quot;credit&quot;:&quot;&quot;,&quot;camera&quot;:&quot;&quot;,&quot;caption&quot;:&quot;&quot;,&quot;created_timestamp&quot;:&quot;0&quot;,&quot;copyright&quot;:&quot;&quot;,&quot;focal_length&quot;:&quot;0&quot;,&quot;iso&quot;:&quot;0&quot;,&quot;shutter_speed&quot;:&quot;0&quot;,&quot;title&quot;:&quot;&quot;,&quot;orientation&quot;:&quot;0&quot;}\" data-image-title=\"ep-lima-general06\" data-image-description=\"\" data-image-caption=\"\" data-medium-file=\"https:\/\/www.eltono.com\/wp-content\/uploads\/2009\/11\/ep-lima-general06-300x210.jpg\" data-large-file=\"https:\/\/www.eltono.com\/wp-content\/uploads\/2009\/11\/ep-lima-general06-700x490.jpg\" class=\"alignnone size-full wp-image-14093\" src=\"http:\/\/www.eltono.com\/wp-content\/uploads\/2009\/11\/ep-lima-general06.jpg\" alt=\"ep-lima-general06\" width=\"784\" height=\"549\" srcset=\"https:\/\/www.eltono.com\/wp-content\/uploads\/2009\/11\/ep-lima-general06.jpg 784w, https:\/\/www.eltono.com\/wp-content\/uploads\/2009\/11\/ep-lima-general06-350x245.jpg 350w, https:\/\/www.eltono.com\/wp-content\/uploads\/2009\/11\/ep-lima-general06-300x210.jpg 300w, https:\/\/www.eltono.com\/wp-content\/uploads\/2009\/11\/ep-lima-general06-700x490.jpg 700w\" sizes=\"auto, (max-width: 784px) 100vw, 784px\" \/><\/p>\n<p><img loading=\"lazy\" decoding=\"async\" data-attachment-id=\"14094\" data-permalink=\"https:\/\/www.eltono.com\/fr\/exhibitions\/la-cuadrada\/ep-fotos00\/\" data-orig-file=\"https:\/\/www.eltono.com\/wp-content\/uploads\/2009\/11\/ep-fotos00.jpg\" data-orig-size=\"784,384\" data-comments-opened=\"0\" data-image-meta=\"{&quot;aperture&quot;:&quot;0&quot;,&quot;credit&quot;:&quot;&quot;,&quot;camera&quot;:&quot;&quot;,&quot;caption&quot;:&quot;&quot;,&quot;created_timestamp&quot;:&quot;0&quot;,&quot;copyright&quot;:&quot;&quot;,&quot;focal_length&quot;:&quot;0&quot;,&quot;iso&quot;:&quot;0&quot;,&quot;shutter_speed&quot;:&quot;0&quot;,&quot;title&quot;:&quot;&quot;,&quot;orientation&quot;:&quot;0&quot;}\" data-image-title=\"ep-fotos00\" data-image-description=\"\" data-image-caption=\"\" data-medium-file=\"https:\/\/www.eltono.com\/wp-content\/uploads\/2009\/11\/ep-fotos00-300x147.jpg\" data-large-file=\"https:\/\/www.eltono.com\/wp-content\/uploads\/2009\/11\/ep-fotos00-700x343.jpg\" class=\"alignnone size-full wp-image-14094\" src=\"http:\/\/www.eltono.com\/wp-content\/uploads\/2009\/11\/ep-fotos00.jpg\" alt=\"ep-fotos00\" width=\"784\" height=\"384\" srcset=\"https:\/\/www.eltono.com\/wp-content\/uploads\/2009\/11\/ep-fotos00.jpg 784w, https:\/\/www.eltono.com\/wp-content\/uploads\/2009\/11\/ep-fotos00-350x171.jpg 350w, https:\/\/www.eltono.com\/wp-content\/uploads\/2009\/11\/ep-fotos00-300x147.jpg 300w, https:\/\/www.eltono.com\/wp-content\/uploads\/2009\/11\/ep-fotos00-700x343.jpg 700w\" sizes=\"auto, (max-width: 784px) 100vw, 784px\" \/><\/p>\n<p><img loading=\"lazy\" decoding=\"async\" data-attachment-id=\"14095\" data-permalink=\"https:\/\/www.eltono.com\/fr\/exhibitions\/la-cuadrada\/ep-combis00\/\" data-orig-file=\"https:\/\/www.eltono.com\/wp-content\/uploads\/2009\/11\/ep-combis00.jpg\" data-orig-size=\"784,384\" data-comments-opened=\"0\" data-image-meta=\"{&quot;aperture&quot;:&quot;0&quot;,&quot;credit&quot;:&quot;&quot;,&quot;camera&quot;:&quot;&quot;,&quot;caption&quot;:&quot;&quot;,&quot;created_timestamp&quot;:&quot;0&quot;,&quot;copyright&quot;:&quot;&quot;,&quot;focal_length&quot;:&quot;0&quot;,&quot;iso&quot;:&quot;0&quot;,&quot;shutter_speed&quot;:&quot;0&quot;,&quot;title&quot;:&quot;&quot;,&quot;orientation&quot;:&quot;0&quot;}\" data-image-title=\"ep-combis00\" data-image-description=\"\" data-image-caption=\"\" data-medium-file=\"https:\/\/www.eltono.com\/wp-content\/uploads\/2009\/11\/ep-combis00-300x147.jpg\" data-large-file=\"https:\/\/www.eltono.com\/wp-content\/uploads\/2009\/11\/ep-combis00-700x343.jpg\" class=\"alignnone size-full wp-image-14095\" src=\"http:\/\/www.eltono.com\/wp-content\/uploads\/2009\/11\/ep-combis00.jpg\" alt=\"ep-combis00\" width=\"784\" height=\"384\" srcset=\"https:\/\/www.eltono.com\/wp-content\/uploads\/2009\/11\/ep-combis00.jpg 784w, https:\/\/www.eltono.com\/wp-content\/uploads\/2009\/11\/ep-combis00-350x171.jpg 350w, https:\/\/www.eltono.com\/wp-content\/uploads\/2009\/11\/ep-combis00-300x147.jpg 300w, https:\/\/www.eltono.com\/wp-content\/uploads\/2009\/11\/ep-combis00-700x343.jpg 700w\" sizes=\"auto, (max-width: 784px) 100vw, 784px\" \/><\/p>\n<p><img loading=\"lazy\" decoding=\"async\" data-attachment-id=\"14096\" data-permalink=\"https:\/\/www.eltono.com\/fr\/exhibitions\/la-cuadrada\/ep-adios00\/\" data-orig-file=\"https:\/\/www.eltono.com\/wp-content\/uploads\/2009\/11\/ep-adios00.jpg\" data-orig-size=\"784,384\" data-comments-opened=\"0\" data-image-meta=\"{&quot;aperture&quot;:&quot;0&quot;,&quot;credit&quot;:&quot;&quot;,&quot;camera&quot;:&quot;&quot;,&quot;caption&quot;:&quot;&quot;,&quot;created_timestamp&quot;:&quot;0&quot;,&quot;copyright&quot;:&quot;&quot;,&quot;focal_length&quot;:&quot;0&quot;,&quot;iso&quot;:&quot;0&quot;,&quot;shutter_speed&quot;:&quot;0&quot;,&quot;title&quot;:&quot;&quot;,&quot;orientation&quot;:&quot;0&quot;}\" data-image-title=\"ep-adios00\" data-image-description=\"\" data-image-caption=\"\" data-medium-file=\"https:\/\/www.eltono.com\/wp-content\/uploads\/2009\/11\/ep-adios00-300x147.jpg\" data-large-file=\"https:\/\/www.eltono.com\/wp-content\/uploads\/2009\/11\/ep-adios00-700x343.jpg\" class=\"alignnone size-full wp-image-14096\" src=\"http:\/\/www.eltono.com\/wp-content\/uploads\/2009\/11\/ep-adios00.jpg\" alt=\"ep-adios00\" width=\"784\" height=\"384\" srcset=\"https:\/\/www.eltono.com\/wp-content\/uploads\/2009\/11\/ep-adios00.jpg 784w, https:\/\/www.eltono.com\/wp-content\/uploads\/2009\/11\/ep-adios00-350x171.jpg 350w, https:\/\/www.eltono.com\/wp-content\/uploads\/2009\/11\/ep-adios00-300x147.jpg 300w, https:\/\/www.eltono.com\/wp-content\/uploads\/2009\/11\/ep-adios00-700x343.jpg 700w\" sizes=\"auto, (max-width: 784px) 100vw, 784px\" \/><\/p>\n<p><img loading=\"lazy\" decoding=\"async\" data-attachment-id=\"14097\" data-permalink=\"https:\/\/www.eltono.com\/fr\/exhibitions\/la-cuadrada\/ep-carteles00\/\" data-orig-file=\"https:\/\/www.eltono.com\/wp-content\/uploads\/2009\/11\/ep-carteles00.jpg\" data-orig-size=\"784,384\" data-comments-opened=\"0\" data-image-meta=\"{&quot;aperture&quot;:&quot;0&quot;,&quot;credit&quot;:&quot;&quot;,&quot;camera&quot;:&quot;&quot;,&quot;caption&quot;:&quot;&quot;,&quot;created_timestamp&quot;:&quot;0&quot;,&quot;copyright&quot;:&quot;&quot;,&quot;focal_length&quot;:&quot;0&quot;,&quot;iso&quot;:&quot;0&quot;,&quot;shutter_speed&quot;:&quot;0&quot;,&quot;title&quot;:&quot;&quot;,&quot;orientation&quot;:&quot;0&quot;}\" data-image-title=\"ep-carteles00\" data-image-description=\"\" data-image-caption=\"\" data-medium-file=\"https:\/\/www.eltono.com\/wp-content\/uploads\/2009\/11\/ep-carteles00-300x147.jpg\" data-large-file=\"https:\/\/www.eltono.com\/wp-content\/uploads\/2009\/11\/ep-carteles00-700x343.jpg\" class=\"alignnone size-full wp-image-14097\" src=\"http:\/\/www.eltono.com\/wp-content\/uploads\/2009\/11\/ep-carteles00.jpg\" alt=\"ep-carteles00\" width=\"784\" height=\"384\" srcset=\"https:\/\/www.eltono.com\/wp-content\/uploads\/2009\/11\/ep-carteles00.jpg 784w, https:\/\/www.eltono.com\/wp-content\/uploads\/2009\/11\/ep-carteles00-350x171.jpg 350w, https:\/\/www.eltono.com\/wp-content\/uploads\/2009\/11\/ep-carteles00-300x147.jpg 300w, https:\/\/www.eltono.com\/wp-content\/uploads\/2009\/11\/ep-carteles00-700x343.jpg 700w\" sizes=\"auto, (max-width: 784px) 100vw, 784px\" \/><\/p>\n<p><img loading=\"lazy\" decoding=\"async\" data-attachment-id=\"14098\" data-permalink=\"https:\/\/www.eltono.com\/fr\/exhibitions\/la-cuadrada\/ep-banderola00\/\" data-orig-file=\"https:\/\/www.eltono.com\/wp-content\/uploads\/2009\/11\/ep-banderola00.jpg\" data-orig-size=\"784,384\" data-comments-opened=\"0\" data-image-meta=\"{&quot;aperture&quot;:&quot;0&quot;,&quot;credit&quot;:&quot;&quot;,&quot;camera&quot;:&quot;&quot;,&quot;caption&quot;:&quot;&quot;,&quot;created_timestamp&quot;:&quot;0&quot;,&quot;copyright&quot;:&quot;&quot;,&quot;focal_length&quot;:&quot;0&quot;,&quot;iso&quot;:&quot;0&quot;,&quot;shutter_speed&quot;:&quot;0&quot;,&quot;title&quot;:&quot;&quot;,&quot;orientation&quot;:&quot;0&quot;}\" data-image-title=\"ep-banderola00\" data-image-description=\"\" data-image-caption=\"\" data-medium-file=\"https:\/\/www.eltono.com\/wp-content\/uploads\/2009\/11\/ep-banderola00-300x147.jpg\" data-large-file=\"https:\/\/www.eltono.com\/wp-content\/uploads\/2009\/11\/ep-banderola00-700x343.jpg\" class=\"alignnone size-full wp-image-14098\" src=\"http:\/\/www.eltono.com\/wp-content\/uploads\/2009\/11\/ep-banderola00.jpg\" alt=\"ep-banderola00\" width=\"784\" height=\"384\" srcset=\"https:\/\/www.eltono.com\/wp-content\/uploads\/2009\/11\/ep-banderola00.jpg 784w, https:\/\/www.eltono.com\/wp-content\/uploads\/2009\/11\/ep-banderola00-350x171.jpg 350w, https:\/\/www.eltono.com\/wp-content\/uploads\/2009\/11\/ep-banderola00-300x147.jpg 300w, https:\/\/www.eltono.com\/wp-content\/uploads\/2009\/11\/ep-banderola00-700x343.jpg 700w\" sizes=\"auto, (max-width: 784px) 100vw, 784px\" \/><\/p>\n<p><img loading=\"lazy\" decoding=\"async\" data-attachment-id=\"14099\" data-permalink=\"https:\/\/www.eltono.com\/fr\/exhibitions\/la-cuadrada\/ep-tapices00\/\" data-orig-file=\"https:\/\/www.eltono.com\/wp-content\/uploads\/2009\/11\/ep-tapices00.jpg\" data-orig-size=\"784,384\" data-comments-opened=\"0\" data-image-meta=\"{&quot;aperture&quot;:&quot;0&quot;,&quot;credit&quot;:&quot;&quot;,&quot;camera&quot;:&quot;&quot;,&quot;caption&quot;:&quot;&quot;,&quot;created_timestamp&quot;:&quot;0&quot;,&quot;copyright&quot;:&quot;&quot;,&quot;focal_length&quot;:&quot;0&quot;,&quot;iso&quot;:&quot;0&quot;,&quot;shutter_speed&quot;:&quot;0&quot;,&quot;title&quot;:&quot;&quot;,&quot;orientation&quot;:&quot;0&quot;}\" data-image-title=\"ep-tapices00\" data-image-description=\"\" data-image-caption=\"\" data-medium-file=\"https:\/\/www.eltono.com\/wp-content\/uploads\/2009\/11\/ep-tapices00-300x147.jpg\" data-large-file=\"https:\/\/www.eltono.com\/wp-content\/uploads\/2009\/11\/ep-tapices00-700x343.jpg\" class=\"alignnone size-full wp-image-14099\" src=\"http:\/\/www.eltono.com\/wp-content\/uploads\/2009\/11\/ep-tapices00.jpg\" alt=\"ep-tapices00\" width=\"784\" height=\"384\" srcset=\"https:\/\/www.eltono.com\/wp-content\/uploads\/2009\/11\/ep-tapices00.jpg 784w, https:\/\/www.eltono.com\/wp-content\/uploads\/2009\/11\/ep-tapices00-350x171.jpg 350w, https:\/\/www.eltono.com\/wp-content\/uploads\/2009\/11\/ep-tapices00-300x147.jpg 300w, https:\/\/www.eltono.com\/wp-content\/uploads\/2009\/11\/ep-tapices00-700x343.jpg 700w\" sizes=\"auto, (max-width: 784px) 100vw, 784px\" \/><\/p>","protected":false},"excerpt":{"rendered":"<p>D\u00e9sol\u00e9, cet article n&#8217;est pas encore disponible en fran\u00e7ais.En attendant, vous pouvez toujours le lire en English ou en Espa\u00f1ol. For the sake of viewer convenience, the content is shown below in this site default language. You may click one of the links to switch the site language to another available language. \u201cKaleidoscopic Vision in &hellip; <a href=\"https:\/\/www.eltono.com\/fr\/exhibitions\/la-cuadrada\/\" class=\"more-link\">Continue reading <span class=\"screen-reader-text\">La Cuadrada<\/span><\/a><\/p>\n","protected":false},"author":1,"featured_media":14101,"parent":9,"menu_order":0,"comment_status":"closed","ping_status":"closed","template":"","meta":{"ngg_post_thumbnail":0,"jetpack_post_was_ever_published":false,"footnotes":""},"categories":[293,271,3,5,112,270,261,265,266],"tags":[],"class_list":["post-14084","page","type-page","status-publish","has-post-thumbnail","hentry","category-293","category-equipoplastico","category-exhibitions","category-interventions","category-mural","category-page_collective_show","category-page_expo","category-page_indoor","category-page_outdoor"],"jetpack_sharing_enabled":true,"jetpack_shortlink":"https:\/\/wp.me\/P7sWFx-3Fa","_links":{"self":[{"href":"https:\/\/www.eltono.com\/fr\/wp-json\/wp\/v2\/pages\/14084","targetHints":{"allow":["GET"]}}],"collection":[{"href":"https:\/\/www.eltono.com\/fr\/wp-json\/wp\/v2\/pages"}],"about":[{"href":"https:\/\/www.eltono.com\/fr\/wp-json\/wp\/v2\/types\/page"}],"author":[{"embeddable":true,"href":"https:\/\/www.eltono.com\/fr\/wp-json\/wp\/v2\/users\/1"}],"replies":[{"embeddable":true,"href":"https:\/\/www.eltono.com\/fr\/wp-json\/wp\/v2\/comments?post=14084"}],"version-history":[{"count":3,"href":"https:\/\/www.eltono.com\/fr\/wp-json\/wp\/v2\/pages\/14084\/revisions"}],"predecessor-version":[{"id":14100,"href":"https:\/\/www.eltono.com\/fr\/wp-json\/wp\/v2\/pages\/14084\/revisions\/14100"}],"up":[{"embeddable":true,"href":"https:\/\/www.eltono.com\/fr\/wp-json\/wp\/v2\/pages\/9"}],"wp:featuredmedia":[{"embeddable":true,"href":"https:\/\/www.eltono.com\/fr\/wp-json\/wp\/v2\/media\/14101"}],"wp:attachment":[{"href":"https:\/\/www.eltono.com\/fr\/wp-json\/wp\/v2\/media?parent=14084"}],"wp:term":[{"taxonomy":"category","embeddable":true,"href":"https:\/\/www.eltono.com\/fr\/wp-json\/wp\/v2\/categories?post=14084"},{"taxonomy":"post_tag","embeddable":true,"href":"https:\/\/www.eltono.com\/fr\/wp-json\/wp\/v2\/tags?post=14084"}],"curies":[{"name":"wp","href":"https:\/\/api.w.org\/{rel}","templated":true}]}}