{"id":16681,"date":"2016-03-18T22:47:57","date_gmt":"2016-03-18T20:47:57","guid":{"rendered":"http:\/\/www.eltono.com\/?page_id=16681"},"modified":"2016-10-05T18:06:49","modified_gmt":"2016-10-05T16:06:49","slug":"footpaths","status":"publish","type":"page","link":"https:\/\/www.eltono.com\/fr\/exhibitions\/footpaths\/","title":{"rendered":"Venturing Beyond"},"content":{"rendered":"<p><strong>Somerset House<\/strong><br \/>\nLondres, Royaume Uni<br \/>\nExposition organis\u00e9e par A by P<br \/>\n3 mars \u2013 2 mai 2016<br \/>\n<em><strong>Footpaths<\/strong><\/em><br \/>\nQuatre performances \u00e0 pied de 15 minutes<br \/>\nEncre noire sur papier <span class=\"il\">Fabriano<\/span> Rosaspina 285 g. 100 x 70 cm, vid\u00e9o de 2 minutes<\/p>\n<hr \/>\n<p>R\u00e8gles :<\/p>\n<ol>\n<li><em>Le participant s\u00e9lectionne une zone dans l&#8217;espace public et d\u00e9finit une p\u00e9riode dans le temps.<\/em><\/li>\n<li><em>Il marche ensuite le long du p\u00e9rim\u00e8tre de cette zone pr\u00e9d\u00e9finie dans le sens des aiguilles d&#8217;une montre.<\/em><\/li>\n<li><em>Quand un intrus visible entre dans le p\u00e9rim\u00e8tre, le participant doit imm\u00e9diatement tenter de rejoindre le point d&#8217;intrusion.<\/em><\/li>\n<li><em>Si le p\u00e9rim\u00e8tre est p\u00e9n\u00e9tr\u00e9 \u00e0 nouveau durant la tentative d&#8217;atteindre un point d&#8217;intrusion, ce nouveau point d&#8217;intrusion devient la nouvelle cible \u00e0 atteindre.<\/em><\/li>\n<li><em>Un fois qu&#8217;un point d&#8217;intrusion est atteint, le participant continue \u00e0 marcher autour du p\u00e9rim\u00e8tre jusqu&#8217;\u00e0 la prochaine intrusion ou jusqu&#8217;\u00e0 ce que la limite de temps soit atteinte.<\/em><\/li>\n<li><em>Pour finir, un dessin est g\u00e9n\u00e9r\u00e9 en guise de t\u00e9moin de l\u2019exp\u00e9rience.<\/em><\/li>\n<\/ol>\n<p>\n<div class=\"ngg-galleryoverview\" id=\"ngg-gallery-6457dccd713a484a042939b1872bb6bb-16681\">\n\n<style type=\"text\/css\" media=\"all\">\n.ngg2-gallery-thumbnail img {\n    background-color: #FFF;\n    border: 0px solid #ff00ff;\n    display: block;\n    margin: 0px 5px 2px 0px;\n    position: relative;\n}\n.ngg2-gallery-thumbnail-box {\n\tdisplay: inline-table;\n}\n<\/style>\n\t<!-- Thumbnails -->\n    \t\t\n\t<div id=\"ngg-image-6688\" class=\"ngg2-gallery-thumbnail-box\"  >\n\t\t<div class=\"ngg2-gallery-thumbnail\">\n\t\t\t<a href=\"https:\/\/www.eltono.com\/wp-content\/gallery\/Footpaths\/Eltono-Footpaths-Venturing-Beyond-Somersethouse01.jpg\" title=\" \"\n               class=\"ngg-fancybox\" rel=\"6457dccd713a484a042939b1872bb6bb\" data-image-id=\"6688\" data-src=\"https:\/\/www.eltono.com\/wp-content\/gallery\/Footpaths\/Eltono-Footpaths-Venturing-Beyond-Somersethouse01.jpg\" data-thumbnail=\"https:\/\/www.eltono.com\/wp-content\/gallery\/Footpaths\/thumbs\/thumbs_Eltono-Footpaths-Venturing-Beyond-Somersethouse01.jpg\" data-title=\"Eltono-Footpaths-Venturing-Beyond-Somersethouse01\" data-description=\" \" >\n\t\t\t\t\t\t\t\t<img title=\"Eltono-Footpaths-Venturing-Beyond-Somersethouse01\" alt=\"Eltono-Footpaths-Venturing-Beyond-Somersethouse01\" src=\"https:\/\/www.eltono.com\/wp-content\/gallery\/Footpaths\/thumbs\/thumbs_Eltono-Footpaths-Venturing-Beyond-Somersethouse01.jpg\" width='225' height='126' \/>\n\t\t\t\t\t\t\t<\/a>\n\t\t<\/div>\n\t<\/div>\n\n            \n \t\t\n\t<div id=\"ngg-image-6689\" class=\"ngg2-gallery-thumbnail-box\"  >\n\t\t<div class=\"ngg2-gallery-thumbnail\">\n\t\t\t<a href=\"https:\/\/www.eltono.com\/wp-content\/gallery\/Footpaths\/Eltono-Footpaths-Venturing-Beyond-Somersethouse02.jpg\" title=\" \"\n               class=\"ngg-fancybox\" rel=\"6457dccd713a484a042939b1872bb6bb\" data-image-id=\"6689\" data-src=\"https:\/\/www.eltono.com\/wp-content\/gallery\/Footpaths\/Eltono-Footpaths-Venturing-Beyond-Somersethouse02.jpg\" data-thumbnail=\"https:\/\/www.eltono.com\/wp-content\/gallery\/Footpaths\/thumbs\/thumbs_Eltono-Footpaths-Venturing-Beyond-Somersethouse02.jpg\" data-title=\"Eltono-Footpaths-Venturing-Beyond-Somersethouse02\" data-description=\" \" >\n\t\t\t\t\t\t\t\t<img title=\"Eltono-Footpaths-Venturing-Beyond-Somersethouse02\" alt=\"Eltono-Footpaths-Venturing-Beyond-Somersethouse02\" src=\"https:\/\/www.eltono.com\/wp-content\/gallery\/Footpaths\/thumbs\/thumbs_Eltono-Footpaths-Venturing-Beyond-Somersethouse02.jpg\" width='225' height='126' \/>\n\t\t\t\t\t\t\t<\/a>\n\t\t<\/div>\n\t<\/div>\n\n            \n \t\t\n\t<div id=\"ngg-image-6690\" class=\"ngg2-gallery-thumbnail-box\"  >\n\t\t<div class=\"ngg2-gallery-thumbnail\">\n\t\t\t<a href=\"https:\/\/www.eltono.com\/wp-content\/gallery\/Footpaths\/Eltono-Footpaths-Venturing-Beyond-Somersethouse03.jpg\" title=\" \"\n               class=\"ngg-fancybox\" rel=\"6457dccd713a484a042939b1872bb6bb\" data-image-id=\"6690\" data-src=\"https:\/\/www.eltono.com\/wp-content\/gallery\/Footpaths\/Eltono-Footpaths-Venturing-Beyond-Somersethouse03.jpg\" data-thumbnail=\"https:\/\/www.eltono.com\/wp-content\/gallery\/Footpaths\/thumbs\/thumbs_Eltono-Footpaths-Venturing-Beyond-Somersethouse03.jpg\" data-title=\"Eltono-Footpaths-Venturing-Beyond-Somersethouse03\" data-description=\" \" >\n\t\t\t\t\t\t\t\t<img title=\"Eltono-Footpaths-Venturing-Beyond-Somersethouse03\" alt=\"Eltono-Footpaths-Venturing-Beyond-Somersethouse03\" src=\"https:\/\/www.eltono.com\/wp-content\/gallery\/Footpaths\/thumbs\/thumbs_Eltono-Footpaths-Venturing-Beyond-Somersethouse03.jpg\" width='225' height='126' \/>\n\t\t\t\t\t\t\t<\/a>\n\t\t<\/div>\n\t<\/div>\n\n            \n \t\t\n\t<div id=\"ngg-image-6691\" class=\"ngg2-gallery-thumbnail-box\"  >\n\t\t<div class=\"ngg2-gallery-thumbnail\">\n\t\t\t<a href=\"https:\/\/www.eltono.com\/wp-content\/gallery\/Footpaths\/Eltono-Footpaths-Venturing-Beyond-Somersethouse04.jpg\" title=\" \"\n               class=\"ngg-fancybox\" rel=\"6457dccd713a484a042939b1872bb6bb\" data-image-id=\"6691\" data-src=\"https:\/\/www.eltono.com\/wp-content\/gallery\/Footpaths\/Eltono-Footpaths-Venturing-Beyond-Somersethouse04.jpg\" data-thumbnail=\"https:\/\/www.eltono.com\/wp-content\/gallery\/Footpaths\/thumbs\/thumbs_Eltono-Footpaths-Venturing-Beyond-Somersethouse04.jpg\" data-title=\"Eltono-Footpaths-Venturing-Beyond-Somersethouse04\" data-description=\" \" >\n\t\t\t\t\t\t\t\t<img title=\"Eltono-Footpaths-Venturing-Beyond-Somersethouse04\" alt=\"Eltono-Footpaths-Venturing-Beyond-Somersethouse04\" src=\"https:\/\/www.eltono.com\/wp-content\/gallery\/Footpaths\/thumbs\/thumbs_Eltono-Footpaths-Venturing-Beyond-Somersethouse04.jpg\" width='225' height='126' \/>\n\t\t\t\t\t\t\t<\/a>\n\t\t<\/div>\n\t<\/div>\n\n            \n \t\t\n\t<div id=\"ngg-image-6692\" class=\"ngg2-gallery-thumbnail-box\"  >\n\t\t<div class=\"ngg2-gallery-thumbnail\">\n\t\t\t<a href=\"https:\/\/www.eltono.com\/wp-content\/gallery\/Footpaths\/Eltono-Footpaths-Venturing-Beyond-Somersethouse05.jpg\" title=\" \"\n               class=\"ngg-fancybox\" rel=\"6457dccd713a484a042939b1872bb6bb\" data-image-id=\"6692\" data-src=\"https:\/\/www.eltono.com\/wp-content\/gallery\/Footpaths\/Eltono-Footpaths-Venturing-Beyond-Somersethouse05.jpg\" data-thumbnail=\"https:\/\/www.eltono.com\/wp-content\/gallery\/Footpaths\/thumbs\/thumbs_Eltono-Footpaths-Venturing-Beyond-Somersethouse05.jpg\" data-title=\"Eltono-Footpaths-Venturing-Beyond-Somersethouse05\" data-description=\" \" >\n\t\t\t\t\t\t\t\t<img title=\"Eltono-Footpaths-Venturing-Beyond-Somersethouse05\" alt=\"Eltono-Footpaths-Venturing-Beyond-Somersethouse05\" src=\"https:\/\/www.eltono.com\/wp-content\/gallery\/Footpaths\/thumbs\/thumbs_Eltono-Footpaths-Venturing-Beyond-Somersethouse05.jpg\" width='225' height='126' \/>\n\t\t\t\t\t\t\t<\/a>\n\t\t<\/div>\n\t<\/div>\n\n            \n \t\t\n\t<div id=\"ngg-image-6693\" class=\"ngg2-gallery-thumbnail-box\"  >\n\t\t<div class=\"ngg2-gallery-thumbnail\">\n\t\t\t<a href=\"https:\/\/www.eltono.com\/wp-content\/gallery\/Footpaths\/Eltono-Footpaths-Venturing-Beyond-Somersethouse06.jpg\" title=\" \"\n               class=\"ngg-fancybox\" rel=\"6457dccd713a484a042939b1872bb6bb\" data-image-id=\"6693\" data-src=\"https:\/\/www.eltono.com\/wp-content\/gallery\/Footpaths\/Eltono-Footpaths-Venturing-Beyond-Somersethouse06.jpg\" data-thumbnail=\"https:\/\/www.eltono.com\/wp-content\/gallery\/Footpaths\/thumbs\/thumbs_Eltono-Footpaths-Venturing-Beyond-Somersethouse06.jpg\" data-title=\"Eltono-Footpaths-Venturing-Beyond-Somersethouse06\" data-description=\" \" >\n\t\t\t\t\t\t\t\t<img title=\"Eltono-Footpaths-Venturing-Beyond-Somersethouse06\" alt=\"Eltono-Footpaths-Venturing-Beyond-Somersethouse06\" src=\"https:\/\/www.eltono.com\/wp-content\/gallery\/Footpaths\/thumbs\/thumbs_Eltono-Footpaths-Venturing-Beyond-Somersethouse06.jpg\" width='225' height='126' \/>\n\t\t\t\t\t\t\t<\/a>\n\t\t<\/div>\n\t<\/div>\n\n            \n \t\t\n\t<div id=\"ngg-image-6694\" class=\"ngg2-gallery-thumbnail-box\"  >\n\t\t<div class=\"ngg2-gallery-thumbnail\">\n\t\t\t<a href=\"https:\/\/www.eltono.com\/wp-content\/gallery\/Footpaths\/Eltono-Footpaths-Venturing-Beyond-Somersethouse07.jpg\" title=\" \"\n               class=\"ngg-fancybox\" rel=\"6457dccd713a484a042939b1872bb6bb\" data-image-id=\"6694\" data-src=\"https:\/\/www.eltono.com\/wp-content\/gallery\/Footpaths\/Eltono-Footpaths-Venturing-Beyond-Somersethouse07.jpg\" data-thumbnail=\"https:\/\/www.eltono.com\/wp-content\/gallery\/Footpaths\/thumbs\/thumbs_Eltono-Footpaths-Venturing-Beyond-Somersethouse07.jpg\" data-title=\"Eltono-Footpaths-Venturing-Beyond-Somersethouse07\" data-description=\" \" >\n\t\t\t\t\t\t\t\t<img title=\"Eltono-Footpaths-Venturing-Beyond-Somersethouse07\" alt=\"Eltono-Footpaths-Venturing-Beyond-Somersethouse07\" src=\"https:\/\/www.eltono.com\/wp-content\/gallery\/Footpaths\/thumbs\/thumbs_Eltono-Footpaths-Venturing-Beyond-Somersethouse07.jpg\" width='225' height='126' \/>\n\t\t\t\t\t\t\t<\/a>\n\t\t<\/div>\n\t<\/div>\n\n            \n \t\t\n\t<div id=\"ngg-image-6695\" class=\"ngg2-gallery-thumbnail-box\"  >\n\t\t<div class=\"ngg2-gallery-thumbnail\">\n\t\t\t<a href=\"https:\/\/www.eltono.com\/wp-content\/gallery\/Footpaths\/Eltono-Footpaths-Venturing-Beyond-Somersethouse08.jpg\" title=\" \"\n               class=\"ngg-fancybox\" rel=\"6457dccd713a484a042939b1872bb6bb\" data-image-id=\"6695\" data-src=\"https:\/\/www.eltono.com\/wp-content\/gallery\/Footpaths\/Eltono-Footpaths-Venturing-Beyond-Somersethouse08.jpg\" data-thumbnail=\"https:\/\/www.eltono.com\/wp-content\/gallery\/Footpaths\/thumbs\/thumbs_Eltono-Footpaths-Venturing-Beyond-Somersethouse08.jpg\" data-title=\"Eltono-Footpaths-Venturing-Beyond-Somersethouse08\" data-description=\" \" >\n\t\t\t\t\t\t\t\t<img title=\"Eltono-Footpaths-Venturing-Beyond-Somersethouse08\" alt=\"Eltono-Footpaths-Venturing-Beyond-Somersethouse08\" src=\"https:\/\/www.eltono.com\/wp-content\/gallery\/Footpaths\/thumbs\/thumbs_Eltono-Footpaths-Venturing-Beyond-Somersethouse08.jpg\" width='225' height='126' \/>\n\t\t\t\t\t\t\t<\/a>\n\t\t<\/div>\n\t<\/div>\n\n            \n \t\t\n\t<div id=\"ngg-image-6696\" class=\"ngg2-gallery-thumbnail-box\"  >\n\t\t<div class=\"ngg2-gallery-thumbnail\">\n\t\t\t<a href=\"https:\/\/www.eltono.com\/wp-content\/gallery\/Footpaths\/Eltono-Footpaths-Venturing-Beyond-Somersethouse09.jpg\" title=\" \"\n               class=\"ngg-fancybox\" rel=\"6457dccd713a484a042939b1872bb6bb\" data-image-id=\"6696\" data-src=\"https:\/\/www.eltono.com\/wp-content\/gallery\/Footpaths\/Eltono-Footpaths-Venturing-Beyond-Somersethouse09.jpg\" data-thumbnail=\"https:\/\/www.eltono.com\/wp-content\/gallery\/Footpaths\/thumbs\/thumbs_Eltono-Footpaths-Venturing-Beyond-Somersethouse09.jpg\" data-title=\"Eltono-Footpaths-Venturing-Beyond-Somersethouse09\" data-description=\" \" >\n\t\t\t\t\t\t\t\t<img title=\"Eltono-Footpaths-Venturing-Beyond-Somersethouse09\" alt=\"Eltono-Footpaths-Venturing-Beyond-Somersethouse09\" src=\"https:\/\/www.eltono.com\/wp-content\/gallery\/Footpaths\/thumbs\/thumbs_Eltono-Footpaths-Venturing-Beyond-Somersethouse09.jpg\" width='225' height='126' \/>\n\t\t\t\t\t\t\t<\/a>\n\t\t<\/div>\n\t<\/div>\n\n            \n \t\t\n\t<div id=\"ngg-image-6698\" class=\"ngg2-gallery-thumbnail-box\"  >\n\t\t<div class=\"ngg2-gallery-thumbnail\">\n\t\t\t<a href=\"https:\/\/www.eltono.com\/wp-content\/gallery\/Footpaths\/Eltono-Footpaths-Venturing-Beyond-Somersethouse11.jpg\" title=\" \"\n               class=\"ngg-fancybox\" rel=\"6457dccd713a484a042939b1872bb6bb\" data-image-id=\"6698\" data-src=\"https:\/\/www.eltono.com\/wp-content\/gallery\/Footpaths\/Eltono-Footpaths-Venturing-Beyond-Somersethouse11.jpg\" data-thumbnail=\"https:\/\/www.eltono.com\/wp-content\/gallery\/Footpaths\/thumbs\/thumbs_Eltono-Footpaths-Venturing-Beyond-Somersethouse11.jpg\" data-title=\"Eltono-Footpaths-Venturing-Beyond-Somersethouse11\" data-description=\" \" >\n\t\t\t\t\t\t\t\t<img title=\"Eltono-Footpaths-Venturing-Beyond-Somersethouse11\" alt=\"Eltono-Footpaths-Venturing-Beyond-Somersethouse11\" src=\"https:\/\/www.eltono.com\/wp-content\/gallery\/Footpaths\/thumbs\/thumbs_Eltono-Footpaths-Venturing-Beyond-Somersethouse11.jpg\" width='225' height='126' \/>\n\t\t\t\t\t\t\t<\/a>\n\t\t<\/div>\n\t<\/div>\n\n            \n \t\t\n\t<div id=\"ngg-image-6699\" class=\"ngg2-gallery-thumbnail-box\"  >\n\t\t<div class=\"ngg2-gallery-thumbnail\">\n\t\t\t<a href=\"https:\/\/www.eltono.com\/wp-content\/gallery\/Footpaths\/Eltono-Footpaths-Venturing-Beyond-Somersethouse12.jpg\" title=\" \"\n               class=\"ngg-fancybox\" rel=\"6457dccd713a484a042939b1872bb6bb\" data-image-id=\"6699\" data-src=\"https:\/\/www.eltono.com\/wp-content\/gallery\/Footpaths\/Eltono-Footpaths-Venturing-Beyond-Somersethouse12.jpg\" data-thumbnail=\"https:\/\/www.eltono.com\/wp-content\/gallery\/Footpaths\/thumbs\/thumbs_Eltono-Footpaths-Venturing-Beyond-Somersethouse12.jpg\" data-title=\"Eltono-Footpaths-Venturing-Beyond-Somersethouse12\" data-description=\" \" >\n\t\t\t\t\t\t\t\t<img title=\"Eltono-Footpaths-Venturing-Beyond-Somersethouse12\" alt=\"Eltono-Footpaths-Venturing-Beyond-Somersethouse12\" src=\"https:\/\/www.eltono.com\/wp-content\/gallery\/Footpaths\/thumbs\/thumbs_Eltono-Footpaths-Venturing-Beyond-Somersethouse12.jpg\" width='225' height='126' \/>\n\t\t\t\t\t\t\t<\/a>\n\t\t<\/div>\n\t<\/div>\n\n            \n \t\t\n\t<div id=\"ngg-image-6700\" class=\"ngg2-gallery-thumbnail-box\"  >\n\t\t<div class=\"ngg2-gallery-thumbnail\">\n\t\t\t<a href=\"https:\/\/www.eltono.com\/wp-content\/gallery\/Footpaths\/Eltono-Footpaths-Venturing-Beyond-Somersethouse13.jpg\" title=\"Footpaths #1\"\n               class=\"ngg-fancybox\" rel=\"6457dccd713a484a042939b1872bb6bb\" data-image-id=\"6700\" data-src=\"https:\/\/www.eltono.com\/wp-content\/gallery\/Footpaths\/Eltono-Footpaths-Venturing-Beyond-Somersethouse13.jpg\" data-thumbnail=\"https:\/\/www.eltono.com\/wp-content\/gallery\/Footpaths\/thumbs\/thumbs_Eltono-Footpaths-Venturing-Beyond-Somersethouse13.jpg\" data-title=\"Eltono-Footpath1-Venturing-Beyond-Somersethouse13\" data-description=\"Footpaths #1\" >\n\t\t\t\t\t\t\t\t<img title=\"Eltono-Footpath1-Venturing-Beyond-Somersethouse13\" alt=\"Eltono-Footpath1-Venturing-Beyond-Somersethouse13\" src=\"https:\/\/www.eltono.com\/wp-content\/gallery\/Footpaths\/thumbs\/thumbs_Eltono-Footpaths-Venturing-Beyond-Somersethouse13.jpg\" width='225' height='126' \/>\n\t\t\t\t\t\t\t<\/a>\n\t\t<\/div>\n\t<\/div>\n\n            \n \t\t\n\t<div id=\"ngg-image-6701\" class=\"ngg2-gallery-thumbnail-box\"  >\n\t\t<div class=\"ngg2-gallery-thumbnail\">\n\t\t\t<a href=\"https:\/\/www.eltono.com\/wp-content\/gallery\/Footpaths\/Eltono-Footpaths-Venturing-Beyond-Somersethouse14.jpg\" title=\"Footpaths #2\"\n               class=\"ngg-fancybox\" rel=\"6457dccd713a484a042939b1872bb6bb\" data-image-id=\"6701\" data-src=\"https:\/\/www.eltono.com\/wp-content\/gallery\/Footpaths\/Eltono-Footpaths-Venturing-Beyond-Somersethouse14.jpg\" data-thumbnail=\"https:\/\/www.eltono.com\/wp-content\/gallery\/Footpaths\/thumbs\/thumbs_Eltono-Footpaths-Venturing-Beyond-Somersethouse14.jpg\" data-title=\"Eltono-Footpath2-Venturing-Beyond-Somersethouse14\" data-description=\"Footpaths #2\" >\n\t\t\t\t\t\t\t\t<img title=\"Eltono-Footpath2-Venturing-Beyond-Somersethouse14\" alt=\"Eltono-Footpath2-Venturing-Beyond-Somersethouse14\" src=\"https:\/\/www.eltono.com\/wp-content\/gallery\/Footpaths\/thumbs\/thumbs_Eltono-Footpaths-Venturing-Beyond-Somersethouse14.jpg\" width='225' height='126' \/>\n\t\t\t\t\t\t\t<\/a>\n\t\t<\/div>\n\t<\/div>\n\n            \n \t\t\n\t<div id=\"ngg-image-6702\" class=\"ngg2-gallery-thumbnail-box\"  >\n\t\t<div class=\"ngg2-gallery-thumbnail\">\n\t\t\t<a href=\"https:\/\/www.eltono.com\/wp-content\/gallery\/Footpaths\/Eltono-Footpaths-Venturing-Beyond-Somersethouse15.jpg\" title=\"Footpaths #3\"\n               class=\"ngg-fancybox\" rel=\"6457dccd713a484a042939b1872bb6bb\" data-image-id=\"6702\" data-src=\"https:\/\/www.eltono.com\/wp-content\/gallery\/Footpaths\/Eltono-Footpaths-Venturing-Beyond-Somersethouse15.jpg\" data-thumbnail=\"https:\/\/www.eltono.com\/wp-content\/gallery\/Footpaths\/thumbs\/thumbs_Eltono-Footpaths-Venturing-Beyond-Somersethouse15.jpg\" data-title=\"Eltono-Footpath3-Venturing-Beyond-Somersethouse15\" data-description=\"Footpaths #3\" >\n\t\t\t\t\t\t\t\t<img title=\"Eltono-Footpath3-Venturing-Beyond-Somersethouse15\" alt=\"Eltono-Footpath3-Venturing-Beyond-Somersethouse15\" src=\"https:\/\/www.eltono.com\/wp-content\/gallery\/Footpaths\/thumbs\/thumbs_Eltono-Footpaths-Venturing-Beyond-Somersethouse15.jpg\" width='225' height='126' \/>\n\t\t\t\t\t\t\t<\/a>\n\t\t<\/div>\n\t<\/div>\n\n            \n \t\t\n\t<div id=\"ngg-image-6703\" class=\"ngg2-gallery-thumbnail-box\"  >\n\t\t<div class=\"ngg2-gallery-thumbnail\">\n\t\t\t<a href=\"https:\/\/www.eltono.com\/wp-content\/gallery\/Footpaths\/Eltono-Footpaths-Venturing-Beyond-Somersethouse16.jpg\" title=\"Footpaths #4\"\n               class=\"ngg-fancybox\" rel=\"6457dccd713a484a042939b1872bb6bb\" data-image-id=\"6703\" data-src=\"https:\/\/www.eltono.com\/wp-content\/gallery\/Footpaths\/Eltono-Footpaths-Venturing-Beyond-Somersethouse16.jpg\" data-thumbnail=\"https:\/\/www.eltono.com\/wp-content\/gallery\/Footpaths\/thumbs\/thumbs_Eltono-Footpaths-Venturing-Beyond-Somersethouse16.jpg\" data-title=\"Eltono-Footpath4-Venturing-Beyond-Somersethouse16\" data-description=\"Footpaths #4\" >\n\t\t\t\t\t\t\t\t<img title=\"Eltono-Footpath4-Venturing-Beyond-Somersethouse16\" alt=\"Eltono-Footpath4-Venturing-Beyond-Somersethouse16\" src=\"https:\/\/www.eltono.com\/wp-content\/gallery\/Footpaths\/thumbs\/thumbs_Eltono-Footpaths-Venturing-Beyond-Somersethouse16.jpg\" width='225' height='126' \/>\n\t\t\t\t\t\t\t<\/a>\n\t\t<\/div>\n\t<\/div>\n\n            \n \t\t\n\t<div id=\"ngg-image-6697\" class=\"ngg2-gallery-thumbnail-box\"  >\n\t\t<div class=\"ngg2-gallery-thumbnail\">\n\t\t\t<a href=\"https:\/\/www.eltono.com\/wp-content\/gallery\/Footpaths\/Eltono-Footpaths-Venturing-Beyond-Somersethouse10.jpg\" title=\" \"\n               class=\"ngg-fancybox\" rel=\"6457dccd713a484a042939b1872bb6bb\" data-image-id=\"6697\" data-src=\"https:\/\/www.eltono.com\/wp-content\/gallery\/Footpaths\/Eltono-Footpaths-Venturing-Beyond-Somersethouse10.jpg\" data-thumbnail=\"https:\/\/www.eltono.com\/wp-content\/gallery\/Footpaths\/thumbs\/thumbs_Eltono-Footpaths-Venturing-Beyond-Somersethouse10.jpg\" data-title=\"Eltono-Footpaths-Venturing-Beyond-Somersethouse10\" data-description=\" \" >\n\t\t\t\t\t\t\t\t<img title=\"Eltono-Footpaths-Venturing-Beyond-Somersethouse10\" alt=\"Eltono-Footpaths-Venturing-Beyond-Somersethouse10\" src=\"https:\/\/www.eltono.com\/wp-content\/gallery\/Footpaths\/thumbs\/thumbs_Eltono-Footpaths-Venturing-Beyond-Somersethouse10.jpg\" width='694' height='397' \/>\n\t\t\t\t\t\t\t<\/a>\n\t\t<\/div>\n\t<\/div>\n\n            \n \t \t\n\t<!-- Pagination -->\n \t \t\n<\/div>\n\n<\/p>\n<p><iframe loading=\"lazy\" src=\"https:\/\/www.youtube.com\/embed\/B27lpIJg6RM?rel=0&amp;showinfo=0\" width=\"694\" height=\"390\" frameborder=\"0\" allowfullscreen=\"allowfullscreen\"><\/iframe><\/p>\n<p><a href=\"http:\/\/www.a-by-p.com\/\" target=\"_blank\">www.a-by-p.com<\/a><br \/>\n<a href=\"www.somersethouse.org.uk\/visual-arts\/venturing-beyond\" target=\"_blank\">www.somersethouse.org.uk\/visual-arts\/venturing-beyond<\/a><\/p>","protected":false},"excerpt":{"rendered":"<p>Somerset House Londres, Royaume Uni Exposition organis\u00e9e par A by P 3 mars \u2013 2 mai 2016 Footpaths Quatre performances \u00e0 pied de 15 minutes Encre noire sur papier Fabriano Rosaspina 285 g. 100 x 70 cm, vid\u00e9o de 2 minutes R\u00e8gles : Le participant s\u00e9lectionne une zone dans l&#8217;espace public et d\u00e9finit une p\u00e9riode &hellip; <a href=\"https:\/\/www.eltono.com\/fr\/exhibitions\/footpaths\/\" class=\"more-link\">Continue reading <span class=\"screen-reader-text\">Venturing Beyond<\/span><\/a><\/p>\n","protected":false},"author":1,"featured_media":16747,"parent":9,"menu_order":0,"comment_status":"closed","ping_status":"closed","template":"","meta":{"ngg_post_thumbnail":0,"jetpack_post_was_ever_published":false,"footnotes":""},"categories":[285,3,277,262,270,261,265,266,269,7],"tags":[],"class_list":["post-16681","page","type-page","status-publish","has-post-thumbnail","hentry","category-285","category-exhibitions","category-generative","category-page_automatic","category-page_collective_show","category-page_expo","category-page_indoor","category-page_outdoor","category-page_participatif","category-projects"],"jetpack_sharing_enabled":true,"jetpack_shortlink":"https:\/\/wp.me\/P7sWFx-4l3","_links":{"self":[{"href":"https:\/\/www.eltono.com\/fr\/wp-json\/wp\/v2\/pages\/16681","targetHints":{"allow":["GET"]}}],"collection":[{"href":"https:\/\/www.eltono.com\/fr\/wp-json\/wp\/v2\/pages"}],"about":[{"href":"https:\/\/www.eltono.com\/fr\/wp-json\/wp\/v2\/types\/page"}],"author":[{"embeddable":true,"href":"https:\/\/www.eltono.com\/fr\/wp-json\/wp\/v2\/users\/1"}],"replies":[{"embeddable":true,"href":"https:\/\/www.eltono.com\/fr\/wp-json\/wp\/v2\/comments?post=16681"}],"version-history":[{"count":29,"href":"https:\/\/www.eltono.com\/fr\/wp-json\/wp\/v2\/pages\/16681\/revisions"}],"predecessor-version":[{"id":17152,"href":"https:\/\/www.eltono.com\/fr\/wp-json\/wp\/v2\/pages\/16681\/revisions\/17152"}],"up":[{"embeddable":true,"href":"https:\/\/www.eltono.com\/fr\/wp-json\/wp\/v2\/pages\/9"}],"wp:featuredmedia":[{"embeddable":true,"href":"https:\/\/www.eltono.com\/fr\/wp-json\/wp\/v2\/media\/16747"}],"wp:attachment":[{"href":"https:\/\/www.eltono.com\/fr\/wp-json\/wp\/v2\/media?parent=16681"}],"wp:term":[{"taxonomy":"category","embeddable":true,"href":"https:\/\/www.eltono.com\/fr\/wp-json\/wp\/v2\/categories?post=16681"},{"taxonomy":"post_tag","embeddable":true,"href":"https:\/\/www.eltono.com\/fr\/wp-json\/wp\/v2\/tags?post=16681"}],"curies":[{"name":"wp","href":"https:\/\/api.w.org\/{rel}","templated":true}]}}