{"id":17500,"date":"2016-11-05T00:20:39","date_gmt":"2016-11-04T22:20:39","guid":{"rendered":"http:\/\/www.eltono.com\/?page_id=17500"},"modified":"2021-02-05T12:31:43","modified_gmt":"2021-02-05T10:31:43","slug":"modo-14","status":"publish","type":"page","link":"https:\/\/www.eltono.com\/fr\/murals\/modo-14\/","title":{"rendered":"Modo n.\u00ba14"},"content":{"rendered":"<p><strong>Peinture g\u00e9n\u00e9rative<\/strong><br \/>\nB\u00e2timent HLM &#8220;Les Lilas&#8221;<br \/>\nLangres, France 11\/2016<\/p>\n<p>Projet s\u00e9lectionn\u00e9 dans le cadre de l&#8217;appel \u00e0 projet 2016 sur l&#8217;Art Urbain du minist\u00e8re de la Culture et de la Communication.<\/p>\n<p>Production : Le Chien \u00e0 Plumes<\/p>\n<p>\n<div class=\"ngg-galleryoverview\" id=\"ngg-gallery-7f75e56a680d3d8140f419be2e500c79-17500\">\n\n<style type=\"text\/css\" media=\"all\">\n.ngg2-gallery-thumbnail img {\n    background-color: #FFF;\n    border: 0px solid #ff00ff;\n    display: block;\n    margin: 0px 5px 2px 0px;\n    position: relative;\n}\n.ngg2-gallery-thumbnail-box {\n\tdisplay: inline-table;\n}\n<\/style>\n\t<!-- Thumbnails -->\n    \t\t\n\t<div id=\"ngg-image-6834\" class=\"ngg2-gallery-thumbnail-box\"  >\n\t\t<div class=\"ngg2-gallery-thumbnail\">\n\t\t\t<a href=\"https:\/\/www.eltono.com\/wp-content\/gallery\/langres\/eltono-langres01.jpg\" title=\" \"\n               class=\"ngg-fancybox\" rel=\"7f75e56a680d3d8140f419be2e500c79\" data-image-id=\"6834\" data-src=\"https:\/\/www.eltono.com\/wp-content\/gallery\/langres\/eltono-langres01.jpg\" data-thumbnail=\"https:\/\/www.eltono.com\/wp-content\/gallery\/langres\/thumbs\/thumbs_eltono-langres01.jpg\" data-title=\"eltono-langres01\" data-description=\" \" >\n\t\t\t\t\t\t\t\t<img title=\"eltono-langres01\" alt=\"eltono-langres01\" src=\"https:\/\/www.eltono.com\/wp-content\/gallery\/langres\/thumbs\/thumbs_eltono-langres01.jpg\" width='342' height='256' \/>\n\t\t\t\t\t\t\t<\/a>\n\t\t<\/div>\n\t<\/div>\n\n            \n \t\t\n\t<div id=\"ngg-image-6835\" class=\"ngg2-gallery-thumbnail-box\"  >\n\t\t<div class=\"ngg2-gallery-thumbnail\">\n\t\t\t<a href=\"https:\/\/www.eltono.com\/wp-content\/gallery\/langres\/eltono-langres02.jpg\" title=\" \"\n               class=\"ngg-fancybox\" rel=\"7f75e56a680d3d8140f419be2e500c79\" data-image-id=\"6835\" data-src=\"https:\/\/www.eltono.com\/wp-content\/gallery\/langres\/eltono-langres02.jpg\" data-thumbnail=\"https:\/\/www.eltono.com\/wp-content\/gallery\/langres\/thumbs\/thumbs_eltono-langres02.jpg\" data-title=\"eltono-langres02\" data-description=\" \" >\n\t\t\t\t\t\t\t\t<img title=\"eltono-langres02\" alt=\"eltono-langres02\" src=\"https:\/\/www.eltono.com\/wp-content\/gallery\/langres\/thumbs\/thumbs_eltono-langres02.jpg\" width='342' height='256' \/>\n\t\t\t\t\t\t\t<\/a>\n\t\t<\/div>\n\t<\/div>\n\n            \n \t\t\n\t<div id=\"ngg-image-6836\" class=\"ngg2-gallery-thumbnail-box\"  >\n\t\t<div class=\"ngg2-gallery-thumbnail\">\n\t\t\t<a href=\"https:\/\/www.eltono.com\/wp-content\/gallery\/langres\/eltono-langres03.jpg\" title=\" \"\n               class=\"ngg-fancybox\" rel=\"7f75e56a680d3d8140f419be2e500c79\" data-image-id=\"6836\" data-src=\"https:\/\/www.eltono.com\/wp-content\/gallery\/langres\/eltono-langres03.jpg\" data-thumbnail=\"https:\/\/www.eltono.com\/wp-content\/gallery\/langres\/thumbs\/thumbs_eltono-langres03.jpg\" data-title=\"eltono-langres03\" data-description=\" \" >\n\t\t\t\t\t\t\t\t<img title=\"eltono-langres03\" alt=\"eltono-langres03\" src=\"https:\/\/www.eltono.com\/wp-content\/gallery\/langres\/thumbs\/thumbs_eltono-langres03.jpg\" width='342' height='256' \/>\n\t\t\t\t\t\t\t<\/a>\n\t\t<\/div>\n\t<\/div>\n\n            \n \t\t\n\t<div id=\"ngg-image-6837\" class=\"ngg2-gallery-thumbnail-box\"  >\n\t\t<div class=\"ngg2-gallery-thumbnail\">\n\t\t\t<a href=\"https:\/\/www.eltono.com\/wp-content\/gallery\/langres\/eltono-langres04.jpg\" title=\" \"\n               class=\"ngg-fancybox\" rel=\"7f75e56a680d3d8140f419be2e500c79\" data-image-id=\"6837\" data-src=\"https:\/\/www.eltono.com\/wp-content\/gallery\/langres\/eltono-langres04.jpg\" data-thumbnail=\"https:\/\/www.eltono.com\/wp-content\/gallery\/langres\/thumbs\/thumbs_eltono-langres04.jpg\" data-title=\"eltono-langres04\" data-description=\" \" >\n\t\t\t\t\t\t\t\t<img title=\"eltono-langres04\" alt=\"eltono-langres04\" src=\"https:\/\/www.eltono.com\/wp-content\/gallery\/langres\/thumbs\/thumbs_eltono-langres04.jpg\" width='342' height='256' \/>\n\t\t\t\t\t\t\t<\/a>\n\t\t<\/div>\n\t<\/div>\n\n            \n \t\t\n\t<div id=\"ngg-image-6838\" class=\"ngg2-gallery-thumbnail-box\"  >\n\t\t<div class=\"ngg2-gallery-thumbnail\">\n\t\t\t<a href=\"https:\/\/www.eltono.com\/wp-content\/gallery\/langres\/eltono-langres05.jpg\" title=\" \"\n               class=\"ngg-fancybox\" rel=\"7f75e56a680d3d8140f419be2e500c79\" data-image-id=\"6838\" data-src=\"https:\/\/www.eltono.com\/wp-content\/gallery\/langres\/eltono-langres05.jpg\" data-thumbnail=\"https:\/\/www.eltono.com\/wp-content\/gallery\/langres\/thumbs\/thumbs_eltono-langres05.jpg\" data-title=\"eltono-langres05\" data-description=\" \" >\n\t\t\t\t\t\t\t\t<img title=\"eltono-langres05\" alt=\"eltono-langres05\" src=\"https:\/\/www.eltono.com\/wp-content\/gallery\/langres\/thumbs\/thumbs_eltono-langres05.jpg\" width='342' height='256' \/>\n\t\t\t\t\t\t\t<\/a>\n\t\t<\/div>\n\t<\/div>\n\n            \n \t\t\n\t<div id=\"ngg-image-6839\" class=\"ngg2-gallery-thumbnail-box\"  >\n\t\t<div class=\"ngg2-gallery-thumbnail\">\n\t\t\t<a href=\"https:\/\/www.eltono.com\/wp-content\/gallery\/langres\/eltono-langres06.jpg\" title=\" \"\n               class=\"ngg-fancybox\" rel=\"7f75e56a680d3d8140f419be2e500c79\" data-image-id=\"6839\" data-src=\"https:\/\/www.eltono.com\/wp-content\/gallery\/langres\/eltono-langres06.jpg\" data-thumbnail=\"https:\/\/www.eltono.com\/wp-content\/gallery\/langres\/thumbs\/thumbs_eltono-langres06.jpg\" data-title=\"eltono-langres06\" data-description=\" \" >\n\t\t\t\t\t\t\t\t<img title=\"eltono-langres06\" alt=\"eltono-langres06\" src=\"https:\/\/www.eltono.com\/wp-content\/gallery\/langres\/thumbs\/thumbs_eltono-langres06.jpg\" width='342' height='256' \/>\n\t\t\t\t\t\t\t<\/a>\n\t\t<\/div>\n\t<\/div>\n\n            \n \t\t\n\t<div id=\"ngg-image-6840\" class=\"ngg2-gallery-thumbnail-box\"  >\n\t\t<div class=\"ngg2-gallery-thumbnail\">\n\t\t\t<a href=\"https:\/\/www.eltono.com\/wp-content\/gallery\/langres\/eltono-langres07.jpg\" title=\" \"\n               class=\"ngg-fancybox\" rel=\"7f75e56a680d3d8140f419be2e500c79\" data-image-id=\"6840\" data-src=\"https:\/\/www.eltono.com\/wp-content\/gallery\/langres\/eltono-langres07.jpg\" data-thumbnail=\"https:\/\/www.eltono.com\/wp-content\/gallery\/langres\/thumbs\/thumbs_eltono-langres07.jpg\" data-title=\"eltono-langres07\" data-description=\" \" >\n\t\t\t\t\t\t\t\t<img title=\"eltono-langres07\" alt=\"eltono-langres07\" src=\"https:\/\/www.eltono.com\/wp-content\/gallery\/langres\/thumbs\/thumbs_eltono-langres07.jpg\" width='342' height='256' \/>\n\t\t\t\t\t\t\t<\/a>\n\t\t<\/div>\n\t<\/div>\n\n            \n \t\t\n\t<div id=\"ngg-image-6841\" class=\"ngg2-gallery-thumbnail-box\"  >\n\t\t<div class=\"ngg2-gallery-thumbnail\">\n\t\t\t<a href=\"https:\/\/www.eltono.com\/wp-content\/gallery\/langres\/eltono-langres08.jpg\" title=\" \"\n               class=\"ngg-fancybox\" rel=\"7f75e56a680d3d8140f419be2e500c79\" data-image-id=\"6841\" data-src=\"https:\/\/www.eltono.com\/wp-content\/gallery\/langres\/eltono-langres08.jpg\" data-thumbnail=\"https:\/\/www.eltono.com\/wp-content\/gallery\/langres\/thumbs\/thumbs_eltono-langres08.jpg\" data-title=\"eltono-langres08\" data-description=\" \" >\n\t\t\t\t\t\t\t\t<img title=\"eltono-langres08\" alt=\"eltono-langres08\" src=\"https:\/\/www.eltono.com\/wp-content\/gallery\/langres\/thumbs\/thumbs_eltono-langres08.jpg\" width='342' height='256' \/>\n\t\t\t\t\t\t\t<\/a>\n\t\t<\/div>\n\t<\/div>\n\n            \n \t\t\n\t<div id=\"ngg-image-6842\" class=\"ngg2-gallery-thumbnail-box\"  >\n\t\t<div class=\"ngg2-gallery-thumbnail\">\n\t\t\t<a href=\"https:\/\/www.eltono.com\/wp-content\/gallery\/langres\/eltono-langres09.jpg\" title=\" \"\n               class=\"ngg-fancybox\" rel=\"7f75e56a680d3d8140f419be2e500c79\" data-image-id=\"6842\" data-src=\"https:\/\/www.eltono.com\/wp-content\/gallery\/langres\/eltono-langres09.jpg\" data-thumbnail=\"https:\/\/www.eltono.com\/wp-content\/gallery\/langres\/thumbs\/thumbs_eltono-langres09.jpg\" data-title=\"eltono-langres09\" data-description=\" \" >\n\t\t\t\t\t\t\t\t<img title=\"eltono-langres09\" alt=\"eltono-langres09\" src=\"https:\/\/www.eltono.com\/wp-content\/gallery\/langres\/thumbs\/thumbs_eltono-langres09.jpg\" width='342' height='256' \/>\n\t\t\t\t\t\t\t<\/a>\n\t\t<\/div>\n\t<\/div>\n\n            \n \t\t\n\t<div id=\"ngg-image-6843\" class=\"ngg2-gallery-thumbnail-box\"  >\n\t\t<div class=\"ngg2-gallery-thumbnail\">\n\t\t\t<a href=\"https:\/\/www.eltono.com\/wp-content\/gallery\/langres\/eltono-langres10.jpg\" title=\" \"\n               class=\"ngg-fancybox\" rel=\"7f75e56a680d3d8140f419be2e500c79\" data-image-id=\"6843\" data-src=\"https:\/\/www.eltono.com\/wp-content\/gallery\/langres\/eltono-langres10.jpg\" data-thumbnail=\"https:\/\/www.eltono.com\/wp-content\/gallery\/langres\/thumbs\/thumbs_eltono-langres10.jpg\" data-title=\"eltono-langres10\" data-description=\" \" >\n\t\t\t\t\t\t\t\t<img title=\"eltono-langres10\" alt=\"eltono-langres10\" src=\"https:\/\/www.eltono.com\/wp-content\/gallery\/langres\/thumbs\/thumbs_eltono-langres10.jpg\" width='342' height='256' \/>\n\t\t\t\t\t\t\t<\/a>\n\t\t<\/div>\n\t<\/div>\n\n            \n \t\t\n\t<div id=\"ngg-image-6844\" class=\"ngg2-gallery-thumbnail-box\"  >\n\t\t<div class=\"ngg2-gallery-thumbnail\">\n\t\t\t<a href=\"https:\/\/www.eltono.com\/wp-content\/gallery\/langres\/eltono-langres11.jpg\" title=\" \"\n               class=\"ngg-fancybox\" rel=\"7f75e56a680d3d8140f419be2e500c79\" data-image-id=\"6844\" data-src=\"https:\/\/www.eltono.com\/wp-content\/gallery\/langres\/eltono-langres11.jpg\" data-thumbnail=\"https:\/\/www.eltono.com\/wp-content\/gallery\/langres\/thumbs\/thumbs_eltono-langres11.jpg\" data-title=\"eltono-langres11\" data-description=\" \" >\n\t\t\t\t\t\t\t\t<img title=\"eltono-langres11\" alt=\"eltono-langres11\" src=\"https:\/\/www.eltono.com\/wp-content\/gallery\/langres\/thumbs\/thumbs_eltono-langres11.jpg\" width='342' height='256' \/>\n\t\t\t\t\t\t\t<\/a>\n\t\t<\/div>\n\t<\/div>\n\n            \n \t\t\n\t<div id=\"ngg-image-6845\" class=\"ngg2-gallery-thumbnail-box\"  >\n\t\t<div class=\"ngg2-gallery-thumbnail\">\n\t\t\t<a href=\"https:\/\/www.eltono.com\/wp-content\/gallery\/langres\/eltono-langres12.jpg\" title=\" \"\n               class=\"ngg-fancybox\" rel=\"7f75e56a680d3d8140f419be2e500c79\" data-image-id=\"6845\" data-src=\"https:\/\/www.eltono.com\/wp-content\/gallery\/langres\/eltono-langres12.jpg\" data-thumbnail=\"https:\/\/www.eltono.com\/wp-content\/gallery\/langres\/thumbs\/thumbs_eltono-langres12.jpg\" data-title=\"eltono-langres12\" data-description=\" \" >\n\t\t\t\t\t\t\t\t<img title=\"eltono-langres12\" alt=\"eltono-langres12\" src=\"https:\/\/www.eltono.com\/wp-content\/gallery\/langres\/thumbs\/thumbs_eltono-langres12.jpg\" width='342' height='256' \/>\n\t\t\t\t\t\t\t<\/a>\n\t\t<\/div>\n\t<\/div>\n\n            \n \t\t\n\t<div id=\"ngg-image-6846\" class=\"ngg2-gallery-thumbnail-box\"  >\n\t\t<div class=\"ngg2-gallery-thumbnail\">\n\t\t\t<a href=\"https:\/\/www.eltono.com\/wp-content\/gallery\/langres\/eltono-langres13.jpg\" title=\" \"\n               class=\"ngg-fancybox\" rel=\"7f75e56a680d3d8140f419be2e500c79\" data-image-id=\"6846\" data-src=\"https:\/\/www.eltono.com\/wp-content\/gallery\/langres\/eltono-langres13.jpg\" data-thumbnail=\"https:\/\/www.eltono.com\/wp-content\/gallery\/langres\/thumbs\/thumbs_eltono-langres13.jpg\" data-title=\"eltono-langres13\" data-description=\" \" >\n\t\t\t\t\t\t\t\t<img title=\"eltono-langres13\" alt=\"eltono-langres13\" src=\"https:\/\/www.eltono.com\/wp-content\/gallery\/langres\/thumbs\/thumbs_eltono-langres13.jpg\" width='342' height='256' \/>\n\t\t\t\t\t\t\t<\/a>\n\t\t<\/div>\n\t<\/div>\n\n            \n \t\t\n\t<div id=\"ngg-image-6847\" class=\"ngg2-gallery-thumbnail-box\"  >\n\t\t<div class=\"ngg2-gallery-thumbnail\">\n\t\t\t<a href=\"https:\/\/www.eltono.com\/wp-content\/gallery\/langres\/eltono-langres14.jpg\" title=\" \"\n               class=\"ngg-fancybox\" rel=\"7f75e56a680d3d8140f419be2e500c79\" data-image-id=\"6847\" data-src=\"https:\/\/www.eltono.com\/wp-content\/gallery\/langres\/eltono-langres14.jpg\" data-thumbnail=\"https:\/\/www.eltono.com\/wp-content\/gallery\/langres\/thumbs\/thumbs_eltono-langres14.jpg\" data-title=\"eltono-langres14\" data-description=\" \" >\n\t\t\t\t\t\t\t\t<img title=\"eltono-langres14\" alt=\"eltono-langres14\" src=\"https:\/\/www.eltono.com\/wp-content\/gallery\/langres\/thumbs\/thumbs_eltono-langres14.jpg\" width='342' height='256' \/>\n\t\t\t\t\t\t\t<\/a>\n\t\t<\/div>\n\t<\/div>\n\n            \n \t\t\n\t<div id=\"ngg-image-6849\" class=\"ngg2-gallery-thumbnail-box\"  >\n\t\t<div class=\"ngg2-gallery-thumbnail\">\n\t\t\t<a href=\"https:\/\/www.eltono.com\/wp-content\/gallery\/langres\/eltono-langres16.jpg\" title=\" \"\n               class=\"ngg-fancybox\" rel=\"7f75e56a680d3d8140f419be2e500c79\" data-image-id=\"6849\" data-src=\"https:\/\/www.eltono.com\/wp-content\/gallery\/langres\/eltono-langres16.jpg\" data-thumbnail=\"https:\/\/www.eltono.com\/wp-content\/gallery\/langres\/thumbs\/thumbs_eltono-langres16.jpg\" data-title=\"eltono-langres16\" data-description=\" \" >\n\t\t\t\t\t\t\t\t<img title=\"eltono-langres16\" alt=\"eltono-langres16\" src=\"https:\/\/www.eltono.com\/wp-content\/gallery\/langres\/thumbs\/thumbs_eltono-langres16.jpg\" width='342' height='256' \/>\n\t\t\t\t\t\t\t<\/a>\n\t\t<\/div>\n\t<\/div>\n\n            \n \t\t\n\t<div id=\"ngg-image-6852\" class=\"ngg2-gallery-thumbnail-box\"  >\n\t\t<div class=\"ngg2-gallery-thumbnail\">\n\t\t\t<a href=\"https:\/\/www.eltono.com\/wp-content\/gallery\/langres\/eltono-langres18-1.jpg\" title=\" \"\n               class=\"ngg-fancybox\" rel=\"7f75e56a680d3d8140f419be2e500c79\" data-image-id=\"6852\" data-src=\"https:\/\/www.eltono.com\/wp-content\/gallery\/langres\/eltono-langres18-1.jpg\" data-thumbnail=\"https:\/\/www.eltono.com\/wp-content\/gallery\/langres\/thumbs\/thumbs_eltono-langres18-1.jpg\" data-title=\"eltono-langres18\" data-description=\" \" >\n\t\t\t\t\t\t\t\t<img title=\"eltono-langres18\" alt=\"eltono-langres18\" src=\"https:\/\/www.eltono.com\/wp-content\/gallery\/langres\/thumbs\/thumbs_eltono-langres18-1.jpg\" width='342' height='256' \/>\n\t\t\t\t\t\t\t<\/a>\n\t\t<\/div>\n\t<\/div>\n\n            \n \t\t\n\t<div id=\"ngg-image-7396\" class=\"ngg2-gallery-thumbnail-box\"  >\n\t\t<div class=\"ngg2-gallery-thumbnail\">\n\t\t\t<a href=\"https:\/\/www.eltono.com\/wp-content\/gallery\/langres\/Eltono-Langres2.jpg\" title=\" \"\n               class=\"ngg-fancybox\" rel=\"7f75e56a680d3d8140f419be2e500c79\" data-image-id=\"7396\" data-src=\"https:\/\/www.eltono.com\/wp-content\/gallery\/langres\/Eltono-Langres2.jpg\" data-thumbnail=\"https:\/\/www.eltono.com\/wp-content\/gallery\/langres\/thumbs\/thumbs_Eltono-Langres2.jpg\" data-title=\"Eltono-Langres2\" data-description=\" \" >\n\t\t\t\t\t\t\t\t<img title=\"Eltono-Langres2\" alt=\"Eltono-Langres2\" src=\"https:\/\/www.eltono.com\/wp-content\/gallery\/langres\/thumbs\/thumbs_Eltono-Langres2.jpg\" width='700' height='525' \/>\n\t\t\t\t\t\t\t<\/a>\n\t\t<\/div>\n\t<\/div>\n\n            \n \t \t\n\t<!-- Pagination -->\n \t \t\n<\/div>\n\n<\/p>\n<p>Merci \u00e0 Benjamin Venck, Le Chien \u00e0 Plumes, Naps et le bailleur social Hamaris.<br \/>\nPhotos par Benjamin Venck et Eltono.<\/p>","protected":false},"excerpt":{"rendered":"<p>Peinture g\u00e9n\u00e9rative B\u00e2timent HLM &#8220;Les Lilas&#8221; Langres, France 11\/2016 Projet s\u00e9lectionn\u00e9 dans le cadre de l&#8217;appel \u00e0 projet 2016 sur l&#8217;Art Urbain du minist\u00e8re de la Culture et de la Communication. Production : Le Chien \u00e0 Plumes Merci \u00e0 Benjamin Venck, Le Chien \u00e0 Plumes, Naps et le bailleur social Hamaris. Photos par Benjamin Venck &hellip; <a href=\"https:\/\/www.eltono.com\/fr\/murals\/modo-14\/\" class=\"more-link\">Continue reading <span class=\"screen-reader-text\">Modo n.\u00ba14<\/span><\/a><\/p>\n","protected":false},"author":1,"featured_media":20633,"parent":13155,"menu_order":0,"comment_status":"closed","ping_status":"closed","template":"","meta":{"ngg_post_thumbnail":0,"jetpack_post_was_ever_published":false,"footnotes":""},"categories":[285,277,345,112,262,260,266,306],"tags":[],"class_list":["post-17500","page","type-page","status-publish","has-post-thumbnail","hentry","category-285","category-generative","category-modo","category-mural","category-page_automatic","category-page_mural","category-page_outdoor","category-_actu"],"jetpack_sharing_enabled":true,"jetpack_shortlink":"https:\/\/wp.me\/P7sWFx-4yg","_links":{"self":[{"href":"https:\/\/www.eltono.com\/fr\/wp-json\/wp\/v2\/pages\/17500","targetHints":{"allow":["GET"]}}],"collection":[{"href":"https:\/\/www.eltono.com\/fr\/wp-json\/wp\/v2\/pages"}],"about":[{"href":"https:\/\/www.eltono.com\/fr\/wp-json\/wp\/v2\/types\/page"}],"author":[{"embeddable":true,"href":"https:\/\/www.eltono.com\/fr\/wp-json\/wp\/v2\/users\/1"}],"replies":[{"embeddable":true,"href":"https:\/\/www.eltono.com\/fr\/wp-json\/wp\/v2\/comments?post=17500"}],"version-history":[{"count":7,"href":"https:\/\/www.eltono.com\/fr\/wp-json\/wp\/v2\/pages\/17500\/revisions"}],"predecessor-version":[{"id":18360,"href":"https:\/\/www.eltono.com\/fr\/wp-json\/wp\/v2\/pages\/17500\/revisions\/18360"}],"up":[{"embeddable":true,"href":"https:\/\/www.eltono.com\/fr\/wp-json\/wp\/v2\/pages\/13155"}],"wp:featuredmedia":[{"embeddable":true,"href":"https:\/\/www.eltono.com\/fr\/wp-json\/wp\/v2\/media\/20633"}],"wp:attachment":[{"href":"https:\/\/www.eltono.com\/fr\/wp-json\/wp\/v2\/media?parent=17500"}],"wp:term":[{"taxonomy":"category","embeddable":true,"href":"https:\/\/www.eltono.com\/fr\/wp-json\/wp\/v2\/categories?post=17500"},{"taxonomy":"post_tag","embeddable":true,"href":"https:\/\/www.eltono.com\/fr\/wp-json\/wp\/v2\/tags?post=17500"}],"curies":[{"name":"wp","href":"https:\/\/api.w.org\/{rel}","templated":true}]}}