{"id":17894,"date":"2017-09-19T21:48:45","date_gmt":"2017-09-19T19:48:45","guid":{"rendered":"http:\/\/www.eltono.com\/?page_id=17894"},"modified":"2020-11-15T11:59:12","modified_gmt":"2020-11-15T09:59:12","slug":"anomalias","status":"publish","type":"page","link":"https:\/\/www.eltono.com\/fr\/exhibitions\/solo\/anomalias\/","title":{"rendered":"Anomal\u00edas"},"content":{"rendered":"<p><strong>SET Espai d\u2019Art<\/strong><br \/>\nPlaza Miracle del mocadoret 4, Valence, Espagne<br \/>\n15 septembre \u2013 11 novembre 2017<\/p>\n<p><a href=\"http:\/\/setespaidart.com\/\" target=\"_blank\" rel=\"noopener noreferrer\">www.setespaidart.com<\/a><\/p>\n<p>Je suis toujours \u00e0 la recherche de syst\u00e8mes pour faire participer la ville \u00e0 mon processus cr\u00e9atif. Je r\u00e9alise chaque exp\u00e9rimentation en s\u00e9rie, de fa\u00e7on rigoureuse et m\u00e9thodique, pour pouvoir comparer les r\u00e9sultats. En ex\u00e9cutant ces exp\u00e9rimentations, je me retrouve tr\u00e8s souvent en situation de d\u00e9calage par rapport \u00e0 la r\u00e9alit\u00e9 qui m&#8217;entoure. Dans la routine de la ville, mes actions peuvent \u00eatre per\u00e7ues comme des anomalies. L&#8217;oeuvre g\u00e9n\u00e9r\u00e9e fonctionne comme t\u00e9moin de l&#8217;exp\u00e9rience v\u00e9cue entre l&#8217;artiste et la ville.<\/p>\n<h2><em>6 aros<\/em> (6 cerceaux)<em><br \/>\n<\/em><\/h2>\n<p>Sur une carte de Valence, j&#8217;ai cherch\u00e9 des itin\u00e9raires dont la forme soit le plus circulaire possible. J&#8217;en ai retenu 6 aux caract\u00e9ristiques ad\u00e9quates. J&#8217;ai cr\u00e9e une sculpture \u00e0 partir de chaque itin\u00e9raire. J&#8217;ai ensuite fait rouler chaque sculpture dans la ville sur le parcours qu&#8217;elle repr\u00e9sente. Chaque promenade varie de 1 \u00e0 6 km. Les sculptures sont expos\u00e9es dans la galerie dans l&#8217;\u00e9tat que la promenade les a laiss\u00e9es.<\/p>\n<p>ngg_shortcode_0_placeholder<iframe loading=\"lazy\" src=\"https:\/\/www.youtube.com\/embed\/vGy_Te7Dql0?rel=0\" allowfullscreen=\"allowfullscreen\" width=\"693\" height=\"390\" frameborder=\"0\"><\/iframe><\/p>\n<h2><em>Piedras pintadas<\/em> (pierres peintes)<em><br \/>\n<\/em><\/h2>\n<p>J&#8217;ai cherch\u00e9 des pierres dans les rues aux alentours de la galerie. J&#8217;ai r\u00e9ussi \u00e0 en trouver 14. Pour chaque pierre, j&#8217;ai soigneusement not\u00e9 le lieu o\u00f9 elle a \u00e9t\u00e9 trouv\u00e9e. J&#8217;ai emmen\u00e9 toutes les pierres dans l&#8217;atelier et je les ai peintes avec trois couches de trois couleurs diff\u00e9rentes. Ensuite, j&#8217;ai ramen\u00e9 chaque pierre \u00e0 l&#8217;endroit o\u00f9 elle a \u00e9t\u00e9 trouv\u00e9e et je l&#8217;ai promen\u00e9e \u00e0 coups de pied dans les rues de la ville jusqu&#8217;\u00e0 ce qu&#8217;elle franchisse le pas de la porte de la galerie.<\/p>\n<p>ngg_shortcode_1_placeholder<iframe loading=\"lazy\" src=\"https:\/\/www.youtube.com\/embed\/YkjapcHWic0?rel=0\" allowfullscreen=\"allowfullscreen\" width=\"693\" height=\"390\" frameborder=\"0\"><\/iframe><\/p>\n<h2><em>Dibujos en la EMT<\/em> (dessins dans le bus)<em><br \/>\n<\/em><\/h2>\n<p>Cherchant toujours \u00e0 m&#8217;\u00e9chapper de la commodit\u00e9 de l&#8217;atelier, j&#8217;ai fait des dessins assis \u00e0 l&#8217;int\u00e9rieur des autobus de la ville de Valence. J&#8217;ai reproduit 12 fois la m\u00eame composition durant 12 trajets sur diff\u00e9rentes lignes urbaines. Chaque imperfection sur les dessins est le fruit des g\u00e8nes occasionn\u00e9es par les mouvements du trajet. Non seulement je n&#8217;avais pas le contr\u00f4le absolu de mon dessin, mais je ne contr\u00f4lais pas non plus o\u00f9 m&#8217;emmenait l&#8217;exp\u00e9rience ; en relevant la t\u00eate \u00e0 la fin de chaque dessin, dans presque tous les cas, j&#8217;\u00e9tais compl\u00e8tement perdu.<\/p>\n<p>ngg_shortcode_2_placeholder<iframe loading=\"lazy\" src=\"https:\/\/www.youtube.com\/embed\/iCu_pTPHhG8?rel=0\" allowfullscreen=\"allowfullscreen\" width=\"700\" height=\"393\" frameborder=\"0\"><\/iframe><\/p>","protected":false},"excerpt":{"rendered":"<p>SET Espai d\u2019Art Plaza Miracle del mocadoret 4, Valence, Espagne 15 septembre \u2013 11 novembre 2017 www.setespaidart.com Je suis toujours \u00e0 la recherche de syst\u00e8mes pour faire participer la ville \u00e0 mon processus cr\u00e9atif. Je r\u00e9alise chaque exp\u00e9rimentation en s\u00e9rie, de fa\u00e7on rigoureuse et m\u00e9thodique, pour pouvoir comparer les r\u00e9sultats. En ex\u00e9cutant ces exp\u00e9rimentations, je &hellip; <a href=\"https:\/\/www.eltono.com\/fr\/exhibitions\/solo\/anomalias\/\" class=\"more-link\">Continue reading <span class=\"screen-reader-text\">Anomal\u00edas<\/span><\/a><\/p>\n","protected":false},"author":1,"featured_media":19268,"parent":13432,"menu_order":0,"comment_status":"closed","ping_status":"closed","template":"","meta":{"ngg_post_thumbnail":0,"jetpack_post_was_ever_published":false,"footnotes":""},"categories":[303,3,261,264,263],"tags":[],"class_list":["post-17894","page","type-page","status-publish","has-post-thumbnail","hentry","category-303","category-exhibitions","category-page_expo","category-page_solo_show","category-solo-show"],"jetpack_sharing_enabled":true,"jetpack_shortlink":"https:\/\/wp.me\/P7sWFx-4EC","_links":{"self":[{"href":"https:\/\/www.eltono.com\/fr\/wp-json\/wp\/v2\/pages\/17894","targetHints":{"allow":["GET"]}}],"collection":[{"href":"https:\/\/www.eltono.com\/fr\/wp-json\/wp\/v2\/pages"}],"about":[{"href":"https:\/\/www.eltono.com\/fr\/wp-json\/wp\/v2\/types\/page"}],"author":[{"embeddable":true,"href":"https:\/\/www.eltono.com\/fr\/wp-json\/wp\/v2\/users\/1"}],"replies":[{"embeddable":true,"href":"https:\/\/www.eltono.com\/fr\/wp-json\/wp\/v2\/comments?post=17894"}],"version-history":[{"count":54,"href":"https:\/\/www.eltono.com\/fr\/wp-json\/wp\/v2\/pages\/17894\/revisions"}],"predecessor-version":[{"id":21304,"href":"https:\/\/www.eltono.com\/fr\/wp-json\/wp\/v2\/pages\/17894\/revisions\/21304"}],"up":[{"embeddable":true,"href":"https:\/\/www.eltono.com\/fr\/wp-json\/wp\/v2\/pages\/13432"}],"wp:featuredmedia":[{"embeddable":true,"href":"https:\/\/www.eltono.com\/fr\/wp-json\/wp\/v2\/media\/19268"}],"wp:attachment":[{"href":"https:\/\/www.eltono.com\/fr\/wp-json\/wp\/v2\/media?parent=17894"}],"wp:term":[{"taxonomy":"category","embeddable":true,"href":"https:\/\/www.eltono.com\/fr\/wp-json\/wp\/v2\/categories?post=17894"},{"taxonomy":"post_tag","embeddable":true,"href":"https:\/\/www.eltono.com\/fr\/wp-json\/wp\/v2\/tags?post=17894"}],"curies":[{"name":"wp","href":"https:\/\/api.w.org\/{rel}","templated":true}]}}