{"id":18143,"date":"2017-04-14T12:29:16","date_gmt":"2017-04-14T10:29:16","guid":{"rendered":"http:\/\/www.eltono.com\/?page_id=18143"},"modified":"2021-02-05T12:31:58","modified_gmt":"2021-02-05T10:31:58","slug":"modo-16","status":"publish","type":"page","link":"https:\/\/www.eltono.com\/fr\/murals\/modo-16\/","title":{"rendered":"Modo n.\u00ba16"},"content":{"rendered":"<p><strong>Peinture participative et g\u00e9n\u00e9rative<\/strong><br \/>\nQuartier de la Grette<br \/>\nBesan\u00e7on, France 04\/2017<\/p>\n<p>10 jours avec 180 participants \u2013 projet organis\u00e9 par l&#8217;association <a href=\"http:\/\/bien-urbain.fr\/fr\/\" target=\"_blank\" rel=\"noopener noreferrer\">Juste Ici<\/a> dans le cadre d&#8217;un CLEA avec les \u00e9coles primaires de la Butte et de la Grette.<\/p>\nngg_shortcode_0_placeholder\n<p>Merci \u00e0 toute l&#8217;\u00e9quipe de <a href=\"http:\/\/bien-urbain.fr\/fr\/\" target=\"_blank\" rel=\"noopener noreferrer\">Juste Ici<\/a>, aux volontaires, \u00e0 la MJC Grette-Butte, aux r\u00e9sidents des 408, aux enseignants et surtout \u00e0 tous les \u00e9l\u00e8ves des \u00e9coles de la Butte et de la Grette.<\/p>","protected":false},"excerpt":{"rendered":"<p>Peinture participative et g\u00e9n\u00e9rative Quartier de la Grette Besan\u00e7on, France 04\/2017 10 jours avec 180 participants \u2013 projet organis\u00e9 par l&#8217;association Juste Ici dans le cadre d&#8217;un CLEA avec les \u00e9coles primaires de la Butte et de la Grette. &#8221; template=&#8221;\/home\/eltono\/www\/wp-content\/themes\/eltono2016\/nggallery\/gallery-diapo.php&#8221; order_by=&#8221;sortorder&#8221; order_direction=&#8221;ASC&#8221; returns=&#8221;included&#8221; maximum_entity_count=&#8221;500&#8243;] Merci \u00e0 toute l&#8217;\u00e9quipe de Juste Ici, aux volontaires, \u00e0 &hellip; <a href=\"https:\/\/www.eltono.com\/fr\/murals\/modo-16\/\" class=\"more-link\">Continue reading <span class=\"screen-reader-text\">Modo n.\u00ba16<\/span><\/a><\/p>\n","protected":false},"author":1,"featured_media":19276,"parent":13155,"menu_order":0,"comment_status":"closed","ping_status":"closed","template":"","meta":{"ngg_post_thumbnail":0,"jetpack_post_was_ever_published":false,"footnotes":""},"categories":[303,277,345,112,262,260,266,269,7],"tags":[278,33,279],"class_list":["post-18143","page","type-page","status-publish","has-post-thumbnail","hentry","category-303","category-generative","category-modo","category-mural","category-page_automatic","category-page_mural","category-page_outdoor","category-page_participatif","category-projects","tag-278","tag-besancon","tag-clea"],"jetpack_sharing_enabled":true,"jetpack_shortlink":"https:\/\/wp.me\/P7sWFx-4ID","_links":{"self":[{"href":"https:\/\/www.eltono.com\/fr\/wp-json\/wp\/v2\/pages\/18143","targetHints":{"allow":["GET"]}}],"collection":[{"href":"https:\/\/www.eltono.com\/fr\/wp-json\/wp\/v2\/pages"}],"about":[{"href":"https:\/\/www.eltono.com\/fr\/wp-json\/wp\/v2\/types\/page"}],"author":[{"embeddable":true,"href":"https:\/\/www.eltono.com\/fr\/wp-json\/wp\/v2\/users\/1"}],"replies":[{"embeddable":true,"href":"https:\/\/www.eltono.com\/fr\/wp-json\/wp\/v2\/comments?post=18143"}],"version-history":[{"count":10,"href":"https:\/\/www.eltono.com\/fr\/wp-json\/wp\/v2\/pages\/18143\/revisions"}],"predecessor-version":[{"id":21635,"href":"https:\/\/www.eltono.com\/fr\/wp-json\/wp\/v2\/pages\/18143\/revisions\/21635"}],"up":[{"embeddable":true,"href":"https:\/\/www.eltono.com\/fr\/wp-json\/wp\/v2\/pages\/13155"}],"wp:featuredmedia":[{"embeddable":true,"href":"https:\/\/www.eltono.com\/fr\/wp-json\/wp\/v2\/media\/19276"}],"wp:attachment":[{"href":"https:\/\/www.eltono.com\/fr\/wp-json\/wp\/v2\/media?parent=18143"}],"wp:term":[{"taxonomy":"category","embeddable":true,"href":"https:\/\/www.eltono.com\/fr\/wp-json\/wp\/v2\/categories?post=18143"},{"taxonomy":"post_tag","embeddable":true,"href":"https:\/\/www.eltono.com\/fr\/wp-json\/wp\/v2\/tags?post=18143"}],"curies":[{"name":"wp","href":"https:\/\/api.w.org\/{rel}","templated":true}]}}