{"id":18382,"date":"2017-10-20T09:42:08","date_gmt":"2017-10-20T07:42:08","guid":{"rendered":"http:\/\/www.eltono.com\/?page_id=18382"},"modified":"2021-02-05T12:33:25","modified_gmt":"2021-02-05T10:33:25","slug":"modo24","status":"publish","type":"page","link":"https:\/\/www.eltono.com\/fr\/murals\/modo24\/","title":{"rendered":"Modo n.\u00ba24"},"content":{"rendered":"<p><strong>Peinture g\u00e9n\u00e9rative<\/strong><br \/>\nCh\u00e2teau d&#8217;eau de la Courrouze<br \/>\nRennes, France 10\/2017<\/p>\n<p>Production : Biennale Teenage Kicks<\/p>\n<p>ngg_shortcode_0_placeholderPhotos : Thierry Clouet, Titouan Mass\u00e9 et H2odboyz<\/p>","protected":false},"excerpt":{"rendered":"<p>Peinture g\u00e9n\u00e9rative Ch\u00e2teau d&#8217;eau de la Courrouze Rennes, France 10\/2017 Production : Biennale Teenage Kicks &#8221; template=&#8221;\/home\/eltono\/www\/wp-content\/themes\/eltono2016\/nggallery\/gallery-diapo.php&#8221; order_by=&#8221;sortorder&#8221; order_direction=&#8221;ASC&#8221; returns=&#8221;included&#8221; maximum_entity_count=&#8221;500&#8243;]Photos : Thierry Clouet, Titouan Mass\u00e9 et H2odboyz<\/p>\n","protected":false},"author":1,"featured_media":19267,"parent":13155,"menu_order":0,"comment_status":"closed","ping_status":"closed","template":"","meta":{"ngg_post_thumbnail":0,"jetpack_post_was_ever_published":false,"footnotes":""},"categories":[303,277,345,112,262,260,266],"tags":[],"class_list":["post-18382","page","type-page","status-publish","has-post-thumbnail","hentry","category-303","category-generative","category-modo","category-mural","category-page_automatic","category-page_mural","category-page_outdoor"],"jetpack_sharing_enabled":true,"jetpack_shortlink":"https:\/\/wp.me\/P7sWFx-4Mu","_links":{"self":[{"href":"https:\/\/www.eltono.com\/fr\/wp-json\/wp\/v2\/pages\/18382","targetHints":{"allow":["GET"]}}],"collection":[{"href":"https:\/\/www.eltono.com\/fr\/wp-json\/wp\/v2\/pages"}],"about":[{"href":"https:\/\/www.eltono.com\/fr\/wp-json\/wp\/v2\/types\/page"}],"author":[{"embeddable":true,"href":"https:\/\/www.eltono.com\/fr\/wp-json\/wp\/v2\/users\/1"}],"replies":[{"embeddable":true,"href":"https:\/\/www.eltono.com\/fr\/wp-json\/wp\/v2\/comments?post=18382"}],"version-history":[{"count":12,"href":"https:\/\/www.eltono.com\/fr\/wp-json\/wp\/v2\/pages\/18382\/revisions"}],"predecessor-version":[{"id":20510,"href":"https:\/\/www.eltono.com\/fr\/wp-json\/wp\/v2\/pages\/18382\/revisions\/20510"}],"up":[{"embeddable":true,"href":"https:\/\/www.eltono.com\/fr\/wp-json\/wp\/v2\/pages\/13155"}],"wp:featuredmedia":[{"embeddable":true,"href":"https:\/\/www.eltono.com\/fr\/wp-json\/wp\/v2\/media\/19267"}],"wp:attachment":[{"href":"https:\/\/www.eltono.com\/fr\/wp-json\/wp\/v2\/media?parent=18382"}],"wp:term":[{"taxonomy":"category","embeddable":true,"href":"https:\/\/www.eltono.com\/fr\/wp-json\/wp\/v2\/categories?post=18382"},{"taxonomy":"post_tag","embeddable":true,"href":"https:\/\/www.eltono.com\/fr\/wp-json\/wp\/v2\/tags?post=18382"}],"curies":[{"name":"wp","href":"https:\/\/api.w.org\/{rel}","templated":true}]}}