{"id":18483,"date":"2018-08-27T00:00:55","date_gmt":"2018-08-26T22:00:55","guid":{"rendered":"http:\/\/www.eltono.com\/?page_id=18483"},"modified":"2020-11-15T11:49:59","modified_gmt":"2020-11-15T09:49:59","slug":"80prospect-ideo-print","status":"publish","type":"page","link":"https:\/\/www.eltono.com\/fr\/boutique\/80prospect-ideo-print\/","title":{"rendered":"&#8220;80 Prospect&#8221;"},"content":{"rendered":"<p><a href=\"https:\/\/www.eltono.com\/wp-content\/uploads\/2017\/12\/Eltono_80Prospect_Print.jpg\"><img loading=\"lazy\" decoding=\"async\" data-attachment-id=\"18485\" data-permalink=\"https:\/\/www.eltono.com\/fr\/boutique\/80prospect-ideo-print\/eltono_80prospect_print\/\" data-orig-file=\"https:\/\/www.eltono.com\/wp-content\/uploads\/2017\/12\/Eltono_80Prospect_Print.jpg\" data-orig-size=\"1824,2048\" data-comments-opened=\"0\" data-image-meta=\"{&quot;aperture&quot;:&quot;0&quot;,&quot;credit&quot;:&quot;&quot;,&quot;camera&quot;:&quot;&quot;,&quot;caption&quot;:&quot;&quot;,&quot;created_timestamp&quot;:&quot;0&quot;,&quot;copyright&quot;:&quot;&quot;,&quot;focal_length&quot;:&quot;0&quot;,&quot;iso&quot;:&quot;0&quot;,&quot;shutter_speed&quot;:&quot;0&quot;,&quot;title&quot;:&quot;&quot;,&quot;orientation&quot;:&quot;1&quot;}\" data-image-title=\"Eltono_80Prospect_Print\" data-image-description=\"\" data-image-caption=\"\" data-medium-file=\"https:\/\/www.eltono.com\/wp-content\/uploads\/2017\/12\/Eltono_80Prospect_Print-267x300.jpg\" data-large-file=\"https:\/\/www.eltono.com\/wp-content\/uploads\/2017\/12\/Eltono_80Prospect_Print-700x786.jpg\" class=\"alignleft size-full wp-image-18485\" src=\"https:\/\/www.eltono.com\/wp-content\/uploads\/2017\/12\/Eltono_80Prospect_Print.jpg\" alt=\"\" width=\"1824\" height=\"2048\" srcset=\"https:\/\/www.eltono.com\/wp-content\/uploads\/2017\/12\/Eltono_80Prospect_Print.jpg 1824w, https:\/\/www.eltono.com\/wp-content\/uploads\/2017\/12\/Eltono_80Prospect_Print-350x393.jpg 350w, https:\/\/www.eltono.com\/wp-content\/uploads\/2017\/12\/Eltono_80Prospect_Print-267x300.jpg 267w, https:\/\/www.eltono.com\/wp-content\/uploads\/2017\/12\/Eltono_80Prospect_Print-700x786.jpg 700w\" sizes=\"auto, (max-width: 1824px) 100vw, 1824px\" \/><\/a><\/p>\n<p>S\u00e9rigraphie en 5 couleurs \u2013 100 copies num\u00e9rot\u00e9es et sign\u00e9es, 61 x 91,4 cm (24&#8221; x 36&#8221;). Produite par <strong>IDEO Cambridge<\/strong> et imprim\u00e9e par <strong>End Hymns<\/strong> \u00e0 Grand Rapids, Michigan. Le dessin suit le m\u00eame syst\u00e8me que celui utilis\u00e9 pour la peinture du b\u00e2timent IDEO au n\u00ba80 rue Prospect \u00e0 Cambridge, \u00c9tats-Unis : <a href=\"https:\/\/www.eltono.com\/murals\/ideo\/\" target=\"_blank\" rel=\"noopener noreferrer\">www.eltono.com\/murals\/ideo<\/a><\/p>\n<h5>200 \u20ac (frais de port inclus) en vente ici : <a href=\"https:\/\/www.eltono.com\/boutique\/product\/80-prospect\/\">WWW.ELTONO.COM\/BOUTIQUE\/PRODUCT\/80-PROSPECT\/<\/a><\/h5>\n<p><\/p>","protected":false},"excerpt":{"rendered":"<p>S\u00e9rigraphie en 5 couleurs \u2013 100 copies num\u00e9rot\u00e9es et sign\u00e9es, 61 x 91,4 cm (24&#8221; x 36&#8221;). Produite par IDEO Cambridge et imprim\u00e9e par End Hymns \u00e0 Grand Rapids, Michigan. Le dessin suit le m\u00eame syst\u00e8me que celui utilis\u00e9 pour la peinture du b\u00e2timent IDEO au n\u00ba80 rue Prospect \u00e0 Cambridge, \u00c9tats-Unis : www.eltono.com\/murals\/ideo 200 &hellip; <a href=\"https:\/\/www.eltono.com\/fr\/boutique\/80prospect-ideo-print\/\" class=\"more-link\">Continue reading <span class=\"screen-reader-text\">&#8220;80 Prospect&#8221;<\/span><\/a><\/p>\n","protected":false},"author":1,"featured_media":19260,"parent":13,"menu_order":0,"comment_status":"closed","ping_status":"closed","template":"","meta":{"ngg_post_thumbnail":0,"jetpack_post_was_ever_published":false,"footnotes":""},"categories":[303,258,8],"tags":[],"class_list":["post-18483","page","type-page","status-publish","has-post-thumbnail","hentry","category-303","category-edition","category-shop"],"jetpack_sharing_enabled":true,"jetpack_shortlink":"https:\/\/wp.me\/P7sWFx-4O7","_links":{"self":[{"href":"https:\/\/www.eltono.com\/fr\/wp-json\/wp\/v2\/pages\/18483","targetHints":{"allow":["GET"]}}],"collection":[{"href":"https:\/\/www.eltono.com\/fr\/wp-json\/wp\/v2\/pages"}],"about":[{"href":"https:\/\/www.eltono.com\/fr\/wp-json\/wp\/v2\/types\/page"}],"author":[{"embeddable":true,"href":"https:\/\/www.eltono.com\/fr\/wp-json\/wp\/v2\/users\/1"}],"replies":[{"embeddable":true,"href":"https:\/\/www.eltono.com\/fr\/wp-json\/wp\/v2\/comments?post=18483"}],"version-history":[{"count":20,"href":"https:\/\/www.eltono.com\/fr\/wp-json\/wp\/v2\/pages\/18483\/revisions"}],"predecessor-version":[{"id":20998,"href":"https:\/\/www.eltono.com\/fr\/wp-json\/wp\/v2\/pages\/18483\/revisions\/20998"}],"up":[{"embeddable":true,"href":"https:\/\/www.eltono.com\/fr\/wp-json\/wp\/v2\/pages\/13"}],"wp:featuredmedia":[{"embeddable":true,"href":"https:\/\/www.eltono.com\/fr\/wp-json\/wp\/v2\/media\/19260"}],"wp:attachment":[{"href":"https:\/\/www.eltono.com\/fr\/wp-json\/wp\/v2\/media?parent=18483"}],"wp:term":[{"taxonomy":"category","embeddable":true,"href":"https:\/\/www.eltono.com\/fr\/wp-json\/wp\/v2\/categories?post=18483"},{"taxonomy":"post_tag","embeddable":true,"href":"https:\/\/www.eltono.com\/fr\/wp-json\/wp\/v2\/tags?post=18483"}],"curies":[{"name":"wp","href":"https:\/\/api.w.org\/{rel}","templated":true}]}}