{"id":18575,"date":"2017-09-01T16:09:14","date_gmt":"2017-09-01T14:09:14","guid":{"rendered":"http:\/\/www.eltono.com\/?page_id=18575"},"modified":"2020-12-31T11:55:38","modified_gmt":"2020-12-31T09:55:38","slug":"la-ville-et-le-mouvement","status":"publish","type":"page","link":"https:\/\/www.eltono.com\/fr\/exhibitions\/la-ville-et-le-mouvement\/","title":{"rendered":"La ville et le mouvement"},"content":{"rendered":"<p><strong>Le Pilori espace d&#8217;arts visuels<\/strong><br \/>\n<span class=\"_Xbe\">Place du Pilori, <\/span>Niort, France<br \/>\n27 septembre \u2013 10 novembre 2017<br \/>\nExposition organis\u00e9e dans le cadre du festival <strong>Le 4e mur<\/strong> par Winterlong galerie.<br \/>\nArtistes invit\u00e9s : <a href=\"http:\/\/www.jeroenjongeleen.nl\/\" target=\"_blank\" rel=\"noopener noreferrer\">Jeroen Jongeleen<\/a> et Eltono<\/p>\n<p><a href=\"http:\/\/www.winterlong-gallerie.com\/\" target=\"_blank\" rel=\"noopener noreferrer\">www.winterlong-galerie.com<\/a><\/p>\n<h2><em>D\u00e9tours<\/em><em><br \/>\n<\/em><\/h2>\n<p>Six parcours al\u00e9atoires au d\u00e9part du lieu d&#8217;exposition d&#8217;une dur\u00e9e de 20 minutes. \u00c0 chaque intersection un d\u00e9 d\u00e9termine la direction \u00e0 prendre. Le r\u00e9sultat est mat\u00e9rialis\u00e9 par six sculptures en bois peint.<\/p>\n<p><iframe loading=\"lazy\" src=\"https:\/\/www.youtube.com\/embed\/QVo9WurrWoM?rel=0\" allowfullscreen=\"allowfullscreen\" width=\"700\" height=\"393\" frameborder=\"0\"><span style=\"display: inline-block; width: 0px; overflow: hidden; line-height: 0;\" data-mce-type=\"bookmark\" class=\"mce_SELRES_start\">\ufeff<\/span><\/iframe><\/p>\nngg_shortcode_0_placeholder\n<h2><em>RUFO<\/em><em><br \/>\n<\/em><\/h2>\n<p>Une peinture est promen\u00e9e, la face peinte tourn\u00e9e vers le sol, dans les rues de la ville. Le parcours, d\u00e9crivant une boucle, est d\u00e9termin\u00e9 \u00e0 l\u2019avance. La planche est expos\u00e9e en l&#8217;\u00e9tat avec un plan au dos d\u00e9crivant le parcours.<\/p>\n<p><iframe loading=\"lazy\" src=\"https:\/\/www.youtube.com\/embed\/2u9kjTBETfk?rel=0\" allowfullscreen=\"allowfullscreen\" width=\"700\" height=\"393\" frameborder=\"0\"><\/iframe><\/p>\n<p><iframe loading=\"lazy\" src=\"https:\/\/www.youtube.com\/embed\/YS0ex2aQ_sc?rel=0\" allowfullscreen=\"allowfullscreen\" width=\"700\" height=\"393\" frameborder=\"0\"><\/iframe><\/p>\nngg_shortcode_1_placeholder\n<h2><em>G.A.S<\/em><em><br \/>\n<\/em><\/h2>\n<p>Syst\u00e8me d&#8217;impression au sol exploitant les mouvements de la rue. Chaque gravure est expos\u00e9e au traffic pour une dur\u00e9e minimum d&#8217;une heure.<\/p>\n<p><iframe loading=\"lazy\" src=\"https:\/\/www.youtube.com\/embed\/xbZ57IC5fbw?rel=0\" allowfullscreen=\"allowfullscreen\" width=\"700\" height=\"393\" frameborder=\"0\"><\/iframe><\/p>\nngg_shortcode_2_placeholder\n<p>&nbsp;<\/p>\n<p>Photos : Eric Surmont et Eltono<br \/>\nVid\u00e9os : Victor Thir\u00e9<\/p>","protected":false},"excerpt":{"rendered":"<p>Le Pilori espace d&#8217;arts visuels Place du Pilori, Niort, France 27 septembre \u2013 10 novembre 2017 Exposition organis\u00e9e dans le cadre du festival Le 4e mur par Winterlong galerie. Artistes invit\u00e9s : Jeroen Jongeleen et Eltono www.winterlong-galerie.com D\u00e9tours Six parcours al\u00e9atoires au d\u00e9part du lieu d&#8217;exposition d&#8217;une dur\u00e9e de 20 minutes. \u00c0 chaque intersection un &hellip; <a href=\"https:\/\/www.eltono.com\/fr\/exhibitions\/la-ville-et-le-mouvement\/\" class=\"more-link\">Continue reading <span class=\"screen-reader-text\">La ville et le mouvement<\/span><\/a><\/p>\n","protected":false},"author":1,"featured_media":18583,"parent":9,"menu_order":0,"comment_status":"closed","ping_status":"closed","template":"","meta":{"ngg_post_thumbnail":0,"jetpack_post_was_ever_published":false,"footnotes":""},"categories":[303,3,270,261],"tags":[],"class_list":["post-18575","page","type-page","status-publish","has-post-thumbnail","hentry","category-303","category-exhibitions","category-page_collective_show","category-page_expo"],"jetpack_sharing_enabled":true,"jetpack_shortlink":"https:\/\/wp.me\/P7sWFx-4PB","_links":{"self":[{"href":"https:\/\/www.eltono.com\/fr\/wp-json\/wp\/v2\/pages\/18575","targetHints":{"allow":["GET"]}}],"collection":[{"href":"https:\/\/www.eltono.com\/fr\/wp-json\/wp\/v2\/pages"}],"about":[{"href":"https:\/\/www.eltono.com\/fr\/wp-json\/wp\/v2\/types\/page"}],"author":[{"embeddable":true,"href":"https:\/\/www.eltono.com\/fr\/wp-json\/wp\/v2\/users\/1"}],"replies":[{"embeddable":true,"href":"https:\/\/www.eltono.com\/fr\/wp-json\/wp\/v2\/comments?post=18575"}],"version-history":[{"count":35,"href":"https:\/\/www.eltono.com\/fr\/wp-json\/wp\/v2\/pages\/18575\/revisions"}],"predecessor-version":[{"id":21534,"href":"https:\/\/www.eltono.com\/fr\/wp-json\/wp\/v2\/pages\/18575\/revisions\/21534"}],"up":[{"embeddable":true,"href":"https:\/\/www.eltono.com\/fr\/wp-json\/wp\/v2\/pages\/9"}],"wp:featuredmedia":[{"embeddable":true,"href":"https:\/\/www.eltono.com\/fr\/wp-json\/wp\/v2\/media\/18583"}],"wp:attachment":[{"href":"https:\/\/www.eltono.com\/fr\/wp-json\/wp\/v2\/media?parent=18575"}],"wp:term":[{"taxonomy":"category","embeddable":true,"href":"https:\/\/www.eltono.com\/fr\/wp-json\/wp\/v2\/categories?post=18575"},{"taxonomy":"post_tag","embeddable":true,"href":"https:\/\/www.eltono.com\/fr\/wp-json\/wp\/v2\/tags?post=18575"}],"curies":[{"name":"wp","href":"https:\/\/api.w.org\/{rel}","templated":true}]}}