{"id":18950,"date":"2018-05-10T21:44:14","date_gmt":"2018-05-10T19:44:14","guid":{"rendered":"http:\/\/www.eltono.com\/?page_id=18950"},"modified":"2020-11-15T12:02:05","modified_gmt":"2020-11-15T10:02:05","slug":"7y7r7b","status":"publish","type":"page","link":"https:\/\/www.eltono.com\/fr\/projects\/7y7r7b\/","title":{"rendered":"&#8220;7Y7R7B&#8221;"},"content":{"rendered":"<p>Syst\u00e8me g\u00e9n\u00e9ratif d&#8217;impression avec blocs de bois<br \/>\nS\u00e9rie de 8 monotypes<br \/>\nImprim\u00e9s chez <b>Center Street Studio<\/b>, Boston, MA, \u00c9tats-Unis<br \/>\nNovembre 2017<\/p>\n<p><a href=\"http:\/\/www.centerstreetstudio.com\" target=\"_blank\" rel=\"noopener noreferrer\">www.centerstreetstudio.com<\/a><\/p>\n<p>ngg_shortcode_0_placeholderEn vente exclusivement chez <a href=\"http:\/\/www.centerstreetstudio.com\" target=\"_blank\" rel=\"noopener noreferrer\">www.centerstreetstudio.com<\/a><\/p>","protected":false},"excerpt":{"rendered":"<p>Syst\u00e8me g\u00e9n\u00e9ratif d&#8217;impression avec blocs de bois S\u00e9rie de 8 monotypes Imprim\u00e9s chez Center Street Studio, Boston, MA, \u00c9tats-Unis Novembre 2017 www.centerstreetstudio.com &#8221; template=&#8221;\/home\/eltono\/www\/wp-content\/themes\/eltono2016\/nggallery\/gallery-diapo.php&#8221; order_by=&#8221;sortorder&#8221; order_direction=&#8221;ASC&#8221; returns=&#8221;included&#8221; maximum_entity_count=&#8221;500&#8243;]En vente exclusivement chez www.centerstreetstudio.com<\/p>\n","protected":false},"author":1,"featured_media":19270,"parent":5,"menu_order":0,"comment_status":"closed","ping_status":"closed","template":"","meta":{"ngg_post_thumbnail":0,"jetpack_post_was_ever_published":false,"footnotes":""},"categories":[308,258,277,272,7,8],"tags":[],"class_list":["post-18950","page","type-page","status-publish","has-post-thumbnail","hentry","category-308","category-edition","category-generative","category-page_project","category-projects","category-shop"],"jetpack_sharing_enabled":true,"jetpack_shortlink":"https:\/\/wp.me\/P7sWFx-4VE","_links":{"self":[{"href":"https:\/\/www.eltono.com\/fr\/wp-json\/wp\/v2\/pages\/18950","targetHints":{"allow":["GET"]}}],"collection":[{"href":"https:\/\/www.eltono.com\/fr\/wp-json\/wp\/v2\/pages"}],"about":[{"href":"https:\/\/www.eltono.com\/fr\/wp-json\/wp\/v2\/types\/page"}],"author":[{"embeddable":true,"href":"https:\/\/www.eltono.com\/fr\/wp-json\/wp\/v2\/users\/1"}],"replies":[{"embeddable":true,"href":"https:\/\/www.eltono.com\/fr\/wp-json\/wp\/v2\/comments?post=18950"}],"version-history":[{"count":12,"href":"https:\/\/www.eltono.com\/fr\/wp-json\/wp\/v2\/pages\/18950\/revisions"}],"predecessor-version":[{"id":21305,"href":"https:\/\/www.eltono.com\/fr\/wp-json\/wp\/v2\/pages\/18950\/revisions\/21305"}],"up":[{"embeddable":true,"href":"https:\/\/www.eltono.com\/fr\/wp-json\/wp\/v2\/pages\/5"}],"wp:featuredmedia":[{"embeddable":true,"href":"https:\/\/www.eltono.com\/fr\/wp-json\/wp\/v2\/media\/19270"}],"wp:attachment":[{"href":"https:\/\/www.eltono.com\/fr\/wp-json\/wp\/v2\/media?parent=18950"}],"wp:term":[{"taxonomy":"category","embeddable":true,"href":"https:\/\/www.eltono.com\/fr\/wp-json\/wp\/v2\/categories?post=18950"},{"taxonomy":"post_tag","embeddable":true,"href":"https:\/\/www.eltono.com\/fr\/wp-json\/wp\/v2\/tags?post=18950"}],"curies":[{"name":"wp","href":"https:\/\/api.w.org\/{rel}","templated":true}]}}