{"id":19023,"date":"2018-07-11T16:44:06","date_gmt":"2018-07-11T14:44:06","guid":{"rendered":"http:\/\/www.eltono.com\/?page_id=19023"},"modified":"2020-05-22T10:16:10","modified_gmt":"2020-05-22T08:16:10","slug":"tram-angers","status":"publish","type":"page","link":"https:\/\/www.eltono.com\/fr\/murals\/tram-angers\/","title":{"rendered":"Trames I &#038; II"},"content":{"rendered":"<p><strong>Composition sur tramway<\/strong><br \/>\n<strong>\u00c9chapp\u00e9es d&#8217;art, Angers, France<\/strong><br \/>\nProjet commissionn\u00e9 par <a href=\"http:\/\/www.winterlong-gallerie.com\/\" target=\"_blank\" rel=\"noopener noreferrer\">Winterlong gallery<\/a><br \/>\n\u00c9t\u00e9 2018<\/p>\n<p><iframe loading=\"lazy\" src=\"https:\/\/www.youtube.com\/embed\/iFrJO7t4Fuo?rel=0\" allowfullscreen=\"allowfullscreen\" width=\"560\" height=\"315\" frameborder=\"0\"><\/iframe><\/p>\n<p><a href=\"https:\/\/www.eltono.com\/wp-content\/uploads\/2018\/08\/Eltono-Trames1et2-photoThierryBonnet03.jpg\"><img loading=\"lazy\" decoding=\"async\" data-attachment-id=\"19172\" data-permalink=\"https:\/\/www.eltono.com\/fr\/murals\/tram-angers\/eltono-trames1et2-photothierrybonnet03\/\" data-orig-file=\"https:\/\/www.eltono.com\/wp-content\/uploads\/2018\/08\/Eltono-Trames1et2-photoThierryBonnet03.jpg\" data-orig-size=\"1200,800\" data-comments-opened=\"0\" data-image-meta=\"{&quot;aperture&quot;:&quot;0&quot;,&quot;credit&quot;:&quot;&quot;,&quot;camera&quot;:&quot;&quot;,&quot;caption&quot;:&quot;&quot;,&quot;created_timestamp&quot;:&quot;0&quot;,&quot;copyright&quot;:&quot;Droits collectivit\\u00e9s&quot;,&quot;focal_length&quot;:&quot;0&quot;,&quot;iso&quot;:&quot;0&quot;,&quot;shutter_speed&quot;:&quot;0&quot;,&quot;title&quot;:&quot;&quot;,&quot;orientation&quot;:&quot;0&quot;}\" data-image-title=\"Eltono-Trames1et2-photoThierryBonnet03\" data-image-description=\"\" data-image-caption=\"\" data-medium-file=\"https:\/\/www.eltono.com\/wp-content\/uploads\/2018\/08\/Eltono-Trames1et2-photoThierryBonnet03-300x200.jpg\" data-large-file=\"https:\/\/www.eltono.com\/wp-content\/uploads\/2018\/08\/Eltono-Trames1et2-photoThierryBonnet03-700x467.jpg\" class=\"alignleft size-full wp-image-19172\" src=\"https:\/\/www.eltono.com\/wp-content\/uploads\/2018\/08\/Eltono-Trames1et2-photoThierryBonnet03.jpg\" alt=\"\" width=\"1200\" height=\"800\" srcset=\"https:\/\/www.eltono.com\/wp-content\/uploads\/2018\/08\/Eltono-Trames1et2-photoThierryBonnet03.jpg 1200w, https:\/\/www.eltono.com\/wp-content\/uploads\/2018\/08\/Eltono-Trames1et2-photoThierryBonnet03-350x233.jpg 350w, https:\/\/www.eltono.com\/wp-content\/uploads\/2018\/08\/Eltono-Trames1et2-photoThierryBonnet03-300x200.jpg 300w, https:\/\/www.eltono.com\/wp-content\/uploads\/2018\/08\/Eltono-Trames1et2-photoThierryBonnet03-700x467.jpg 700w\" sizes=\"auto, (max-width: 1200px) 100vw, 1200px\" \/><\/a> <a href=\"https:\/\/www.eltono.com\/wp-content\/uploads\/2018\/08\/Eltono-Trames1et2-photoThierryBonnet01.jpg\"><img loading=\"lazy\" decoding=\"async\" data-attachment-id=\"19170\" data-permalink=\"https:\/\/www.eltono.com\/fr\/murals\/tram-angers\/eltono-trames1et2-photothierrybonnet01\/\" data-orig-file=\"https:\/\/www.eltono.com\/wp-content\/uploads\/2018\/08\/Eltono-Trames1et2-photoThierryBonnet01.jpg\" data-orig-size=\"1200,800\" data-comments-opened=\"0\" data-image-meta=\"{&quot;aperture&quot;:&quot;0&quot;,&quot;credit&quot;:&quot;&quot;,&quot;camera&quot;:&quot;&quot;,&quot;caption&quot;:&quot;&quot;,&quot;created_timestamp&quot;:&quot;0&quot;,&quot;copyright&quot;:&quot;Droits collectivit\\u00e9s&quot;,&quot;focal_length&quot;:&quot;0&quot;,&quot;iso&quot;:&quot;0&quot;,&quot;shutter_speed&quot;:&quot;0&quot;,&quot;title&quot;:&quot;&quot;,&quot;orientation&quot;:&quot;0&quot;}\" data-image-title=\"Eltono-Trames1et2-photoThierryBonnet01\" data-image-description=\"\" data-image-caption=\"\" data-medium-file=\"https:\/\/www.eltono.com\/wp-content\/uploads\/2018\/08\/Eltono-Trames1et2-photoThierryBonnet01-300x200.jpg\" data-large-file=\"https:\/\/www.eltono.com\/wp-content\/uploads\/2018\/08\/Eltono-Trames1et2-photoThierryBonnet01-700x467.jpg\" class=\"alignleft size-full wp-image-19170\" src=\"https:\/\/www.eltono.com\/wp-content\/uploads\/2018\/08\/Eltono-Trames1et2-photoThierryBonnet01.jpg\" alt=\"\" width=\"1200\" height=\"800\" srcset=\"https:\/\/www.eltono.com\/wp-content\/uploads\/2018\/08\/Eltono-Trames1et2-photoThierryBonnet01.jpg 1200w, https:\/\/www.eltono.com\/wp-content\/uploads\/2018\/08\/Eltono-Trames1et2-photoThierryBonnet01-350x233.jpg 350w, https:\/\/www.eltono.com\/wp-content\/uploads\/2018\/08\/Eltono-Trames1et2-photoThierryBonnet01-300x200.jpg 300w, https:\/\/www.eltono.com\/wp-content\/uploads\/2018\/08\/Eltono-Trames1et2-photoThierryBonnet01-700x467.jpg 700w\" sizes=\"auto, (max-width: 1200px) 100vw, 1200px\" \/><\/a> <a href=\"https:\/\/www.eltono.com\/wp-content\/uploads\/2018\/08\/Eltono-Trames1et2-photoThierryBonnet02.jpg\"><img loading=\"lazy\" decoding=\"async\" data-attachment-id=\"19171\" data-permalink=\"https:\/\/www.eltono.com\/fr\/murals\/tram-angers\/eltono-trames1et2-photothierrybonnet02\/\" data-orig-file=\"https:\/\/www.eltono.com\/wp-content\/uploads\/2018\/08\/Eltono-Trames1et2-photoThierryBonnet02.jpg\" data-orig-size=\"1200,800\" data-comments-opened=\"0\" data-image-meta=\"{&quot;aperture&quot;:&quot;0&quot;,&quot;credit&quot;:&quot;&quot;,&quot;camera&quot;:&quot;&quot;,&quot;caption&quot;:&quot;&quot;,&quot;created_timestamp&quot;:&quot;0&quot;,&quot;copyright&quot;:&quot;Droits collectivit\\u00e9s&quot;,&quot;focal_length&quot;:&quot;0&quot;,&quot;iso&quot;:&quot;0&quot;,&quot;shutter_speed&quot;:&quot;0&quot;,&quot;title&quot;:&quot;&quot;,&quot;orientation&quot;:&quot;0&quot;}\" data-image-title=\"Eltono-Trames1et2-photoThierryBonnet02\" data-image-description=\"\" data-image-caption=\"\" data-medium-file=\"https:\/\/www.eltono.com\/wp-content\/uploads\/2018\/08\/Eltono-Trames1et2-photoThierryBonnet02-300x200.jpg\" data-large-file=\"https:\/\/www.eltono.com\/wp-content\/uploads\/2018\/08\/Eltono-Trames1et2-photoThierryBonnet02-700x467.jpg\" class=\"alignleft size-full wp-image-19171\" src=\"https:\/\/www.eltono.com\/wp-content\/uploads\/2018\/08\/Eltono-Trames1et2-photoThierryBonnet02.jpg\" alt=\"\" width=\"1200\" height=\"800\" srcset=\"https:\/\/www.eltono.com\/wp-content\/uploads\/2018\/08\/Eltono-Trames1et2-photoThierryBonnet02.jpg 1200w, https:\/\/www.eltono.com\/wp-content\/uploads\/2018\/08\/Eltono-Trames1et2-photoThierryBonnet02-350x233.jpg 350w, https:\/\/www.eltono.com\/wp-content\/uploads\/2018\/08\/Eltono-Trames1et2-photoThierryBonnet02-300x200.jpg 300w, https:\/\/www.eltono.com\/wp-content\/uploads\/2018\/08\/Eltono-Trames1et2-photoThierryBonnet02-700x467.jpg 700w\" sizes=\"auto, (max-width: 1200px) 100vw, 1200px\" \/><\/a><\/p>\n<p>Photos: Thierry Bonnet \u2013 Ville d\u2019Angers<\/p>","protected":false},"excerpt":{"rendered":"<p>Composition sur tramway \u00c9chapp\u00e9es d&#8217;art, Angers, France Projet commissionn\u00e9 par Winterlong gallery \u00c9t\u00e9 2018 Photos: Thierry Bonnet \u2013 Ville d\u2019Angers<\/p>\n","protected":false},"author":1,"featured_media":19263,"parent":13155,"menu_order":0,"comment_status":"closed","ping_status":"closed","template":"","meta":{"ngg_post_thumbnail":0,"jetpack_post_was_ever_published":false,"footnotes":""},"categories":[308,112,260,266,272,7,11,306],"tags":[],"class_list":["post-19023","page","type-page","status-publish","has-post-thumbnail","hentry","category-308","category-mural","category-page_mural","category-page_outdoor","category-page_project","category-projects","category-videos","category-_actu"],"jetpack_sharing_enabled":true,"jetpack_shortlink":"https:\/\/wp.me\/P7sWFx-4WP","_links":{"self":[{"href":"https:\/\/www.eltono.com\/fr\/wp-json\/wp\/v2\/pages\/19023","targetHints":{"allow":["GET"]}}],"collection":[{"href":"https:\/\/www.eltono.com\/fr\/wp-json\/wp\/v2\/pages"}],"about":[{"href":"https:\/\/www.eltono.com\/fr\/wp-json\/wp\/v2\/types\/page"}],"author":[{"embeddable":true,"href":"https:\/\/www.eltono.com\/fr\/wp-json\/wp\/v2\/users\/1"}],"replies":[{"embeddable":true,"href":"https:\/\/www.eltono.com\/fr\/wp-json\/wp\/v2\/comments?post=19023"}],"version-history":[{"count":5,"href":"https:\/\/www.eltono.com\/fr\/wp-json\/wp\/v2\/pages\/19023\/revisions"}],"predecessor-version":[{"id":20999,"href":"https:\/\/www.eltono.com\/fr\/wp-json\/wp\/v2\/pages\/19023\/revisions\/20999"}],"up":[{"embeddable":true,"href":"https:\/\/www.eltono.com\/fr\/wp-json\/wp\/v2\/pages\/13155"}],"wp:featuredmedia":[{"embeddable":true,"href":"https:\/\/www.eltono.com\/fr\/wp-json\/wp\/v2\/media\/19263"}],"wp:attachment":[{"href":"https:\/\/www.eltono.com\/fr\/wp-json\/wp\/v2\/media?parent=19023"}],"wp:term":[{"taxonomy":"category","embeddable":true,"href":"https:\/\/www.eltono.com\/fr\/wp-json\/wp\/v2\/categories?post=19023"},{"taxonomy":"post_tag","embeddable":true,"href":"https:\/\/www.eltono.com\/fr\/wp-json\/wp\/v2\/tags?post=19023"}],"curies":[{"name":"wp","href":"https:\/\/api.w.org\/{rel}","templated":true}]}}