{"id":19101,"date":"2018-08-25T22:22:11","date_gmt":"2018-08-25T20:22:11","guid":{"rendered":"http:\/\/www.eltono.com\/?page_id=19101"},"modified":"2021-02-05T12:33:39","modified_gmt":"2021-02-05T10:33:39","slug":"modo27","status":"publish","type":"page","link":"https:\/\/www.eltono.com\/fr\/murals\/modo27\/","title":{"rendered":"Modo n.\u00ba27"},"content":{"rendered":"<p><strong>Peinture murale g\u00e9n\u00e9rative et participative<\/strong><br \/>\nEx\u00e9cut\u00e9e avec 9 participants du programme <a href=\"https:\/\/www.rawartworks.org\/\" target=\"_blank\" rel=\"noopener noreferrer\">RAW Artworks<\/a><br \/>\nTremont Street, Lynn, Massachusetts, USA<br \/>\nJuillet 2018<\/p>\n<p>Festival Beyond Walls<br \/>\n<a href=\"https:\/\/www.beyond-walls.org\/\" target=\"_blank\" rel=\"noopener noreferrer\">www.beyond-walls.org<\/a><\/p>\n<p>ngg_shortcode_0_placeholder<\/p>","protected":false},"excerpt":{"rendered":"<p>Peinture murale g\u00e9n\u00e9rative et participative Ex\u00e9cut\u00e9e avec 9 participants du programme RAW Artworks Tremont Street, Lynn, Massachusetts, USA Juillet 2018 Festival Beyond Walls www.beyond-walls.org &#8221; template=&#8221;\/home\/eltono\/www\/wp-content\/themes\/eltono2016\/nggallery\/gallery-diapo.php&#8221; order_by=&#8221;sortorder&#8221; order_direction=&#8221;ASC&#8221; returns=&#8221;included&#8221; maximum_entity_count=&#8221;500&#8243;]<\/p>\n","protected":false},"author":1,"featured_media":19259,"parent":13155,"menu_order":0,"comment_status":"closed","ping_status":"closed","template":"","meta":{"ngg_post_thumbnail":0,"jetpack_post_was_ever_published":false,"footnotes":""},"categories":[308,277,345,112,262,260,266],"tags":[],"class_list":["post-19101","page","type-page","status-publish","has-post-thumbnail","hentry","category-308","category-generative","category-modo","category-mural","category-page_automatic","category-page_mural","category-page_outdoor"],"jetpack_sharing_enabled":true,"jetpack_shortlink":"https:\/\/wp.me\/P7sWFx-4Y5","_links":{"self":[{"href":"https:\/\/www.eltono.com\/fr\/wp-json\/wp\/v2\/pages\/19101","targetHints":{"allow":["GET"]}}],"collection":[{"href":"https:\/\/www.eltono.com\/fr\/wp-json\/wp\/v2\/pages"}],"about":[{"href":"https:\/\/www.eltono.com\/fr\/wp-json\/wp\/v2\/types\/page"}],"author":[{"embeddable":true,"href":"https:\/\/www.eltono.com\/fr\/wp-json\/wp\/v2\/users\/1"}],"replies":[{"embeddable":true,"href":"https:\/\/www.eltono.com\/fr\/wp-json\/wp\/v2\/comments?post=19101"}],"version-history":[{"count":11,"href":"https:\/\/www.eltono.com\/fr\/wp-json\/wp\/v2\/pages\/19101\/revisions"}],"predecessor-version":[{"id":21302,"href":"https:\/\/www.eltono.com\/fr\/wp-json\/wp\/v2\/pages\/19101\/revisions\/21302"}],"up":[{"embeddable":true,"href":"https:\/\/www.eltono.com\/fr\/wp-json\/wp\/v2\/pages\/13155"}],"wp:featuredmedia":[{"embeddable":true,"href":"https:\/\/www.eltono.com\/fr\/wp-json\/wp\/v2\/media\/19259"}],"wp:attachment":[{"href":"https:\/\/www.eltono.com\/fr\/wp-json\/wp\/v2\/media?parent=19101"}],"wp:term":[{"taxonomy":"category","embeddable":true,"href":"https:\/\/www.eltono.com\/fr\/wp-json\/wp\/v2\/categories?post=19101"},{"taxonomy":"post_tag","embeddable":true,"href":"https:\/\/www.eltono.com\/fr\/wp-json\/wp\/v2\/tags?post=19101"}],"curies":[{"name":"wp","href":"https:\/\/api.w.org\/{rel}","templated":true}]}}