{"id":19222,"date":"2017-07-02T20:18:14","date_gmt":"2017-07-02T18:18:14","guid":{"rendered":"http:\/\/www.eltono.com\/?page_id=19222"},"modified":"2021-02-05T12:33:20","modified_gmt":"2021-02-05T10:33:20","slug":"modo21","status":"publish","type":"page","link":"https:\/\/www.eltono.com\/fr\/murals\/modo21\/","title":{"rendered":"Modo n.\u00ba21"},"content":{"rendered":"<p><strong>Peinture murale g\u00e9n\u00e9rative et participative<\/strong><br \/>\nEx\u00e9cut\u00e9e avec les 175 \u00e9l\u00e8ves de l&#8217;\u00e9cole primaire Les Violettes \u00e0 Chen\u00f4ve, Dijon, France<br \/>\nJuin 2017<\/p>\n<p>Projet produit par <a href=\"https:\/\/www.zutique.com\/\" target=\"_blank\" rel=\"noopener noreferrer\">Zutique Production<\/a> et dirig\u00e9 par Pierre-Loup Vasseur.<\/p>\n<p>ngg_shortcode_0_placeholder<\/p>","protected":false},"excerpt":{"rendered":"<p>Peinture murale g\u00e9n\u00e9rative et participative Ex\u00e9cut\u00e9e avec les 175 \u00e9l\u00e8ves de l&#8217;\u00e9cole primaire Les Violettes \u00e0 Chen\u00f4ve, Dijon, France Juin 2017 Projet produit par Zutique Production et dirig\u00e9 par Pierre-Loup Vasseur. &#8221; template=&#8221;\/home\/eltono\/www\/wp-content\/themes\/eltono2016\/nggallery\/gallery-diapo.php&#8221; order_by=&#8221;sortorder&#8221; order_direction=&#8221;ASC&#8221; returns=&#8221;included&#8221; maximum_entity_count=&#8221;500&#8243;]<\/p>\n","protected":false},"author":1,"featured_media":19273,"parent":13155,"menu_order":0,"comment_status":"closed","ping_status":"closed","template":"","meta":{"ngg_post_thumbnail":0,"jetpack_post_was_ever_published":false,"footnotes":""},"categories":[303,277,345,112,262,260,266],"tags":[],"class_list":["post-19222","page","type-page","status-publish","has-post-thumbnail","hentry","category-303","category-generative","category-modo","category-mural","category-page_automatic","category-page_mural","category-page_outdoor"],"jetpack_sharing_enabled":true,"jetpack_shortlink":"https:\/\/wp.me\/P7sWFx-502","_links":{"self":[{"href":"https:\/\/www.eltono.com\/fr\/wp-json\/wp\/v2\/pages\/19222","targetHints":{"allow":["GET"]}}],"collection":[{"href":"https:\/\/www.eltono.com\/fr\/wp-json\/wp\/v2\/pages"}],"about":[{"href":"https:\/\/www.eltono.com\/fr\/wp-json\/wp\/v2\/types\/page"}],"author":[{"embeddable":true,"href":"https:\/\/www.eltono.com\/fr\/wp-json\/wp\/v2\/users\/1"}],"replies":[{"embeddable":true,"href":"https:\/\/www.eltono.com\/fr\/wp-json\/wp\/v2\/comments?post=19222"}],"version-history":[{"count":3,"href":"https:\/\/www.eltono.com\/fr\/wp-json\/wp\/v2\/pages\/19222\/revisions"}],"predecessor-version":[{"id":21638,"href":"https:\/\/www.eltono.com\/fr\/wp-json\/wp\/v2\/pages\/19222\/revisions\/21638"}],"up":[{"embeddable":true,"href":"https:\/\/www.eltono.com\/fr\/wp-json\/wp\/v2\/pages\/13155"}],"wp:featuredmedia":[{"embeddable":true,"href":"https:\/\/www.eltono.com\/fr\/wp-json\/wp\/v2\/media\/19273"}],"wp:attachment":[{"href":"https:\/\/www.eltono.com\/fr\/wp-json\/wp\/v2\/media?parent=19222"}],"wp:term":[{"taxonomy":"category","embeddable":true,"href":"https:\/\/www.eltono.com\/fr\/wp-json\/wp\/v2\/categories?post=19222"},{"taxonomy":"post_tag","embeddable":true,"href":"https:\/\/www.eltono.com\/fr\/wp-json\/wp\/v2\/tags?post=19222"}],"curies":[{"name":"wp","href":"https:\/\/api.w.org\/{rel}","templated":true}]}}