{"id":19665,"date":"2019-03-21T14:07:35","date_gmt":"2019-03-21T12:07:35","guid":{"rendered":"http:\/\/www.eltono.com\/?page_id=19665"},"modified":"2022-05-08T11:03:36","modified_gmt":"2022-05-08T09:03:36","slug":"dma","status":"publish","type":"page","link":"https:\/\/www.eltono.com\/fr\/dma\/","title":{"rendered":"&#8221;DMA&#8221;, Dessins M\u00e9caniques Al\u00e9atoires"},"content":{"rendered":"<p><a href=\"http:\/\/www.eltono.com\/wp-content\/uploads\/2019\/03\/Eltono-DMA.jpg\"><img loading=\"lazy\" decoding=\"async\" data-attachment-id=\"19726\" data-permalink=\"https:\/\/www.eltono.com\/fr\/dma\/eltono-dma\/\" data-orig-file=\"https:\/\/www.eltono.com\/wp-content\/uploads\/2019\/03\/Eltono-DMA.jpg\" data-orig-size=\"1400,934\" data-comments-opened=\"0\" data-image-meta=\"{&quot;aperture&quot;:&quot;4&quot;,&quot;credit&quot;:&quot;&quot;,&quot;camera&quot;:&quot;ILCE-7R&quot;,&quot;caption&quot;:&quot;&quot;,&quot;created_timestamp&quot;:&quot;1553177438&quot;,&quot;copyright&quot;:&quot;&quot;,&quot;focal_length&quot;:&quot;35&quot;,&quot;iso&quot;:&quot;800&quot;,&quot;shutter_speed&quot;:&quot;0.00625&quot;,&quot;title&quot;:&quot;&quot;,&quot;orientation&quot;:&quot;1&quot;}\" data-image-title=\"Eltono-DMA\" data-image-description=\"\" data-image-caption=\"\" data-medium-file=\"https:\/\/www.eltono.com\/wp-content\/uploads\/2019\/03\/Eltono-DMA-300x200.jpg\" data-large-file=\"https:\/\/www.eltono.com\/wp-content\/uploads\/2019\/03\/Eltono-DMA-700x467.jpg\" class=\"alignleft size-full wp-image-19726\" src=\"http:\/\/www.eltono.com\/wp-content\/uploads\/2019\/03\/Eltono-DMA.jpg\" alt=\"\" width=\"1400\" height=\"934\" srcset=\"https:\/\/www.eltono.com\/wp-content\/uploads\/2019\/03\/Eltono-DMA.jpg 1400w, https:\/\/www.eltono.com\/wp-content\/uploads\/2019\/03\/Eltono-DMA-350x234.jpg 350w, https:\/\/www.eltono.com\/wp-content\/uploads\/2019\/03\/Eltono-DMA-300x200.jpg 300w, https:\/\/www.eltono.com\/wp-content\/uploads\/2019\/03\/Eltono-DMA-700x467.jpg 700w\" sizes=\"auto, (max-width: 1400px) 100vw, 1400px\" \/><\/a><\/p>\n<p>Dessins M\u00e9caniques Al\u00e9atoires, 3 couleurs, 16 x 24 cm (6.3 x 9.4 pouces). Encre d&#8217;archivage sur papier Canson Montval 300 g. (sans acide). S\u00e9rie de monotypes, grace \u00e0 un syst\u00e8me g\u00e9n\u00e9ratif, chaque dessin est unique.<\/p>\n<p>Les dessins <em><strong>DMA <\/strong><\/em>sont compos\u00e9s de trois couches de couleur diff\u00e9rentes trac\u00e9es les unes sur les autres. Pour chaque couche, les figures, leurs positions et leurs rotations sont al\u00e9atoires. Le protocole d\u00e9fini une grille de 2 x 3 avec 5 figures, 6 positions, 8 rotations et 2 orientations pour les rayures. En op\u00e9rant avec ces param\u00e8tres, le programme cr\u00e9er un code qui est envoy\u00e9 \u00e0 la machine sur laquelle est mont\u00e9 un feutre. Chaque couche est d\u2019une couleur diff\u00e9rente donc le feutre doit \u00eatre manuellement chang\u00e9 avant de tracer une nouvelle couche.<\/p>\n<p>En vente ici : <a href=\"http:\/\/www.eltono.com\/boutique\/product-category\/dma\/\">www.eltono.com\/boutique<\/a>.<\/p>\n<p><strong>Vid\u00e9o du processus :<\/strong><\/p>\n<p><iframe loading=\"lazy\" src=\"https:\/\/www.youtube.com\/embed\/NgumGQZx_7Q\" allowfullscreen=\"allowfullscreen\" width=\"700\" height=\"394\" frameborder=\"0\"><\/iframe><\/p>\n<p><strong>Photos des premiers DMA :<\/strong><\/p>\n<p>ngg_shortcode_0_placeholder<\/p>","protected":false},"excerpt":{"rendered":"<p>Dessins M\u00e9caniques Al\u00e9atoires, 3 couleurs, 16 x 24 cm (6.3 x 9.4 pouces). Encre d&#8217;archivage sur papier Canson Montval 300 g. (sans acide). S\u00e9rie de monotypes, grace \u00e0 un syst\u00e8me g\u00e9n\u00e9ratif, chaque dessin est unique. Les dessins DMA sont compos\u00e9s de trois couches de couleur diff\u00e9rentes trac\u00e9es les unes sur les autres. Pour chaque couche, &hellip; <a href=\"https:\/\/www.eltono.com\/fr\/dma\/\" class=\"more-link\">Continue reading <span class=\"screen-reader-text\">&#8221;DMA&#8221;, Dessins M\u00e9caniques Al\u00e9atoires<\/span><\/a><\/p>\n","protected":false},"author":1,"featured_media":20084,"parent":0,"menu_order":0,"comment_status":"closed","ping_status":"closed","template":"","meta":{"ngg_post_thumbnail":0,"jetpack_post_was_ever_published":false,"footnotes":""},"categories":[309,277,272,8],"tags":[],"class_list":["post-19665","page","type-page","status-publish","has-post-thumbnail","hentry","category-309","category-generative","category-page_project","category-shop"],"jetpack_sharing_enabled":true,"jetpack_shortlink":"https:\/\/wp.me\/P7sWFx-57b","_links":{"self":[{"href":"https:\/\/www.eltono.com\/fr\/wp-json\/wp\/v2\/pages\/19665","targetHints":{"allow":["GET"]}}],"collection":[{"href":"https:\/\/www.eltono.com\/fr\/wp-json\/wp\/v2\/pages"}],"about":[{"href":"https:\/\/www.eltono.com\/fr\/wp-json\/wp\/v2\/types\/page"}],"author":[{"embeddable":true,"href":"https:\/\/www.eltono.com\/fr\/wp-json\/wp\/v2\/users\/1"}],"replies":[{"embeddable":true,"href":"https:\/\/www.eltono.com\/fr\/wp-json\/wp\/v2\/comments?post=19665"}],"version-history":[{"count":43,"href":"https:\/\/www.eltono.com\/fr\/wp-json\/wp\/v2\/pages\/19665\/revisions"}],"predecessor-version":[{"id":22325,"href":"https:\/\/www.eltono.com\/fr\/wp-json\/wp\/v2\/pages\/19665\/revisions\/22325"}],"wp:featuredmedia":[{"embeddable":true,"href":"https:\/\/www.eltono.com\/fr\/wp-json\/wp\/v2\/media\/20084"}],"wp:attachment":[{"href":"https:\/\/www.eltono.com\/fr\/wp-json\/wp\/v2\/media?parent=19665"}],"wp:term":[{"taxonomy":"category","embeddable":true,"href":"https:\/\/www.eltono.com\/fr\/wp-json\/wp\/v2\/categories?post=19665"},{"taxonomy":"post_tag","embeddable":true,"href":"https:\/\/www.eltono.com\/fr\/wp-json\/wp\/v2\/tags?post=19665"}],"curies":[{"name":"wp","href":"https:\/\/api.w.org\/{rel}","templated":true}]}}