{"id":20660,"date":"2020-05-06T21:51:50","date_gmt":"2020-05-06T19:51:50","guid":{"rendered":"http:\/\/www.eltono.com\/?page_id=20660"},"modified":"2023-02-09T15:07:21","modified_gmt":"2023-02-09T14:07:21","slug":"1km","status":"publish","type":"page","link":"https:\/\/www.eltono.com\/fr\/projects\/1km\/","title":{"rendered":"1 KM."},"content":{"rendered":"<p>Le confinement mis en place en France pour faire face \u00e0 la crise du COVID-19 comprenait une r\u00e8gle qui permettait des <strong>\u00ab&nbsp;d\u00e9placements brefs, dans la limite d&#8217;une heure quotidienne et dans un rayon maximal d&#8217;un kilom\u00e8tre autour du domicile&nbsp;\u00bb<\/strong> (<a href=\"https:\/\/www.eltono.com\/wp-content\/uploads\/2020\/05\/Attestation-de-deplacement-avant-11-05-2020-scaled.jpg\" target=\"_blank\" rel=\"noopener noreferrer\">https:\/\/media.interieur.gouv.fr\/deplacement-covid-19\/<\/a>).<\/p>\n<p>En suivant cette r\u00e8gle, j&#8217;ai trac\u00e9 sur une carte un cercle d&#8217;un kilom\u00e8tre de rayon autour de mon lieu de r\u00e9sidence et j&#8217;ai d\u00e9cid\u00e9 d&#8217;emprunter tous les chemins existants pour rejoindre cette limite impos\u00e9e. \u00c0 l&#8217;endroit o\u00f9 mon chemin croisait la fronti\u00e8re, j&#8217;ai dessin\u00e9 au sol la ligne du cercle. Une fois la limite l\u00e9gale de mes mouvements trac\u00e9e, je faisait demi-tour pour rentrer \u00e0 mon domicile avant que le temps limite d&#8217;une heure ne se soit \u00e9coul\u00e9.<\/p>\n<p>Le r\u00e9sultat sont des fragments de cercle d\u00e9limitant ma fronti\u00e8re personnelle. La distance \u00e9tant d\u00e9finie par la position du domicile, chaque personne a une fronti\u00e8re diff\u00e9rente. Mon but \u00e9tait de parcourir tous les chemins publics possibles pour atteindre cette fronti\u00e8re intangible et y contempler cet au del\u00e0 temporairement inaccessible.<\/p>\n<p>J&#8217;ai termin\u00e9 le projet <strong><em>1 KM.<\/em><\/strong> le 10 mai 2020, un jour avant le d\u00e9confinement en France. J&#8217;ai atteint 21 points fronti\u00e8res et parcouru pr\u00e8s d&#8217;une soixantaine de kilom\u00e8tres.<\/p>\n<p>Une vaste documentation est diponible ci-dessous. Vous pouvez cliquer sur les images pour les voir en grand.<\/p>\n<p><a href=\"https:\/\/www.eltono.com\/wp-content\/uploads\/2020\/05\/Eltono-1KM-01.jpg\"><img loading=\"lazy\" decoding=\"async\" data-attachment-id=\"20662\" data-permalink=\"https:\/\/www.eltono.com\/fr\/projects\/1km\/eltono-1km-01\/\" data-orig-file=\"https:\/\/www.eltono.com\/wp-content\/uploads\/2020\/05\/Eltono-1KM-01.jpg\" data-orig-size=\"2000,1125\" data-comments-opened=\"0\" data-image-meta=\"{&quot;aperture&quot;:&quot;0&quot;,&quot;credit&quot;:&quot;&quot;,&quot;camera&quot;:&quot;&quot;,&quot;caption&quot;:&quot;&quot;,&quot;created_timestamp&quot;:&quot;0&quot;,&quot;copyright&quot;:&quot;&quot;,&quot;focal_length&quot;:&quot;0&quot;,&quot;iso&quot;:&quot;0&quot;,&quot;shutter_speed&quot;:&quot;0&quot;,&quot;title&quot;:&quot;&quot;,&quot;orientation&quot;:&quot;0&quot;}\" data-image-title=\"Eltono-1KM-01\" data-image-description=\"\" data-image-caption=\"\" data-medium-file=\"https:\/\/www.eltono.com\/wp-content\/uploads\/2020\/05\/Eltono-1KM-01-300x169.jpg\" data-large-file=\"https:\/\/www.eltono.com\/wp-content\/uploads\/2020\/05\/Eltono-1KM-01-700x394.jpg\" class=\"alignleft size-full wp-image-20662\" src=\"https:\/\/www.eltono.com\/wp-content\/uploads\/2020\/05\/Eltono-1KM-01.jpg\" alt=\"\" width=\"2000\" height=\"1125\" srcset=\"https:\/\/www.eltono.com\/wp-content\/uploads\/2020\/05\/Eltono-1KM-01.jpg 2000w, https:\/\/www.eltono.com\/wp-content\/uploads\/2020\/05\/Eltono-1KM-01-300x169.jpg 300w, https:\/\/www.eltono.com\/wp-content\/uploads\/2020\/05\/Eltono-1KM-01-700x394.jpg 700w, https:\/\/www.eltono.com\/wp-content\/uploads\/2020\/05\/Eltono-1KM-01-1536x864.jpg 1536w, https:\/\/www.eltono.com\/wp-content\/uploads\/2020\/05\/Eltono-1KM-01-350x197.jpg 350w\" sizes=\"auto, (max-width: 2000px) 100vw, 2000px\" \/><\/a><br \/>\n<a href=\"https:\/\/www.eltono.com\/wp-content\/uploads\/2020\/05\/Eltono-1KM-Parcours-1.jpg\"><img loading=\"lazy\" decoding=\"async\" data-attachment-id=\"20912\" data-permalink=\"https:\/\/www.eltono.com\/fr\/projects\/1km\/eltono-1km-parcours-2\/\" data-orig-file=\"https:\/\/www.eltono.com\/wp-content\/uploads\/2020\/05\/Eltono-1KM-Parcours-1.jpg\" data-orig-size=\"2000,2000\" data-comments-opened=\"0\" data-image-meta=\"{&quot;aperture&quot;:&quot;0&quot;,&quot;credit&quot;:&quot;&quot;,&quot;camera&quot;:&quot;&quot;,&quot;caption&quot;:&quot;&quot;,&quot;created_timestamp&quot;:&quot;0&quot;,&quot;copyright&quot;:&quot;&quot;,&quot;focal_length&quot;:&quot;0&quot;,&quot;iso&quot;:&quot;0&quot;,&quot;shutter_speed&quot;:&quot;0&quot;,&quot;title&quot;:&quot;&quot;,&quot;orientation&quot;:&quot;0&quot;}\" data-image-title=\"Eltono-1KM-Parcours\" data-image-description=\"\" data-image-caption=\"\" data-medium-file=\"https:\/\/www.eltono.com\/wp-content\/uploads\/2020\/05\/Eltono-1KM-Parcours-1-300x300.jpg\" data-large-file=\"https:\/\/www.eltono.com\/wp-content\/uploads\/2020\/05\/Eltono-1KM-Parcours-1-700x700.jpg\" class=\"alignleft wp-image-20912 size-full\" src=\"https:\/\/www.eltono.com\/wp-content\/uploads\/2020\/05\/Eltono-1KM-Parcours-1.jpg\" alt=\"\" width=\"2000\" height=\"2000\" srcset=\"https:\/\/www.eltono.com\/wp-content\/uploads\/2020\/05\/Eltono-1KM-Parcours-1.jpg 2000w, https:\/\/www.eltono.com\/wp-content\/uploads\/2020\/05\/Eltono-1KM-Parcours-1-300x300.jpg 300w, https:\/\/www.eltono.com\/wp-content\/uploads\/2020\/05\/Eltono-1KM-Parcours-1-700x700.jpg 700w, https:\/\/www.eltono.com\/wp-content\/uploads\/2020\/05\/Eltono-1KM-Parcours-1-1536x1536.jpg 1536w, https:\/\/www.eltono.com\/wp-content\/uploads\/2020\/05\/Eltono-1KM-Parcours-1-350x350.jpg 350w, https:\/\/www.eltono.com\/wp-content\/uploads\/2020\/05\/Eltono-1KM-Parcours-1-100x100.jpg 100w\" sizes=\"auto, (max-width: 2000px) 100vw, 2000px\" \/><\/a><br \/>\n<a href=\"https:\/\/www.eltono.com\/wp-content\/uploads\/2020\/05\/Eltono-1KM-02-1.jpg\"><img loading=\"lazy\" decoding=\"async\" data-attachment-id=\"20936\" data-permalink=\"https:\/\/www.eltono.com\/fr\/projects\/1km\/eltono-1km-02-2\/\" data-orig-file=\"https:\/\/www.eltono.com\/wp-content\/uploads\/2020\/05\/Eltono-1KM-02-1.jpg\" data-orig-size=\"1200,894\" data-comments-opened=\"0\" data-image-meta=\"{&quot;aperture&quot;:&quot;0&quot;,&quot;credit&quot;:&quot;&quot;,&quot;camera&quot;:&quot;&quot;,&quot;caption&quot;:&quot;&quot;,&quot;created_timestamp&quot;:&quot;0&quot;,&quot;copyright&quot;:&quot;&quot;,&quot;focal_length&quot;:&quot;0&quot;,&quot;iso&quot;:&quot;0&quot;,&quot;shutter_speed&quot;:&quot;0&quot;,&quot;title&quot;:&quot;&quot;,&quot;orientation&quot;:&quot;1&quot;}\" data-image-title=\"Eltono-1KM-02\" data-image-description=\"\" data-image-caption=\"\" data-medium-file=\"https:\/\/www.eltono.com\/wp-content\/uploads\/2020\/05\/Eltono-1KM-02-1-300x224.jpg\" data-large-file=\"https:\/\/www.eltono.com\/wp-content\/uploads\/2020\/05\/Eltono-1KM-02-1-700x522.jpg\" class=\"alignleft size-full wp-image-20936\" src=\"https:\/\/www.eltono.com\/wp-content\/uploads\/2020\/05\/Eltono-1KM-02-1.jpg\" alt=\"\" width=\"1200\" height=\"894\" srcset=\"https:\/\/www.eltono.com\/wp-content\/uploads\/2020\/05\/Eltono-1KM-02-1.jpg 1200w, https:\/\/www.eltono.com\/wp-content\/uploads\/2020\/05\/Eltono-1KM-02-1-300x224.jpg 300w, https:\/\/www.eltono.com\/wp-content\/uploads\/2020\/05\/Eltono-1KM-02-1-700x522.jpg 700w, https:\/\/www.eltono.com\/wp-content\/uploads\/2020\/05\/Eltono-1KM-02-1-350x261.jpg 350w\" sizes=\"auto, (max-width: 1200px) 100vw, 1200px\" \/><\/a><\/p>\nngg_shortcode_0_placeholder\n<h1>P1<\/h1>\n<p>Distance depuis le domicile en ligne droite : 1 km<br \/>\nDistance depuis le domicile \u00e0 pied : 1,4 km<br \/>\n36 minutes aller-retour<\/p>\nngg_shortcode_1_placeholder\n<h1>P2<\/h1>\n<p>Distance depuis le domicile en ligne droite : 1 km<br \/>\nDistance depuis le domicile \u00e0 pied : 1,3 km<br \/>\n32 minutes aller-retour<\/p>\nngg_shortcode_2_placeholder\n<h1>P3<\/h1>\n<p>Distance depuis le domicile en ligne droite : 1 km<br \/>\nDistance depuis le domicile \u00e0 pied : 1,7 km<br \/>\n44 minutes aller-retour<\/p>\nngg_shortcode_3_placeholder\n<h1>P4<\/h1>\n<p>Distance depuis le domicile en ligne droite : 1 km<br \/>\nDistance depuis le domicile \u00e0 pied : 1,3 km<br \/>\n32 minutes aller-retour<\/p>\nngg_shortcode_4_placeholder\n<h1>P5<\/h1>\n<p>Distance depuis le domicile en ligne droite : 1 km<br \/>\nDistance depuis le domicile \u00e0 pied : 1,5 km<br \/>\n44 minutes aller-retour<\/p>\nngg_shortcode_5_placeholder\n<h1>P6<\/h1>\n<p>Distance depuis le domicile en ligne droite : 1 km<br \/>\nDistance depuis le domicile \u00e0 pied : 1,2 km<br \/>\n38 minutes aller-retour<\/p>\nngg_shortcode_6_placeholder\n<h1>P7<\/h1>\n<p>Distance depuis le domicile en ligne droite : 1 km<br \/>\nDistance depuis le domicile \u00e0 pied : 1,4 km<br \/>\n44 minutes aller-retour<\/p>\nngg_shortcode_7_placeholder\n<h1>P8<\/h1>\n<p>Distance depuis le domicile en ligne droite : 1 km<br \/>\nDistance depuis le domicile \u00e0 pied : 1,5 km<br \/>\n46 minutes aller-retour<\/p>\nngg_shortcode_8_placeholder\n<h1>P9<\/h1>\n<p>Distance depuis le domicile en ligne droite : 1 km<br \/>\nDistance depuis le domicile \u00e0 pied : 1,6 km<br \/>\n46 minutes aller-retour<\/p>\nngg_shortcode_9_placeholder\n<h1>P10<\/h1>\n<p>Distance depuis le domicile en ligne droite : 1 km<br \/>\nDistance depuis le domicile \u00e0 pied : 1,7 km<br \/>\n44 minutes aller-retour<\/p>\nngg_shortcode_10_placeholder\n<h1>P11<\/h1>\n<p>Distance depuis le domicile en ligne droite : 1 km<br \/>\nDistance depuis le domicile \u00e0 pied : 1,7 km<br \/>\n42 minutes aller-retour<\/p>\nngg_shortcode_11_placeholder\n<h1>P12<\/h1>\n<p>Distance depuis le domicile en ligne droite : 1 km<br \/>\nDistance depuis le domicile \u00e0 pied : 1,6 km<br \/>\n42 minutes aller-retour<\/p>\nngg_shortcode_12_placeholder\n<h1>P13<\/h1>\n<p>Distance depuis le domicile en ligne droite : 1 km<br \/>\nDistance depuis le domicile \u00e0 pied : 2,1km<br \/>\n50 minutes aller-retour<\/p>\nngg_shortcode_13_placeholder\n<h1>P14<\/h1>\n<p>Distance depuis le domicile en ligne droite : 1 km<br \/>\nDistance depuis le domicile \u00e0 pied : 1,6km<br \/>\n42 minutes aller-retour<\/p>\nngg_shortcode_14_placeholder\n<h1>P15<\/h1>\n<p>Distance depuis le domicile en ligne droite : 1 km<br \/>\nDistance depuis le domicile \u00e0 pied : 1,4km<br \/>\n36 minutes aller-retour<\/p>\nngg_shortcode_15_placeholder\n<h1>P16<\/h1>\n<p>Distance depuis le domicile en ligne droite : 1 km<br \/>\nDistance depuis le domicile \u00e0 pied : 1,3km<br \/>\n35 minutes aller-retour<\/p>\nngg_shortcode_16_placeholder\n<h1>P17<\/h1>\n<p>Distance depuis le domicile en ligne droite : 1 km<br \/>\nDistance depuis le domicile \u00e0 pied : 1,4km<br \/>\n34 minutes aller-retour<\/p>\nngg_shortcode_17_placeholder\n<h1>P18<\/h1>\n<p>Distance depuis le domicile en ligne droite : 1 km<br \/>\nDistance depuis le domicile \u00e0 pied : 1,8km<br \/>\n45 minutes aller-retour<\/p>\nngg_shortcode_18_placeholder\n<h1>P19<\/h1>\n<p>Distance depuis le domicile en ligne droite : 1 km<br \/>\nDistance depuis le domicile \u00e0 pied : 1,7km<br \/>\n38 minutes aller-retour<\/p>\nngg_shortcode_19_placeholder\n<h1>P20<\/h1>\n<p>Distance depuis le domicile en ligne droite : 1 km<br \/>\nDistance depuis le domicile \u00e0 pied : 2,1km<br \/>\n52 minutes aller-retour<\/p>\nngg_shortcode_20_placeholder\n<h1>P21<\/h1>\n<p>Distance depuis le domicile en ligne droite : 1 km<br \/>\nDistance depuis le domicile \u00e0 pied : 1,4km<br \/>\n36 minutes aller-retour<\/p>\n<p>ngg_shortcode_21_placeholder<\/p>","protected":false},"excerpt":{"rendered":"<p>Le confinement mis en place en France pour faire face \u00e0 la crise du COVID-19 comprenait une r\u00e8gle qui permettait des \u00ab&nbsp;d\u00e9placements brefs, dans la limite d&#8217;une heure quotidienne et dans un rayon maximal d&#8217;un kilom\u00e8tre autour du domicile&nbsp;\u00bb (https:\/\/media.interieur.gouv.fr\/deplacement-covid-19\/). En suivant cette r\u00e8gle, j&#8217;ai trac\u00e9 sur une carte un cercle d&#8217;un kilom\u00e8tre de rayon &hellip; <a href=\"https:\/\/www.eltono.com\/fr\/projects\/1km\/\" class=\"more-link\">Continue reading <span class=\"screen-reader-text\">1 KM.<\/span><\/a><\/p>\n","protected":false},"author":1,"featured_media":20749,"parent":5,"menu_order":0,"comment_status":"closed","ping_status":"closed","template":"","meta":{"ngg_post_thumbnail":0,"jetpack_post_was_ever_published":false,"footnotes":""},"categories":[336,266,272,7,341,306],"tags":[],"class_list":["post-20660","page","type-page","status-publish","has-post-thumbnail","hentry","category-336","category-page_outdoor","category-page_project","category-projects","category-top3","category-_actu"],"jetpack_sharing_enabled":true,"jetpack_shortlink":"https:\/\/wp.me\/P7sWFx-5ne","_links":{"self":[{"href":"https:\/\/www.eltono.com\/fr\/wp-json\/wp\/v2\/pages\/20660","targetHints":{"allow":["GET"]}}],"collection":[{"href":"https:\/\/www.eltono.com\/fr\/wp-json\/wp\/v2\/pages"}],"about":[{"href":"https:\/\/www.eltono.com\/fr\/wp-json\/wp\/v2\/types\/page"}],"author":[{"embeddable":true,"href":"https:\/\/www.eltono.com\/fr\/wp-json\/wp\/v2\/users\/1"}],"replies":[{"embeddable":true,"href":"https:\/\/www.eltono.com\/fr\/wp-json\/wp\/v2\/comments?post=20660"}],"version-history":[{"count":83,"href":"https:\/\/www.eltono.com\/fr\/wp-json\/wp\/v2\/pages\/20660\/revisions"}],"predecessor-version":[{"id":20991,"href":"https:\/\/www.eltono.com\/fr\/wp-json\/wp\/v2\/pages\/20660\/revisions\/20991"}],"up":[{"embeddable":true,"href":"https:\/\/www.eltono.com\/fr\/wp-json\/wp\/v2\/pages\/5"}],"wp:featuredmedia":[{"embeddable":true,"href":"https:\/\/www.eltono.com\/fr\/wp-json\/wp\/v2\/media\/20749"}],"wp:attachment":[{"href":"https:\/\/www.eltono.com\/fr\/wp-json\/wp\/v2\/media?parent=20660"}],"wp:term":[{"taxonomy":"category","embeddable":true,"href":"https:\/\/www.eltono.com\/fr\/wp-json\/wp\/v2\/categories?post=20660"},{"taxonomy":"post_tag","embeddable":true,"href":"https:\/\/www.eltono.com\/fr\/wp-json\/wp\/v2\/tags?post=20660"}],"curies":[{"name":"wp","href":"https:\/\/api.w.org\/{rel}","templated":true}]}}