{"id":20976,"date":"2020-05-01T12:29:19","date_gmt":"2020-05-01T10:29:19","guid":{"rendered":"http:\/\/www.eltono.com\/?page_id=20976"},"modified":"2020-06-25T11:51:46","modified_gmt":"2020-06-25T09:51:46","slug":"dma-m7am7b","status":"publish","type":"page","link":"https:\/\/www.eltono.com\/fr\/boutique\/dma-m7am7b\/","title":{"rendered":"Nouvelle s\u00e9rie &#8220;DMA&#8221; M7A &#8211; M7B"},"content":{"rendered":"<p><a href=\"https:\/\/www.eltono.com\/boutique\/\"><img loading=\"lazy\" decoding=\"async\" data-attachment-id=\"21023\" data-permalink=\"https:\/\/www.eltono.com\/fr\/boutique\/dma-m7am7b\/eltono-dma-5-20\/\" data-orig-file=\"https:\/\/www.eltono.com\/wp-content\/uploads\/2020\/05\/Eltono-dma-5-20.jpg\" data-orig-size=\"1200,801\" data-comments-opened=\"0\" data-image-meta=\"{&quot;aperture&quot;:&quot;0&quot;,&quot;credit&quot;:&quot;&quot;,&quot;camera&quot;:&quot;&quot;,&quot;caption&quot;:&quot;&quot;,&quot;created_timestamp&quot;:&quot;0&quot;,&quot;copyright&quot;:&quot;&quot;,&quot;focal_length&quot;:&quot;0&quot;,&quot;iso&quot;:&quot;0&quot;,&quot;shutter_speed&quot;:&quot;0&quot;,&quot;title&quot;:&quot;&quot;,&quot;orientation&quot;:&quot;1&quot;}\" data-image-title=\"Eltono-dma-5-20\" data-image-description=\"\" data-image-caption=\"\" data-medium-file=\"https:\/\/www.eltono.com\/wp-content\/uploads\/2020\/05\/Eltono-dma-5-20-300x200.jpg\" data-large-file=\"https:\/\/www.eltono.com\/wp-content\/uploads\/2020\/05\/Eltono-dma-5-20-700x467.jpg\" class=\"alignleft wp-image-21023 size-full\" src=\"https:\/\/www.eltono.com\/wp-content\/uploads\/2020\/05\/Eltono-dma-5-20.jpg\" alt=\"\" width=\"1200\" height=\"801\" srcset=\"https:\/\/www.eltono.com\/wp-content\/uploads\/2020\/05\/Eltono-dma-5-20.jpg 1200w, https:\/\/www.eltono.com\/wp-content\/uploads\/2020\/05\/Eltono-dma-5-20-300x200.jpg 300w, https:\/\/www.eltono.com\/wp-content\/uploads\/2020\/05\/Eltono-dma-5-20-700x467.jpg 700w, https:\/\/www.eltono.com\/wp-content\/uploads\/2020\/05\/Eltono-dma-5-20-350x234.jpg 350w\" sizes=\"auto, (max-width: 1200px) 100vw, 1200px\" \/><\/a><\/p>\n<p>Dessins M\u00e9caniques Al\u00e9atoires, 3 couleurs, 16 x 24 cm (6.3 x 9.4 pouces)<br \/>\nEncre d&#8217;archivage sur papier Canson Montval 300 g. (sans acide)<br \/>\nS\u00e9rie de monotypes, grace \u00e0 un syst\u00e8me g\u00e9n\u00e9ratif, chaque dessin est unique.<\/p>\n<p>Nouveaux protocoles M7A et M7B<\/p>\n<p>En vente ici : <a href=\"https:\/\/www.eltono.com\/boutique\/product-category\/dma\/\">www.eltono.com\/boutique<\/a><\/p>","protected":false},"excerpt":{"rendered":"<p>Dessins M\u00e9caniques Al\u00e9atoires, 3 couleurs, 16 x 24 cm (6.3 x 9.4 pouces) Encre d&#8217;archivage sur papier Canson Montval 300 g. (sans acide) S\u00e9rie de monotypes, grace \u00e0 un syst\u00e8me g\u00e9n\u00e9ratif, chaque dessin est unique. Nouveaux protocoles M7A et M7B En vente ici : www.eltono.com\/boutique<\/p>\n","protected":false},"author":1,"featured_media":21023,"parent":13,"menu_order":0,"comment_status":"closed","ping_status":"closed","template":"","meta":{"ngg_post_thumbnail":0,"jetpack_post_was_ever_published":false,"footnotes":""},"categories":[336,277,8],"tags":[],"class_list":["post-20976","page","type-page","status-publish","has-post-thumbnail","hentry","category-336","category-generative","category-shop"],"jetpack_sharing_enabled":true,"jetpack_shortlink":"https:\/\/wp.me\/P7sWFx-5sk","_links":{"self":[{"href":"https:\/\/www.eltono.com\/fr\/wp-json\/wp\/v2\/pages\/20976","targetHints":{"allow":["GET"]}}],"collection":[{"href":"https:\/\/www.eltono.com\/fr\/wp-json\/wp\/v2\/pages"}],"about":[{"href":"https:\/\/www.eltono.com\/fr\/wp-json\/wp\/v2\/types\/page"}],"author":[{"embeddable":true,"href":"https:\/\/www.eltono.com\/fr\/wp-json\/wp\/v2\/users\/1"}],"replies":[{"embeddable":true,"href":"https:\/\/www.eltono.com\/fr\/wp-json\/wp\/v2\/comments?post=20976"}],"version-history":[{"count":11,"href":"https:\/\/www.eltono.com\/fr\/wp-json\/wp\/v2\/pages\/20976\/revisions"}],"predecessor-version":[{"id":21027,"href":"https:\/\/www.eltono.com\/fr\/wp-json\/wp\/v2\/pages\/20976\/revisions\/21027"}],"up":[{"embeddable":true,"href":"https:\/\/www.eltono.com\/fr\/wp-json\/wp\/v2\/pages\/13"}],"wp:featuredmedia":[{"embeddable":true,"href":"https:\/\/www.eltono.com\/fr\/wp-json\/wp\/v2\/media\/21023"}],"wp:attachment":[{"href":"https:\/\/www.eltono.com\/fr\/wp-json\/wp\/v2\/media?parent=20976"}],"wp:term":[{"taxonomy":"category","embeddable":true,"href":"https:\/\/www.eltono.com\/fr\/wp-json\/wp\/v2\/categories?post=20976"},{"taxonomy":"post_tag","embeddable":true,"href":"https:\/\/www.eltono.com\/fr\/wp-json\/wp\/v2\/tags?post=20976"}],"curies":[{"name":"wp","href":"https:\/\/api.w.org\/{rel}","templated":true}]}}