{"id":21149,"date":"2020-08-23T18:39:02","date_gmt":"2020-08-23T16:39:02","guid":{"rendered":"https:\/\/www.eltono.com\/?page_id=21149"},"modified":"2021-02-07T15:19:05","modified_gmt":"2021-02-07T13:19:05","slug":"modo39","status":"publish","type":"page","link":"https:\/\/www.eltono.com\/fr\/murals\/modo39\/","title":{"rendered":"Modo n.\u00ba39"},"content":{"rendered":"<p><strong>&#8220;10 kolommen&#8221; peinture murale g\u00e9n\u00e9rative et participative<\/strong><br \/>\nHeerlen, Pays-Bas<br \/>\nAo\u00fbt 2020<br \/>\n130 participants<\/p>\n<p>Projet produit par la <strong>Fondation Stichting Street Art<\/strong> et commissionn\u00e9 par <strong>Approved By Pablo<\/strong>.<\/p>\n<p>L&#8217;immeuble poss\u00e8de un total de 130 appartements. Apr\u00e8s avoir mesur\u00e9 le mur et analys\u00e9 la structure du b\u00e2timent, j&#8217;ai trouv\u00e9 une fa\u00e7on simple et logique de diviser la fa\u00e7ade en 130 cases. Avant de commencer \u00e0 peindre, nous avons parcouru les couloirs en faisant du porte \u00e0 porte pour inviter les r\u00e9sidents \u00e0 ex\u00e9cuter un protocole g\u00e9n\u00e9ratif pour cr\u00e9er ce qui devait \u00eatre peint dans chaque case. La quasi totalit\u00e9 des 130 formes peintes sur le mur ont \u00e9t\u00e9 g\u00e9n\u00e9r\u00e9es par les r\u00e9sidents de l&#8217;immeuble.<\/p>\n<p>Production : Lars Ickenroth<br \/>\nAssistant : Dazetwo<br \/>\nPhotographe : Sanne Gijsbers<\/p>\n<p>ngg_shortcode_0_placeholder<\/p>","protected":false},"excerpt":{"rendered":"<p>&#8220;10 kolommen&#8221; peinture murale g\u00e9n\u00e9rative et participative Heerlen, Pays-Bas Ao\u00fbt 2020 130 participants Projet produit par la Fondation Stichting Street Art et commissionn\u00e9 par Approved By Pablo. L&#8217;immeuble poss\u00e8de un total de 130 appartements. Apr\u00e8s avoir mesur\u00e9 le mur et analys\u00e9 la structure du b\u00e2timent, j&#8217;ai trouv\u00e9 une fa\u00e7on simple et logique de diviser la &hellip; <a href=\"https:\/\/www.eltono.com\/fr\/murals\/modo39\/\" class=\"more-link\">Continue reading <span class=\"screen-reader-text\">Modo n.\u00ba39<\/span><\/a><\/p>\n","protected":false},"author":1,"featured_media":21162,"parent":13155,"menu_order":0,"comment_status":"closed","ping_status":"closed","template":"","meta":{"ngg_post_thumbnail":0,"jetpack_post_was_ever_published":false,"footnotes":""},"categories":[336,277,345,112,262,260,266,306],"tags":[],"class_list":["post-21149","page","type-page","status-publish","has-post-thumbnail","hentry","category-336","category-generative","category-modo","category-mural","category-page_automatic","category-page_mural","category-page_outdoor","category-_actu"],"jetpack_sharing_enabled":true,"jetpack_shortlink":"https:\/\/wp.me\/P7sWFx-5v7","_links":{"self":[{"href":"https:\/\/www.eltono.com\/fr\/wp-json\/wp\/v2\/pages\/21149","targetHints":{"allow":["GET"]}}],"collection":[{"href":"https:\/\/www.eltono.com\/fr\/wp-json\/wp\/v2\/pages"}],"about":[{"href":"https:\/\/www.eltono.com\/fr\/wp-json\/wp\/v2\/types\/page"}],"author":[{"embeddable":true,"href":"https:\/\/www.eltono.com\/fr\/wp-json\/wp\/v2\/users\/1"}],"replies":[{"embeddable":true,"href":"https:\/\/www.eltono.com\/fr\/wp-json\/wp\/v2\/comments?post=21149"}],"version-history":[{"count":25,"href":"https:\/\/www.eltono.com\/fr\/wp-json\/wp\/v2\/pages\/21149\/revisions"}],"predecessor-version":[{"id":21327,"href":"https:\/\/www.eltono.com\/fr\/wp-json\/wp\/v2\/pages\/21149\/revisions\/21327"}],"up":[{"embeddable":true,"href":"https:\/\/www.eltono.com\/fr\/wp-json\/wp\/v2\/pages\/13155"}],"wp:featuredmedia":[{"embeddable":true,"href":"https:\/\/www.eltono.com\/fr\/wp-json\/wp\/v2\/media\/21162"}],"wp:attachment":[{"href":"https:\/\/www.eltono.com\/fr\/wp-json\/wp\/v2\/media?parent=21149"}],"wp:term":[{"taxonomy":"category","embeddable":true,"href":"https:\/\/www.eltono.com\/fr\/wp-json\/wp\/v2\/categories?post=21149"},{"taxonomy":"post_tag","embeddable":true,"href":"https:\/\/www.eltono.com\/fr\/wp-json\/wp\/v2\/tags?post=21149"}],"curies":[{"name":"wp","href":"https:\/\/api.w.org\/{rel}","templated":true}]}}