{"id":21260,"date":"2017-09-20T09:36:59","date_gmt":"2017-09-20T07:36:59","guid":{"rendered":"https:\/\/www.eltono.com\/?page_id=21260"},"modified":"2020-12-29T00:37:21","modified_gmt":"2020-12-28T22:37:21","slug":"6aros","status":"publish","type":"page","link":"https:\/\/www.eltono.com\/fr\/projects\/6aros\/","title":{"rendered":"6 cerceaux"},"content":{"rendered":"<p><strong>SET Espai d\u2019Art<br \/>\n<\/strong>Exposition individuelle <strong><a href=\"https:\/\/www.eltono.com\/exhibitions\/solo\/anomalias\/\"><em>Anomal\u00edas<\/em><\/a><br \/>\n<\/strong>Valence, Espagne<br \/>\n15 septembre \u2013 11 novembre 2017<\/p>\n<p>Sur une carte de Valence, j&#8217;ai cherch\u00e9 des itin\u00e9raires dont la forme soit le plus circulaire possible. J&#8217;en ai retenu 6 aux caract\u00e9ristiques ad\u00e9quates. J&#8217;ai cr\u00e9e une sculpture \u00e0 partir de chaque itin\u00e9raire. J&#8217;ai ensuite fait rouler chaque sculpture dans la ville sur le parcours qu&#8217;elle repr\u00e9sente. Chaque promenade varie de 1 \u00e0 6 km. Les sculptures sont expos\u00e9es dans la galerie dans l&#8217;\u00e9tat que la promenade les a laiss\u00e9es.<\/p>\n<p>ngg_shortcode_0_placeholder<iframe loading=\"lazy\" src=\"https:\/\/www.youtube.com\/embed\/vGy_Te7Dql0?rel=0\" allowfullscreen=\"allowfullscreen\" width=\"693\" height=\"390\" frameborder=\"0\"><\/iframe><\/p>","protected":false},"excerpt":{"rendered":"<p>SET Espai d\u2019Art Exposition individuelle Anomal\u00edas Valence, Espagne 15 septembre \u2013 11 novembre 2017 Sur une carte de Valence, j&#8217;ai cherch\u00e9 des itin\u00e9raires dont la forme soit le plus circulaire possible. J&#8217;en ai retenu 6 aux caract\u00e9ristiques ad\u00e9quates. J&#8217;ai cr\u00e9e une sculpture \u00e0 partir de chaque itin\u00e9raire. J&#8217;ai ensuite fait rouler chaque sculpture dans la &hellip; <a href=\"https:\/\/www.eltono.com\/fr\/projects\/6aros\/\" class=\"more-link\">Continue reading <span class=\"screen-reader-text\">6 cerceaux<\/span><\/a><\/p>\n","protected":false},"author":1,"featured_media":19268,"parent":5,"menu_order":0,"comment_status":"closed","ping_status":"closed","template":"","meta":{"ngg_post_thumbnail":0,"jetpack_post_was_ever_published":false,"footnotes":""},"categories":[303,272,306],"tags":[],"class_list":["post-21260","page","type-page","status-publish","has-post-thumbnail","hentry","category-303","category-page_project","category-_actu"],"jetpack_sharing_enabled":true,"jetpack_shortlink":"https:\/\/wp.me\/P7sWFx-5wU","_links":{"self":[{"href":"https:\/\/www.eltono.com\/fr\/wp-json\/wp\/v2\/pages\/21260","targetHints":{"allow":["GET"]}}],"collection":[{"href":"https:\/\/www.eltono.com\/fr\/wp-json\/wp\/v2\/pages"}],"about":[{"href":"https:\/\/www.eltono.com\/fr\/wp-json\/wp\/v2\/types\/page"}],"author":[{"embeddable":true,"href":"https:\/\/www.eltono.com\/fr\/wp-json\/wp\/v2\/users\/1"}],"replies":[{"embeddable":true,"href":"https:\/\/www.eltono.com\/fr\/wp-json\/wp\/v2\/comments?post=21260"}],"version-history":[{"count":6,"href":"https:\/\/www.eltono.com\/fr\/wp-json\/wp\/v2\/pages\/21260\/revisions"}],"predecessor-version":[{"id":21294,"href":"https:\/\/www.eltono.com\/fr\/wp-json\/wp\/v2\/pages\/21260\/revisions\/21294"}],"up":[{"embeddable":true,"href":"https:\/\/www.eltono.com\/fr\/wp-json\/wp\/v2\/pages\/5"}],"wp:featuredmedia":[{"embeddable":true,"href":"https:\/\/www.eltono.com\/fr\/wp-json\/wp\/v2\/media\/19268"}],"wp:attachment":[{"href":"https:\/\/www.eltono.com\/fr\/wp-json\/wp\/v2\/media?parent=21260"}],"wp:term":[{"taxonomy":"category","embeddable":true,"href":"https:\/\/www.eltono.com\/fr\/wp-json\/wp\/v2\/categories?post=21260"},{"taxonomy":"post_tag","embeddable":true,"href":"https:\/\/www.eltono.com\/fr\/wp-json\/wp\/v2\/tags?post=21260"}],"curies":[{"name":"wp","href":"https:\/\/api.w.org\/{rel}","templated":true}]}}