{"id":21275,"date":"2017-09-19T10:51:24","date_gmt":"2017-09-19T08:51:24","guid":{"rendered":"https:\/\/www.eltono.com\/?page_id=21275"},"modified":"2020-11-15T20:15:24","modified_gmt":"2020-11-15T18:15:24","slug":"piedras-pintadas","status":"publish","type":"page","link":"https:\/\/www.eltono.com\/fr\/projects\/piedras-pintadas\/","title":{"rendered":"Pierres peintes"},"content":{"rendered":"<p><strong>SET Espai d\u2019Art<br \/>\n<\/strong>Exposition individuelle <strong><a href=\"https:\/\/www.eltono.com\/exhibitions\/solo\/anomalias\/\"><em>Anomal\u00edas<\/em><\/a><br \/>\n<\/strong>Valence, Espagne<br \/>\n15 septembre \u2013 11 novembre 2017<\/p>\n<p>J&#8217;ai cherch\u00e9 des pierres dans les rues aux alentours de la galerie. J&#8217;ai r\u00e9ussi \u00e0 en trouver 14. Pour chaque pierre, j&#8217;ai soigneusement not\u00e9 le lieu o\u00f9 elle a \u00e9t\u00e9 trouv\u00e9e. J&#8217;ai emmen\u00e9 toutes les pierres dans l&#8217;atelier et je les ai peintes avec trois couches de trois couleurs diff\u00e9rentes. Ensuite, j&#8217;ai ramen\u00e9 chaque pierre \u00e0 l&#8217;endroit o\u00f9 elle a \u00e9t\u00e9 trouv\u00e9e et je l&#8217;ai promen\u00e9e \u00e0 coups de pied dans les rues de la ville jusqu&#8217;\u00e0 ce qu&#8217;elle franchisse le pas de la porte de la galerie.<\/p>\n<p>ngg_shortcode_0_placeholder<iframe loading=\"lazy\" src=\"https:\/\/www.youtube.com\/embed\/YkjapcHWic0?rel=0\" allowfullscreen=\"allowfullscreen\" width=\"693\" height=\"390\" frameborder=\"0\"><\/iframe><\/p>","protected":false},"excerpt":{"rendered":"<p>SET Espai d\u2019Art Exposition individuelle Anomal\u00edas Valence, Espagne 15 septembre \u2013 11 novembre 2017 J&#8217;ai cherch\u00e9 des pierres dans les rues aux alentours de la galerie. J&#8217;ai r\u00e9ussi \u00e0 en trouver 14. Pour chaque pierre, j&#8217;ai soigneusement not\u00e9 le lieu o\u00f9 elle a \u00e9t\u00e9 trouv\u00e9e. J&#8217;ai emmen\u00e9 toutes les pierres dans l&#8217;atelier et je les &hellip; <a href=\"https:\/\/www.eltono.com\/fr\/projects\/piedras-pintadas\/\" class=\"more-link\">Continue reading <span class=\"screen-reader-text\">Pierres peintes<\/span><\/a><\/p>\n","protected":false},"author":1,"featured_media":21276,"parent":5,"menu_order":0,"comment_status":"closed","ping_status":"closed","template":"","meta":{"ngg_post_thumbnail":0,"jetpack_post_was_ever_published":false,"footnotes":""},"categories":[303,272,306],"tags":[],"class_list":["post-21275","page","type-page","status-publish","has-post-thumbnail","hentry","category-303","category-page_project","category-_actu"],"jetpack_sharing_enabled":true,"jetpack_shortlink":"https:\/\/wp.me\/P7sWFx-5x9","_links":{"self":[{"href":"https:\/\/www.eltono.com\/fr\/wp-json\/wp\/v2\/pages\/21275","targetHints":{"allow":["GET"]}}],"collection":[{"href":"https:\/\/www.eltono.com\/fr\/wp-json\/wp\/v2\/pages"}],"about":[{"href":"https:\/\/www.eltono.com\/fr\/wp-json\/wp\/v2\/types\/page"}],"author":[{"embeddable":true,"href":"https:\/\/www.eltono.com\/fr\/wp-json\/wp\/v2\/users\/1"}],"replies":[{"embeddable":true,"href":"https:\/\/www.eltono.com\/fr\/wp-json\/wp\/v2\/comments?post=21275"}],"version-history":[{"count":4,"href":"https:\/\/www.eltono.com\/fr\/wp-json\/wp\/v2\/pages\/21275\/revisions"}],"predecessor-version":[{"id":21296,"href":"https:\/\/www.eltono.com\/fr\/wp-json\/wp\/v2\/pages\/21275\/revisions\/21296"}],"up":[{"embeddable":true,"href":"https:\/\/www.eltono.com\/fr\/wp-json\/wp\/v2\/pages\/5"}],"wp:featuredmedia":[{"embeddable":true,"href":"https:\/\/www.eltono.com\/fr\/wp-json\/wp\/v2\/media\/21276"}],"wp:attachment":[{"href":"https:\/\/www.eltono.com\/fr\/wp-json\/wp\/v2\/media?parent=21275"}],"wp:term":[{"taxonomy":"category","embeddable":true,"href":"https:\/\/www.eltono.com\/fr\/wp-json\/wp\/v2\/categories?post=21275"},{"taxonomy":"post_tag","embeddable":true,"href":"https:\/\/www.eltono.com\/fr\/wp-json\/wp\/v2\/tags?post=21275"}],"curies":[{"name":"wp","href":"https:\/\/api.w.org\/{rel}","templated":true}]}}