{"id":21280,"date":"2017-09-19T11:00:50","date_gmt":"2017-09-19T09:00:50","guid":{"rendered":"https:\/\/www.eltono.com\/?page_id=21280"},"modified":"2020-11-15T20:15:02","modified_gmt":"2020-11-15T18:15:02","slug":"dibujos-en-la-emt","status":"publish","type":"page","link":"https:\/\/www.eltono.com\/fr\/projects\/dibujos-en-la-emt\/","title":{"rendered":"Dessins dans le bus"},"content":{"rendered":"<p><strong>SET Espai d\u2019Art<br \/>\n<\/strong>Exposition individuelle <strong><a href=\"https:\/\/www.eltono.com\/exhibitions\/solo\/anomalias\/\"><em>Anomal\u00edas<\/em><\/a><br \/>\n<\/strong>Valence, Espagne<br \/>\n15 septembre \u2013 11 novembre 2017<\/p>\n<p>Cherchant toujours \u00e0 m&#8217;\u00e9chapper de la commodit\u00e9 de l&#8217;atelier, j&#8217;ai fait des dessins assis \u00e0 l&#8217;int\u00e9rieur des autobus de la ville de Valence. J&#8217;ai reproduit 12 fois la m\u00eame composition durant 12 trajets sur diff\u00e9rentes lignes urbaines. Chaque imperfection sur les dessins est le fruit des g\u00e8nes occasionn\u00e9es par les mouvements du trajet. Non seulement je n&#8217;avais pas le contr\u00f4le absolu de mon dessin, mais je ne contr\u00f4lais pas non plus o\u00f9 m&#8217;emmenait l&#8217;exp\u00e9rience ; en relevant la t\u00eate \u00e0 la fin de chaque dessin, dans presque tous les cas, j&#8217;\u00e9tais compl\u00e8tement perdu.<\/p>\n<p>ngg_shortcode_0_placeholder<iframe loading=\"lazy\" src=\"https:\/\/www.youtube.com\/embed\/iCu_pTPHhG8?rel=0\" allowfullscreen=\"allowfullscreen\" width=\"700\" height=\"393\" frameborder=\"0\"><\/iframe><\/p>","protected":false},"excerpt":{"rendered":"<p>SET Espai d\u2019Art Exposition individuelle Anomal\u00edas Valence, Espagne 15 septembre \u2013 11 novembre 2017 Cherchant toujours \u00e0 m&#8217;\u00e9chapper de la commodit\u00e9 de l&#8217;atelier, j&#8217;ai fait des dessins assis \u00e0 l&#8217;int\u00e9rieur des autobus de la ville de Valence. J&#8217;ai reproduit 12 fois la m\u00eame composition durant 12 trajets sur diff\u00e9rentes lignes urbaines. Chaque imperfection sur les &hellip; <a href=\"https:\/\/www.eltono.com\/fr\/projects\/dibujos-en-la-emt\/\" class=\"more-link\">Continue reading <span class=\"screen-reader-text\">Dessins dans le bus<\/span><\/a><\/p>\n","protected":false},"author":1,"featured_media":21282,"parent":5,"menu_order":0,"comment_status":"closed","ping_status":"closed","template":"","meta":{"ngg_post_thumbnail":0,"jetpack_post_was_ever_published":false,"footnotes":""},"categories":[303,272,306],"tags":[],"class_list":["post-21280","page","type-page","status-publish","has-post-thumbnail","hentry","category-303","category-page_project","category-_actu"],"jetpack_sharing_enabled":true,"jetpack_shortlink":"https:\/\/wp.me\/P7sWFx-5xe","_links":{"self":[{"href":"https:\/\/www.eltono.com\/fr\/wp-json\/wp\/v2\/pages\/21280","targetHints":{"allow":["GET"]}}],"collection":[{"href":"https:\/\/www.eltono.com\/fr\/wp-json\/wp\/v2\/pages"}],"about":[{"href":"https:\/\/www.eltono.com\/fr\/wp-json\/wp\/v2\/types\/page"}],"author":[{"embeddable":true,"href":"https:\/\/www.eltono.com\/fr\/wp-json\/wp\/v2\/users\/1"}],"replies":[{"embeddable":true,"href":"https:\/\/www.eltono.com\/fr\/wp-json\/wp\/v2\/comments?post=21280"}],"version-history":[{"count":4,"href":"https:\/\/www.eltono.com\/fr\/wp-json\/wp\/v2\/pages\/21280\/revisions"}],"predecessor-version":[{"id":21295,"href":"https:\/\/www.eltono.com\/fr\/wp-json\/wp\/v2\/pages\/21280\/revisions\/21295"}],"up":[{"embeddable":true,"href":"https:\/\/www.eltono.com\/fr\/wp-json\/wp\/v2\/pages\/5"}],"wp:featuredmedia":[{"embeddable":true,"href":"https:\/\/www.eltono.com\/fr\/wp-json\/wp\/v2\/media\/21282"}],"wp:attachment":[{"href":"https:\/\/www.eltono.com\/fr\/wp-json\/wp\/v2\/media?parent=21280"}],"wp:term":[{"taxonomy":"category","embeddable":true,"href":"https:\/\/www.eltono.com\/fr\/wp-json\/wp\/v2\/categories?post=21280"},{"taxonomy":"post_tag","embeddable":true,"href":"https:\/\/www.eltono.com\/fr\/wp-json\/wp\/v2\/tags?post=21280"}],"curies":[{"name":"wp","href":"https:\/\/api.w.org\/{rel}","templated":true}]}}