{"id":21286,"date":"2018-04-02T11:14:03","date_gmt":"2018-04-02T09:14:03","guid":{"rendered":"https:\/\/www.eltono.com\/?page_id=21286"},"modified":"2020-11-15T20:11:56","modified_gmt":"2020-11-15T18:11:56","slug":"tourbillons","status":"publish","type":"page","link":"https:\/\/www.eltono.com\/fr\/projects\/tourbillons\/","title":{"rendered":"Tourbillons"},"content":{"rendered":"<p><a href=\"https:\/\/www.eltono.com\/projects\/palma-festival\/\"><strong>R\u00e9sidence Festival Palma<\/strong><\/a><br \/>\nLe Pavillon, Caen, France<br \/>\nMars 2018<\/p>\n<p>Un jour, en traversant le barrage de l&#8217;Orne (un pont barrage construit en 1908 qui sert \u00e0 r\u00e9guler la mar\u00e9e), j&#8217;ai r\u00e9alis\u00e9 que devant chaque porte, du c\u00f4t\u00e9 aval, l&#8217;eau formait de tr\u00e8s puissants tourbillons. Quand je suis retourn\u00e9 sur le barrage le jour suivant, j&#8217;ai remarqu\u00e9 que les d\u00e9bris qui flottaient la veille \u00e9taient toujours en train de tourner au m\u00eame endroit. J&#8217;ai compris que les tourbillons \u00e9taient si puissants que les objets pris dedans n&#8217;avaient que tr\u00e8s peu de chance de s&#8217;\u00e9chapper. J&#8217;ai donc eu l&#8217;id\u00e9e d&#8217;y jeter des \u0153uvres et d&#8217;observer ce qui allait se passer. Apr\u00e8s 5 jours j&#8217;ai d\u00e9cid\u00e9 de les r\u00e9cup\u00e9rer et, non sans difficult\u00e9s, j&#8217;ai r\u00e9ussi \u00e0 les rep\u00eacher et \u00e0 les rapporter \u00e0 l&#8217;espace d&#8217;exposition.<\/p>\n<p><iframe loading=\"lazy\" src=\"https:\/\/www.youtube.com\/embed\/NUu4t11MVJ4?rel=0\" allowfullscreen=\"allowfullscreen\" width=\"700\" height=\"394\" frameborder=\"0\"><\/iframe><\/p>\n<p>ngg_shortcode_0_placeholder<\/p>","protected":false},"excerpt":{"rendered":"<p>R\u00e9sidence Festival Palma Le Pavillon, Caen, France Mars 2018 Un jour, en traversant le barrage de l&#8217;Orne (un pont barrage construit en 1908 qui sert \u00e0 r\u00e9guler la mar\u00e9e), j&#8217;ai r\u00e9alis\u00e9 que devant chaque porte, du c\u00f4t\u00e9 aval, l&#8217;eau formait de tr\u00e8s puissants tourbillons. Quand je suis retourn\u00e9 sur le barrage le jour suivant, j&#8217;ai &hellip; <a href=\"https:\/\/www.eltono.com\/fr\/projects\/tourbillons\/\" class=\"more-link\">Continue reading <span class=\"screen-reader-text\">Tourbillons<\/span><\/a><\/p>\n","protected":false},"author":1,"featured_media":21288,"parent":5,"menu_order":0,"comment_status":"closed","ping_status":"closed","template":"","meta":{"ngg_post_thumbnail":0,"jetpack_post_was_ever_published":false,"footnotes":""},"categories":[308,5,272,7],"tags":[],"class_list":["post-21286","page","type-page","status-publish","has-post-thumbnail","hentry","category-308","category-interventions","category-page_project","category-projects"],"jetpack_sharing_enabled":true,"jetpack_shortlink":"https:\/\/wp.me\/P7sWFx-5xk","_links":{"self":[{"href":"https:\/\/www.eltono.com\/fr\/wp-json\/wp\/v2\/pages\/21286","targetHints":{"allow":["GET"]}}],"collection":[{"href":"https:\/\/www.eltono.com\/fr\/wp-json\/wp\/v2\/pages"}],"about":[{"href":"https:\/\/www.eltono.com\/fr\/wp-json\/wp\/v2\/types\/page"}],"author":[{"embeddable":true,"href":"https:\/\/www.eltono.com\/fr\/wp-json\/wp\/v2\/users\/1"}],"replies":[{"embeddable":true,"href":"https:\/\/www.eltono.com\/fr\/wp-json\/wp\/v2\/comments?post=21286"}],"version-history":[{"count":7,"href":"https:\/\/www.eltono.com\/fr\/wp-json\/wp\/v2\/pages\/21286\/revisions"}],"predecessor-version":[{"id":21323,"href":"https:\/\/www.eltono.com\/fr\/wp-json\/wp\/v2\/pages\/21286\/revisions\/21323"}],"up":[{"embeddable":true,"href":"https:\/\/www.eltono.com\/fr\/wp-json\/wp\/v2\/pages\/5"}],"wp:featuredmedia":[{"embeddable":true,"href":"https:\/\/www.eltono.com\/fr\/wp-json\/wp\/v2\/media\/21288"}],"wp:attachment":[{"href":"https:\/\/www.eltono.com\/fr\/wp-json\/wp\/v2\/media?parent=21286"}],"wp:term":[{"taxonomy":"category","embeddable":true,"href":"https:\/\/www.eltono.com\/fr\/wp-json\/wp\/v2\/categories?post=21286"},{"taxonomy":"post_tag","embeddable":true,"href":"https:\/\/www.eltono.com\/fr\/wp-json\/wp\/v2\/tags?post=21286"}],"curies":[{"name":"wp","href":"https:\/\/api.w.org\/{rel}","templated":true}]}}