{"id":21326,"date":"2020-11-18T20:49:15","date_gmt":"2020-11-18T18:49:15","guid":{"rendered":"https:\/\/www.eltono.com\/?page_id=21326"},"modified":"2022-09-14T13:59:16","modified_gmt":"2022-09-14T11:59:16","slug":"modo41","status":"publish","type":"page","link":"https:\/\/www.eltono.com\/fr\/murals\/modo41\/","title":{"rendered":"Modo n.\u00ba41"},"content":{"rendered":"<p><strong>Peinture murale g\u00e9n\u00e9rative et participative<\/strong><br \/>\nColl\u00e8ge Gis\u00e8le Guillet, Mondeville, France<br \/>\nNovembre 2020<br \/>\n52 participants<\/p>\n<p>Projet r\u00e9alis\u00e9 avec la participation de 52 \u00e9l\u00e8ves de 4e dans le cadre du <a href=\"https:\/\/palmafestival.com\/\" target=\"_blank\" rel=\"noopener noreferrer\">Festival Palma<\/a>.<\/p>\n<p>ngg_shortcode_0_placeholder<\/p>","protected":false},"excerpt":{"rendered":"<p>Peinture murale g\u00e9n\u00e9rative et participative Coll\u00e8ge Gis\u00e8le Guillet, Mondeville, France Novembre 2020 52 participants Projet r\u00e9alis\u00e9 avec la participation de 52 \u00e9l\u00e8ves de 4e dans le cadre du Festival Palma.<\/p>\n","protected":false},"author":1,"featured_media":21339,"parent":13155,"menu_order":0,"comment_status":"closed","ping_status":"closed","template":"","meta":{"ngg_post_thumbnail":0,"jetpack_post_was_ever_published":false,"footnotes":""},"categories":[336,277,345,112,262,260,266,306],"tags":[],"class_list":["post-21326","page","type-page","status-publish","has-post-thumbnail","hentry","category-336","category-generative","category-modo","category-mural","category-page_automatic","category-page_mural","category-page_outdoor","category-_actu"],"jetpack_sharing_enabled":true,"jetpack_shortlink":"https:\/\/wp.me\/P7sWFx-5xY","_links":{"self":[{"href":"https:\/\/www.eltono.com\/fr\/wp-json\/wp\/v2\/pages\/21326","targetHints":{"allow":["GET"]}}],"collection":[{"href":"https:\/\/www.eltono.com\/fr\/wp-json\/wp\/v2\/pages"}],"about":[{"href":"https:\/\/www.eltono.com\/fr\/wp-json\/wp\/v2\/types\/page"}],"author":[{"embeddable":true,"href":"https:\/\/www.eltono.com\/fr\/wp-json\/wp\/v2\/users\/1"}],"replies":[{"embeddable":true,"href":"https:\/\/www.eltono.com\/fr\/wp-json\/wp\/v2\/comments?post=21326"}],"version-history":[{"count":8,"href":"https:\/\/www.eltono.com\/fr\/wp-json\/wp\/v2\/pages\/21326\/revisions"}],"predecessor-version":[{"id":22653,"href":"https:\/\/www.eltono.com\/fr\/wp-json\/wp\/v2\/pages\/21326\/revisions\/22653"}],"up":[{"embeddable":true,"href":"https:\/\/www.eltono.com\/fr\/wp-json\/wp\/v2\/pages\/13155"}],"wp:featuredmedia":[{"embeddable":true,"href":"https:\/\/www.eltono.com\/fr\/wp-json\/wp\/v2\/media\/21339"}],"wp:attachment":[{"href":"https:\/\/www.eltono.com\/fr\/wp-json\/wp\/v2\/media?parent=21326"}],"wp:term":[{"taxonomy":"category","embeddable":true,"href":"https:\/\/www.eltono.com\/fr\/wp-json\/wp\/v2\/categories?post=21326"},{"taxonomy":"post_tag","embeddable":true,"href":"https:\/\/www.eltono.com\/fr\/wp-json\/wp\/v2\/tags?post=21326"}],"curies":[{"name":"wp","href":"https:\/\/api.w.org\/{rel}","templated":true}]}}