{"id":21527,"date":"2020-12-25T11:43:49","date_gmt":"2020-12-25T09:43:49","guid":{"rendered":"https:\/\/www.eltono.com\/?page_id=21527"},"modified":"2020-12-29T11:56:29","modified_gmt":"2020-12-29T09:56:29","slug":"dmaoffset","status":"publish","type":"page","link":"https:\/\/www.eltono.com\/fr\/boutique\/dmaoffset\/","title":{"rendered":"S\u00e9rie &#8220;DMA Offset&#8221;"},"content":{"rendered":"<p><a href=\"https:\/\/www.eltono.com\/wp-content\/uploads\/2020\/12\/Eltono-DMA-Offset-F.jpg\"><img loading=\"lazy\" decoding=\"async\" data-attachment-id=\"21529\" data-permalink=\"https:\/\/www.eltono.com\/fr\/boutique\/dmaoffset\/eltono-dma-offset-f\/\" data-orig-file=\"https:\/\/www.eltono.com\/wp-content\/uploads\/2020\/12\/Eltono-DMA-Offset-F.jpg\" data-orig-size=\"644,900\" data-comments-opened=\"0\" data-image-meta=\"{&quot;aperture&quot;:&quot;0&quot;,&quot;credit&quot;:&quot;&quot;,&quot;camera&quot;:&quot;&quot;,&quot;caption&quot;:&quot;&quot;,&quot;created_timestamp&quot;:&quot;0&quot;,&quot;copyright&quot;:&quot;&quot;,&quot;focal_length&quot;:&quot;0&quot;,&quot;iso&quot;:&quot;0&quot;,&quot;shutter_speed&quot;:&quot;0&quot;,&quot;title&quot;:&quot;&quot;,&quot;orientation&quot;:&quot;0&quot;}\" data-image-title=\"Eltono-DMA-Offset-F\" data-image-description=\"\" data-image-caption=\"\" data-medium-file=\"https:\/\/www.eltono.com\/wp-content\/uploads\/2020\/12\/Eltono-DMA-Offset-F-215x300.jpg\" data-large-file=\"https:\/\/www.eltono.com\/wp-content\/uploads\/2020\/12\/Eltono-DMA-Offset-F.jpg\" class=\"alignleft size-full wp-image-21529\" src=\"https:\/\/www.eltono.com\/wp-content\/uploads\/2020\/12\/Eltono-DMA-Offset-F.jpg\" alt=\"\" width=\"644\" height=\"900\" srcset=\"https:\/\/www.eltono.com\/wp-content\/uploads\/2020\/12\/Eltono-DMA-Offset-F.jpg 644w, https:\/\/www.eltono.com\/wp-content\/uploads\/2020\/12\/Eltono-DMA-Offset-F-215x300.jpg 215w, https:\/\/www.eltono.com\/wp-content\/uploads\/2020\/12\/Eltono-DMA-Offset-F-350x489.jpg 350w\" sizes=\"auto, (max-width: 644px) 100vw, 644px\" \/><\/a><\/p>\n<p><em><strong>DMA, Dessins M\u00e9caniques Al\u00e9atoires<\/strong><\/em><\/p>\n<p>Encre de qualit\u00e9 d\u2019archivage sur papier Canson Montval 300 g. sans acide.<\/p>\n<p>Les dessins <em><strong>DMA <\/strong><\/em>sont compos\u00e9s de trois couches de couleur diff\u00e9rentes trac\u00e9es les unes sur les autres. Pour chaque couche, les figures, leurs positions et leurs rotations sont al\u00e9atoires. Le protocole d\u00e9fini une grille de 2 x 3 avec 5 figures, 6 positions, 8 rotations et 2 orientations pour les rayures. En op\u00e9rant avec ces param\u00e8tres, le programme cr\u00e9er un code qui est envoy\u00e9 \u00e0 la machine sur laquelle est mont\u00e9 un feutre. Chaque couche est d\u2019une couleur diff\u00e9rente donc le feutre doit \u00eatre chang\u00e9 avant de tracer une nouvelle couche.<\/p>\n<p>&nbsp;<\/p>\n<p>En vente ici : <a href=\"https:\/\/www.eltono.com\/es\/boutique\/product-tag\/dma\/\">www.eltono.com\/boutique<\/a><\/p>","protected":false},"excerpt":{"rendered":"<p>DMA, Dessins M\u00e9caniques Al\u00e9atoires Encre de qualit\u00e9 d\u2019archivage sur papier Canson Montval 300 g. sans acide. Les dessins DMA sont compos\u00e9s de trois couches de couleur diff\u00e9rentes trac\u00e9es les unes sur les autres. Pour chaque couche, les figures, leurs positions et leurs rotations sont al\u00e9atoires. Le protocole d\u00e9fini une grille de 2 x 3 avec &hellip; <a href=\"https:\/\/www.eltono.com\/fr\/boutique\/dmaoffset\/\" class=\"more-link\">Continue reading <span class=\"screen-reader-text\">S\u00e9rie &#8220;DMA Offset&#8221;<\/span><\/a><\/p>\n","protected":false},"author":1,"featured_media":21531,"parent":13,"menu_order":0,"comment_status":"closed","ping_status":"closed","template":"","meta":{"ngg_post_thumbnail":0,"jetpack_post_was_ever_published":false,"footnotes":""},"categories":[336,334,277,8],"tags":[],"class_list":["post-21527","page","type-page","status-publish","has-post-thumbnail","hentry","category-336","category-destacados","category-generative","category-shop"],"jetpack_sharing_enabled":true,"jetpack_shortlink":"https:\/\/wp.me\/P7sWFx-5Bd","_links":{"self":[{"href":"https:\/\/www.eltono.com\/fr\/wp-json\/wp\/v2\/pages\/21527","targetHints":{"allow":["GET"]}}],"collection":[{"href":"https:\/\/www.eltono.com\/fr\/wp-json\/wp\/v2\/pages"}],"about":[{"href":"https:\/\/www.eltono.com\/fr\/wp-json\/wp\/v2\/types\/page"}],"author":[{"embeddable":true,"href":"https:\/\/www.eltono.com\/fr\/wp-json\/wp\/v2\/users\/1"}],"replies":[{"embeddable":true,"href":"https:\/\/www.eltono.com\/fr\/wp-json\/wp\/v2\/comments?post=21527"}],"version-history":[{"count":2,"href":"https:\/\/www.eltono.com\/fr\/wp-json\/wp\/v2\/pages\/21527\/revisions"}],"predecessor-version":[{"id":21532,"href":"https:\/\/www.eltono.com\/fr\/wp-json\/wp\/v2\/pages\/21527\/revisions\/21532"}],"up":[{"embeddable":true,"href":"https:\/\/www.eltono.com\/fr\/wp-json\/wp\/v2\/pages\/13"}],"wp:featuredmedia":[{"embeddable":true,"href":"https:\/\/www.eltono.com\/fr\/wp-json\/wp\/v2\/media\/21531"}],"wp:attachment":[{"href":"https:\/\/www.eltono.com\/fr\/wp-json\/wp\/v2\/media?parent=21527"}],"wp:term":[{"taxonomy":"category","embeddable":true,"href":"https:\/\/www.eltono.com\/fr\/wp-json\/wp\/v2\/categories?post=21527"},{"taxonomy":"post_tag","embeddable":true,"href":"https:\/\/www.eltono.com\/fr\/wp-json\/wp\/v2\/tags?post=21527"}],"curies":[{"name":"wp","href":"https:\/\/api.w.org\/{rel}","templated":true}]}}