{"id":21566,"date":"2021-01-26T18:39:32","date_gmt":"2021-01-26T16:39:32","guid":{"rendered":"https:\/\/www.eltono.com\/?page_id=21566"},"modified":"2021-03-04T11:42:10","modified_gmt":"2021-03-04T09:42:10","slug":"stylus","status":"publish","type":"page","link":"https:\/\/www.eltono.com\/fr\/stylus\/","title":{"rendered":"Stylus"},"content":{"rendered":"<p class=\"qtranxs-available-languages-message qtranxs-available-languages-message-fr\">D\u00e9sol\u00e9, cet article n'est pas encore disponible en fran\u00e7ais.<br>En attendant, vous pouvez toujours le lire en <a href=\"https:\/\/www.eltono.com\/en\/wp-json\/wp\/v2\/pages\/21566\" class=\"qtranxs-available-language-link qtranxs-available-language-link-en\" title=\"English\">English<\/a>. For the sake of viewer convenience, the content is shown below in the alternative language. You may click the link to switch the active language.<\/p><p>Mechanical Aleatory Digital Drawings<\/p>\n<p><strong><em>Stylus<\/em> <\/strong>is a series of generative drawings made with a CNC on the touch screen of a tablet. They use the &#8220;<a href=\"https:\/\/opensea.io\/collection\/accumulation\/\" target=\"_blank\" rel=\"noopener noreferrer\">Accumulation<\/a>&#8221; protocol with few layers (usually between 1 and 4). Colors are arranged by the roll of a dice and selected by hand on the tablet.<\/p>\n<p>Starting with a digital process, going through an analog execution and ending up with a digital file, these Mechanical Aleatory Digital Drawings are playing with the limits between real and digital and how each one of these worlds can affect the other.<\/p>\n<p><strong>Each drawing is unique and part of a limited algorithmic edition.<\/strong><br \/>\n.png file, 1180 x 800 px, available as NFTs on Opensea: <a href=\"https:\/\/opensea.io\/collection\/stylus\" target=\"_blank\" rel=\"noopener noreferrer\">https:\/\/opensea.io\/collection\/stylus<\/a><\/p>\n<p>ngg_shortcode_0_placeholderEach change in the process (size of the grid, type of brush, background color&#8230;) creates a new set. These sets have between 6 and 9 iterations maximum.<\/p>\n<p><strong>Sets (updated 01\/03\/2021):<\/strong><\/p>\n<ol>\n<li>OG, 6 iterations generated on the 26\/01\/2021 (3 minted)<\/li>\n<li>3C, 9 iterations generated on the 26 and 27\/01\/2021 (0 minted)<\/li>\n<li>4C, 6 iterations, 4 generated on the 27\/01\/2021 (4\/4 minted)<\/li>\n<li>Neon (white background), 6 iterations, 3 generated on the 28\/01\/2021, 3 generated on the 03\/03\/2021 (6\/6 minted)<\/li>\n<li>Neon (black background), 6 iterations, 3 generated on the 28\/01\/2021, 3 generated on the 03\/03\/2021 (6\/6 minted)<\/li>\n<li>CS (Chromie Squiggle Tribute, white background), 6 iterations, 3 generated on the 28 and 29\/01\/2021, 3 generated on the 02\/03\/2021 (6\/6 minted)<\/li>\n<li>CS (Chromie Squiggle Tribute, black background), 6 iterations, 3 generated on the 29\/01\/2021, 3 generated on the 01\/03\/2021 (6\/6 minted)<\/li>\n<li>CS (Chromie Squiggle Tribute, black background, no frame), 6 iterations, 6 generated on the 01\/03\/2021 (6\/6 minted)<\/li>\n<li>CS (Chromie Squiggle Tribute, white background, no frame), 6 iterations, 6 generated on the 04\/03\/2021 (6\/6 minted)<\/li>\n<\/ol>\n<p><strong>Details of the process:<\/strong><\/p>\n<p>Following a protocol based on my generative mural painting (<a href=\"https:\/\/www.eltono.com\/en\/murals\/modo-6\/\" target=\"_blank\" rel=\"noopener noreferrer\">Modo n.\u00b06<\/a>), 6 shapes are randomly placed on a grid (position and rotation are picked at random). In the &#8220;Accumulation&#8221; protocol, I use only one line on one side of each shape:<\/p>\n<p><a href=\"https:\/\/www.eltono.com\/wp-content\/uploads\/2021\/01\/Eltono-Prot-Stylus.jpg\"><img loading=\"lazy\" decoding=\"async\" data-attachment-id=\"21612\" data-permalink=\"https:\/\/www.eltono.com\/fr\/stylus\/eltono-prot-stylus\/\" data-orig-file=\"https:\/\/www.eltono.com\/wp-content\/uploads\/2021\/01\/Eltono-Prot-Stylus.jpg\" data-orig-size=\"900,540\" data-comments-opened=\"0\" data-image-meta=\"{&quot;aperture&quot;:&quot;0&quot;,&quot;credit&quot;:&quot;&quot;,&quot;camera&quot;:&quot;&quot;,&quot;caption&quot;:&quot;&quot;,&quot;created_timestamp&quot;:&quot;0&quot;,&quot;copyright&quot;:&quot;&quot;,&quot;focal_length&quot;:&quot;0&quot;,&quot;iso&quot;:&quot;0&quot;,&quot;shutter_speed&quot;:&quot;0&quot;,&quot;title&quot;:&quot;&quot;,&quot;orientation&quot;:&quot;0&quot;}\" data-image-title=\"Eltono-Prot-Stylus\" data-image-description=\"\" data-image-caption=\"\" data-medium-file=\"https:\/\/www.eltono.com\/wp-content\/uploads\/2021\/01\/Eltono-Prot-Stylus-300x180.jpg\" data-large-file=\"https:\/\/www.eltono.com\/wp-content\/uploads\/2021\/01\/Eltono-Prot-Stylus-700x420.jpg\" class=\"alignleft size-full wp-image-21612\" src=\"https:\/\/www.eltono.com\/wp-content\/uploads\/2021\/01\/Eltono-Prot-Stylus.jpg\" alt=\"\" width=\"900\" height=\"540\" srcset=\"https:\/\/www.eltono.com\/wp-content\/uploads\/2021\/01\/Eltono-Prot-Stylus.jpg 900w, https:\/\/www.eltono.com\/wp-content\/uploads\/2021\/01\/Eltono-Prot-Stylus-300x180.jpg 300w, https:\/\/www.eltono.com\/wp-content\/uploads\/2021\/01\/Eltono-Prot-Stylus-700x420.jpg 700w, https:\/\/www.eltono.com\/wp-content\/uploads\/2021\/01\/Eltono-Prot-Stylus-350x210.jpg 350w\" sizes=\"auto, (max-width: 900px) 100vw, 900px\" \/><\/a><\/p>\n<p>Three .svg files are generated with Processing. The files are open in Aspire to calculate the tool path which is saved as G code and sent to the CNC with a special stylus mounted on it. The CNC draws on the touch screen of a tablet running a painting app. The drawing is saved as a .png with no further edition.<\/p>\n<p><iframe loading=\"lazy\" style=\"background-color: #000000;\" src=\"https:\/\/player.vimeo.com\/video\/504857891?title=0&amp;byline=0&amp;portrait=0\" allowfullscreen=\"allowfullscreen\" width=\"500\" height=\"375\" frameborder=\"0\"><span style=\"display: inline-block; width: 0px; overflow: hidden; line-height: 0;\" data-mce-type=\"bookmark\" class=\"mce_SELRES_start\">\ufeff<\/span><\/iframe><\/p>\n<p>ngg_shortcode_1_placeholder<\/p>","protected":false},"excerpt":{"rendered":"<p>D\u00e9sol\u00e9, cet article n&#8217;est pas encore disponible en fran\u00e7ais.En attendant, vous pouvez toujours le lire en English. For the sake of viewer convenience, the content is shown below in the alternative language. You may click the link to switch the active language.Mechanical Aleatory Digital Drawings Stylus is a series of generative drawings made with a &hellip; <a href=\"https:\/\/www.eltono.com\/fr\/stylus\/\" class=\"more-link\">Continue reading <span class=\"screen-reader-text\">Stylus<\/span><\/a><\/p>\n","protected":false},"author":1,"featured_media":0,"parent":0,"menu_order":0,"comment_status":"closed","ping_status":"closed","template":"","meta":{"ngg_post_thumbnail":0,"jetpack_post_was_ever_published":false,"footnotes":""},"categories":[],"tags":[],"class_list":["post-21566","page","type-page","status-publish","hentry"],"jetpack_sharing_enabled":true,"jetpack_shortlink":"https:\/\/wp.me\/P7sWFx-5BQ","_links":{"self":[{"href":"https:\/\/www.eltono.com\/fr\/wp-json\/wp\/v2\/pages\/21566","targetHints":{"allow":["GET"]}}],"collection":[{"href":"https:\/\/www.eltono.com\/fr\/wp-json\/wp\/v2\/pages"}],"about":[{"href":"https:\/\/www.eltono.com\/fr\/wp-json\/wp\/v2\/types\/page"}],"author":[{"embeddable":true,"href":"https:\/\/www.eltono.com\/fr\/wp-json\/wp\/v2\/users\/1"}],"replies":[{"embeddable":true,"href":"https:\/\/www.eltono.com\/fr\/wp-json\/wp\/v2\/comments?post=21566"}],"version-history":[{"count":36,"href":"https:\/\/www.eltono.com\/fr\/wp-json\/wp\/v2\/pages\/21566\/revisions"}],"predecessor-version":[{"id":22000,"href":"https:\/\/www.eltono.com\/fr\/wp-json\/wp\/v2\/pages\/21566\/revisions\/22000"}],"wp:attachment":[{"href":"https:\/\/www.eltono.com\/fr\/wp-json\/wp\/v2\/media?parent=21566"}],"wp:term":[{"taxonomy":"category","embeddable":true,"href":"https:\/\/www.eltono.com\/fr\/wp-json\/wp\/v2\/categories?post=21566"},{"taxonomy":"post_tag","embeddable":true,"href":"https:\/\/www.eltono.com\/fr\/wp-json\/wp\/v2\/tags?post=21566"}],"curies":[{"name":"wp","href":"https:\/\/api.w.org\/{rel}","templated":true}]}}