{"id":21640,"date":"2018-11-02T12:51:43","date_gmt":"2018-11-02T10:51:43","guid":{"rendered":"https:\/\/www.eltono.com\/?page_id=21640"},"modified":"2021-02-05T14:41:01","modified_gmt":"2021-02-05T12:41:01","slug":"modo32","status":"publish","type":"page","link":"https:\/\/www.eltono.com\/fr\/murals\/modo32\/","title":{"rendered":"Modo n.\u00ba32"},"content":{"rendered":"<p><strong>Peinture murale g\u00e9n\u00e9rative<br \/>\n<\/strong>Facebook AIR Program<br \/>\nParis, France<br \/>\nNovembre 2018<\/p>\n<p>Projet r\u00e9alis\u00e9 dans le cadre de FB Artist in Residence dans les nouveaux bureaux de Facebook \u00e0 Paris.<\/p>\nngg_shortcode_0_placeholder\n<p><iframe loading=\"lazy\" width=\"700\" height=\"394\" src=\"https:\/\/www.youtube.com\/embed\/h5ycY2cHUw8\" frameborder=\"0\" allow=\"accelerometer; autoplay; clipboard-write; encrypted-media; gyroscope; picture-in-picture\" allowfullscreen><\/iframe><\/p>","protected":false},"excerpt":{"rendered":"<p>Peinture murale g\u00e9n\u00e9rative Facebook AIR Program Paris, France Novembre 2018 Projet r\u00e9alis\u00e9 dans le cadre de FB Artist in Residence dans les nouveaux bureaux de Facebook \u00e0 Paris.<\/p>\n","protected":false},"author":1,"featured_media":21657,"parent":13155,"menu_order":0,"comment_status":"closed","ping_status":"closed","template":"","meta":{"ngg_post_thumbnail":0,"jetpack_post_was_ever_published":false,"footnotes":""},"categories":[308,277,345,112,260],"tags":[],"class_list":["post-21640","page","type-page","status-publish","has-post-thumbnail","hentry","category-308","category-generative","category-modo","category-mural","category-page_mural"],"jetpack_sharing_enabled":true,"jetpack_shortlink":"https:\/\/wp.me\/P7sWFx-5D2","_links":{"self":[{"href":"https:\/\/www.eltono.com\/fr\/wp-json\/wp\/v2\/pages\/21640","targetHints":{"allow":["GET"]}}],"collection":[{"href":"https:\/\/www.eltono.com\/fr\/wp-json\/wp\/v2\/pages"}],"about":[{"href":"https:\/\/www.eltono.com\/fr\/wp-json\/wp\/v2\/types\/page"}],"author":[{"embeddable":true,"href":"https:\/\/www.eltono.com\/fr\/wp-json\/wp\/v2\/users\/1"}],"replies":[{"embeddable":true,"href":"https:\/\/www.eltono.com\/fr\/wp-json\/wp\/v2\/comments?post=21640"}],"version-history":[{"count":5,"href":"https:\/\/www.eltono.com\/fr\/wp-json\/wp\/v2\/pages\/21640\/revisions"}],"predecessor-version":[{"id":21665,"href":"https:\/\/www.eltono.com\/fr\/wp-json\/wp\/v2\/pages\/21640\/revisions\/21665"}],"up":[{"embeddable":true,"href":"https:\/\/www.eltono.com\/fr\/wp-json\/wp\/v2\/pages\/13155"}],"wp:featuredmedia":[{"embeddable":true,"href":"https:\/\/www.eltono.com\/fr\/wp-json\/wp\/v2\/media\/21657"}],"wp:attachment":[{"href":"https:\/\/www.eltono.com\/fr\/wp-json\/wp\/v2\/media?parent=21640"}],"wp:term":[{"taxonomy":"category","embeddable":true,"href":"https:\/\/www.eltono.com\/fr\/wp-json\/wp\/v2\/categories?post=21640"},{"taxonomy":"post_tag","embeddable":true,"href":"https:\/\/www.eltono.com\/fr\/wp-json\/wp\/v2\/tags?post=21640"}],"curies":[{"name":"wp","href":"https:\/\/api.w.org\/{rel}","templated":true}]}}