{"id":22060,"date":"2021-08-14T12:59:24","date_gmt":"2021-08-14T10:59:24","guid":{"rendered":"https:\/\/www.eltono.com\/?page_id=22060"},"modified":"2022-01-05T18:18:00","modified_gmt":"2022-01-05T16:18:00","slug":"modo48","status":"publish","type":"page","link":"https:\/\/www.eltono.com\/fr\/murals\/modo48\/","title":{"rendered":"Modo n.\u00ba48"},"content":{"rendered":"<p><strong>Peinture murale g\u00e9n\u00e9rative et participative<\/strong><br \/>\nCentre DAIS, Melun, France<br \/>\nJuillet 2021<br \/>\n6 participants<\/p>\n<p>Projet commissionn\u00e9 par le <strong>Centre Georges Pompidou<\/strong> et produit par le <strong>Studio 13\/16<\/strong>.<\/p>\n<p><a href=\"https:\/\/www.eltono.com\/wp-content\/uploads\/2021\/08\/Eltono-Modo48-01.jpg\"><img loading=\"lazy\" decoding=\"async\" data-attachment-id=\"22065\" data-permalink=\"https:\/\/www.eltono.com\/fr\/murals\/modo48\/eltono-modo48-01\/\" data-orig-file=\"https:\/\/www.eltono.com\/wp-content\/uploads\/2021\/08\/Eltono-Modo48-01.jpg\" data-orig-size=\"1200,800\" data-comments-opened=\"0\" data-image-meta=\"{&quot;aperture&quot;:&quot;4&quot;,&quot;credit&quot;:&quot;&quot;,&quot;camera&quot;:&quot;Canon PowerShot G9 X Mark II&quot;,&quot;caption&quot;:&quot;&quot;,&quot;created_timestamp&quot;:&quot;1627632122&quot;,&quot;copyright&quot;:&quot;&quot;,&quot;focal_length&quot;:&quot;10.2&quot;,&quot;iso&quot;:&quot;125&quot;,&quot;shutter_speed&quot;:&quot;0.0008&quot;,&quot;title&quot;:&quot;&quot;,&quot;orientation&quot;:&quot;1&quot;}\" data-image-title=\"Eltono-Modo48-01\" data-image-description=\"\" data-image-caption=\"\" data-medium-file=\"https:\/\/www.eltono.com\/wp-content\/uploads\/2021\/08\/Eltono-Modo48-01-300x200.jpg\" data-large-file=\"https:\/\/www.eltono.com\/wp-content\/uploads\/2021\/08\/Eltono-Modo48-01-700x467.jpg\" class=\"alignleft size-full wp-image-22065\" src=\"https:\/\/www.eltono.com\/wp-content\/uploads\/2021\/08\/Eltono-Modo48-01.jpg\" alt=\"\" width=\"1200\" height=\"800\" srcset=\"https:\/\/www.eltono.com\/wp-content\/uploads\/2021\/08\/Eltono-Modo48-01.jpg 1200w, https:\/\/www.eltono.com\/wp-content\/uploads\/2021\/08\/Eltono-Modo48-01-300x200.jpg 300w, https:\/\/www.eltono.com\/wp-content\/uploads\/2021\/08\/Eltono-Modo48-01-700x467.jpg 700w, https:\/\/www.eltono.com\/wp-content\/uploads\/2021\/08\/Eltono-Modo48-01-350x233.jpg 350w\" sizes=\"auto, (max-width: 1200px) 100vw, 1200px\" \/><\/a> <a href=\"https:\/\/www.eltono.com\/wp-content\/uploads\/2021\/08\/Eltono-Modo48-02.jpg\"><img loading=\"lazy\" decoding=\"async\" data-attachment-id=\"22066\" data-permalink=\"https:\/\/www.eltono.com\/fr\/murals\/modo48\/eltono-modo48-02\/\" data-orig-file=\"https:\/\/www.eltono.com\/wp-content\/uploads\/2021\/08\/Eltono-Modo48-02.jpg\" data-orig-size=\"1200,827\" data-comments-opened=\"0\" data-image-meta=\"{&quot;aperture&quot;:&quot;1.8&quot;,&quot;credit&quot;:&quot;&quot;,&quot;camera&quot;:&quot;Mi MIX 2S&quot;,&quot;caption&quot;:&quot;&quot;,&quot;created_timestamp&quot;:&quot;1627568790&quot;,&quot;copyright&quot;:&quot;&quot;,&quot;focal_length&quot;:&quot;4.216&quot;,&quot;iso&quot;:&quot;100&quot;,&quot;shutter_speed&quot;:&quot;0.0015037593984962&quot;,&quot;title&quot;:&quot;&quot;,&quot;orientation&quot;:&quot;1&quot;}\" data-image-title=\"Eltono-Modo48-02\" data-image-description=\"\" data-image-caption=\"\" data-medium-file=\"https:\/\/www.eltono.com\/wp-content\/uploads\/2021\/08\/Eltono-Modo48-02-300x207.jpg\" data-large-file=\"https:\/\/www.eltono.com\/wp-content\/uploads\/2021\/08\/Eltono-Modo48-02-700x482.jpg\" class=\"alignleft size-full wp-image-22066\" src=\"https:\/\/www.eltono.com\/wp-content\/uploads\/2021\/08\/Eltono-Modo48-02.jpg\" alt=\"\" width=\"1200\" height=\"827\" srcset=\"https:\/\/www.eltono.com\/wp-content\/uploads\/2021\/08\/Eltono-Modo48-02.jpg 1200w, https:\/\/www.eltono.com\/wp-content\/uploads\/2021\/08\/Eltono-Modo48-02-300x207.jpg 300w, https:\/\/www.eltono.com\/wp-content\/uploads\/2021\/08\/Eltono-Modo48-02-700x482.jpg 700w, https:\/\/www.eltono.com\/wp-content\/uploads\/2021\/08\/Eltono-Modo48-02-350x241.jpg 350w\" sizes=\"auto, (max-width: 1200px) 100vw, 1200px\" \/><\/a> <a href=\"https:\/\/www.eltono.com\/wp-content\/uploads\/2021\/08\/Eltono-Modo48-03.jpg\"><img loading=\"lazy\" decoding=\"async\" data-attachment-id=\"22067\" data-permalink=\"https:\/\/www.eltono.com\/fr\/murals\/modo48\/eltono-modo48-03\/\" data-orig-file=\"https:\/\/www.eltono.com\/wp-content\/uploads\/2021\/08\/Eltono-Modo48-03.jpg\" data-orig-size=\"1200,900\" data-comments-opened=\"0\" data-image-meta=\"{&quot;aperture&quot;:&quot;1.8&quot;,&quot;credit&quot;:&quot;&quot;,&quot;camera&quot;:&quot;Mi MIX 2S&quot;,&quot;caption&quot;:&quot;&quot;,&quot;created_timestamp&quot;:&quot;1627643932&quot;,&quot;copyright&quot;:&quot;&quot;,&quot;focal_length&quot;:&quot;4.216&quot;,&quot;iso&quot;:&quot;100&quot;,&quot;shutter_speed&quot;:&quot;0.0036496350364964&quot;,&quot;title&quot;:&quot;&quot;,&quot;orientation&quot;:&quot;1&quot;}\" data-image-title=\"Eltono-Modo48-03\" data-image-description=\"\" data-image-caption=\"\" data-medium-file=\"https:\/\/www.eltono.com\/wp-content\/uploads\/2021\/08\/Eltono-Modo48-03-300x225.jpg\" data-large-file=\"https:\/\/www.eltono.com\/wp-content\/uploads\/2021\/08\/Eltono-Modo48-03-700x525.jpg\" class=\"alignleft size-full wp-image-22067\" src=\"https:\/\/www.eltono.com\/wp-content\/uploads\/2021\/08\/Eltono-Modo48-03.jpg\" alt=\"\" width=\"1200\" height=\"900\" srcset=\"https:\/\/www.eltono.com\/wp-content\/uploads\/2021\/08\/Eltono-Modo48-03.jpg 1200w, https:\/\/www.eltono.com\/wp-content\/uploads\/2021\/08\/Eltono-Modo48-03-300x225.jpg 300w, https:\/\/www.eltono.com\/wp-content\/uploads\/2021\/08\/Eltono-Modo48-03-700x525.jpg 700w, https:\/\/www.eltono.com\/wp-content\/uploads\/2021\/08\/Eltono-Modo48-03-500x375.jpg 500w, https:\/\/www.eltono.com\/wp-content\/uploads\/2021\/08\/Eltono-Modo48-03-350x263.jpg 350w\" sizes=\"auto, (max-width: 1200px) 100vw, 1200px\" \/><\/a> <a href=\"https:\/\/www.eltono.com\/wp-content\/uploads\/2021\/08\/Eltono-Modo48-04.jpg\"><img loading=\"lazy\" decoding=\"async\" data-attachment-id=\"22068\" data-permalink=\"https:\/\/www.eltono.com\/fr\/murals\/modo48\/eltono-modo48-04\/\" data-orig-file=\"https:\/\/www.eltono.com\/wp-content\/uploads\/2021\/08\/Eltono-Modo48-04.jpg\" data-orig-size=\"1200,800\" data-comments-opened=\"0\" data-image-meta=\"{&quot;aperture&quot;:&quot;5&quot;,&quot;credit&quot;:&quot;&quot;,&quot;camera&quot;:&quot;Canon PowerShot G9 X Mark II&quot;,&quot;caption&quot;:&quot;&quot;,&quot;created_timestamp&quot;:&quot;1627631516&quot;,&quot;copyright&quot;:&quot;&quot;,&quot;focal_length&quot;:&quot;10.2&quot;,&quot;iso&quot;:&quot;125&quot;,&quot;shutter_speed&quot;:&quot;0.0008&quot;,&quot;title&quot;:&quot;&quot;,&quot;orientation&quot;:&quot;1&quot;}\" data-image-title=\"Eltono-Modo48-04\" data-image-description=\"\" data-image-caption=\"\" data-medium-file=\"https:\/\/www.eltono.com\/wp-content\/uploads\/2021\/08\/Eltono-Modo48-04-300x200.jpg\" data-large-file=\"https:\/\/www.eltono.com\/wp-content\/uploads\/2021\/08\/Eltono-Modo48-04-700x467.jpg\" class=\"alignleft size-full wp-image-22068\" src=\"https:\/\/www.eltono.com\/wp-content\/uploads\/2021\/08\/Eltono-Modo48-04.jpg\" alt=\"\" width=\"1200\" height=\"800\" srcset=\"https:\/\/www.eltono.com\/wp-content\/uploads\/2021\/08\/Eltono-Modo48-04.jpg 1200w, https:\/\/www.eltono.com\/wp-content\/uploads\/2021\/08\/Eltono-Modo48-04-300x200.jpg 300w, https:\/\/www.eltono.com\/wp-content\/uploads\/2021\/08\/Eltono-Modo48-04-700x467.jpg 700w, https:\/\/www.eltono.com\/wp-content\/uploads\/2021\/08\/Eltono-Modo48-04-350x233.jpg 350w\" sizes=\"auto, (max-width: 1200px) 100vw, 1200px\" \/><\/a><\/p>","protected":false},"excerpt":{"rendered":"<p>Peinture murale g\u00e9n\u00e9rative et participative Centre DAIS, Melun, France Juillet 2021 6 participants Projet commissionn\u00e9 par le Centre Georges Pompidou et produit par le Studio 13\/16.<\/p>\n","protected":false},"author":1,"featured_media":22071,"parent":13155,"menu_order":0,"comment_status":"closed","ping_status":"closed","template":"","meta":{"ngg_post_thumbnail":0,"jetpack_post_was_ever_published":false,"footnotes":""},"categories":[346,334,277,345,112,262,260,266],"tags":[],"class_list":["post-22060","page","type-page","status-publish","has-post-thumbnail","hentry","category-346","category-destacados","category-generative","category-modo","category-mural","category-page_automatic","category-page_mural","category-page_outdoor"],"jetpack_sharing_enabled":true,"jetpack_shortlink":"https:\/\/wp.me\/P7sWFx-5JO","_links":{"self":[{"href":"https:\/\/www.eltono.com\/fr\/wp-json\/wp\/v2\/pages\/22060","targetHints":{"allow":["GET"]}}],"collection":[{"href":"https:\/\/www.eltono.com\/fr\/wp-json\/wp\/v2\/pages"}],"about":[{"href":"https:\/\/www.eltono.com\/fr\/wp-json\/wp\/v2\/types\/page"}],"author":[{"embeddable":true,"href":"https:\/\/www.eltono.com\/fr\/wp-json\/wp\/v2\/users\/1"}],"replies":[{"embeddable":true,"href":"https:\/\/www.eltono.com\/fr\/wp-json\/wp\/v2\/comments?post=22060"}],"version-history":[{"count":5,"href":"https:\/\/www.eltono.com\/fr\/wp-json\/wp\/v2\/pages\/22060\/revisions"}],"predecessor-version":[{"id":22070,"href":"https:\/\/www.eltono.com\/fr\/wp-json\/wp\/v2\/pages\/22060\/revisions\/22070"}],"up":[{"embeddable":true,"href":"https:\/\/www.eltono.com\/fr\/wp-json\/wp\/v2\/pages\/13155"}],"wp:featuredmedia":[{"embeddable":true,"href":"https:\/\/www.eltono.com\/fr\/wp-json\/wp\/v2\/media\/22071"}],"wp:attachment":[{"href":"https:\/\/www.eltono.com\/fr\/wp-json\/wp\/v2\/media?parent=22060"}],"wp:term":[{"taxonomy":"category","embeddable":true,"href":"https:\/\/www.eltono.com\/fr\/wp-json\/wp\/v2\/categories?post=22060"},{"taxonomy":"post_tag","embeddable":true,"href":"https:\/\/www.eltono.com\/fr\/wp-json\/wp\/v2\/tags?post=22060"}],"curies":[{"name":"wp","href":"https:\/\/api.w.org\/{rel}","templated":true}]}}