{"id":22085,"date":"2021-10-20T18:29:18","date_gmt":"2021-10-20T16:29:18","guid":{"rendered":"https:\/\/www.eltono.com\/?page_id=22085"},"modified":"2024-06-21T13:04:38","modified_gmt":"2024-06-21T11:04:38","slug":"desperfectos","status":"publish","type":"page","link":"https:\/\/www.eltono.com\/fr\/exhibitions\/solo\/desperfectos\/","title":{"rendered":"Desperfectos"},"content":{"rendered":"<p><strong>SET Espai d&#8217;Art (chez Galer\u00eda Nueva)<br \/>\n<\/strong>Madrid, Espagne<br \/>\nOctobre 2021<\/p>\n<p><a href=\"https:\/\/www.eltono.com\/wp-content\/uploads\/2022\/12\/Eltono-Desperfectos-Plotter.jpg\"><img loading=\"lazy\" decoding=\"async\" data-attachment-id=\"23086\" data-permalink=\"https:\/\/www.eltono.com\/fr\/exhibitions\/solo\/desperfectos\/eltono-desperfectos-plotter\/\" data-orig-file=\"https:\/\/www.eltono.com\/wp-content\/uploads\/2022\/12\/Eltono-Desperfectos-Plotter.jpg\" data-orig-size=\"2000,684\" data-comments-opened=\"0\" data-image-meta=\"{&quot;aperture&quot;:&quot;0&quot;,&quot;credit&quot;:&quot;&quot;,&quot;camera&quot;:&quot;&quot;,&quot;caption&quot;:&quot;&quot;,&quot;created_timestamp&quot;:&quot;0&quot;,&quot;copyright&quot;:&quot;&quot;,&quot;focal_length&quot;:&quot;0&quot;,&quot;iso&quot;:&quot;0&quot;,&quot;shutter_speed&quot;:&quot;0&quot;,&quot;title&quot;:&quot;&quot;,&quot;orientation&quot;:&quot;0&quot;}\" data-image-title=\"Eltono-Desperfectos-Plotter\" data-image-description=\"\" data-image-caption=\"\" data-medium-file=\"https:\/\/www.eltono.com\/wp-content\/uploads\/2022\/12\/Eltono-Desperfectos-Plotter-300x103.jpg\" data-large-file=\"https:\/\/www.eltono.com\/wp-content\/uploads\/2022\/12\/Eltono-Desperfectos-Plotter-700x239.jpg\" class=\"alignleft size-full wp-image-23086\" src=\"https:\/\/www.eltono.com\/wp-content\/uploads\/2022\/12\/Eltono-Desperfectos-Plotter.jpg\" alt=\"\" width=\"2000\" height=\"684\" srcset=\"https:\/\/www.eltono.com\/wp-content\/uploads\/2022\/12\/Eltono-Desperfectos-Plotter.jpg 2000w, https:\/\/www.eltono.com\/wp-content\/uploads\/2022\/12\/Eltono-Desperfectos-Plotter-300x103.jpg 300w, https:\/\/www.eltono.com\/wp-content\/uploads\/2022\/12\/Eltono-Desperfectos-Plotter-700x239.jpg 700w, https:\/\/www.eltono.com\/wp-content\/uploads\/2022\/12\/Eltono-Desperfectos-Plotter-1536x525.jpg 1536w, https:\/\/www.eltono.com\/wp-content\/uploads\/2022\/12\/Eltono-Desperfectos-Plotter-350x120.jpg 350w\" sizes=\"auto, (max-width: 2000px) 100vw, 2000px\" \/><\/a><\/p>\n<p><a href=\"https:\/\/www.eltono.com\/wp-content\/uploads\/2021\/10\/Eltono-Desperfectos-1200px.jpg\"><img loading=\"lazy\" decoding=\"async\" data-attachment-id=\"22086\" data-permalink=\"https:\/\/www.eltono.com\/fr\/exhibitions\/solo\/desperfectos\/eltono-desperfectos-1200px\/\" data-orig-file=\"https:\/\/www.eltono.com\/wp-content\/uploads\/2021\/10\/Eltono-Desperfectos-1200px.jpg\" data-orig-size=\"1200,800\" data-comments-opened=\"0\" data-image-meta=\"{&quot;aperture&quot;:&quot;0&quot;,&quot;credit&quot;:&quot;&quot;,&quot;camera&quot;:&quot;&quot;,&quot;caption&quot;:&quot;&quot;,&quot;created_timestamp&quot;:&quot;0&quot;,&quot;copyright&quot;:&quot;&quot;,&quot;focal_length&quot;:&quot;0&quot;,&quot;iso&quot;:&quot;0&quot;,&quot;shutter_speed&quot;:&quot;0&quot;,&quot;title&quot;:&quot;&quot;,&quot;orientation&quot;:&quot;1&quot;}\" data-image-title=\"Eltono-Desperfectos-1200px\" data-image-description=\"\" data-image-caption=\"\" data-medium-file=\"https:\/\/www.eltono.com\/wp-content\/uploads\/2021\/10\/Eltono-Desperfectos-1200px-300x200.jpg\" data-large-file=\"https:\/\/www.eltono.com\/wp-content\/uploads\/2021\/10\/Eltono-Desperfectos-1200px-700x467.jpg\" class=\"alignleft size-full wp-image-22086\" src=\"https:\/\/www.eltono.com\/wp-content\/uploads\/2021\/10\/Eltono-Desperfectos-1200px.jpg\" alt=\"\" width=\"1200\" height=\"800\" srcset=\"https:\/\/www.eltono.com\/wp-content\/uploads\/2021\/10\/Eltono-Desperfectos-1200px.jpg 1200w, https:\/\/www.eltono.com\/wp-content\/uploads\/2021\/10\/Eltono-Desperfectos-1200px-300x200.jpg 300w, https:\/\/www.eltono.com\/wp-content\/uploads\/2021\/10\/Eltono-Desperfectos-1200px-700x467.jpg 700w, https:\/\/www.eltono.com\/wp-content\/uploads\/2021\/10\/Eltono-Desperfectos-1200px-350x233.jpg 350w\" sizes=\"auto, (max-width: 1200px) 100vw, 1200px\" \/><\/a><\/p>\n<p>Pour l&#8217;exposition individuelle <em><strong>Desperfectos<\/strong><\/em>, j&#8217;ai present\u00e9 trois projets : <strong> <em>Plotter de paseo <\/em><\/strong>(plotter de marche), <em><strong>Transportistas<\/strong> <\/em>(transporteurs) y <strong><em>Averses<\/em><\/strong>.<\/p>\n<hr>\n<h3><em>Plotter de paseo<\/em> (plotter de marche)<\/h3>\n<p>En continuant mes recherches autour de l&#8217;id\u00e9e de faire de l&#8217;art en marchant, j&#8217;ai fabriqu\u00e9 un plotter de marche qui utilise la gravit\u00e9 et les mouvements de mon corps pour actionner diff\u00e9rents m\u00e9canismes et cr\u00e9er des dessins \u00e0 partir de mes cheminements.<\/p>\n<p><iframe loading=\"lazy\" title=\"YouTube video player\" src=\"https:\/\/www.youtube.com\/embed\/K05MK0YoSDc\" width=\"700\" height=\"393\" frameborder=\"0\" allowfullscreen=\"allowfullscreen\"><\/iframe><\/p>\nngg_shortcode_0_placeholder\n<hr>\n<h3><em>Transportistas (transporteurs)<br \/>\n<\/em><\/h3>\n<p>J&#8217;ai construit cinq bo\u00eetes pour envoyer cinq \u0153uvres depuis mon atelier en France jusqu&#8217;\u00e0 la galerie \u00e0 Madrid. Une bo\u00eete est cens\u00e9e prot\u00e9ger l\u2019\u0153uvre mais dans ce cas, j&#8217;ai peint sur la partie ext\u00e9rieur de la bo\u00eete. Au lieu de la prot\u00e9ger, la bo\u00eete aide \u00e0 la d\u00e9t\u00e9rioration de l\u2019\u0153uvre. J&#8217;ai imagin\u00e9 ce projet comme un collaboration entre les transporteurs et moi. J&#8217;ai construit, peint et manipul\u00e9 les bo\u00eetes avec une pr\u00e9caution maximale jusqu&#8217;au moment o\u00f9 je les ai confi\u00e9es au transporteurs. \u00c0 partir de ce moment pr\u00e9cis, j&#8217;ai perdu le contr\u00f4le de l&#8217;\u00e9tat des oeuvres. Je n&#8217;ai d\u00e9couvert le r\u00e9sultat final qu&#8217;\u00e0 mon arriv\u00e9e \u00e0 la galerie \u00e0 Madrid.<\/p>\n<p>&#8211; T1 et T2 ont \u00e9t\u00e9 envoy\u00e9es avec La Poste (Colissimo),<br \/>\n&#8211; T3 a \u00e9t\u00e9 envoy\u00e9e avec TNT,<br \/>\n&#8211; T4 a \u00e9t\u00e9 envoy\u00e9e avec UPS,<br \/>\n&#8211; T5 a \u00e9t\u00e9 envoy\u00e9e avec DHL.<\/p>\n<p><iframe loading=\"lazy\" title=\"YouTube video player\" src=\"https:\/\/www.youtube.com\/embed\/NaqBaLh5GNU\" width=\"700\" height=\"393\" frameborder=\"0\" allowfullscreen=\"allowfullscreen\"><\/iframe><\/p>\nngg_shortcode_1_placeholder\n<hr>\n<h3><em>Averses<\/em><\/h3>\n<p>\u0152uvres cr\u00e9\u00e9es pour l&#8217;exposition individuelle <em>S\u00e9rendipit\u00e9<\/em> au centre d&#8217;art Hangar 107 \u00e0 Rouen en juillet 2021.<\/p>\n<p>Dans la lign\u00e9e de mes recherches autour de l\u2019alt\u00e9ration d\u2019\u0153uvres d\u2019art par des facteurs ext\u00e9rieurs et difficilement contr\u00f4lables, j\u2019ai d\u00e9cid\u00e9 de profiter de la m\u00e9t\u00e9o normande pour faire le tour du centre d\u2019art \u00e0 chaque averse en me prot\u00e9geant de la pluie sous une \u0153uvre. La s\u00e9quence de lignes color\u00e9es parall\u00e8les trac\u00e9e avec des feutres est endommag\u00e9e par les gouttes d\u2019eau qui font d\u00e9teindre l\u2019encre. Le temps d\u2019exposition \u00e9tant le m\u00eame \u00e0 chaque sortie, la particularit\u00e9 de chaque averse peut s\u2019appr\u00e9cier dans le r\u00e9sultat. Grosses gouttes espac\u00e9es, petite pluie fine ou averse intense laissent une empreinte diff\u00e9rente sur l\u2019encre.<\/p>\n<p><iframe loading=\"lazy\" title=\"YouTube video player\" src=\"https:\/\/www.youtube.com\/embed\/7hXE60AgTBM\" width=\"700\" height=\"393\" frameborder=\"0\" allowfullscreen=\"allowfullscreen\"><\/iframe><\/p>\nngg_shortcode_2_placeholder\n<p><a href=\"https:\/\/www.setespaidart.com\/\" target=\"_blank\" rel=\"noopener noreferrer\">Set Espai d&#8217;Art<\/a><br \/>\n<a href=\"https:\/\/galerianueva.com\/\" target=\"_blank\" rel=\"noopener noreferrer\">Galer\u00eda Nueva<\/a><\/p>\n<p>Plus d&#8217;info : <a href=\"https:\/\/galerianueva.com\/galerias\/setespaidart\/\" target=\"_blank\" rel=\"noopener noreferrer\">https:\/\/galerianueva.com\/galerias\/setespaidart\/<\/a><\/p>","protected":false},"excerpt":{"rendered":"<p>SET Espai d&#8217;Art (chez Galer\u00eda Nueva) Madrid, Espagne Octobre 2021 Pour l&#8217;exposition individuelle Desperfectos, j&#8217;ai present\u00e9 trois projets : Plotter de paseo (plotter de marche), Transportistas (transporteurs) y Averses. Plotter de paseo (plotter de marche) En continuant mes recherches autour de l&#8217;id\u00e9e de faire de l&#8217;art en marchant, j&#8217;ai fabriqu\u00e9 un plotter de marche qui &hellip; <a href=\"https:\/\/www.eltono.com\/fr\/exhibitions\/solo\/desperfectos\/\" class=\"more-link\">Continue reading <span class=\"screen-reader-text\">Desperfectos<\/span><\/a><\/p>\n","protected":false},"author":1,"featured_media":23047,"parent":13432,"menu_order":0,"comment_status":"closed","ping_status":"closed","template":"","meta":{"ngg_post_thumbnail":0,"jetpack_post_was_ever_published":false,"footnotes":""},"categories":[346,334,3,5,261,264,263,306],"tags":[],"class_list":["post-22085","page","type-page","status-publish","has-post-thumbnail","hentry","category-346","category-destacados","category-exhibitions","category-interventions","category-page_expo","category-page_solo_show","category-solo-show","category-_actu"],"jetpack_sharing_enabled":true,"jetpack_shortlink":"https:\/\/wp.me\/P7sWFx-5Kd","_links":{"self":[{"href":"https:\/\/www.eltono.com\/fr\/wp-json\/wp\/v2\/pages\/22085","targetHints":{"allow":["GET"]}}],"collection":[{"href":"https:\/\/www.eltono.com\/fr\/wp-json\/wp\/v2\/pages"}],"about":[{"href":"https:\/\/www.eltono.com\/fr\/wp-json\/wp\/v2\/types\/page"}],"author":[{"embeddable":true,"href":"https:\/\/www.eltono.com\/fr\/wp-json\/wp\/v2\/users\/1"}],"replies":[{"embeddable":true,"href":"https:\/\/www.eltono.com\/fr\/wp-json\/wp\/v2\/comments?post=22085"}],"version-history":[{"count":49,"href":"https:\/\/www.eltono.com\/fr\/wp-json\/wp\/v2\/pages\/22085\/revisions"}],"predecessor-version":[{"id":23936,"href":"https:\/\/www.eltono.com\/fr\/wp-json\/wp\/v2\/pages\/22085\/revisions\/23936"}],"up":[{"embeddable":true,"href":"https:\/\/www.eltono.com\/fr\/wp-json\/wp\/v2\/pages\/13432"}],"wp:featuredmedia":[{"embeddable":true,"href":"https:\/\/www.eltono.com\/fr\/wp-json\/wp\/v2\/media\/23047"}],"wp:attachment":[{"href":"https:\/\/www.eltono.com\/fr\/wp-json\/wp\/v2\/media?parent=22085"}],"wp:term":[{"taxonomy":"category","embeddable":true,"href":"https:\/\/www.eltono.com\/fr\/wp-json\/wp\/v2\/categories?post=22085"},{"taxonomy":"post_tag","embeddable":true,"href":"https:\/\/www.eltono.com\/fr\/wp-json\/wp\/v2\/tags?post=22085"}],"curies":[{"name":"wp","href":"https:\/\/api.w.org\/{rel}","templated":true}]}}