{"id":22113,"date":"2021-11-29T22:54:49","date_gmt":"2021-11-29T20:54:49","guid":{"rendered":"https:\/\/www.eltono.com\/?page_id=22113"},"modified":"2021-12-01T23:18:59","modified_gmt":"2021-12-01T21:18:59","slug":"9x3c8f4r","status":"publish","type":"page","link":"https:\/\/www.eltono.com\/fr\/boutique\/9x3c8f4r\/","title":{"rendered":"9x(3C8F4R)"},"content":{"rendered":"<p><em><strong>Compositions Al\u00e9atoires Tamponn\u00e9es<br \/>\n<\/strong><\/em><\/p>\n<p>Encre d&#8217;archivage sur papier Gvarro 300 g.<br \/>\n3 couleurs, 20 x 18 cm. (7,8 x 7 pouces).<\/p>\n<p><a href=\"https:\/\/www.eltono.com\/wp-content\/uploads\/2021\/11\/Eltono-9x3c8f4r_x3.jpg\"><img loading=\"lazy\" decoding=\"async\" data-attachment-id=\"22118\" data-permalink=\"https:\/\/www.eltono.com\/fr\/boutique\/9x3c8f4r\/eltono-9x3c8f4r_x3\/\" data-orig-file=\"https:\/\/www.eltono.com\/wp-content\/uploads\/2021\/11\/Eltono-9x3c8f4r_x3.jpg\" data-orig-size=\"2000,733\" data-comments-opened=\"0\" data-image-meta=\"{&quot;aperture&quot;:&quot;0&quot;,&quot;credit&quot;:&quot;&quot;,&quot;camera&quot;:&quot;&quot;,&quot;caption&quot;:&quot;&quot;,&quot;created_timestamp&quot;:&quot;0&quot;,&quot;copyright&quot;:&quot;&quot;,&quot;focal_length&quot;:&quot;0&quot;,&quot;iso&quot;:&quot;0&quot;,&quot;shutter_speed&quot;:&quot;0&quot;,&quot;title&quot;:&quot;&quot;,&quot;orientation&quot;:&quot;0&quot;}\" data-image-title=\"Eltono-9x3c8f4r_x3\" data-image-description=\"\" data-image-caption=\"\" data-medium-file=\"https:\/\/www.eltono.com\/wp-content\/uploads\/2021\/11\/Eltono-9x3c8f4r_x3-300x110.jpg\" data-large-file=\"https:\/\/www.eltono.com\/wp-content\/uploads\/2021\/11\/Eltono-9x3c8f4r_x3-700x257.jpg\" class=\"alignleft size-full wp-image-22118\" src=\"https:\/\/www.eltono.com\/wp-content\/uploads\/2021\/11\/Eltono-9x3c8f4r_x3.jpg\" alt=\"\" width=\"2000\" height=\"733\" srcset=\"https:\/\/www.eltono.com\/wp-content\/uploads\/2021\/11\/Eltono-9x3c8f4r_x3.jpg 2000w, https:\/\/www.eltono.com\/wp-content\/uploads\/2021\/11\/Eltono-9x3c8f4r_x3-300x110.jpg 300w, https:\/\/www.eltono.com\/wp-content\/uploads\/2021\/11\/Eltono-9x3c8f4r_x3-700x257.jpg 700w, https:\/\/www.eltono.com\/wp-content\/uploads\/2021\/11\/Eltono-9x3c8f4r_x3-1536x563.jpg 1536w, https:\/\/www.eltono.com\/wp-content\/uploads\/2021\/11\/Eltono-9x3c8f4r_x3-350x128.jpg 350w\" sizes=\"auto, (max-width: 2000px) 100vw, 2000px\" \/><\/a><\/p>\n<p>Les compositions&nbsp;<em><strong>9x(3C8F4R)<\/strong> <\/em>sont form\u00e9es de trois couches de couleur tamponn\u00e9es l&#8217;une sur l&#8217;autre, chacune d&#8217;une couleur diff\u00e9rente. La premi\u00e8re couche est jaune, la deuxi\u00e8me rouge et la troisi\u00e8me bleue. Pour chaque couche, les figures, leurs positions et leurs rotations sont al\u00e9atoires. Le protocole <em><strong>9x(3C8F4R)<\/strong><\/em> d\u00e9fini une grille de 3 x 3 avec 8 figures (dont une vide) et 4 rotations. Le protocole est suivi rigoureusement et le r\u00e9sultat final n&#8217;est jamais connu \u00e0 l\u2019avance. Chaque composition est unique.<\/p>\n<p><a href=\"https:\/\/www.eltono.com\/wp-content\/uploads\/2021\/11\/Eltono-9x3c8f4r_x1.jpg\"><img loading=\"lazy\" decoding=\"async\" data-attachment-id=\"22123\" data-permalink=\"https:\/\/www.eltono.com\/fr\/boutique\/9x3c8f4r\/eltono-9x3c8f4r_x1\/\" data-orig-file=\"https:\/\/www.eltono.com\/wp-content\/uploads\/2021\/11\/Eltono-9x3c8f4r_x1.jpg\" data-orig-size=\"1320,2000\" data-comments-opened=\"0\" data-image-meta=\"{&quot;aperture&quot;:&quot;0&quot;,&quot;credit&quot;:&quot;&quot;,&quot;camera&quot;:&quot;&quot;,&quot;caption&quot;:&quot;&quot;,&quot;created_timestamp&quot;:&quot;0&quot;,&quot;copyright&quot;:&quot;&quot;,&quot;focal_length&quot;:&quot;0&quot;,&quot;iso&quot;:&quot;0&quot;,&quot;shutter_speed&quot;:&quot;0&quot;,&quot;title&quot;:&quot;&quot;,&quot;orientation&quot;:&quot;0&quot;}\" data-image-title=\"Eltono-9x3c8f4r_x1\" data-image-description=\"\" data-image-caption=\"\" data-medium-file=\"https:\/\/www.eltono.com\/wp-content\/uploads\/2021\/11\/Eltono-9x3c8f4r_x1-198x300.jpg\" data-large-file=\"https:\/\/www.eltono.com\/wp-content\/uploads\/2021\/11\/Eltono-9x3c8f4r_x1-676x1024.jpg\" class=\"alignleft size-full wp-image-22123\" src=\"https:\/\/www.eltono.com\/wp-content\/uploads\/2021\/11\/Eltono-9x3c8f4r_x1.jpg\" alt=\"\" width=\"1320\" height=\"2000\" srcset=\"https:\/\/www.eltono.com\/wp-content\/uploads\/2021\/11\/Eltono-9x3c8f4r_x1.jpg 1320w, https:\/\/www.eltono.com\/wp-content\/uploads\/2021\/11\/Eltono-9x3c8f4r_x1-198x300.jpg 198w, https:\/\/www.eltono.com\/wp-content\/uploads\/2021\/11\/Eltono-9x3c8f4r_x1-676x1024.jpg 676w, https:\/\/www.eltono.com\/wp-content\/uploads\/2021\/11\/Eltono-9x3c8f4r_x1-1014x1536.jpg 1014w, https:\/\/www.eltono.com\/wp-content\/uploads\/2021\/11\/Eltono-9x3c8f4r_x1-350x530.jpg 350w\" sizes=\"auto, (max-width: 1320px) 100vw, 1320px\" \/><\/a><\/p>\n<p>Photos du proc\u00e9d\u00e9:<\/p>\n<p>ngg_shortcode_0_placeholderAvailable here: <a href=\"https:\/\/www.eltono.com\/boutique\/\">www.eltono.com\/boutique<\/a><\/p>","protected":false},"excerpt":{"rendered":"<p>Compositions Al\u00e9atoires Tamponn\u00e9es Encre d&#8217;archivage sur papier Gvarro 300 g. 3 couleurs, 20 x 18 cm. (7,8 x 7 pouces). Les compositions&nbsp;9x(3C8F4R) sont form\u00e9es de trois couches de couleur tamponn\u00e9es l&#8217;une sur l&#8217;autre, chacune d&#8217;une couleur diff\u00e9rente. La premi\u00e8re couche est jaune, la deuxi\u00e8me rouge et la troisi\u00e8me bleue. Pour chaque couche, les figures, leurs &hellip; <a href=\"https:\/\/www.eltono.com\/fr\/boutique\/9x3c8f4r\/\" class=\"more-link\">Continue reading <span class=\"screen-reader-text\">9x(3C8F4R)<\/span><\/a><\/p>\n","protected":false},"author":1,"featured_media":22158,"parent":13,"menu_order":0,"comment_status":"closed","ping_status":"closed","template":"","meta":{"ngg_post_thumbnail":0,"jetpack_post_was_ever_published":false,"footnotes":""},"categories":[346,334,277,8],"tags":[],"class_list":["post-22113","page","type-page","status-publish","has-post-thumbnail","hentry","category-346","category-destacados","category-generative","category-shop"],"jetpack_sharing_enabled":true,"jetpack_shortlink":"https:\/\/wp.me\/P7sWFx-5KF","_links":{"self":[{"href":"https:\/\/www.eltono.com\/fr\/wp-json\/wp\/v2\/pages\/22113","targetHints":{"allow":["GET"]}}],"collection":[{"href":"https:\/\/www.eltono.com\/fr\/wp-json\/wp\/v2\/pages"}],"about":[{"href":"https:\/\/www.eltono.com\/fr\/wp-json\/wp\/v2\/types\/page"}],"author":[{"embeddable":true,"href":"https:\/\/www.eltono.com\/fr\/wp-json\/wp\/v2\/users\/1"}],"replies":[{"embeddable":true,"href":"https:\/\/www.eltono.com\/fr\/wp-json\/wp\/v2\/comments?post=22113"}],"version-history":[{"count":12,"href":"https:\/\/www.eltono.com\/fr\/wp-json\/wp\/v2\/pages\/22113\/revisions"}],"predecessor-version":[{"id":22156,"href":"https:\/\/www.eltono.com\/fr\/wp-json\/wp\/v2\/pages\/22113\/revisions\/22156"}],"up":[{"embeddable":true,"href":"https:\/\/www.eltono.com\/fr\/wp-json\/wp\/v2\/pages\/13"}],"wp:featuredmedia":[{"embeddable":true,"href":"https:\/\/www.eltono.com\/fr\/wp-json\/wp\/v2\/media\/22158"}],"wp:attachment":[{"href":"https:\/\/www.eltono.com\/fr\/wp-json\/wp\/v2\/media?parent=22113"}],"wp:term":[{"taxonomy":"category","embeddable":true,"href":"https:\/\/www.eltono.com\/fr\/wp-json\/wp\/v2\/categories?post=22113"},{"taxonomy":"post_tag","embeddable":true,"href":"https:\/\/www.eltono.com\/fr\/wp-json\/wp\/v2\/tags?post=22113"}],"curies":[{"name":"wp","href":"https:\/\/api.w.org\/{rel}","templated":true}]}}